{"id":83,"date":"2022-12-21T10:07:00","date_gmt":"2022-12-21T09:07:00","guid":{"rendered":"https:\/\/web.msh-lse.fr\/sante-mobilite\/?page_id=83"},"modified":"2023-01-04T11:38:41","modified_gmt":"2023-01-04T10:38:41","slug":"dissemination-2","status":"publish","type":"page","link":"https:\/\/web.msh-lse.fr\/sante-mobilite\/dissemination-2\/","title":{"rendered":"Diss\u00e9mination\u00a0"},"content":{"rendered":"\n<p><strong>Planches BD<\/strong><\/p>\n\n\n\n<p>Une exposition des principaux r\u00e9sultats du projet et des illustrations r\u00e9alis\u00e9es lors du projet est en pr\u00e9paration.<\/p>\n\n\n\n<p><strong>Visites \u00e0 domicile d\u2019une aide-soignante<\/strong><\/p>\n\n\n\n<div data-wp-interactive=\"core\/file\" class=\"wp-block-file\"><object data-wp-bind--hidden=\"!state.hasPdfPreview\" hidden class=\"wp-block-file__embed\" data=\"https:\/\/web.msh-lse.fr\/sante-mobilite\/wp-content\/uploads\/sites\/24\/2023\/01\/Planches_AS.pdf\" type=\"application\/pdf\" style=\"width:100%;height:600px\" aria-label=\"Contenu embarqu\u00e9 &lt;strong&gt;Visites \u00e0 domicile d\u2019une aide-soignante&lt;\/strong&gt;.\"><\/object><a id=\"wp-block-file--media-b9fc171f-9672-42af-9827-0b650c9125f6\" href=\"https:\/\/web.msh-lse.fr\/sante-mobilite\/wp-content\/uploads\/sites\/24\/2023\/01\/Planches_AS.pdf\"><strong>Visites \u00e0 domicile d\u2019une aide-soignante<\/strong><\/a><a href=\"https:\/\/web.msh-lse.fr\/sante-mobilite\/wp-content\/uploads\/sites\/24\/2023\/01\/Planches_AS.pdf\" class=\"wp-block-file__button wp-element-button\" download aria-describedby=\"wp-block-file--media-b9fc171f-9672-42af-9827-0b650c9125f6\">T\u00e9l\u00e9charger<\/a><\/div>\n\n\n\n<p><\/p>\n\n\n\n<p><strong>Visites \u00e0 domicile d\u2019une infirmi\u00e8re<\/strong><\/p>\n\n\n\n<div data-wp-interactive=\"core\/file\" class=\"wp-block-file\"><object data-wp-bind--hidden=\"!state.hasPdfPreview\" hidden class=\"wp-block-file__embed\" data=\"https:\/\/web.msh-lse.fr\/sante-mobilite\/wp-content\/uploads\/sites\/24\/2023\/01\/Planches_IDE.pdf\" type=\"application\/pdf\" style=\"width:100%;height:600px\" aria-label=\"Contenu embarqu\u00e9 &lt;strong&gt;Visites \u00e0 domicile d\u2019une infirmi\u00e8re&lt;\/strong&gt;.\"><\/object><a id=\"wp-block-file--media-46a41a7f-6f32-4f5b-bf5d-774281a6b9af\" href=\"https:\/\/web.msh-lse.fr\/sante-mobilite\/wp-content\/uploads\/sites\/24\/2023\/01\/Planches_IDE.pdf\"><strong>Visites \u00e0 domicile d\u2019une infirmi\u00e8re<\/strong><\/a><a href=\"https:\/\/web.msh-lse.fr\/sante-mobilite\/wp-content\/uploads\/sites\/24\/2023\/01\/Planches_IDE.pdf\" class=\"wp-block-file__button wp-element-button\" download aria-describedby=\"wp-block-file--media-46a41a7f-6f32-4f5b-bf5d-774281a6b9af\">T\u00e9l\u00e9charger<\/a><\/div>\n\n\n\n<p><\/p>\n\n\n\n<p><strong>Visites \u00e0 domicile d\u2019un m\u00e9decin g\u00e9n\u00e9raliste<\/strong><\/p>\n\n\n\n<div data-wp-interactive=\"core\/file\" class=\"wp-block-file\"><object data-wp-bind--hidden=\"!state.hasPdfPreview\" hidden class=\"wp-block-file__embed\" data=\"https:\/\/web.msh-lse.fr\/sante-mobilite\/wp-content\/uploads\/sites\/24\/2023\/01\/Planches_MG.pdf\" type=\"application\/pdf\" style=\"width:100%;height:600px\" aria-label=\"Contenu embarqu\u00e9 &lt;strong&gt;&lt;strong&gt;Visites \u00e0 domicile d\u2019un m\u00e9decin g\u00e9n\u00e9raliste&lt;\/strong&gt;&lt;\/strong&gt;.\"><\/object><a id=\"wp-block-file--media-3ad75ff8-0c85-4bfd-8455-1e38f5f32bd0\" href=\"https:\/\/web.msh-lse.fr\/sante-mobilite\/wp-content\/uploads\/sites\/24\/2023\/01\/Planches_MG.pdf\"><strong><strong>Visites \u00e0 domicile d\u2019un m\u00e9decin g\u00e9n\u00e9raliste<\/strong><\/strong><\/a><a href=\"https:\/\/web.msh-lse.fr\/sante-mobilite\/wp-content\/uploads\/sites\/24\/2023\/01\/Planches_MG.pdf\" class=\"wp-block-file__button wp-element-button\" download aria-describedby=\"wp-block-file--media-3ad75ff8-0c85-4bfd-8455-1e38f5f32bd0\">T\u00e9l\u00e9charger<\/a><\/div>\n\n\n\n<p><\/p>\n\n\n\n<p><strong>Visites \u00e0 domicile d\u2019un masseur-kin\u00e9sith\u00e9rapeute<\/strong><\/p>\n\n\n\n<div data-wp-interactive=\"core\/file\" class=\"wp-block-file\"><object data-wp-bind--hidden=\"!state.hasPdfPreview\" hidden class=\"wp-block-file__embed\" data=\"https:\/\/web.msh-lse.fr\/sante-mobilite\/wp-content\/uploads\/sites\/24\/2023\/01\/Planches_MK.pdf\" type=\"application\/pdf\" style=\"width:100%;height:600px\" aria-label=\"Contenu embarqu\u00e9 &lt;strong&gt;Visites \u00e0 domicile d\u2019un masseur-kin\u00e9sith\u00e9rapeute&lt;\/strong&gt;.\"><\/object><a id=\"wp-block-file--media-4ada3dd5-12e0-4e75-88ad-9b117ed5f050\" href=\"https:\/\/web.msh-lse.fr\/sante-mobilite\/wp-content\/uploads\/sites\/24\/2023\/01\/Planches_MK.pdf\"><strong>Visites \u00e0 domicile d\u2019un masseur-kin\u00e9sith\u00e9rapeute<\/strong><\/a><a href=\"https:\/\/web.msh-lse.fr\/sante-mobilite\/wp-content\/uploads\/sites\/24\/2023\/01\/Planches_MK.pdf\" class=\"wp-block-file__button wp-element-button\" download aria-describedby=\"wp-block-file--media-4ada3dd5-12e0-4e75-88ad-9b117ed5f050\">T\u00e9l\u00e9charger<\/a><\/div>\n\n\n\n<p><\/p>\n\n\n\n<p><strong>Visites \u00e0 domicile d\u2019une sage-femme<\/strong><\/p>\n\n\n\n<div data-wp-interactive=\"core\/file\" class=\"wp-block-file\"><object data-wp-bind--hidden=\"!state.hasPdfPreview\" hidden class=\"wp-block-file__embed\" data=\"https:\/\/web.msh-lse.fr\/sante-mobilite\/wp-content\/uploads\/sites\/24\/2023\/01\/Planches_SF.pdf\" type=\"application\/pdf\" style=\"width:100%;height:600px\" aria-label=\"Contenu embarqu\u00e9 &lt;strong&gt;&lt;strong&gt;Visites \u00e0 domicile d\u2019une sage-femme&lt;\/strong&gt;&lt;\/strong&gt;.\"><\/object><a id=\"wp-block-file--media-f3b5f53d-81a1-4e00-a7a4-311d882d9d65\" href=\"https:\/\/web.msh-lse.fr\/sante-mobilite\/wp-content\/uploads\/sites\/24\/2023\/01\/Planches_SF.pdf\"><strong><strong>Visites \u00e0 domicile d\u2019une sage-femme<\/strong><\/strong><\/a><a href=\"https:\/\/web.msh-lse.fr\/sante-mobilite\/wp-content\/uploads\/sites\/24\/2023\/01\/Planches_SF.pdf\" class=\"wp-block-file__button wp-element-button\" download aria-describedby=\"wp-block-file--media-f3b5f53d-81a1-4e00-a7a4-311d882d9d65\">T\u00e9l\u00e9charger<\/a><\/div>\n","protected":false},"excerpt":{"rendered":"<p>Planches BD Une exposition des principaux r\u00e9sultats du projet et des illustrations r\u00e9alis\u00e9es lors du projet est en pr\u00e9paration. Visites \u00e0 domicile d\u2019une aide-soignante Visites \u00e0 domicile d\u2019une infirmi\u00e8re Visites \u00e0 domicile d\u2019un m\u00e9decin g\u00e9n\u00e9raliste Visites \u00e0 domicile d\u2019un masseur-kin\u00e9sith\u00e9rapeute Visites \u00e0 domicile d\u2019une sage-femme<\/p>\n","protected":false},"author":113,"featured_media":0,"parent":0,"menu_order":4,"comment_status":"closed","ping_status":"closed","template":"","meta":{"_kadence_starter_templates_imported_post":false,"_kad_post_transparent":"","_kad_post_title":"","_kad_post_layout":"","_kad_post_sidebar_id":"","_kad_post_content_style":"","_kad_post_vertical_padding":"","_kad_post_feature":"","_kad_post_feature_position":"","_kad_post_header":false,"_kad_post_footer":false,"_kad_post_classname":"","footnotes":""},"class_list":["post-83","page","type-page","status-publish","hentry"],"_links":{"self":[{"href":"https:\/\/web.msh-lse.fr\/sante-mobilite\/wp-json\/wp\/v2\/pages\/83","targetHints":{"allow":["GET"]}}],"collection":[{"href":"https:\/\/web.msh-lse.fr\/sante-mobilite\/wp-json\/wp\/v2\/pages"}],"about":[{"href":"https:\/\/web.msh-lse.fr\/sante-mobilite\/wp-json\/wp\/v2\/types\/page"}],"author":[{"embeddable":true,"href":"https:\/\/web.msh-lse.fr\/sante-mobilite\/wp-json\/wp\/v2\/users\/113"}],"replies":[{"embeddable":true,"href":"https:\/\/web.msh-lse.fr\/sante-mobilite\/wp-json\/wp\/v2\/comments?post=83"}],"version-history":[{"count":9,"href":"https:\/\/web.msh-lse.fr\/sante-mobilite\/wp-json\/wp\/v2\/pages\/83\/revisions"}],"predecessor-version":[{"id":214,"href":"https:\/\/web.msh-lse.fr\/sante-mobilite\/wp-json\/wp\/v2\/pages\/83\/revisions\/214"}],"wp:attachment":[{"href":"https:\/\/web.msh-lse.fr\/sante-mobilite\/wp-json\/wp\/v2\/media?parent=83"}],"curies":[{"name":"wp","href":"https:\/\/api.w.org\/{rel}","templated":true}]}}