{"id":78,"date":"2022-12-21T10:05:52","date_gmt":"2022-12-21T09:05:52","guid":{"rendered":"https:\/\/web.msh-lse.fr\/sante-mobilite\/?page_id=78"},"modified":"2023-01-03T13:37:04","modified_gmt":"2023-01-03T12:37:04","slug":"communication-et-publications-scientifiques","status":"publish","type":"page","link":"https:\/\/web.msh-lse.fr\/sante-mobilite\/communication-et-publications-scientifiques\/","title":{"rendered":"Communications et publications scientifiques"},"content":{"rendered":"\n<p><strong>Diaporama de pr\u00e9sentation au Conseil Scientifique de mai 2022<\/strong><\/p>\n\n\n\n<div data-wp-interactive=\"core\/file\" class=\"wp-block-file\"><object data-wp-bind--hidden=\"!state.hasPdfPreview\" hidden class=\"wp-block-file__embed\" data=\"https:\/\/web.msh-lse.fr\/sante-mobilite\/wp-content\/uploads\/sites\/24\/2023\/01\/Didier-Pochet_CCMSA-Commision-Sante-Territoires_24-mai-2022.pdf\" type=\"application\/pdf\" style=\"width:100%;height:600px\" aria-label=\"Contenu embarqu\u00e9 Didier-Pochet_CCMSA-Commision-Sante-Territoires_24-mai-2022.\"><\/object><a id=\"wp-block-file--media-aed0af88-79ca-435a-a5ee-e2c5ccc1efbf\" href=\"https:\/\/web.msh-lse.fr\/sante-mobilite\/wp-content\/uploads\/sites\/24\/2023\/01\/Didier-Pochet_CCMSA-Commision-Sante-Territoires_24-mai-2022.pdf\">Didier-Pochet_CCMSA-Commision-Sante-Territoires_24-mai-2022<\/a><a href=\"https:\/\/web.msh-lse.fr\/sante-mobilite\/wp-content\/uploads\/sites\/24\/2023\/01\/Didier-Pochet_CCMSA-Commision-Sante-Territoires_24-mai-2022.pdf\" class=\"wp-block-file__button wp-element-button\" download aria-describedby=\"wp-block-file--media-aed0af88-79ca-435a-a5ee-e2c5ccc1efbf\">T\u00e9l\u00e9charger<\/a><\/div>\n\n\n\n<p><\/p>\n\n\n\n<p><strong>Poster : Appr\u00e9hender les pratiques et la mobilit\u00e9 quotidienne des soignants effectuant des visites \u00e0 domicile : apports d\u2019une collecte mixte<\/strong><\/p>\n\n\n\n<figure class=\"wp-block-image size-large\"><img loading=\"lazy\" decoding=\"async\" width=\"1024\" height=\"578\" src=\"https:\/\/web.msh-lse.fr\/sante-mobilite\/wp-content\/uploads\/sites\/24\/2022\/12\/image-1024x578.png\" alt=\"\" class=\"wp-image-80\" srcset=\"https:\/\/web.msh-lse.fr\/sante-mobilite\/wp-content\/uploads\/sites\/24\/2022\/12\/image-1024x578.png 1024w, https:\/\/web.msh-lse.fr\/sante-mobilite\/wp-content\/uploads\/sites\/24\/2022\/12\/image-300x169.png 300w, https:\/\/web.msh-lse.fr\/sante-mobilite\/wp-content\/uploads\/sites\/24\/2022\/12\/image-768x433.png 768w, https:\/\/web.msh-lse.fr\/sante-mobilite\/wp-content\/uploads\/sites\/24\/2022\/12\/image.png 1182w\" sizes=\"auto, (max-width: 1024px) 100vw, 1024px\" \/><\/figure>\n","protected":false},"excerpt":{"rendered":"<p>Diaporama de pr\u00e9sentation au Conseil Scientifique de mai 2022 Poster : Appr\u00e9hender les pratiques et la mobilit\u00e9 quotidienne des soignants effectuant des visites \u00e0 domicile : apports d\u2019une collecte mixte<\/p>\n","protected":false},"author":113,"featured_media":0,"parent":0,"menu_order":3,"comment_status":"closed","ping_status":"closed","template":"","meta":{"_kadence_starter_templates_imported_post":false,"_kad_post_transparent":"","_kad_post_title":"","_kad_post_layout":"","_kad_post_sidebar_id":"","_kad_post_content_style":"","_kad_post_vertical_padding":"","_kad_post_feature":"","_kad_post_feature_position":"","_kad_post_header":false,"_kad_post_footer":false,"_kad_post_classname":"","footnotes":""},"class_list":["post-78","page","type-page","status-publish","hentry"],"_links":{"self":[{"href":"https:\/\/web.msh-lse.fr\/sante-mobilite\/wp-json\/wp\/v2\/pages\/78","targetHints":{"allow":["GET"]}}],"collection":[{"href":"https:\/\/web.msh-lse.fr\/sante-mobilite\/wp-json\/wp\/v2\/pages"}],"about":[{"href":"https:\/\/web.msh-lse.fr\/sante-mobilite\/wp-json\/wp\/v2\/types\/page"}],"author":[{"embeddable":true,"href":"https:\/\/web.msh-lse.fr\/sante-mobilite\/wp-json\/wp\/v2\/users\/113"}],"replies":[{"embeddable":true,"href":"https:\/\/web.msh-lse.fr\/sante-mobilite\/wp-json\/wp\/v2\/comments?post=78"}],"version-history":[{"count":20,"href":"https:\/\/web.msh-lse.fr\/sante-mobilite\/wp-json\/wp\/v2\/pages\/78\/revisions"}],"predecessor-version":[{"id":209,"href":"https:\/\/web.msh-lse.fr\/sante-mobilite\/wp-json\/wp\/v2\/pages\/78\/revisions\/209"}],"wp:attachment":[{"href":"https:\/\/web.msh-lse.fr\/sante-mobilite\/wp-json\/wp\/v2\/media?parent=78"}],"curies":[{"name":"wp","href":"https:\/\/api.w.org\/{rel}","templated":true}]}}