{"id":24,"date":"2022-12-21T10:29:49","date_gmt":"2022-12-21T09:29:49","guid":{"rendered":"https:\/\/web.msh-lse.fr\/sante-mobilite\/?page_id=24"},"modified":"2023-01-12T12:01:54","modified_gmt":"2023-01-12T11:01:54","slug":"projet-sante-mobilite","status":"publish","type":"page","link":"https:\/\/web.msh-lse.fr\/sante-mobilite\/","title":{"rendered":"Projet Sant\u00e9-Mobilit\u00e9"},"content":{"rendered":"\n<p>Une \u00e9tude exploratoire sur les conditions de travail et la mobilit\u00e9 spatiale des soignants en Auvergne Rh\u00f4ne-Alpes<\/p>\n\n\n<div class=\"wp-block-image\">\n<figure class=\"aligncenter size-full\"><img decoding=\"async\" src=\"https:\/\/web.msh-lse.fr\/sante-mobilite\/wp-content\/uploads\/sites\/24\/2022\/12\/IDE-planche2-DEF-COLOR-ok.jpg\" alt=\"\" class=\"wp-image-39\" \/><figcaption class=\"wp-element-caption\">                                                                                                                                      Illustration : Alexandra Lolivrel<\/figcaption><\/figure>\n<\/div>\n\n\n<p>Le virage ambulatoire et la plus grande domiciliation des soins, port\u00e9s depuis plusieurs ann\u00e9es par les pouvoirs publics, et le d\u00e9veloppement de nouvelles technologies, transforment la nature m\u00eame du travail et l\u2019offre de soins. Dans ce contexte, le projet Sant\u00e9-Mobilit\u00e9, soutenu par le LabEx IMU et par la Mutualit\u00e9 Sociale Agricole, explore les liens entre les mobilit\u00e9s quotidiennes et les conditions de travail des professionnels de sant\u00e9 assurant des soins \u00e0 domicile et les contraintes auxquelles ils sont confront\u00e9s. <\/p>\n\n\n\n<p>L\u2019objectif est de rep\u00e9rer les similitudes et les sp\u00e9cificit\u00e9s de mobilit\u00e9 (modales, temporelles, quant aux contraintes induites et aux ressources mobilis\u00e9es) et de conditions de travail entre cat\u00e9gories de soignants, selon le lieu d\u2019activit\u00e9 et en prenant \u00e9galement en compte l\u2019influence du genre du soignant.<\/p>\n\n\n\n<p>Le projet financ\u00e9 par le Labex IMU est centr\u00e9 sur la r\u00e9gion urbaine de Lyon, avec des \u00e9l\u00e9ments d\u2019analyse sur l\u2019ensemble du p\u00e9rim\u00e8tre de la r\u00e9gion AURA. De m\u00eame m\u00e9thodologie, le projet financ\u00e9 par la MSA est centr\u00e9 sur les zones rurales. <\/p>\n\n\n\n<p>Cinq professions sont \u00e9tudi\u00e9es&nbsp;: aides-soignant.e.s, infirmier.e.s, kin\u00e9sith\u00e9rapeutes, m\u00e9decins et sages-femmes.<\/p>\n\n\n\n<p>Le projet s\u2019articule autour de plusieurs disciplines : anthropologie, am\u00e9nagement, g\u00e9ographie, informatique, sant\u00e9 publique. Il allie des m\u00e9thodologies compl\u00e9mentaires : observations, entretiens semi-directifs, enqu\u00eate par questionnaire web.<\/p>\n\n\n\n<p>Le projet centr\u00e9 sur la r\u00e9gion urbaine de Lyon, avec des \u00e9l\u00e9ments d\u2019analyse sur l\u2019ensemble du p\u00e9rim\u00e8tre de la r\u00e9gion AURA, a \u00e9t\u00e9 financ\u00e9 par le Labex IMU (Intelligences des Mondes Urbains) (en 2019-2021). Sa prolongation centr\u00e9e sur deux zones rurales de la r\u00e9gion AURA a \u00e9t\u00e9 financ\u00e9 par la MSA (Mutualit\u00e9 Sociale Agricole) (en 2021).<\/p>\n\n\n\n<p>Ce projet rapproche des acteurs de la recherche acad\u00e9mique (LAET, UMRESTTE, LIRIS, EVS) et des praticiens (URPS \u2013 Unions R\u00e9gionales des Professionnels de Sant\u00e9&nbsp;; ANACT \u2013 Agence Nationale pour l\u2019Am\u00e9lioration des Conditions de Travail).<\/p>\n\n\n\n<p><\/p>\n","protected":false},"excerpt":{"rendered":"<p>Une \u00e9tude exploratoire sur les conditions de travail et la mobilit\u00e9 spatiale des soignants en Auvergne Rh\u00f4ne-Alpes Le virage ambulatoire et la plus grande domiciliation des soins, port\u00e9s depuis plusieurs ann\u00e9es par les pouvoirs publics, et le d\u00e9veloppement de nouvelles technologies, transforment la nature m\u00eame du travail et l\u2019offre de soins. Dans ce contexte, le&#8230;<\/p>\n","protected":false},"author":113,"featured_media":0,"parent":0,"menu_order":1,"comment_status":"closed","ping_status":"closed","template":"","meta":{"_kadence_starter_templates_imported_post":false,"_kad_post_transparent":"","_kad_post_title":"","_kad_post_layout":"","_kad_post_sidebar_id":"","_kad_post_content_style":"","_kad_post_vertical_padding":"","_kad_post_feature":"","_kad_post_feature_position":"","_kad_post_header":false,"_kad_post_footer":false,"_kad_post_classname":"","footnotes":""},"class_list":["post-24","page","type-page","status-publish","hentry"],"_links":{"self":[{"href":"https:\/\/web.msh-lse.fr\/sante-mobilite\/wp-json\/wp\/v2\/pages\/24","targetHints":{"allow":["GET"]}}],"collection":[{"href":"https:\/\/web.msh-lse.fr\/sante-mobilite\/wp-json\/wp\/v2\/pages"}],"about":[{"href":"https:\/\/web.msh-lse.fr\/sante-mobilite\/wp-json\/wp\/v2\/types\/page"}],"author":[{"embeddable":true,"href":"https:\/\/web.msh-lse.fr\/sante-mobilite\/wp-json\/wp\/v2\/users\/113"}],"replies":[{"embeddable":true,"href":"https:\/\/web.msh-lse.fr\/sante-mobilite\/wp-json\/wp\/v2\/comments?post=24"}],"version-history":[{"count":22,"href":"https:\/\/web.msh-lse.fr\/sante-mobilite\/wp-json\/wp\/v2\/pages\/24\/revisions"}],"predecessor-version":[{"id":233,"href":"https:\/\/web.msh-lse.fr\/sante-mobilite\/wp-json\/wp\/v2\/pages\/24\/revisions\/233"}],"wp:attachment":[{"href":"https:\/\/web.msh-lse.fr\/sante-mobilite\/wp-json\/wp\/v2\/media?parent=24"}],"curies":[{"name":"wp","href":"https:\/\/api.w.org\/{rel}","templated":true}]}}