{"id":160,"date":"2022-12-21T12:31:00","date_gmt":"2022-12-21T11:31:00","guid":{"rendered":"https:\/\/web.msh-lse.fr\/sante-mobilite\/?page_id=160"},"modified":"2023-01-09T11:58:58","modified_gmt":"2023-01-09T10:58:58","slug":"mentions-legales","status":"publish","type":"page","link":"https:\/\/web.msh-lse.fr\/sante-mobilite\/mentions-legales\/","title":{"rendered":"Mentions l\u00e9gales"},"content":{"rendered":"\n<h2 class=\"wp-block-heading\">Informations g\u00e9n\u00e9rales<\/h2>\n\n\n\n<p><\/p>\n\n\n\n<p><strong>Directeur de la publication : <\/strong>Pierrine Didier, Charg\u00e9e de Recherche &#8211; UMR INRAE EPIA \/ Pascal Pochet, Charg\u00e9 de Recherche &#8211; ENTPE<\/p>\n\n\n\n<p><strong>Directeur de la r\u00e9daction :<\/strong> Ali El Zein, Charg\u00e9 de Recherche &#8211; ENTPE<\/p>\n\n\n\n<p><strong>Webmaster :<\/strong> H\u00e9l\u00e8ne Kieffer, conception sites web MSH-LSE<\/p>\n\n\n\n<p><strong>H\u00e9bergement<\/strong>&nbsp;: Site h\u00e9berg\u00e9 par la solution CMS en mode SaaS du <a href=\"https:\/\/web.msh-lse.fr\/\" target=\"_blank\" rel=\"noreferrer noopener\">Service des Syst\u00e8mes d\u2019Information de la MSH de Lyon Saint-Etienne<\/a> \/ MSH Lyon-Saint-\u00c9tienne, 14 avenue Berthelot 69363 LYON Cedex 07, France,<\/p>\n\n\n\n<p><strong>Conception<\/strong> : MSH Lyon St-Etienne.<\/p>\n\n\n\n<p>Site d\u00e9velopp\u00e9 sous WordPress, th\u00e8me Kadence<\/p>\n\n\n\n<h3 class=\"wp-block-heading\">Propri\u00e9t\u00e9 intellectuelle<\/h3>\n\n\n\n<p><\/p>\n\n\n\n<p>Le site<strong> Sant\u00e9-Mobilit\u00e9<\/strong> est une \u0153uvre de cr\u00e9ation, il rel\u00e8ve de la l\u00e9gislation fran\u00e7aise et internationale sur le droit de la propri\u00e9t\u00e9 intellectuelle.<\/p>\n\n\n\n<p>Tous les droits de reproduction sont r\u00e9serv\u00e9s. Le principe de la courte citation doit \u00eatre respect\u00e9 sous r\u00e9serve d\u2019en mentionner l\u2019origine par un lien vers la page cit\u00e9e (ou, par d\u00e9faut la page d\u2019accueil) ou dans le cas d\u2019une reproduction sur support physique, par la mention de l\u2019auteur et de l\u2019adresse URL de la page cit\u00e9e. La reproduction de tout ou partie, substantielle, du contenu de ce site, par quelque proc\u00e9d\u00e9 que ce soit, doit faire l\u2019objet d\u2019une autorisation.<\/p>\n\n\n\n<h3 class=\"wp-block-heading\">Liens hypertextes<\/h3>\n\n\n\n<p><\/p>\n\n\n\n<p>Les liens hypertextes mis en place par des tiers et pointant vers des pages ou des documents diffus\u00e9s sur le site <strong>Sant\u00e9-Mobilit\u00e9<\/strong>, sont autoris\u00e9s sous r\u00e9serve qu\u2019ils ne nuisent pas \u00e0 son contenu en le d\u00e9naturant ou en lui portant atteinte et qu\u2019ils permettent \u00e0 l\u2019utilisateur d\u2019identifier l\u2019origine et l\u2019auteur du document.<\/p>\n\n\n\n<h3 class=\"wp-block-heading\">Clause de non-responsabilit\u00e9<\/h3>\n\n\n\n<p>La responsabilit\u00e9 du site <strong>Sant\u00e9-Mobilit\u00e9<\/strong> ne peut, en aucune mani\u00e8re, \u00eatre engag\u00e9e quant au contenu des informations figurant sur ce site ou aux cons\u00e9quences pouvant r\u00e9sulter de leur utilisation ou interpr\u00e9tation.<\/p>\n","protected":false},"excerpt":{"rendered":"<p>Informations g\u00e9n\u00e9rales Directeur de la publication : Pierrine Didier, Charg\u00e9e de Recherche &#8211; UMR INRAE EPIA \/ Pascal Pochet, Charg\u00e9 de Recherche &#8211; ENTPE Directeur de la r\u00e9daction : Ali El Zein, Charg\u00e9 de Recherche &#8211; ENTPE Webmaster : H\u00e9l\u00e8ne Kieffer, conception sites web MSH-LSE H\u00e9bergement&nbsp;: Site h\u00e9berg\u00e9 par la solution CMS en mode SaaS&#8230;<\/p>\n","protected":false},"author":113,"featured_media":0,"parent":0,"menu_order":6,"comment_status":"closed","ping_status":"closed","template":"","meta":{"_kadence_starter_templates_imported_post":false,"_kad_post_transparent":"","_kad_post_title":"","_kad_post_layout":"","_kad_post_sidebar_id":"","_kad_post_content_style":"","_kad_post_vertical_padding":"","_kad_post_feature":"","_kad_post_feature_position":"","_kad_post_header":false,"_kad_post_footer":false,"_kad_post_classname":"","footnotes":""},"class_list":["post-160","page","type-page","status-publish","hentry"],"_links":{"self":[{"href":"https:\/\/web.msh-lse.fr\/sante-mobilite\/wp-json\/wp\/v2\/pages\/160","targetHints":{"allow":["GET"]}}],"collection":[{"href":"https:\/\/web.msh-lse.fr\/sante-mobilite\/wp-json\/wp\/v2\/pages"}],"about":[{"href":"https:\/\/web.msh-lse.fr\/sante-mobilite\/wp-json\/wp\/v2\/types\/page"}],"author":[{"embeddable":true,"href":"https:\/\/web.msh-lse.fr\/sante-mobilite\/wp-json\/wp\/v2\/users\/113"}],"replies":[{"embeddable":true,"href":"https:\/\/web.msh-lse.fr\/sante-mobilite\/wp-json\/wp\/v2\/comments?post=160"}],"version-history":[{"count":4,"href":"https:\/\/web.msh-lse.fr\/sante-mobilite\/wp-json\/wp\/v2\/pages\/160\/revisions"}],"predecessor-version":[{"id":230,"href":"https:\/\/web.msh-lse.fr\/sante-mobilite\/wp-json\/wp\/v2\/pages\/160\/revisions\/230"}],"wp:attachment":[{"href":"https:\/\/web.msh-lse.fr\/sante-mobilite\/wp-json\/wp\/v2\/media?parent=160"}],"curies":[{"name":"wp","href":"https:\/\/api.w.org\/{rel}","templated":true}]}}