{"id":2239,"date":"2023-04-30T15:51:14","date_gmt":"2023-04-30T13:51:14","guid":{"rendered":"https:\/\/web.msh-lse.fr\/rnmsh\/interdisciplinarites\/?page_id=2239"},"modified":"2023-09-04T16:55:05","modified_gmt":"2023-09-04T14:55:05","slug":"methodologie-et-ecritures","status":"publish","type":"page","link":"https:\/\/web.msh-lse.fr\/rnmsh\/interdisciplinarites\/methodologie-et-ecritures\/","title":{"rendered":"M\u00e9thodologie et \u00e9critures"},"content":{"rendered":"\t\t<div data-elementor-type=\"wp-page\" data-elementor-id=\"2239\" class=\"elementor elementor-2239\" data-elementor-post-type=\"page\">\n\t\t\t\t\t\t<section class=\"elementor-section elementor-top-section elementor-element elementor-element-673110c elementor-section-boxed elementor-section-height-default elementor-section-height-default\" data-id=\"673110c\" data-element_type=\"section\" data-e-type=\"section\" data-settings=\"{&quot;background_background&quot;:&quot;classic&quot;}\">\n\t\t\t\t\t\t<div class=\"elementor-container elementor-column-gap-default\">\n\t\t\t\t\t<div class=\"elementor-column elementor-col-50 elementor-top-column elementor-element elementor-element-3afb89c\" data-id=\"3afb89c\" data-element_type=\"column\" data-e-type=\"column\">\n\t\t\t<div class=\"elementor-widget-wrap elementor-element-populated\">\n\t\t\t\t\t\t\t<\/div>\n\t\t<\/div>\n\t\t\t\t<div class=\"elementor-column elementor-col-50 elementor-top-column elementor-element elementor-element-19ff1b7\" data-id=\"19ff1b7\" data-element_type=\"column\" data-e-type=\"column\">\n\t\t\t<div class=\"elementor-widget-wrap\">\n\t\t\t\t\t\t\t<\/div>\n\t\t<\/div>\n\t\t\t\t\t<\/div>\n\t\t<\/section>\n\t\t\t\t<section class=\"elementor-section elementor-top-section elementor-element elementor-element-78ecbb48 elementor-section-boxed elementor-section-height-default elementor-section-height-default\" data-id=\"78ecbb48\" data-element_type=\"section\" data-e-type=\"section\">\n\t\t\t\t\t\t<div class=\"elementor-container elementor-column-gap-default\">\n\t\t\t\t\t<div class=\"elementor-column elementor-col-50 elementor-top-column elementor-element elementor-element-71a2307c\" data-id=\"71a2307c\" data-element_type=\"column\" data-e-type=\"column\">\n\t\t\t<div class=\"elementor-widget-wrap elementor-element-populated\">\n\t\t\t\t\t\t<div class=\"elementor-element elementor-element-306a8846 elementor-widget elementor-widget-heading\" data-id=\"306a8846\" data-element_type=\"widget\" data-e-type=\"widget\" data-widget_type=\"heading.default\">\n\t\t\t\t<div class=\"elementor-widget-container\">\n\t\t\t\t\t<h2 class=\"elementor-heading-title elementor-size-default\">M\u00e9thodologies et \u00e9critures<\/h2>\t\t\t\t<\/div>\n\t\t\t\t<\/div>\n\t\t\t\t<div class=\"elementor-element elementor-element-178687d elementor-widget elementor-widget-spacer\" data-id=\"178687d\" data-element_type=\"widget\" data-e-type=\"widget\" data-widget_type=\"spacer.default\">\n\t\t\t\t<div class=\"elementor-widget-container\">\n\t\t\t\t\t\t\t<div class=\"elementor-spacer\">\n\t\t\t<div class=\"elementor-spacer-inner\"><\/div>\n\t\t<\/div>\n\t\t\t\t\t\t<\/div>\n\t\t\t\t<\/div>\n\t\t\t\t\t<\/div>\n\t\t<\/div>\n\t\t\t\t<div class=\"elementor-column elementor-col-50 elementor-top-column elementor-element elementor-element-11be0c8c\" data-id=\"11be0c8c\" data-element_type=\"column\" data-e-type=\"column\">\n\t\t\t<div class=\"elementor-widget-wrap elementor-element-populated\">\n\t\t\t\t\t\t<section class=\"elementor-section elementor-inner-section elementor-element elementor-element-291707e animated-fast elementor-section-boxed elementor-section-height-default elementor-section-height-default elementor-invisible\" data-id=\"291707e\" data-element_type=\"section\" data-e-type=\"section\" data-settings=\"{&quot;background_background&quot;:&quot;classic&quot;,&quot;animation&quot;:&quot;bounceIn&quot;}\">\n\t\t\t\t\t\t<div class=\"elementor-container elementor-column-gap-default\">\n\t\t\t\t\t<div class=\"elementor-column elementor-col-100 elementor-inner-column elementor-element elementor-element-b398c9d\" data-id=\"b398c9d\" data-element_type=\"column\" data-e-type=\"column\">\n\t\t\t<div class=\"elementor-widget-wrap elementor-element-populated\">\n\t\t\t\t\t\t<div class=\"elementor-element elementor-element-6bc9418 elementor-widget elementor-widget-image\" data-id=\"6bc9418\" data-element_type=\"widget\" data-e-type=\"widget\" data-widget_type=\"image.default\">\n\t\t\t\t<div class=\"elementor-widget-container\">\n\t\t\t\t\t\t\t\t\t\t\t\t\t\t\t\t<a href=\"#\">\n\t\t\t\t\t\t\t<img fetchpriority=\"high\" decoding=\"async\" width=\"520\" height=\"347\" src=\"https:\/\/web.msh-lse.fr\/rnmsh\/wp-content\/uploads\/sites\/27\/2023\/03\/RnMSH-illus_B-1.jpg\" class=\"attachment-full size-full wp-image-2142\" alt=\"\" srcset=\"https:\/\/web.msh-lse.fr\/rnmsh\/wp-content\/uploads\/sites\/27\/2023\/03\/RnMSH-illus_B-1.jpg 520w, https:\/\/web.msh-lse.fr\/rnmsh\/wp-content\/uploads\/sites\/27\/2023\/03\/RnMSH-illus_B-1-300x200.jpg 300w\" sizes=\"(max-width: 520px) 100vw, 520px\" \/>\t\t\t\t\t\t\t\t<\/a>\n\t\t\t\t\t\t\t\t\t\t\t\t\t\t\t<\/div>\n\t\t\t\t<\/div>\n\t\t\t\t\t<\/div>\n\t\t<\/div>\n\t\t\t\t\t<\/div>\n\t\t<\/section>\n\t\t\t\t\t<\/div>\n\t\t<\/div>\n\t\t\t\t\t<\/div>\n\t\t<\/section>\n\t\t\t\t<section class=\"elementor-section elementor-top-section elementor-element elementor-element-bb80b4b elementor-section-boxed elementor-section-height-default elementor-section-height-default\" data-id=\"bb80b4b\" data-element_type=\"section\" data-e-type=\"section\">\n\t\t\t\t\t\t<div class=\"elementor-container elementor-column-gap-default\">\n\t\t\t\t\t<div class=\"elementor-column elementor-col-50 elementor-top-column elementor-element elementor-element-890fc0b\" data-id=\"890fc0b\" data-element_type=\"column\" data-e-type=\"column\">\n\t\t\t<div class=\"elementor-widget-wrap elementor-element-populated\">\n\t\t\t\t\t\t<div class=\"elementor-element elementor-element-40e710c elementor-widget elementor-widget-text-editor\" data-id=\"40e710c\" data-element_type=\"widget\" data-e-type=\"widget\" data-widget_type=\"text-editor.default\">\n\t\t\t\t<div class=\"elementor-widget-container\">\n\t\t\t\t\t\t\t\t\t<p style=\"text-align: justify;\">\u00a0(dur\u00e9e : 18 minutes)<\/p><p style=\"text-align: justify;\"><span style=\"font-size: 18pt;\">O\u00f9 il est question de l\u2019interdisciplinarit\u00e9 endog\u00e8ne et exog\u00e8ne, de la prise de risque comme vecteur de l\u2019interdisciplinarit\u00e9, des enjeux \u00e9pist\u00e9miques et formels d\u2019une d\u00e9marche interdisciplinaire, de la mise en r\u00e9cit comme langue commune de l\u2019interdisciplinarit\u00e9, des r\u00e9f\u00e9rentiels sous-jacents \u00e9pist\u00e9mologiques, des formes d\u2019int\u00e9ressement aux r\u00e9sultats et aux m\u00e9thodes en SHS.<\/span><\/p><p style=\"text-align: justify;\"><span style=\"font-size: 18pt;\"><strong>Mots cl\u00e9s<\/strong> : adaptation, r\u00e9\u00e9valuation, traduction, restitution, transmission, valorisation<\/span><\/p>\t\t\t\t\t\t\t\t<\/div>\n\t\t\t\t<\/div>\n\t\t\t\t\t<\/div>\n\t\t<\/div>\n\t\t\t\t<div class=\"elementor-column elementor-col-50 elementor-top-column elementor-element elementor-element-ff76d23\" data-id=\"ff76d23\" data-element_type=\"column\" data-e-type=\"column\">\n\t\t\t<div class=\"elementor-widget-wrap\">\n\t\t\t\t\t\t\t<\/div>\n\t\t<\/div>\n\t\t\t\t\t<\/div>\n\t\t<\/section>\n\t\t\t\t<section class=\"elementor-section elementor-top-section elementor-element elementor-element-1902a60 elementor-section-boxed elementor-section-height-default elementor-section-height-default\" data-id=\"1902a60\" data-element_type=\"section\" data-e-type=\"section\">\n\t\t\t\t\t\t<div class=\"elementor-container elementor-column-gap-default\">\n\t\t\t\t\t<div class=\"elementor-column elementor-col-33 elementor-top-column elementor-element elementor-element-f7f923b\" data-id=\"f7f923b\" data-element_type=\"column\" data-e-type=\"column\">\n\t\t\t<div class=\"elementor-widget-wrap\">\n\t\t\t\t\t\t\t<\/div>\n\t\t<\/div>\n\t\t\t\t<div class=\"elementor-column elementor-col-33 elementor-top-column elementor-element elementor-element-b69613b\" data-id=\"b69613b\" data-element_type=\"column\" data-e-type=\"column\">\n\t\t\t<div class=\"elementor-widget-wrap elementor-element-populated\">\n\t\t\t\t\t\t<div class=\"elementor-element elementor-element-6ca6166 elementor-widget elementor-widget-video\" data-id=\"6ca6166\" data-element_type=\"widget\" data-e-type=\"widget\" data-settings=\"{&quot;video_type&quot;:&quot;hosted&quot;,&quot;controls&quot;:&quot;yes&quot;}\" data-widget_type=\"video.default\">\n\t\t\t\t<div class=\"elementor-widget-container\">\n\t\t\t\t\t\t\t<div class=\"e-hosted-video elementor-wrapper elementor-open-inline\">\n\t\t\t\t\t<video class=\"elementor-video\" src=\"https:\/\/humanumbox.msh-lse.fr\/25fps\/web\/rnmsh\/M%C3%A9thodologies%20et%20ecritures.V5.mp4\" controls=\"\" preload=\"metadata\" controlsList=\"nodownload\"><\/video>\n\t\t\t\t<\/div>\n\t\t\t\t\t\t<\/div>\n\t\t\t\t<\/div>\n\t\t\t\t\t<\/div>\n\t\t<\/div>\n\t\t\t\t<div class=\"elementor-column elementor-col-33 elementor-top-column elementor-element elementor-element-1bc5084\" data-id=\"1bc5084\" data-element_type=\"column\" data-e-type=\"column\">\n\t\t\t<div class=\"elementor-widget-wrap\">\n\t\t\t\t\t\t\t<\/div>\n\t\t<\/div>\n\t\t\t\t\t<\/div>\n\t\t<\/section>\n\t\t\t\t<section class=\"elementor-section elementor-top-section elementor-element elementor-element-ecc11c3 elementor-section-boxed elementor-section-height-default elementor-section-height-default\" data-id=\"ecc11c3\" data-element_type=\"section\" data-e-type=\"section\">\n\t\t\t\t\t\t<div class=\"elementor-container elementor-column-gap-default\">\n\t\t\t\t\t<div class=\"elementor-column elementor-col-100 elementor-top-column elementor-element elementor-element-5bbeda6\" data-id=\"5bbeda6\" data-element_type=\"column\" data-e-type=\"column\">\n\t\t\t<div class=\"elementor-widget-wrap elementor-element-populated\">\n\t\t\t\t\t\t<div class=\"elementor-element elementor-element-f7569cc elementor-widget elementor-widget-spacer\" data-id=\"f7569cc\" data-element_type=\"widget\" data-e-type=\"widget\" data-widget_type=\"spacer.default\">\n\t\t\t\t<div class=\"elementor-widget-container\">\n\t\t\t\t\t\t\t<div class=\"elementor-spacer\">\n\t\t\t<div class=\"elementor-spacer-inner\"><\/div>\n\t\t<\/div>\n\t\t\t\t\t\t<\/div>\n\t\t\t\t<\/div>\n\t\t\t\t\t<\/div>\n\t\t<\/div>\n\t\t\t\t\t<\/div>\n\t\t<\/section>\n\t\t\t\t<section class=\"elementor-section elementor-top-section elementor-element elementor-element-d3f50ad elementor-section-boxed elementor-section-height-default elementor-section-height-default\" data-id=\"d3f50ad\" data-element_type=\"section\" data-e-type=\"section\">\n\t\t\t\t\t\t<div class=\"elementor-container elementor-column-gap-default\">\n\t\t\t\t\t<div class=\"elementor-column elementor-col-100 elementor-top-column elementor-element elementor-element-977ae25\" data-id=\"977ae25\" data-element_type=\"column\" data-e-type=\"column\">\n\t\t\t<div class=\"elementor-widget-wrap elementor-element-populated\">\n\t\t\t\t\t\t<div class=\"elementor-element elementor-element-0e34ac7 elementor-widget elementor-widget-heading\" data-id=\"0e34ac7\" data-element_type=\"widget\" data-e-type=\"widget\" data-widget_type=\"heading.default\">\n\t\t\t\t<div class=\"elementor-widget-container\">\n\t\t\t\t\t<h2 class=\"elementor-heading-title elementor-size-default\">Retrouvez ces extraits dans leur contexte en cliquant sur le lien correspondant<\/h2>\t\t\t\t<\/div>\n\t\t\t\t<\/div>\n\t\t\t\t\t<\/div>\n\t\t<\/div>\n\t\t\t\t\t<\/div>\n\t\t<\/section>\n\t\t\t\t<section class=\"elementor-section elementor-top-section elementor-element elementor-element-ce753fa elementor-section-boxed elementor-section-height-default elementor-section-height-default\" data-id=\"ce753fa\" data-element_type=\"section\" data-e-type=\"section\">\n\t\t\t\t\t\t<div class=\"elementor-container elementor-column-gap-default\">\n\t\t\t\t\t<div class=\"elementor-column elementor-col-100 elementor-top-column elementor-element elementor-element-6fef3b04\" data-id=\"6fef3b04\" data-element_type=\"column\" data-e-type=\"column\" data-settings=\"{&quot;background_background&quot;:&quot;classic&quot;}\">\n\t\t\t<div class=\"elementor-widget-wrap elementor-element-populated\">\n\t\t\t\t\t\t<div class=\"elementor-element elementor-element-f0559fd elementor-widget elementor-widget-spacer\" data-id=\"f0559fd\" data-element_type=\"widget\" data-e-type=\"widget\" data-widget_type=\"spacer.default\">\n\t\t\t\t<div class=\"elementor-widget-container\">\n\t\t\t\t\t\t\t<div class=\"elementor-spacer\">\n\t\t\t<div class=\"elementor-spacer-inner\"><\/div>\n\t\t<\/div>\n\t\t\t\t\t\t<\/div>\n\t\t\t\t<\/div>\n\t\t\t\t\t<\/div>\n\t\t<\/div>\n\t\t\t\t\t<\/div>\n\t\t<\/section>\n\t\t\t\t<section class=\"elementor-section elementor-top-section elementor-element elementor-element-adb9356 elementor-section-boxed elementor-section-height-default elementor-section-height-default\" data-id=\"adb9356\" data-element_type=\"section\" data-e-type=\"section\">\n\t\t\t\t\t\t<div class=\"elementor-container elementor-column-gap-default\">\n\t\t\t\t\t<div class=\"elementor-column elementor-col-25 elementor-top-column elementor-element elementor-element-87146af\" data-id=\"87146af\" data-element_type=\"column\" data-e-type=\"column\">\n\t\t\t<div class=\"elementor-widget-wrap\">\n\t\t\t\t\t\t\t<\/div>\n\t\t<\/div>\n\t\t\t\t<div class=\"elementor-column elementor-col-25 elementor-top-column elementor-element elementor-element-102e154\" data-id=\"102e154\" data-element_type=\"column\" data-e-type=\"column\">\n\t\t\t<div class=\"elementor-widget-wrap elementor-element-populated\">\n\t\t\t\t\t\t<div class=\"elementor-element elementor-element-0bf5aaf elementor-widget elementor-widget-text-editor\" data-id=\"0bf5aaf\" data-element_type=\"widget\" data-e-type=\"widget\" data-widget_type=\"text-editor.default\">\n\t\t\t\t<div class=\"elementor-widget-container\">\n\t\t\t\t\t\t\t\t\t<p style=\"text-align: right;\"><span style=\"color: #000000;\">1. Laurent Baratin<\/span> :<br \/><span style=\"color: #000000;\">2.\u00a0<\/span>Julien Mary :<br \/><span style=\"color: #000000;\">3. Olga Pombo :<\/span><br \/><span style=\"color: #000000;\">4.\u00a0<\/span>Marc Conesa :<br \/><span style=\"color: #000000;\">5. <\/span>Catherine Virlouvet :<br \/><span style=\"color: #000000;\">6. Romain Garcier :<\/span><br \/><span style=\"color: #000000;\">7. Bertrand Dousteyssier :<\/span><br \/><span style=\"color: #000000;\">8. Christophe Niewiadomski :<\/span><br \/><span style=\"color: #000000;\">9. Marc Conesa :<\/span><br \/><span style=\"color: #000000;\">10. Julien Mary :<\/span><br \/><span style=\"color: #000000;\">11. Jean-Pierre Gaudin :<\/span><br \/><span style=\"color: #000000;\">12. Pierre Fournier :<\/span><br \/><span style=\"color: #000000;\">13. Romain Garcier :<br \/>14. Alain Nada\u00ef :<br \/>15. Romain Garcier :<br \/>16. Julien Mary :<br \/>17 : Laurent Di Filippo :<br \/>18 : Anne Sedes :<br \/><\/span><\/p>\t\t\t\t\t\t\t\t<\/div>\n\t\t\t\t<\/div>\n\t\t\t\t\t<\/div>\n\t\t<\/div>\n\t\t\t\t<div class=\"elementor-column elementor-col-25 elementor-top-column elementor-element elementor-element-4f94232\" data-id=\"4f94232\" data-element_type=\"column\" data-e-type=\"column\">\n\t\t\t<div class=\"elementor-widget-wrap elementor-element-populated\">\n\t\t\t\t\t\t<div class=\"elementor-element elementor-element-c0ce223 elementor-widget elementor-widget-text-editor\" data-id=\"c0ce223\" data-element_type=\"widget\" data-e-type=\"widget\" data-widget_type=\"text-editor.default\">\n\t\t\t\t<div class=\"elementor-widget-container\">\n\t\t\t\t\t\t\t\t\t<p><a href=\"https:\/\/www.canal-u.tv\/chaines\/rnmsh\/colloque-interdisciplinarites-9-et-10-septembre-2021-ateliers\/atelier-1-les-liens?t=7709\" target=\"_blank\" rel=\"noopener\">septembre Atelier 2<\/a><br \/><a href=\"https:\/\/www.canal-u.tv\/chaines\/rnmsh\/colloque-interdisciplinarites-9-et-10-septembre-2021-ateliers\/atelier-3?t=1362\" target=\"_blank\" rel=\"noopener\">septembre Atelier 3<\/a><br \/><a href=\"https:\/\/www.canal-u.tv\/chaines\/rnmsh\/colloque-interdisciplinarites-9-et-10-septembre-2021-ateliers\/atelier-1-les-liens?t=4806\" target=\"_blank\" rel=\"noopener\">septembre Atelier 1<\/a><br \/><a href=\"https:\/\/www.canal-u.tv\/chaines\/rnmsh\/colloque-interdisciplinarites-9-et-10-septembre-2021-ateliers\/atelier-3?t=3851\" target=\"_blank\" rel=\"noopener\">septembre Atelier 3<\/a><br \/><a href=\"https:\/\/www.canal-u.tv\/chaines\/rnmsh\/colloque-interdisciplinarites-9-et-10-septembre-2021-ateliers\/atelier-1-les-liens?t=4917\" target=\"_blank\" rel=\"noopener\">septembre Atelier 1<\/a><br \/><a href=\"https:\/\/www.canal-u.tv\/chaines\/rnmsh\/colloque-interdisciplinarites-9-et-10-septembre-2021-ateliers\/atelier-3?t=4133\" target=\"_blank\" rel=\"noopener\">septembre Atelier 3<\/a><br \/><a href=\"https:\/\/www.canal-u.tv\/chaines\/rnmsh\/colloque-interdisciplinarites-9-et-10-septembre-2021-ateliers\/atelier-1-les-liens?t=5027\" target=\"_blank\" rel=\"noopener\">septembre Atelier 1<\/a><br \/><a href=\"https:\/\/www.canal-u.tv\/chaines\/rnmsh\/colloque-interdisciplinarites-9-et-10-septembre-2021-ateliers\/atelier-1-les-liens?t=10351\" target=\"_blank\" rel=\"noopener\">septembre Atelier 2<\/a><br \/><a href=\"https:\/\/www.canal-u.tv\/chaines\/rnmsh\/colloque-interdisciplinarites-9-et-10-septembre-2021-ateliers\/atelier-3?t=472\" target=\"_blank\" rel=\"noopener\">septembre Atelier 3<\/a><br \/><a href=\"https:\/\/www.canal-u.tv\/chaines\/rnmsh\/colloque-interdisciplinarites-9-et-10-septembre-2021-ateliers\/atelier-3?t=1170\" target=\"_blank\" rel=\"noopener\">septembre Atelier 3<\/a><br \/><a href=\"https:\/\/www.canal-u.tv\/chaines\/rnmsh\/colloque-interdisciplinarites-13-et-14-janvier-2022-seance-pleniere\/introduction?t=549\" target=\"_blank\" rel=\"noopener\">janvier Ouverture<\/a><br \/><a href=\"https:\/\/www.canal-u.tv\/chaines\/rnmsh\/colloque-interdisciplinarites-9-et-10-septembre-2021-ateliers\/atelier-3?t=1469\" target=\"_blank\" rel=\"noopener\">septembre Atelier 3<\/a><br \/><a href=\"https:\/\/www.canal-u.tv\/chaines\/rnmsh\/colloque-interdisciplinarites-9-et-10-septembre-2021-ateliers\/atelier-3?t=2489\" target=\"_blank\" rel=\"noopener\">septembre Atelier 3<\/a><br \/><a href=\"https:\/\/www.canal-u.tv\/chaines\/rnmsh\/colloque-interdisciplinarites-9-et-10-septembre-2021-ateliers\/atelier-3?t=3037\" target=\"_blank\" rel=\"noopener\">septembre Atelier 3<\/a><br \/><a href=\"https:\/\/www.canal-u.tv\/chaines\/rnmsh\/colloque-interdisciplinarites-9-et-10-septembre-2021-ateliers\/atelier-3?t=3673\" target=\"_blank\" rel=\"noopener\">septembre Atelier 3<\/a><br \/><a href=\"https:\/\/www.canal-u.tv\/chaines\/rnmsh\/colloque-interdisciplinarites-9-et-10-septembre-2021-ateliers\/atelier-3?t=4061\" target=\"_blank\" rel=\"noopener\">septembre Atelier 3<\/a><br \/><a href=\"https:\/\/www.canal-u.tv\/chaines\/rnmsh\/colloque-interdisciplinarites-9-et-10-septembre-2021-ateliers\/atelier-5-savoirs-et?t=990\" target=\"_blank\" rel=\"noopener\">septembre Atelier 5<\/a><br \/><a href=\"https:\/\/www.canal-u.tv\/chaines\/rnmsh\/colloque-interdisciplinarites-9-et-10-septembre-2021-ateliers\/atelier-5-savoirs-et?t=4322\" target=\"_blank\" rel=\"noopener\">septembre Atelier 5<\/a><\/p>\t\t\t\t\t\t\t\t<\/div>\n\t\t\t\t<\/div>\n\t\t\t\t\t<\/div>\n\t\t<\/div>\n\t\t\t\t<div class=\"elementor-column elementor-col-25 elementor-top-column elementor-element elementor-element-dcdb7d9\" data-id=\"dcdb7d9\" data-element_type=\"column\" data-e-type=\"column\">\n\t\t\t<div class=\"elementor-widget-wrap elementor-element-populated\">\n\t\t\t\t\t\t\t<\/div>\n\t\t<\/div>\n\t\t\t\t\t<\/div>\n\t\t<\/section>\n\t\t\t\t<\/div>\n\t\t","protected":false},"excerpt":{"rendered":"<p>M\u00e9thodologies et \u00e9critures \u00a0(dur\u00e9e : 18 minutes) O\u00f9 il est question de l\u2019interdisciplinarit\u00e9 endog\u00e8ne et exog\u00e8ne, de la prise de risque comme vecteur de l\u2019interdisciplinarit\u00e9, des enjeux \u00e9pist\u00e9miques et formels d\u2019une d\u00e9marche interdisciplinaire, de la mise en r\u00e9cit comme langue commune de l\u2019interdisciplinarit\u00e9, des r\u00e9f\u00e9rentiels sous-jacents \u00e9pist\u00e9mologiques, des formes d\u2019int\u00e9ressement aux r\u00e9sultats et aux m\u00e9thodes&#8230;<\/p>\n","protected":false},"author":23,"featured_media":0,"parent":0,"menu_order":0,"comment_status":"closed","ping_status":"closed","template":"","meta":{"_kadence_starter_templates_imported_post":true,"_kad_post_transparent":"","_kad_post_title":"hide","_kad_post_layout":"fullwidth","_kad_post_sidebar_id":"","_kad_post_content_style":"unboxed","_kad_post_vertical_padding":"hide","_kad_post_feature":"hide","_kad_post_feature_position":"","_kad_post_header":false,"_kad_post_footer":false,"_kad_post_classname":"","footnotes":""},"class_list":["post-2239","page","type-page","status-publish","hentry"],"_links":{"self":[{"href":"https:\/\/web.msh-lse.fr\/rnmsh\/interdisciplinarites\/wp-json\/wp\/v2\/pages\/2239","targetHints":{"allow":["GET"]}}],"collection":[{"href":"https:\/\/web.msh-lse.fr\/rnmsh\/interdisciplinarites\/wp-json\/wp\/v2\/pages"}],"about":[{"href":"https:\/\/web.msh-lse.fr\/rnmsh\/interdisciplinarites\/wp-json\/wp\/v2\/types\/page"}],"author":[{"embeddable":true,"href":"https:\/\/web.msh-lse.fr\/rnmsh\/interdisciplinarites\/wp-json\/wp\/v2\/users\/23"}],"replies":[{"embeddable":true,"href":"https:\/\/web.msh-lse.fr\/rnmsh\/interdisciplinarites\/wp-json\/wp\/v2\/comments?post=2239"}],"version-history":[{"count":34,"href":"https:\/\/web.msh-lse.fr\/rnmsh\/interdisciplinarites\/wp-json\/wp\/v2\/pages\/2239\/revisions"}],"predecessor-version":[{"id":3129,"href":"https:\/\/web.msh-lse.fr\/rnmsh\/interdisciplinarites\/wp-json\/wp\/v2\/pages\/2239\/revisions\/3129"}],"wp:attachment":[{"href":"https:\/\/web.msh-lse.fr\/rnmsh\/interdisciplinarites\/wp-json\/wp\/v2\/media?parent=2239"}],"curies":[{"name":"wp","href":"https:\/\/api.w.org\/{rel}","templated":true}]}}