{"id":2234,"date":"2023-04-30T15:46:24","date_gmt":"2023-04-30T13:46:24","guid":{"rendered":"https:\/\/web.msh-lse.fr\/rnmsh\/interdisciplinarites\/?page_id=2234"},"modified":"2023-09-04T16:48:39","modified_gmt":"2023-09-04T14:48:39","slug":"pratiques-et-efficience","status":"publish","type":"page","link":"https:\/\/web.msh-lse.fr\/rnmsh\/interdisciplinarites\/pratiques-et-efficience\/","title":{"rendered":"Pratiques et efficience"},"content":{"rendered":"\t\t<div data-elementor-type=\"wp-page\" data-elementor-id=\"2234\" class=\"elementor elementor-2234\" data-elementor-post-type=\"page\">\n\t\t\t\t\t\t<section class=\"elementor-section elementor-top-section elementor-element elementor-element-673110c elementor-section-boxed elementor-section-height-default elementor-section-height-default\" data-id=\"673110c\" data-element_type=\"section\" data-e-type=\"section\" data-settings=\"{&quot;background_background&quot;:&quot;classic&quot;}\">\n\t\t\t\t\t\t<div class=\"elementor-container elementor-column-gap-default\">\n\t\t\t\t\t<div class=\"elementor-column elementor-col-50 elementor-top-column elementor-element elementor-element-3afb89c\" data-id=\"3afb89c\" data-element_type=\"column\" data-e-type=\"column\">\n\t\t\t<div class=\"elementor-widget-wrap elementor-element-populated\">\n\t\t\t\t\t\t\t<\/div>\n\t\t<\/div>\n\t\t\t\t<div class=\"elementor-column elementor-col-50 elementor-top-column elementor-element elementor-element-19ff1b7\" data-id=\"19ff1b7\" data-element_type=\"column\" data-e-type=\"column\">\n\t\t\t<div class=\"elementor-widget-wrap\">\n\t\t\t\t\t\t\t<\/div>\n\t\t<\/div>\n\t\t\t\t\t<\/div>\n\t\t<\/section>\n\t\t\t\t<section class=\"elementor-section elementor-top-section elementor-element elementor-element-78ecbb48 elementor-section-boxed elementor-section-height-default elementor-section-height-default\" data-id=\"78ecbb48\" data-element_type=\"section\" data-e-type=\"section\">\n\t\t\t\t\t\t<div class=\"elementor-container elementor-column-gap-default\">\n\t\t\t\t\t<div class=\"elementor-column elementor-col-50 elementor-top-column elementor-element elementor-element-71a2307c\" data-id=\"71a2307c\" data-element_type=\"column\" data-e-type=\"column\">\n\t\t\t<div class=\"elementor-widget-wrap elementor-element-populated\">\n\t\t\t\t\t\t<div class=\"elementor-element elementor-element-306a8846 elementor-widget elementor-widget-heading\" data-id=\"306a8846\" data-element_type=\"widget\" data-e-type=\"widget\" data-widget_type=\"heading.default\">\n\t\t\t\t<div class=\"elementor-widget-container\">\n\t\t\t\t\t<h2 class=\"elementor-heading-title elementor-size-default\">Pratiques et efficience<\/h2>\t\t\t\t<\/div>\n\t\t\t\t<\/div>\n\t\t\t\t<div class=\"elementor-element elementor-element-178687d elementor-widget elementor-widget-spacer\" data-id=\"178687d\" data-element_type=\"widget\" data-e-type=\"widget\" data-widget_type=\"spacer.default\">\n\t\t\t\t<div class=\"elementor-widget-container\">\n\t\t\t\t\t\t\t<div class=\"elementor-spacer\">\n\t\t\t<div class=\"elementor-spacer-inner\"><\/div>\n\t\t<\/div>\n\t\t\t\t\t\t<\/div>\n\t\t\t\t<\/div>\n\t\t\t\t\t<\/div>\n\t\t<\/div>\n\t\t\t\t<div class=\"elementor-column elementor-col-50 elementor-top-column elementor-element elementor-element-11be0c8c\" data-id=\"11be0c8c\" data-element_type=\"column\" data-e-type=\"column\">\n\t\t\t<div class=\"elementor-widget-wrap elementor-element-populated\">\n\t\t\t\t\t\t<section class=\"elementor-section elementor-inner-section elementor-element elementor-element-291707e animated-fast elementor-section-boxed elementor-section-height-default elementor-section-height-default elementor-invisible\" data-id=\"291707e\" data-element_type=\"section\" data-e-type=\"section\" data-settings=\"{&quot;background_background&quot;:&quot;classic&quot;,&quot;animation&quot;:&quot;bounceIn&quot;}\">\n\t\t\t\t\t\t<div class=\"elementor-container elementor-column-gap-default\">\n\t\t\t\t\t<div class=\"elementor-column elementor-col-100 elementor-inner-column elementor-element elementor-element-b398c9d\" data-id=\"b398c9d\" data-element_type=\"column\" data-e-type=\"column\">\n\t\t\t<div class=\"elementor-widget-wrap elementor-element-populated\">\n\t\t\t\t\t\t<div class=\"elementor-element elementor-element-6bc9418 elementor-widget elementor-widget-image\" data-id=\"6bc9418\" data-element_type=\"widget\" data-e-type=\"widget\" data-widget_type=\"image.default\">\n\t\t\t\t<div class=\"elementor-widget-container\">\n\t\t\t\t\t\t\t\t\t\t\t\t\t\t\t\t<a href=\"#\">\n\t\t\t\t\t\t\t<img fetchpriority=\"high\" decoding=\"async\" width=\"520\" height=\"347\" src=\"https:\/\/web.msh-lse.fr\/rnmsh\/wp-content\/uploads\/sites\/27\/2023\/03\/RnMSH-illus_Bl-3.jpg\" class=\"attachment-full size-full wp-image-2149\" alt=\"\" srcset=\"https:\/\/web.msh-lse.fr\/rnmsh\/wp-content\/uploads\/sites\/27\/2023\/03\/RnMSH-illus_Bl-3.jpg 520w, https:\/\/web.msh-lse.fr\/rnmsh\/wp-content\/uploads\/sites\/27\/2023\/03\/RnMSH-illus_Bl-3-300x200.jpg 300w\" sizes=\"(max-width: 520px) 100vw, 520px\" \/>\t\t\t\t\t\t\t\t<\/a>\n\t\t\t\t\t\t\t\t\t\t\t\t\t\t\t<\/div>\n\t\t\t\t<\/div>\n\t\t\t\t\t<\/div>\n\t\t<\/div>\n\t\t\t\t\t<\/div>\n\t\t<\/section>\n\t\t\t\t\t<\/div>\n\t\t<\/div>\n\t\t\t\t\t<\/div>\n\t\t<\/section>\n\t\t\t\t<section class=\"elementor-section elementor-top-section elementor-element elementor-element-bb80b4b elementor-section-boxed elementor-section-height-default elementor-section-height-default\" data-id=\"bb80b4b\" data-element_type=\"section\" data-e-type=\"section\">\n\t\t\t\t\t\t<div class=\"elementor-container elementor-column-gap-default\">\n\t\t\t\t\t<div class=\"elementor-column elementor-col-50 elementor-top-column elementor-element elementor-element-890fc0b\" data-id=\"890fc0b\" data-element_type=\"column\" data-e-type=\"column\">\n\t\t\t<div class=\"elementor-widget-wrap elementor-element-populated\">\n\t\t\t\t\t\t<div class=\"elementor-element elementor-element-40e710c elementor-widget elementor-widget-text-editor\" data-id=\"40e710c\" data-element_type=\"widget\" data-e-type=\"widget\" data-widget_type=\"text-editor.default\">\n\t\t\t\t<div class=\"elementor-widget-container\">\n\t\t\t\t\t\t\t\t\t<p style=\"text-align: justify;\">\u00a0(dur\u00e9e : 18 minutes)<\/p><p style=\"text-align: justify;\"><span style=\"font-size: 18pt;\">O\u00f9 il est question de l\u2019\u00e9volution de la conception de l\u2019interdisciplinarit\u00e9, de l\u2019enr\u00f4lement des SHS dans des projets intersectoriels, du processus de l\u00e9gitimation scientifiques des SHS, des risques d\u2019instrumentalisation des SHS, de l\u2019acceptabilit\u00e9 sociale, du hiatus entre entre l\u2019injonction \u00e0 l\u2019interdisciplinarit\u00e9 et la reconnaissance par les pairs, de l\u2019institutionnalisation de nouveaux fronts disciplinaires (studies), et des nouvelles offres de cursus universitaire interdisciplinaire (master).<\/span><\/p><p><span style=\"font-size: 18pt;\"><span style=\"color: #303f83;\"><strong>Mots cl\u00e9s<\/strong><\/span> : temporalit\u00e9s, obstacle, risque, l\u00e9gitimit\u00e9, reconnaissance, r\u00e9ussite, \u00e9mergence, formation<\/span><\/p>\t\t\t\t\t\t\t\t<\/div>\n\t\t\t\t<\/div>\n\t\t\t\t\t<\/div>\n\t\t<\/div>\n\t\t\t\t<div class=\"elementor-column elementor-col-50 elementor-top-column elementor-element elementor-element-ff76d23\" data-id=\"ff76d23\" data-element_type=\"column\" data-e-type=\"column\">\n\t\t\t<div class=\"elementor-widget-wrap\">\n\t\t\t\t\t\t\t<\/div>\n\t\t<\/div>\n\t\t\t\t\t<\/div>\n\t\t<\/section>\n\t\t\t\t<section class=\"elementor-section elementor-top-section elementor-element elementor-element-ecc11c3 elementor-section-boxed elementor-section-height-default elementor-section-height-default\" data-id=\"ecc11c3\" data-element_type=\"section\" data-e-type=\"section\">\n\t\t\t\t\t\t<div class=\"elementor-container elementor-column-gap-default\">\n\t\t\t\t\t<div class=\"elementor-column elementor-col-100 elementor-top-column elementor-element elementor-element-5bbeda6\" data-id=\"5bbeda6\" data-element_type=\"column\" data-e-type=\"column\">\n\t\t\t<div class=\"elementor-widget-wrap elementor-element-populated\">\n\t\t\t\t\t\t<div class=\"elementor-element elementor-element-f7569cc elementor-widget elementor-widget-spacer\" data-id=\"f7569cc\" data-element_type=\"widget\" data-e-type=\"widget\" data-widget_type=\"spacer.default\">\n\t\t\t\t<div class=\"elementor-widget-container\">\n\t\t\t\t\t\t\t<div class=\"elementor-spacer\">\n\t\t\t<div class=\"elementor-spacer-inner\"><\/div>\n\t\t<\/div>\n\t\t\t\t\t\t<\/div>\n\t\t\t\t<\/div>\n\t\t\t\t\t<\/div>\n\t\t<\/div>\n\t\t\t\t\t<\/div>\n\t\t<\/section>\n\t\t\t\t<section class=\"elementor-section elementor-top-section elementor-element elementor-element-a602d9d elementor-section-boxed elementor-section-height-default elementor-section-height-default\" data-id=\"a602d9d\" data-element_type=\"section\" data-e-type=\"section\">\n\t\t\t\t\t\t<div class=\"elementor-container elementor-column-gap-default\">\n\t\t\t\t\t<div class=\"elementor-column elementor-col-33 elementor-top-column elementor-element elementor-element-5ea9d30\" data-id=\"5ea9d30\" data-element_type=\"column\" data-e-type=\"column\">\n\t\t\t<div class=\"elementor-widget-wrap\">\n\t\t\t\t\t\t\t<\/div>\n\t\t<\/div>\n\t\t\t\t<div class=\"elementor-column elementor-col-33 elementor-top-column elementor-element elementor-element-d070bbd\" data-id=\"d070bbd\" data-element_type=\"column\" data-e-type=\"column\">\n\t\t\t<div class=\"elementor-widget-wrap elementor-element-populated\">\n\t\t\t\t\t\t<div class=\"elementor-element elementor-element-ce93e07 elementor-widget elementor-widget-video\" data-id=\"ce93e07\" data-element_type=\"widget\" data-e-type=\"widget\" data-settings=\"{&quot;video_type&quot;:&quot;hosted&quot;,&quot;controls&quot;:&quot;yes&quot;}\" data-widget_type=\"video.default\">\n\t\t\t\t<div class=\"elementor-widget-container\">\n\t\t\t\t\t\t\t<div class=\"e-hosted-video elementor-wrapper elementor-open-inline\">\n\t\t\t\t\t<video class=\"elementor-video\" src=\"https:\/\/humanumbox.msh-lse.fr\/25fps\/25images\/230503_Valo-Interdisc-RnMSH\/Pratiques\u00a0et\u00a0efficience.V4.mp4\" controls=\"\" preload=\"metadata\" controlsList=\"nodownload\"><\/video>\n\t\t\t\t<\/div>\n\t\t\t\t\t\t<\/div>\n\t\t\t\t<\/div>\n\t\t\t\t\t<\/div>\n\t\t<\/div>\n\t\t\t\t<div class=\"elementor-column elementor-col-33 elementor-top-column elementor-element elementor-element-dff42cd\" data-id=\"dff42cd\" data-element_type=\"column\" data-e-type=\"column\">\n\t\t\t<div class=\"elementor-widget-wrap\">\n\t\t\t\t\t\t\t<\/div>\n\t\t<\/div>\n\t\t\t\t\t<\/div>\n\t\t<\/section>\n\t\t\t\t<section class=\"elementor-section elementor-top-section elementor-element elementor-element-fd44bc5 elementor-section-boxed elementor-section-height-default elementor-section-height-default\" data-id=\"fd44bc5\" data-element_type=\"section\" data-e-type=\"section\">\n\t\t\t\t\t\t<div class=\"elementor-container elementor-column-gap-default\">\n\t\t\t\t\t<div class=\"elementor-column elementor-col-100 elementor-top-column elementor-element elementor-element-0b00fc1\" data-id=\"0b00fc1\" data-element_type=\"column\" data-e-type=\"column\">\n\t\t\t<div class=\"elementor-widget-wrap elementor-element-populated\">\n\t\t\t\t\t\t<div class=\"elementor-element elementor-element-1222624 elementor-widget elementor-widget-spacer\" data-id=\"1222624\" data-element_type=\"widget\" data-e-type=\"widget\" data-widget_type=\"spacer.default\">\n\t\t\t\t<div class=\"elementor-widget-container\">\n\t\t\t\t\t\t\t<div class=\"elementor-spacer\">\n\t\t\t<div class=\"elementor-spacer-inner\"><\/div>\n\t\t<\/div>\n\t\t\t\t\t\t<\/div>\n\t\t\t\t<\/div>\n\t\t\t\t\t<\/div>\n\t\t<\/div>\n\t\t\t\t\t<\/div>\n\t\t<\/section>\n\t\t\t\t<section class=\"elementor-section elementor-top-section elementor-element elementor-element-c7000b4 elementor-section-boxed elementor-section-height-default elementor-section-height-default\" data-id=\"c7000b4\" data-element_type=\"section\" data-e-type=\"section\">\n\t\t\t\t\t\t<div class=\"elementor-container elementor-column-gap-default\">\n\t\t\t\t\t<div class=\"elementor-column elementor-col-100 elementor-top-column elementor-element elementor-element-6c9a092\" data-id=\"6c9a092\" data-element_type=\"column\" data-e-type=\"column\">\n\t\t\t<div class=\"elementor-widget-wrap elementor-element-populated\">\n\t\t\t\t\t\t<div class=\"elementor-element elementor-element-0656fbf elementor-widget elementor-widget-heading\" data-id=\"0656fbf\" data-element_type=\"widget\" data-e-type=\"widget\" data-widget_type=\"heading.default\">\n\t\t\t\t<div class=\"elementor-widget-container\">\n\t\t\t\t\t<h2 class=\"elementor-heading-title elementor-size-default\">Retrouvez ces extraits dans leur contexte en cliquant sur le lien correspondant.<\/h2>\t\t\t\t<\/div>\n\t\t\t\t<\/div>\n\t\t\t\t\t<\/div>\n\t\t<\/div>\n\t\t\t\t\t<\/div>\n\t\t<\/section>\n\t\t\t\t<section class=\"elementor-section elementor-top-section elementor-element elementor-element-0aa1633 elementor-section-boxed elementor-section-height-default elementor-section-height-default\" data-id=\"0aa1633\" data-element_type=\"section\" data-e-type=\"section\">\n\t\t\t\t\t\t<div class=\"elementor-container elementor-column-gap-default\">\n\t\t\t\t\t<div class=\"elementor-column elementor-col-100 elementor-top-column elementor-element elementor-element-800d7b4\" data-id=\"800d7b4\" data-element_type=\"column\" data-e-type=\"column\">\n\t\t\t<div class=\"elementor-widget-wrap elementor-element-populated\">\n\t\t\t\t\t\t<div class=\"elementor-element elementor-element-a9eee38 elementor-widget elementor-widget-spacer\" data-id=\"a9eee38\" data-element_type=\"widget\" data-e-type=\"widget\" data-widget_type=\"spacer.default\">\n\t\t\t\t<div class=\"elementor-widget-container\">\n\t\t\t\t\t\t\t<div class=\"elementor-spacer\">\n\t\t\t<div class=\"elementor-spacer-inner\"><\/div>\n\t\t<\/div>\n\t\t\t\t\t\t<\/div>\n\t\t\t\t<\/div>\n\t\t\t\t\t<\/div>\n\t\t<\/div>\n\t\t\t\t\t<\/div>\n\t\t<\/section>\n\t\t\t\t<section class=\"elementor-section elementor-top-section elementor-element elementor-element-e98150b elementor-section-boxed elementor-section-height-default elementor-section-height-default\" data-id=\"e98150b\" data-element_type=\"section\" data-e-type=\"section\">\n\t\t\t\t\t\t<div class=\"elementor-container elementor-column-gap-default\">\n\t\t\t\t\t<div class=\"elementor-column elementor-col-25 elementor-top-column elementor-element elementor-element-f8b5bdd\" data-id=\"f8b5bdd\" data-element_type=\"column\" data-e-type=\"column\">\n\t\t\t<div class=\"elementor-widget-wrap\">\n\t\t\t\t\t\t\t<\/div>\n\t\t<\/div>\n\t\t\t\t<div class=\"elementor-column elementor-col-25 elementor-top-column elementor-element elementor-element-678a94f\" data-id=\"678a94f\" data-element_type=\"column\" data-e-type=\"column\">\n\t\t\t<div class=\"elementor-widget-wrap elementor-element-populated\">\n\t\t\t\t\t\t<div class=\"elementor-element elementor-element-82bbed8 elementor-widget elementor-widget-text-editor\" data-id=\"82bbed8\" data-element_type=\"widget\" data-e-type=\"widget\" data-widget_type=\"text-editor.default\">\n\t\t\t\t<div class=\"elementor-widget-container\">\n\t\t\t\t\t\t\t\t\t<p style=\"text-align: right;\"><span style=\"color: #000000;\">1. Louise Vandelac<\/span> :<br \/><span style=\"color: #000000;\">2. Maryline Crivello<\/span> :<br \/><span style=\"color: #000000;\">3. Nicolas Th\u00e9ly :<\/span><br \/><span style=\"color: #000000;\">4.\u00a0<\/span>Laurent Baratin :<br \/><span style=\"color: #000000;\">5. Pierre Fournier<\/span> :<br \/><span style=\"color: #000000;\">6. Laurent Di Filippo :<\/span><br \/><span style=\"color: #000000;\">7. Bertrand Dousteyssier :<\/span><br \/><span style=\"color: #000000;\">8. Dany Lapostolle :<\/span><br \/><span style=\"color: #000000;\">9. Pierre-Cyrille Hautcoeur :<\/span><br \/><span style=\"color: #000000;\">10. Julien Mary :<\/span><br \/><span style=\"color: #000000;\">11. Martina Knoop :<\/span><br \/><span style=\"color: #000000;\">12. Christophe Niewiadomski :<\/span><br \/><span style=\"color: #000000;\">13. Marie-Claude Maurel :<br \/>14. Dominique Pestre :<br \/>15. Pierre-Cyrille Hautcoeur :<br \/>16. Louise Vandelac :<br \/>17 : Dominique Pestre :<br \/><\/span><\/p>\t\t\t\t\t\t\t\t<\/div>\n\t\t\t\t<\/div>\n\t\t\t\t\t<\/div>\n\t\t<\/div>\n\t\t\t\t<div class=\"elementor-column elementor-col-25 elementor-top-column elementor-element elementor-element-9fe6d38\" data-id=\"9fe6d38\" data-element_type=\"column\" data-e-type=\"column\">\n\t\t\t<div class=\"elementor-widget-wrap elementor-element-populated\">\n\t\t\t\t\t\t<div class=\"elementor-element elementor-element-dfb1b1f elementor-widget elementor-widget-text-editor\" data-id=\"dfb1b1f\" data-element_type=\"widget\" data-e-type=\"widget\" data-widget_type=\"text-editor.default\">\n\t\t\t\t<div class=\"elementor-widget-container\">\n\t\t\t\t\t\t\t\t\t<p><a href=\"https:\/\/www.canal-u.tv\/chaines\/rnmsh\/colloque-interdisciplinarites-9-et-10-septembre-2021-ateliers\/atelier-1-les-liens?t=7246\" target=\"_blank\" rel=\"noopener\">septembre Atelier 2<\/a><br \/><a href=\"https:\/\/www.canal-u.tv\/chaines\/rnmsh\/colloque-interdisciplinarites-9-et-10-septembre-2021-ateliers\/atelier-1-les-liens?t=285\" target=\"_blank\" rel=\"noopener\">septembre Accueil<\/a><br \/><a href=\"https:\/\/www.canal-u.tv\/chaines\/rnmsh\/colloque-interdisciplinarites-9-et-10-septembre-2021-ateliers\/atelier-1-les-liens?t=1847\" target=\"_blank\" rel=\"noopener\">septembre Accueil<\/a><br \/><a href=\"https:\/\/www.canal-u.tv\/chaines\/rnmsh\/colloque-interdisciplinarites-9-et-10-septembre-2021-ateliers\/atelier-1-les-liens?t=8173\" target=\"_blank\" rel=\"noopener\">septembre Atelier 2<\/a><br \/><a href=\"https:\/\/www.canal-u.tv\/chaines\/rnmsh\/colloque-interdisciplinarites-9-et-10-septembre-2021-ateliers\/atelier-3?t=1578\" target=\"_blank\" rel=\"noopener\">septembre Atelier 3<\/a><br \/><a href=\"https:\/\/www.canal-u.tv\/chaines\/rnmsh\/colloque-interdisciplinarites-9-et-10-septembre-2021-ateliers\/atelier-5-savoirs-et?t=507\" target=\"_blank\" rel=\"noopener\">septembre Atelier 5<\/a><br \/><a href=\"https:\/\/www.canal-u.tv\/chaines\/rnmsh\/colloque-interdisciplinarites-9-et-10-septembre-2021-ateliers\/atelier-1-les-liens?t=4300\" target=\"_blank\" rel=\"noopener\">septembre Atelier 1<\/a><br \/><a href=\"https:\/\/www.canal-u.tv\/chaines\/rnmsh\/colloque-interdisciplinarites-9-et-10-septembre-2021-ateliers\/atelier-3?t=6077\" target=\"_blank\" rel=\"noopener\">septembre Atelier 4<\/a><br \/><a href=\"https:\/\/www.canal-u.tv\/chaines\/rnmsh\/table-ronde-3-les-conditions-et-dispositifs-de-legitimation-d-une-politique-d?t=2545\" target=\"_blank\" rel=\"noopener\">janvier Table ronde 3<\/a><br \/><a href=\"https:\/\/www.canal-u.tv\/chaines\/rnmsh\/colloque-interdisciplinarites-9-et-10-septembre-2021-ateliers\/atelier-3?t=1323\" target=\"_blank\" rel=\"noopener\">septembre Atelier 3<\/a><br \/><a href=\"https:\/\/www.canal-u.tv\/chaines\/rnmsh\/table-ronde-3-les-conditions-et-dispositifs-de-legitimation-d-une-politique-d?t=2263\">janvier Table ronde 3<\/a><br \/><a href=\"https:\/\/www.canal-u.tv\/chaines\/rnmsh\/colloque-interdisciplinarites-9-et-10-septembre-2021-ateliers\/atelier-1-les-liens?t=10309\" target=\"_blank\" rel=\"noopener\">septembre Atelier 2<\/a><br \/><a href=\"https:\/\/www.canal-u.tv\/chaines\/rnmsh\/colloque-interdisciplinarites-13-et-14-janvier-2022-seance-pleniere\/table-ronde-2-les?t=2114\" target=\"_blank\" rel=\"noopener\">janvier Table ronde 2<\/a><br \/><a href=\"https:\/\/www.canal-u.tv\/chaines\/rnmsh\/table-ronde-3-les-conditions-et-dispositifs-de-legitimation-d-une-politique-d?t=2887\" target=\"_blank\" rel=\"noopener\">janvier Table ronde 3<\/a><br \/><a href=\"https:\/\/www.canal-u.tv\/chaines\/rnmsh\/table-ronde-3-les-conditions-et-dispositifs-de-legitimation-d-une-politique-d?t=2738\" target=\"_blank\" rel=\"noopener\">janvier Table ronde 3<\/a><br \/><a href=\"https:\/\/www.canal-u.tv\/chaines\/rnmsh\/table-ronde-3-les-conditions-et-dispositifs-de-legitimation-d-une-politique-d?t=1997\" target=\"_blank\" rel=\"noopener\">janvier Table ronde 3<\/a><br \/><a href=\"https:\/\/www.canal-u.tv\/chaines\/rnmsh\/table-ronde-3-les-conditions-et-dispositifs-de-legitimation-d-une-politique-d?t=2122\" target=\"_blank\" rel=\"noopener\">janvier Table ronde 3<\/a><\/p>\t\t\t\t\t\t\t\t<\/div>\n\t\t\t\t<\/div>\n\t\t\t\t\t<\/div>\n\t\t<\/div>\n\t\t\t\t<div class=\"elementor-column elementor-col-25 elementor-top-column elementor-element elementor-element-7ab2778\" data-id=\"7ab2778\" data-element_type=\"column\" data-e-type=\"column\">\n\t\t\t<div class=\"elementor-widget-wrap elementor-element-populated\">\n\t\t\t\t\t\t\t<\/div>\n\t\t<\/div>\n\t\t\t\t\t<\/div>\n\t\t<\/section>\n\t\t\t\t<\/div>\n\t\t","protected":false},"excerpt":{"rendered":"<p>Pratiques et efficience \u00a0(dur\u00e9e : 18 minutes) O\u00f9 il est question de l\u2019\u00e9volution de la conception de l\u2019interdisciplinarit\u00e9, de l\u2019enr\u00f4lement des SHS dans des projets intersectoriels, du processus de l\u00e9gitimation scientifiques des SHS, des risques d\u2019instrumentalisation des SHS, de l\u2019acceptabilit\u00e9 sociale, du hiatus entre entre l\u2019injonction \u00e0 l\u2019interdisciplinarit\u00e9 et la reconnaissance par les pairs, de&#8230;<\/p>\n","protected":false},"author":23,"featured_media":0,"parent":0,"menu_order":0,"comment_status":"closed","ping_status":"closed","template":"","meta":{"_kadence_starter_templates_imported_post":true,"_kad_post_transparent":"","_kad_post_title":"hide","_kad_post_layout":"fullwidth","_kad_post_sidebar_id":"","_kad_post_content_style":"unboxed","_kad_post_vertical_padding":"hide","_kad_post_feature":"hide","_kad_post_feature_position":"","_kad_post_header":false,"_kad_post_footer":false,"_kad_post_classname":"","footnotes":""},"class_list":["post-2234","page","type-page","status-publish","hentry"],"_links":{"self":[{"href":"https:\/\/web.msh-lse.fr\/rnmsh\/interdisciplinarites\/wp-json\/wp\/v2\/pages\/2234","targetHints":{"allow":["GET"]}}],"collection":[{"href":"https:\/\/web.msh-lse.fr\/rnmsh\/interdisciplinarites\/wp-json\/wp\/v2\/pages"}],"about":[{"href":"https:\/\/web.msh-lse.fr\/rnmsh\/interdisciplinarites\/wp-json\/wp\/v2\/types\/page"}],"author":[{"embeddable":true,"href":"https:\/\/web.msh-lse.fr\/rnmsh\/interdisciplinarites\/wp-json\/wp\/v2\/users\/23"}],"replies":[{"embeddable":true,"href":"https:\/\/web.msh-lse.fr\/rnmsh\/interdisciplinarites\/wp-json\/wp\/v2\/comments?post=2234"}],"version-history":[{"count":34,"href":"https:\/\/web.msh-lse.fr\/rnmsh\/interdisciplinarites\/wp-json\/wp\/v2\/pages\/2234\/revisions"}],"predecessor-version":[{"id":3126,"href":"https:\/\/web.msh-lse.fr\/rnmsh\/interdisciplinarites\/wp-json\/wp\/v2\/pages\/2234\/revisions\/3126"}],"wp:attachment":[{"href":"https:\/\/web.msh-lse.fr\/rnmsh\/interdisciplinarites\/wp-json\/wp\/v2\/media?parent=2234"}],"curies":[{"name":"wp","href":"https:\/\/api.w.org\/{rel}","templated":true}]}}