{"id":2205,"date":"2023-04-28T11:18:50","date_gmt":"2023-04-28T09:18:50","guid":{"rendered":"https:\/\/web.msh-lse.fr\/rnmsh\/interdisciplinarites\/?page_id=2205"},"modified":"2023-09-07T10:37:30","modified_gmt":"2023-09-07T08:37:30","slug":"acteurs-et-finalites","status":"publish","type":"page","link":"https:\/\/web.msh-lse.fr\/rnmsh\/interdisciplinarites\/acteurs-et-finalites\/","title":{"rendered":"Acteurs et finalit\u00e9s"},"content":{"rendered":"\t\t<div data-elementor-type=\"wp-page\" data-elementor-id=\"2205\" class=\"elementor elementor-2205\" data-elementor-post-type=\"page\">\n\t\t\t\t\t\t<section class=\"elementor-section elementor-top-section elementor-element elementor-element-673110c elementor-section-boxed elementor-section-height-default elementor-section-height-default\" data-id=\"673110c\" data-element_type=\"section\" data-e-type=\"section\" data-settings=\"{&quot;background_background&quot;:&quot;classic&quot;}\">\n\t\t\t\t\t\t<div class=\"elementor-container elementor-column-gap-default\">\n\t\t\t\t\t<div class=\"elementor-column elementor-col-50 elementor-top-column elementor-element elementor-element-3afb89c\" data-id=\"3afb89c\" data-element_type=\"column\" data-e-type=\"column\">\n\t\t\t<div class=\"elementor-widget-wrap elementor-element-populated\">\n\t\t\t\t\t\t\t<\/div>\n\t\t<\/div>\n\t\t\t\t<div class=\"elementor-column elementor-col-50 elementor-top-column elementor-element elementor-element-19ff1b7\" data-id=\"19ff1b7\" data-element_type=\"column\" data-e-type=\"column\">\n\t\t\t<div class=\"elementor-widget-wrap\">\n\t\t\t\t\t\t\t<\/div>\n\t\t<\/div>\n\t\t\t\t\t<\/div>\n\t\t<\/section>\n\t\t\t\t<section class=\"elementor-section elementor-top-section elementor-element elementor-element-78ecbb48 elementor-section-boxed elementor-section-height-default elementor-section-height-default\" data-id=\"78ecbb48\" data-element_type=\"section\" data-e-type=\"section\">\n\t\t\t\t\t\t<div class=\"elementor-container elementor-column-gap-default\">\n\t\t\t\t\t<div class=\"elementor-column elementor-col-50 elementor-top-column elementor-element elementor-element-71a2307c\" data-id=\"71a2307c\" data-element_type=\"column\" data-e-type=\"column\">\n\t\t\t<div class=\"elementor-widget-wrap elementor-element-populated\">\n\t\t\t\t\t\t<div class=\"elementor-element elementor-element-306a8846 elementor-widget elementor-widget-heading\" data-id=\"306a8846\" data-element_type=\"widget\" data-e-type=\"widget\" data-widget_type=\"heading.default\">\n\t\t\t\t<div class=\"elementor-widget-container\">\n\t\t\t\t\t<h2 class=\"elementor-heading-title elementor-size-default\">Acteurs et finalit\u00e9s<\/h2>\t\t\t\t<\/div>\n\t\t\t\t<\/div>\n\t\t\t\t<div class=\"elementor-element elementor-element-178687d elementor-widget elementor-widget-spacer\" data-id=\"178687d\" data-element_type=\"widget\" data-e-type=\"widget\" data-widget_type=\"spacer.default\">\n\t\t\t\t<div class=\"elementor-widget-container\">\n\t\t\t\t\t\t\t<div class=\"elementor-spacer\">\n\t\t\t<div class=\"elementor-spacer-inner\"><\/div>\n\t\t<\/div>\n\t\t\t\t\t\t<\/div>\n\t\t\t\t<\/div>\n\t\t\t\t\t<\/div>\n\t\t<\/div>\n\t\t\t\t<div class=\"elementor-column elementor-col-50 elementor-top-column elementor-element elementor-element-11be0c8c\" data-id=\"11be0c8c\" data-element_type=\"column\" data-e-type=\"column\">\n\t\t\t<div class=\"elementor-widget-wrap elementor-element-populated\">\n\t\t\t\t\t\t<section class=\"elementor-section elementor-inner-section elementor-element elementor-element-291707e animated-fast elementor-section-boxed elementor-section-height-default elementor-section-height-default elementor-invisible\" data-id=\"291707e\" data-element_type=\"section\" data-e-type=\"section\" data-settings=\"{&quot;background_background&quot;:&quot;classic&quot;,&quot;animation&quot;:&quot;bounceIn&quot;}\">\n\t\t\t\t\t\t<div class=\"elementor-container elementor-column-gap-default\">\n\t\t\t\t\t<div class=\"elementor-column elementor-col-100 elementor-inner-column elementor-element elementor-element-b398c9d\" data-id=\"b398c9d\" data-element_type=\"column\" data-e-type=\"column\">\n\t\t\t<div class=\"elementor-widget-wrap elementor-element-populated\">\n\t\t\t\t\t\t<div class=\"elementor-element elementor-element-6bc9418 elementor-widget elementor-widget-image\" data-id=\"6bc9418\" data-element_type=\"widget\" data-e-type=\"widget\" data-widget_type=\"image.default\">\n\t\t\t\t<div class=\"elementor-widget-container\">\n\t\t\t\t\t\t\t\t\t\t\t\t\t\t\t\t<a href=\"#\">\n\t\t\t\t\t\t\t<img fetchpriority=\"high\" decoding=\"async\" width=\"520\" height=\"347\" src=\"https:\/\/web.msh-lse.fr\/rnmsh\/wp-content\/uploads\/sites\/27\/2023\/03\/RnMSH-illus_R-5.jpg\" class=\"attachment-full size-full wp-image-2161\" alt=\"\" srcset=\"https:\/\/web.msh-lse.fr\/rnmsh\/wp-content\/uploads\/sites\/27\/2023\/03\/RnMSH-illus_R-5.jpg 520w, https:\/\/web.msh-lse.fr\/rnmsh\/wp-content\/uploads\/sites\/27\/2023\/03\/RnMSH-illus_R-5-300x200.jpg 300w\" sizes=\"(max-width: 520px) 100vw, 520px\" \/>\t\t\t\t\t\t\t\t<\/a>\n\t\t\t\t\t\t\t\t\t\t\t\t\t\t\t<\/div>\n\t\t\t\t<\/div>\n\t\t\t\t\t<\/div>\n\t\t<\/div>\n\t\t\t\t\t<\/div>\n\t\t<\/section>\n\t\t\t\t\t<\/div>\n\t\t<\/div>\n\t\t\t\t\t<\/div>\n\t\t<\/section>\n\t\t\t\t<section class=\"elementor-section elementor-top-section elementor-element elementor-element-bb80b4b elementor-section-boxed elementor-section-height-default elementor-section-height-default\" data-id=\"bb80b4b\" data-element_type=\"section\" data-e-type=\"section\">\n\t\t\t\t\t\t<div class=\"elementor-container elementor-column-gap-default\">\n\t\t\t\t\t<div class=\"elementor-column elementor-col-50 elementor-top-column elementor-element elementor-element-890fc0b\" data-id=\"890fc0b\" data-element_type=\"column\" data-e-type=\"column\">\n\t\t\t<div class=\"elementor-widget-wrap elementor-element-populated\">\n\t\t\t\t\t\t<div class=\"elementor-element elementor-element-40e710c elementor-widget elementor-widget-text-editor\" data-id=\"40e710c\" data-element_type=\"widget\" data-e-type=\"widget\" data-widget_type=\"text-editor.default\">\n\t\t\t\t<div class=\"elementor-widget-container\">\n\t\t\t\t\t\t\t\t\t<p style=\"text-align: justify;\"><span style=\"color: #000000;\">\u00a0(dur\u00e9e : 18 minutes)<\/span><\/p><p style=\"text-align: justify;\"><span style=\"font-size: 18pt; color: #000000;\">O\u00f9 il est question d\u2019incubation interdisciplinaire dans les MSH, du pilotage politique de la recherche, de la capacit\u00e9 des chercheurs \u00e0 fabriquer de la science sans se soumettre \u00e0 des injonctions, de l\u2019effet levier des budgets modestes, du devenir des boutiques des sciences, de l\u2019av\u00e8nement du tiers secteur de la recherche, et de la plus-value des m\u00e9thodes visuelles et des pratiques artistiques.<\/span><\/p><p><span style=\"font-size: 18pt; color: #000000;\"><span style=\"color: #303f83;\"><strong>Mots cl\u00e9s<\/strong><\/span> : dimension collective, dispositif de soutien, acculturation, sciences et soci\u00e9t\u00e9, innovation<\/span><\/p>\t\t\t\t\t\t\t\t<\/div>\n\t\t\t\t<\/div>\n\t\t\t\t\t<\/div>\n\t\t<\/div>\n\t\t\t\t<div class=\"elementor-column elementor-col-50 elementor-top-column elementor-element elementor-element-ff76d23\" data-id=\"ff76d23\" data-element_type=\"column\" data-e-type=\"column\">\n\t\t\t<div class=\"elementor-widget-wrap\">\n\t\t\t\t\t\t\t<\/div>\n\t\t<\/div>\n\t\t\t\t\t<\/div>\n\t\t<\/section>\n\t\t\t\t<section class=\"elementor-section elementor-top-section elementor-element elementor-element-2f69488 elementor-section-boxed elementor-section-height-default elementor-section-height-default\" data-id=\"2f69488\" data-element_type=\"section\" data-e-type=\"section\">\n\t\t\t\t\t\t<div class=\"elementor-container elementor-column-gap-default\">\n\t\t\t\t\t<div class=\"elementor-column elementor-col-33 elementor-top-column elementor-element elementor-element-1bfd61f\" data-id=\"1bfd61f\" data-element_type=\"column\" data-e-type=\"column\">\n\t\t\t<div class=\"elementor-widget-wrap\">\n\t\t\t\t\t\t\t<\/div>\n\t\t<\/div>\n\t\t\t\t<div class=\"elementor-column elementor-col-33 elementor-top-column elementor-element elementor-element-3b698a9\" data-id=\"3b698a9\" data-element_type=\"column\" data-e-type=\"column\">\n\t\t\t<div class=\"elementor-widget-wrap elementor-element-populated\">\n\t\t\t\t\t\t<div class=\"elementor-element elementor-element-e7051ea elementor-widget elementor-widget-video\" data-id=\"e7051ea\" data-element_type=\"widget\" data-e-type=\"widget\" data-settings=\"{&quot;video_type&quot;:&quot;hosted&quot;,&quot;controls&quot;:&quot;yes&quot;}\" data-widget_type=\"video.default\">\n\t\t\t\t<div class=\"elementor-widget-container\">\n\t\t\t\t\t\t\t<div class=\"e-hosted-video elementor-wrapper elementor-open-inline\">\n\t\t\t\t\t<video class=\"elementor-video\" src=\"https:\/\/humanumbox.msh-lse.fr\/25fps\/25images\/230503_Valo-Interdisc-RnMSH\/Acteurs et finalites.V4.mp4\" controls=\"\" preload=\"metadata\" controlsList=\"nodownload\"><\/video>\n\t\t\t\t<\/div>\n\t\t\t\t\t\t<\/div>\n\t\t\t\t<\/div>\n\t\t\t\t\t<\/div>\n\t\t<\/div>\n\t\t\t\t<div class=\"elementor-column elementor-col-33 elementor-top-column elementor-element elementor-element-6d22437\" data-id=\"6d22437\" data-element_type=\"column\" data-e-type=\"column\">\n\t\t\t<div class=\"elementor-widget-wrap\">\n\t\t\t\t\t\t\t<\/div>\n\t\t<\/div>\n\t\t\t\t\t<\/div>\n\t\t<\/section>\n\t\t\t\t<section class=\"elementor-section elementor-top-section elementor-element elementor-element-19da294 elementor-section-boxed elementor-section-height-default elementor-section-height-default\" data-id=\"19da294\" data-element_type=\"section\" data-e-type=\"section\">\n\t\t\t\t\t\t<div class=\"elementor-container elementor-column-gap-default\">\n\t\t\t\t\t<div class=\"elementor-column elementor-col-100 elementor-top-column elementor-element elementor-element-aee3bcd\" data-id=\"aee3bcd\" data-element_type=\"column\" data-e-type=\"column\">\n\t\t\t<div class=\"elementor-widget-wrap elementor-element-populated\">\n\t\t\t\t\t\t<div class=\"elementor-element elementor-element-3e27aa9 elementor-widget elementor-widget-spacer\" data-id=\"3e27aa9\" data-element_type=\"widget\" data-e-type=\"widget\" data-widget_type=\"spacer.default\">\n\t\t\t\t<div class=\"elementor-widget-container\">\n\t\t\t\t\t\t\t<div class=\"elementor-spacer\">\n\t\t\t<div class=\"elementor-spacer-inner\"><\/div>\n\t\t<\/div>\n\t\t\t\t\t\t<\/div>\n\t\t\t\t<\/div>\n\t\t\t\t\t<\/div>\n\t\t<\/div>\n\t\t\t\t\t<\/div>\n\t\t<\/section>\n\t\t\t\t<section class=\"elementor-section elementor-top-section elementor-element elementor-element-0b89371 elementor-section-boxed elementor-section-height-default elementor-section-height-default\" data-id=\"0b89371\" data-element_type=\"section\" data-e-type=\"section\">\n\t\t\t\t\t\t<div class=\"elementor-container elementor-column-gap-default\">\n\t\t\t\t\t<div class=\"elementor-column elementor-col-100 elementor-top-column elementor-element elementor-element-5f7822c\" data-id=\"5f7822c\" data-element_type=\"column\" data-e-type=\"column\">\n\t\t\t<div class=\"elementor-widget-wrap elementor-element-populated\">\n\t\t\t\t\t\t<div class=\"elementor-element elementor-element-711b9d2 elementor-widget elementor-widget-heading\" data-id=\"711b9d2\" data-element_type=\"widget\" data-e-type=\"widget\" data-widget_type=\"heading.default\">\n\t\t\t\t<div class=\"elementor-widget-container\">\n\t\t\t\t\t<h2 class=\"elementor-heading-title elementor-size-default\">Retrouvez ces extraits dans leur contexte en cliquant sur le lien correspondant.<\/h2>\t\t\t\t<\/div>\n\t\t\t\t<\/div>\n\t\t\t\t\t<\/div>\n\t\t<\/div>\n\t\t\t\t\t<\/div>\n\t\t<\/section>\n\t\t\t\t<section class=\"elementor-section elementor-top-section elementor-element elementor-element-312705b elementor-section-boxed elementor-section-height-default elementor-section-height-default\" data-id=\"312705b\" data-element_type=\"section\" data-e-type=\"section\">\n\t\t\t\t\t\t<div class=\"elementor-container elementor-column-gap-default\">\n\t\t\t\t\t<div class=\"elementor-column elementor-col-25 elementor-top-column elementor-element elementor-element-923bc8f\" data-id=\"923bc8f\" data-element_type=\"column\" data-e-type=\"column\">\n\t\t\t<div class=\"elementor-widget-wrap\">\n\t\t\t\t\t\t\t<\/div>\n\t\t<\/div>\n\t\t\t\t<div class=\"elementor-column elementor-col-25 elementor-top-column elementor-element elementor-element-909f4e9\" data-id=\"909f4e9\" data-element_type=\"column\" data-e-type=\"column\">\n\t\t\t<div class=\"elementor-widget-wrap elementor-element-populated\">\n\t\t\t\t\t\t<div class=\"elementor-element elementor-element-927a067 elementor-widget elementor-widget-text-editor\" data-id=\"927a067\" data-element_type=\"widget\" data-e-type=\"widget\" data-widget_type=\"text-editor.default\">\n\t\t\t\t<div class=\"elementor-widget-container\">\n\t\t\t\t\t\t\t\t\t<p style=\"text-align: right;\"><span style=\"color: #000000;\">1. Sophie Bouffier<\/span> :<br \/><span style=\"color: #000000;\">2. Nicolas Th\u00e9ly<\/span> :<br \/><span style=\"color: #000000;\">3. Julien Mary :<\/span><br \/><span style=\"color: #000000;\">4. Fr\u00e9d\u00e9rick Lemarchand<\/span> :<br \/><span style=\"color: #000000;\">5. Louise Vandelac<\/span> :<br \/><span style=\"color: #000000;\">6. Pierre-Cyrille Hautcoeur :<\/span><br \/><span style=\"color: #000000;\">7. Marc Conesa et Julien Mary :<\/span><br \/><span style=\"color: #000000;\">8. Dany Lapostolle :<\/span><br \/><span style=\"color: #000000;\">9. Louise Vandelac :<\/span><br \/><span style=\"color: #000000;\">10. Louise Vandelac :<\/span><br \/><span style=\"color: #000000;\">11. Dany Lapostolle :<\/span><br \/><span style=\"color: #000000;\">12. Eric Fayet :<\/span><br \/><span style=\"color: #000000;\">13. Olga Pombo :<\/span><\/p>\t\t\t\t\t\t\t\t<\/div>\n\t\t\t\t<\/div>\n\t\t\t\t\t<\/div>\n\t\t<\/div>\n\t\t\t\t<div class=\"elementor-column elementor-col-25 elementor-top-column elementor-element elementor-element-48a8b88\" data-id=\"48a8b88\" data-element_type=\"column\" data-e-type=\"column\">\n\t\t\t<div class=\"elementor-widget-wrap elementor-element-populated\">\n\t\t\t\t\t\t<div class=\"elementor-element elementor-element-df5d5be elementor-widget elementor-widget-text-editor\" data-id=\"df5d5be\" data-element_type=\"widget\" data-e-type=\"widget\" data-widget_type=\"text-editor.default\">\n\t\t\t\t<div class=\"elementor-widget-container\">\n\t\t\t\t\t\t\t\t\t<p><a href=\"https:\/\/www.canal-u.tv\/chaines\/rnmsh\/colloque-interdisciplinarites-9-et-10-septembre-2021-ateliers\/atelier-1-les-liens?t=1379\" target=\"_blank\" rel=\"noopener\">septembre Accueil<\/a><br \/><a href=\"https:\/\/www.canal-u.tv\/chaines\/rnmsh\/colloque-interdisciplinarites-9-et-10-septembre-2021-ateliers\/atelier-1-les-liens?t=1598\" target=\"_blank\" rel=\"noopener\">septembre Accueil<\/a><br \/><a href=\"https:\/\/www.canal-u.tv\/chaines\/rnmsh\/colloque-interdisciplinarites-9-et-10-septembre-2021-ateliers\/atelier-3?t=323\" target=\"_blank\" rel=\"noopener\">septembre Atelier 3<\/a><br \/><a href=\"https:\/\/www.canal-u.tv\/chaines\/rnmsh\/colloque-interdisciplinarites-9-et-10-septembre-2021-ateliers\/atelier-3?t=8229\" target=\"_blank\" rel=\"noopener\">septembre Atelier 4<\/a><br \/><a href=\"https:\/\/www.canal-u.tv\/chaines\/rnmsh\/table-ronde-3-les-conditions-et-dispositifs-de-legitimation-d-une-politique-d?t=5198\" target=\"_blank\" rel=\"noopener\">janvier Table ronde 3<\/a><br \/><a href=\"https:\/\/www.canal-u.tv\/chaines\/rnmsh\/table-ronde-3-les-conditions-et-dispositifs-de-legitimation-d-une-politique-d?t=5476\" target=\"_blank\" rel=\"noopener\">janvier Table ronde 3<\/a><br \/><a href=\"https:\/\/www.canal-u.tv\/chaines\/rnmsh\/colloque-interdisciplinarites-9-et-10-septembre-2021-ateliers\/atelier-3?t=469\" target=\"_blank\" rel=\"noopener\">septembre Atelier 3<\/a><br \/><a href=\"https:\/\/www.canal-u.tv\/chaines\/rnmsh\/colloque-interdisciplinarites-9-et-10-septembre-2021-ateliers\/atelier-3?t=5559\" target=\"_blank\" rel=\"noopener\">septembre Atelier 4<\/a><br \/><a href=\"https:\/\/www.canal-u.tv\/chaines\/rnmsh\/colloque-interdisciplinarites-9-et-10-septembre-2021-ateliers\/atelier-1-les-liens?t=7065\" target=\"_blank\" rel=\"noopener\">septembre Atelier 2<\/a><br \/><a href=\"https:\/\/www.canal-u.tv\/chaines\/rnmsh\/table-ronde-3-les-conditions-et-dispositifs-de-legitimation-d-une-politique-d?t=598\" target=\"_blank\" rel=\"noopener\">janvier Table ronde 3<\/a><br \/><a href=\"https:\/\/www.canal-u.tv\/chaines\/rnmsh\/colloque-interdisciplinarites-9-et-10-septembre-2021-ateliers\/atelier-3?t=5729\" target=\"_blank\" rel=\"noopener\">septembre Atelier 4<\/a><br \/><a href=\"https:\/\/www.canal-u.tv\/chaines\/rnmsh\/colloque-interdisciplinarites-9-et-10-septembre-2021-ateliers\/atelier-1-les-liens?t=5643\" target=\"_blank\" rel=\"noopener\">septembre Atelier 1<\/a><br \/><a href=\"https:\/\/www.canal-u.tv\/chaines\/rnmsh\/colloque-interdisciplinarites-9-et-10-septembre-2021-ateliers\/atelier-1-les-liens?t=5803\" target=\"_blank\" rel=\"noopener\">septembre Atelier 1<\/a><\/p>\t\t\t\t\t\t\t\t<\/div>\n\t\t\t\t<\/div>\n\t\t\t\t\t<\/div>\n\t\t<\/div>\n\t\t\t\t<div class=\"elementor-column elementor-col-25 elementor-top-column elementor-element elementor-element-39bbd3e\" data-id=\"39bbd3e\" data-element_type=\"column\" data-e-type=\"column\">\n\t\t\t<div class=\"elementor-widget-wrap elementor-element-populated\">\n\t\t\t\t\t\t\t<\/div>\n\t\t<\/div>\n\t\t\t\t\t<\/div>\n\t\t<\/section>\n\t\t\t\t<section class=\"elementor-section elementor-top-section elementor-element elementor-element-10c2408 elementor-section-boxed elementor-section-height-default elementor-section-height-default\" data-id=\"10c2408\" data-element_type=\"section\" data-e-type=\"section\">\n\t\t\t\t\t\t<div class=\"elementor-container elementor-column-gap-default\">\n\t\t\t\t\t<div class=\"elementor-column elementor-col-100 elementor-top-column elementor-element elementor-element-75fb2a3\" data-id=\"75fb2a3\" data-element_type=\"column\" data-e-type=\"column\">\n\t\t\t<div class=\"elementor-widget-wrap elementor-element-populated\">\n\t\t\t\t\t\t<div class=\"elementor-element elementor-element-fed04e2 elementor-widget elementor-widget-spacer\" data-id=\"fed04e2\" data-element_type=\"widget\" data-e-type=\"widget\" data-widget_type=\"spacer.default\">\n\t\t\t\t<div class=\"elementor-widget-container\">\n\t\t\t\t\t\t\t<div class=\"elementor-spacer\">\n\t\t\t<div class=\"elementor-spacer-inner\"><\/div>\n\t\t<\/div>\n\t\t\t\t\t\t<\/div>\n\t\t\t\t<\/div>\n\t\t\t\t\t<\/div>\n\t\t<\/div>\n\t\t\t\t\t<\/div>\n\t\t<\/section>\n\t\t\t\t<\/div>\n\t\t","protected":false},"excerpt":{"rendered":"<p>Acteurs et finalit\u00e9s \u00a0(dur\u00e9e : 18 minutes) O\u00f9 il est question d\u2019incubation interdisciplinaire dans les MSH, du pilotage politique de la recherche, de la capacit\u00e9 des chercheurs \u00e0 fabriquer de la science sans se soumettre \u00e0 des injonctions, de l\u2019effet levier des budgets modestes, du devenir des boutiques des sciences, de l\u2019av\u00e8nement du tiers secteur&#8230;<\/p>\n","protected":false},"author":23,"featured_media":0,"parent":0,"menu_order":0,"comment_status":"closed","ping_status":"closed","template":"","meta":{"_kadence_starter_templates_imported_post":true,"_kad_post_transparent":"","_kad_post_title":"hide","_kad_post_layout":"fullwidth","_kad_post_sidebar_id":"","_kad_post_content_style":"unboxed","_kad_post_vertical_padding":"hide","_kad_post_feature":"hide","_kad_post_feature_position":"","_kad_post_header":false,"_kad_post_footer":false,"_kad_post_classname":"","footnotes":""},"class_list":["post-2205","page","type-page","status-publish","hentry"],"_links":{"self":[{"href":"https:\/\/web.msh-lse.fr\/rnmsh\/interdisciplinarites\/wp-json\/wp\/v2\/pages\/2205","targetHints":{"allow":["GET"]}}],"collection":[{"href":"https:\/\/web.msh-lse.fr\/rnmsh\/interdisciplinarites\/wp-json\/wp\/v2\/pages"}],"about":[{"href":"https:\/\/web.msh-lse.fr\/rnmsh\/interdisciplinarites\/wp-json\/wp\/v2\/types\/page"}],"author":[{"embeddable":true,"href":"https:\/\/web.msh-lse.fr\/rnmsh\/interdisciplinarites\/wp-json\/wp\/v2\/users\/23"}],"replies":[{"embeddable":true,"href":"https:\/\/web.msh-lse.fr\/rnmsh\/interdisciplinarites\/wp-json\/wp\/v2\/comments?post=2205"}],"version-history":[{"count":76,"href":"https:\/\/web.msh-lse.fr\/rnmsh\/interdisciplinarites\/wp-json\/wp\/v2\/pages\/2205\/revisions"}],"predecessor-version":[{"id":3142,"href":"https:\/\/web.msh-lse.fr\/rnmsh\/interdisciplinarites\/wp-json\/wp\/v2\/pages\/2205\/revisions\/3142"}],"wp:attachment":[{"href":"https:\/\/web.msh-lse.fr\/rnmsh\/interdisciplinarites\/wp-json\/wp\/v2\/media?parent=2205"}],"curies":[{"name":"wp","href":"https:\/\/api.w.org\/{rel}","templated":true}]}}