{"id":2139,"date":"2023-03-13T16:05:39","date_gmt":"2023-03-13T15:05:39","guid":{"rendered":"https:\/\/web.msh-lse.fr\/rnmsh\/interdisciplinarites\/?page_id=2139"},"modified":"2023-09-07T09:38:56","modified_gmt":"2023-09-07T07:38:56","slug":"disciplines-et-paradoxes","status":"publish","type":"page","link":"https:\/\/web.msh-lse.fr\/rnmsh\/interdisciplinarites\/disciplines-et-paradoxes\/","title":{"rendered":"Disciplines et paradoxes"},"content":{"rendered":"\t\t<div data-elementor-type=\"wp-page\" data-elementor-id=\"2139\" class=\"elementor elementor-2139\" data-elementor-post-type=\"page\">\n\t\t\t\t\t\t<section class=\"elementor-section elementor-top-section elementor-element elementor-element-673110c elementor-section-boxed elementor-section-height-default elementor-section-height-default\" data-id=\"673110c\" data-element_type=\"section\" data-e-type=\"section\" data-settings=\"{&quot;background_background&quot;:&quot;classic&quot;}\">\n\t\t\t\t\t\t<div class=\"elementor-container elementor-column-gap-default\">\n\t\t\t\t\t<div class=\"elementor-column elementor-col-50 elementor-top-column elementor-element elementor-element-3afb89c\" data-id=\"3afb89c\" data-element_type=\"column\" data-e-type=\"column\">\n\t\t\t<div class=\"elementor-widget-wrap elementor-element-populated\">\n\t\t\t\t\t\t\t<\/div>\n\t\t<\/div>\n\t\t\t\t<div class=\"elementor-column elementor-col-50 elementor-top-column elementor-element elementor-element-19ff1b7\" data-id=\"19ff1b7\" data-element_type=\"column\" data-e-type=\"column\">\n\t\t\t<div class=\"elementor-widget-wrap\">\n\t\t\t\t\t\t\t<\/div>\n\t\t<\/div>\n\t\t\t\t\t<\/div>\n\t\t<\/section>\n\t\t\t\t<section class=\"elementor-section elementor-top-section elementor-element elementor-element-78ecbb48 elementor-section-boxed elementor-section-height-default elementor-section-height-default\" data-id=\"78ecbb48\" data-element_type=\"section\" data-e-type=\"section\">\n\t\t\t\t\t\t<div class=\"elementor-container elementor-column-gap-default\">\n\t\t\t\t\t<div class=\"elementor-column elementor-col-50 elementor-top-column elementor-element elementor-element-71a2307c\" data-id=\"71a2307c\" data-element_type=\"column\" data-e-type=\"column\">\n\t\t\t<div class=\"elementor-widget-wrap elementor-element-populated\">\n\t\t\t\t\t\t<div class=\"elementor-element elementor-element-178687d elementor-widget elementor-widget-spacer\" data-id=\"178687d\" data-element_type=\"widget\" data-e-type=\"widget\" data-widget_type=\"spacer.default\">\n\t\t\t\t<div class=\"elementor-widget-container\">\n\t\t\t\t\t\t\t<div class=\"elementor-spacer\">\n\t\t\t<div class=\"elementor-spacer-inner\"><\/div>\n\t\t<\/div>\n\t\t\t\t\t\t<\/div>\n\t\t\t\t<\/div>\n\t\t\t\t<div class=\"elementor-element elementor-element-306a8846 elementor-widget elementor-widget-heading\" data-id=\"306a8846\" data-element_type=\"widget\" data-e-type=\"widget\" data-widget_type=\"heading.default\">\n\t\t\t\t<div class=\"elementor-widget-container\">\n\t\t\t\t\t<h2 class=\"elementor-heading-title elementor-size-default\">Disciplines et paradoxes<\/h2>\t\t\t\t<\/div>\n\t\t\t\t<\/div>\n\t\t\t\t\t<\/div>\n\t\t<\/div>\n\t\t\t\t<div class=\"elementor-column elementor-col-50 elementor-top-column elementor-element elementor-element-11be0c8c\" data-id=\"11be0c8c\" data-element_type=\"column\" data-e-type=\"column\">\n\t\t\t<div class=\"elementor-widget-wrap elementor-element-populated\">\n\t\t\t\t\t\t<section class=\"elementor-section elementor-inner-section elementor-element elementor-element-291707e animated-fast elementor-section-boxed elementor-section-height-default elementor-section-height-default elementor-invisible\" data-id=\"291707e\" data-element_type=\"section\" data-e-type=\"section\" data-settings=\"{&quot;background_background&quot;:&quot;classic&quot;,&quot;animation&quot;:&quot;bounceIn&quot;}\">\n\t\t\t\t\t\t<div class=\"elementor-container elementor-column-gap-default\">\n\t\t\t\t\t<div class=\"elementor-column elementor-col-100 elementor-inner-column elementor-element elementor-element-b398c9d\" data-id=\"b398c9d\" data-element_type=\"column\" data-e-type=\"column\">\n\t\t\t<div class=\"elementor-widget-wrap elementor-element-populated\">\n\t\t\t\t\t\t<div class=\"elementor-element elementor-element-6bc9418 elementor-widget elementor-widget-image\" data-id=\"6bc9418\" data-element_type=\"widget\" data-e-type=\"widget\" data-widget_type=\"image.default\">\n\t\t\t\t<div class=\"elementor-widget-container\">\n\t\t\t\t\t\t\t\t\t\t\t\t\t\t\t\t<a href=\"#\">\n\t\t\t\t\t\t\t<img fetchpriority=\"high\" decoding=\"async\" width=\"520\" height=\"347\" src=\"https:\/\/web.msh-lse.fr\/rnmsh\/wp-content\/uploads\/sites\/27\/2023\/03\/RnMSH-illus_Vc-2.jpg\" class=\"attachment-full size-full wp-image-2168\" alt=\"\" srcset=\"https:\/\/web.msh-lse.fr\/rnmsh\/wp-content\/uploads\/sites\/27\/2023\/03\/RnMSH-illus_Vc-2.jpg 520w, https:\/\/web.msh-lse.fr\/rnmsh\/wp-content\/uploads\/sites\/27\/2023\/03\/RnMSH-illus_Vc-2-300x200.jpg 300w\" sizes=\"(max-width: 520px) 100vw, 520px\" \/>\t\t\t\t\t\t\t\t<\/a>\n\t\t\t\t\t\t\t\t\t\t\t\t\t\t\t<\/div>\n\t\t\t\t<\/div>\n\t\t\t\t\t<\/div>\n\t\t<\/div>\n\t\t\t\t\t<\/div>\n\t\t<\/section>\n\t\t\t\t\t<\/div>\n\t\t<\/div>\n\t\t\t\t\t<\/div>\n\t\t<\/section>\n\t\t\t\t<section class=\"elementor-section elementor-top-section elementor-element elementor-element-bb80b4b elementor-section-boxed elementor-section-height-default elementor-section-height-default\" data-id=\"bb80b4b\" data-element_type=\"section\" data-e-type=\"section\">\n\t\t\t\t\t\t<div class=\"elementor-container elementor-column-gap-default\">\n\t\t\t\t\t<div class=\"elementor-column elementor-col-50 elementor-top-column elementor-element elementor-element-890fc0b\" data-id=\"890fc0b\" data-element_type=\"column\" data-e-type=\"column\">\n\t\t\t<div class=\"elementor-widget-wrap elementor-element-populated\">\n\t\t\t\t\t\t<div class=\"elementor-element elementor-element-40e710c elementor-widget elementor-widget-text-editor\" data-id=\"40e710c\" data-element_type=\"widget\" data-e-type=\"widget\" data-widget_type=\"text-editor.default\">\n\t\t\t\t<div class=\"elementor-widget-container\">\n\t\t\t\t\t\t\t\t\t<p style=\"text-align: justify;\">\u00a0(dur\u00e9e : 30 minutes)<\/p><p style=\"text-align: justify;\"><span style=\"color: #000000; font-size: 18pt;\">O\u00f9 il est question du nouvel agenda soci\u00e9tal de l\u2019interdisciplinarit\u00e9 (anthropoc\u00e8ne, intersectorialit\u00e9), des disciplines entendues comme des moments historiques, des mouvements de sp\u00e9cialisation des savoirs et de la n\u00e9cessit\u00e9 de croisements disciplinaires, de la persistance des modes de validation des connaissances, des crit\u00e8res de scientificit\u00e9 et de reconnaissance scientifique, du dialogue entre les disciplines et la co-construction, de l\u2019incidence de la recherche par projets, et de l\u2019\u00e9mergence de nouvelles disciplines ou de nouveaux domaines (studies).<\/span><\/p><p><span style=\"font-size: 18pt;\"><span style=\"color: #303f83;\"><strong>Mots cl\u00e9s<\/strong><\/span> : relations historiques, relations institutionnelles, r\u00e9sistances, obstacles, injonctions, parcours de chercheur<\/span><\/p>\t\t\t\t\t\t\t\t<\/div>\n\t\t\t\t<\/div>\n\t\t\t\t\t<\/div>\n\t\t<\/div>\n\t\t\t\t<div class=\"elementor-column elementor-col-50 elementor-top-column elementor-element elementor-element-ff76d23\" data-id=\"ff76d23\" data-element_type=\"column\" data-e-type=\"column\">\n\t\t\t<div class=\"elementor-widget-wrap\">\n\t\t\t\t\t\t\t<\/div>\n\t\t<\/div>\n\t\t\t\t\t<\/div>\n\t\t<\/section>\n\t\t\t\t<section class=\"elementor-section elementor-top-section elementor-element elementor-element-ecc11c3 elementor-section-boxed elementor-section-height-default elementor-section-height-default\" data-id=\"ecc11c3\" data-element_type=\"section\" data-e-type=\"section\">\n\t\t\t\t\t\t<div class=\"elementor-container elementor-column-gap-default\">\n\t\t\t\t\t<div class=\"elementor-column elementor-col-100 elementor-top-column elementor-element elementor-element-5bbeda6\" data-id=\"5bbeda6\" data-element_type=\"column\" data-e-type=\"column\">\n\t\t\t<div class=\"elementor-widget-wrap elementor-element-populated\">\n\t\t\t\t\t\t<div class=\"elementor-element elementor-element-f7569cc elementor-widget elementor-widget-spacer\" data-id=\"f7569cc\" data-element_type=\"widget\" data-e-type=\"widget\" data-widget_type=\"spacer.default\">\n\t\t\t\t<div class=\"elementor-widget-container\">\n\t\t\t\t\t\t\t<div class=\"elementor-spacer\">\n\t\t\t<div class=\"elementor-spacer-inner\"><\/div>\n\t\t<\/div>\n\t\t\t\t\t\t<\/div>\n\t\t\t\t<\/div>\n\t\t\t\t\t<\/div>\n\t\t<\/div>\n\t\t\t\t\t<\/div>\n\t\t<\/section>\n\t\t\t\t<section class=\"elementor-section elementor-top-section elementor-element elementor-element-c9a65ca elementor-section-boxed elementor-section-height-default elementor-section-height-default\" data-id=\"c9a65ca\" data-element_type=\"section\" data-e-type=\"section\">\n\t\t\t\t\t\t<div class=\"elementor-container elementor-column-gap-default\">\n\t\t\t\t\t<div class=\"elementor-column elementor-col-33 elementor-top-column elementor-element elementor-element-89eb96b\" data-id=\"89eb96b\" data-element_type=\"column\" data-e-type=\"column\">\n\t\t\t<div class=\"elementor-widget-wrap\">\n\t\t\t\t\t\t\t<\/div>\n\t\t<\/div>\n\t\t\t\t<div class=\"elementor-column elementor-col-33 elementor-top-column elementor-element elementor-element-4092569\" data-id=\"4092569\" data-element_type=\"column\" data-e-type=\"column\">\n\t\t\t<div class=\"elementor-widget-wrap elementor-element-populated\">\n\t\t\t\t\t\t<div class=\"elementor-element elementor-element-588b866 elementor-widget elementor-widget-video\" data-id=\"588b866\" data-element_type=\"widget\" data-e-type=\"widget\" data-settings=\"{&quot;video_type&quot;:&quot;hosted&quot;,&quot;controls&quot;:&quot;yes&quot;}\" data-widget_type=\"video.default\">\n\t\t\t\t<div class=\"elementor-widget-container\">\n\t\t\t\t\t\t\t<div class=\"e-hosted-video elementor-wrapper elementor-open-inline\">\n\t\t\t\t\t<video class=\"elementor-video\" src=\"https:\/\/humanumbox.msh-lse.fr\/25fps\/web\/rnmsh\/Disciplines%20et%20paradoxes.V5.mp4\" controls=\"\" preload=\"metadata\" controlsList=\"nodownload\"><\/video>\n\t\t\t\t<\/div>\n\t\t\t\t\t\t<\/div>\n\t\t\t\t<\/div>\n\t\t\t\t\t<\/div>\n\t\t<\/div>\n\t\t\t\t<div class=\"elementor-column elementor-col-33 elementor-top-column elementor-element elementor-element-a4407a4\" data-id=\"a4407a4\" data-element_type=\"column\" data-e-type=\"column\">\n\t\t\t<div class=\"elementor-widget-wrap\">\n\t\t\t\t\t\t\t<\/div>\n\t\t<\/div>\n\t\t\t\t\t<\/div>\n\t\t<\/section>\n\t\t\t\t<section class=\"elementor-section elementor-top-section elementor-element elementor-element-ce753fa elementor-section-boxed elementor-section-height-default elementor-section-height-default\" data-id=\"ce753fa\" data-element_type=\"section\" data-e-type=\"section\">\n\t\t\t\t\t\t<div class=\"elementor-container elementor-column-gap-default\">\n\t\t\t\t\t<div class=\"elementor-column elementor-col-100 elementor-top-column elementor-element elementor-element-6fef3b04\" data-id=\"6fef3b04\" data-element_type=\"column\" data-e-type=\"column\" data-settings=\"{&quot;background_background&quot;:&quot;classic&quot;}\">\n\t\t\t<div class=\"elementor-widget-wrap elementor-element-populated\">\n\t\t\t\t\t\t<div class=\"elementor-element elementor-element-f0559fd elementor-widget elementor-widget-spacer\" data-id=\"f0559fd\" data-element_type=\"widget\" data-e-type=\"widget\" data-widget_type=\"spacer.default\">\n\t\t\t\t<div class=\"elementor-widget-container\">\n\t\t\t\t\t\t\t<div class=\"elementor-spacer\">\n\t\t\t<div class=\"elementor-spacer-inner\"><\/div>\n\t\t<\/div>\n\t\t\t\t\t\t<\/div>\n\t\t\t\t<\/div>\n\t\t\t\t\t<\/div>\n\t\t<\/div>\n\t\t\t\t\t<\/div>\n\t\t<\/section>\n\t\t\t\t<section class=\"elementor-section elementor-top-section elementor-element elementor-element-0f64c3d elementor-section-boxed elementor-section-height-default elementor-section-height-default\" data-id=\"0f64c3d\" data-element_type=\"section\" data-e-type=\"section\">\n\t\t\t\t\t\t<div class=\"elementor-container elementor-column-gap-default\">\n\t\t\t\t\t<div class=\"elementor-column elementor-col-100 elementor-top-column elementor-element elementor-element-d9c852e\" data-id=\"d9c852e\" data-element_type=\"column\" data-e-type=\"column\">\n\t\t\t<div class=\"elementor-widget-wrap elementor-element-populated\">\n\t\t\t\t\t\t<div class=\"elementor-element elementor-element-e20b320 elementor-widget elementor-widget-heading\" data-id=\"e20b320\" data-element_type=\"widget\" data-e-type=\"widget\" data-widget_type=\"heading.default\">\n\t\t\t\t<div class=\"elementor-widget-container\">\n\t\t\t\t\t<h2 class=\"elementor-heading-title elementor-size-default\">Retrouvez ces extraits dans leur contexte en cliquant sur le lien correspondant.<\/h2>\t\t\t\t<\/div>\n\t\t\t\t<\/div>\n\t\t\t\t\t<\/div>\n\t\t<\/div>\n\t\t\t\t\t<\/div>\n\t\t<\/section>\n\t\t\t\t<section class=\"elementor-section elementor-top-section elementor-element elementor-element-8aed496 elementor-section-boxed elementor-section-height-default elementor-section-height-default\" data-id=\"8aed496\" data-element_type=\"section\" data-e-type=\"section\">\n\t\t\t\t\t\t<div class=\"elementor-container elementor-column-gap-default\">\n\t\t\t\t\t<div class=\"elementor-column elementor-col-100 elementor-top-column elementor-element elementor-element-4bf178f\" data-id=\"4bf178f\" data-element_type=\"column\" data-e-type=\"column\">\n\t\t\t<div class=\"elementor-widget-wrap elementor-element-populated\">\n\t\t\t\t\t\t<div class=\"elementor-element elementor-element-05f59cf elementor-widget elementor-widget-spacer\" data-id=\"05f59cf\" data-element_type=\"widget\" data-e-type=\"widget\" data-widget_type=\"spacer.default\">\n\t\t\t\t<div class=\"elementor-widget-container\">\n\t\t\t\t\t\t\t<div class=\"elementor-spacer\">\n\t\t\t<div class=\"elementor-spacer-inner\"><\/div>\n\t\t<\/div>\n\t\t\t\t\t\t<\/div>\n\t\t\t\t<\/div>\n\t\t\t\t\t<\/div>\n\t\t<\/div>\n\t\t\t\t\t<\/div>\n\t\t<\/section>\n\t\t\t\t<section class=\"elementor-section elementor-top-section elementor-element elementor-element-74b40c5 elementor-section-boxed elementor-section-height-default elementor-section-height-default\" data-id=\"74b40c5\" data-element_type=\"section\" data-e-type=\"section\">\n\t\t\t\t\t\t<div class=\"elementor-container elementor-column-gap-default\">\n\t\t\t\t\t<div class=\"elementor-column elementor-col-25 elementor-top-column elementor-element elementor-element-c7253f2\" data-id=\"c7253f2\" data-element_type=\"column\" data-e-type=\"column\">\n\t\t\t<div class=\"elementor-widget-wrap\">\n\t\t\t\t\t\t\t<\/div>\n\t\t<\/div>\n\t\t\t\t<div class=\"elementor-column elementor-col-25 elementor-top-column elementor-element elementor-element-7b2302b\" data-id=\"7b2302b\" data-element_type=\"column\" data-e-type=\"column\">\n\t\t\t<div class=\"elementor-widget-wrap elementor-element-populated\">\n\t\t\t\t\t\t<div class=\"elementor-element elementor-element-1c2b54a elementor-widget__width-initial elementor-widget elementor-widget-text-editor\" data-id=\"1c2b54a\" data-element_type=\"widget\" data-e-type=\"widget\" data-widget_type=\"text-editor.default\">\n\t\t\t\t<div class=\"elementor-widget-container\">\n\t\t\t\t\t\t\t\t\t<p style=\"text-align: right;\"><span style=\"color: #000000;\">1. Bernadette Bensaude-Vincent<\/span> :<br \/><span style=\"color: #000000;\">2.\u00a0<\/span>Maryline Crivello :<br \/><span style=\"color: #000000;\">3. Nicolas Th\u00e9ly :<\/span><br \/><span style=\"color: #000000;\">4.\u00a0<\/span>Olga Pombo :<br \/><span style=\"color: #000000;\">5.\u00a0<\/span>Christophe Niewiadomski :<br \/><span style=\"color: #000000;\">6. Thierry Martin :<\/span><br \/><span style=\"color: #000000;\">7. Jean de Munck :<\/span><br \/><span style=\"color: #000000;\">8. Olga Pombo :<\/span><br \/><span style=\"color: #000000;\">9. Thierry Martin :<\/span><br \/><span style=\"color: #000000;\">10. Laurent Di Filippo :<\/span><br \/><span style=\"color: #000000;\">11. Jean-Louis Fabiani :<\/span><br \/><span style=\"color: #000000;\">12. Julien Mary :<\/span><br \/><span style=\"color: #000000;\">13. Dany Lapostolle :<br \/>14. Laurent Di Filippo :<br \/>15. Fran\u00e7ois H\u00e9ran :<br \/>16. Dominique Pestre :<br \/>17. Martina Knoop :<br \/>18. Marie-Claude Maurel :<br \/>19. Fran\u00e7ois H\u00e9ran :<br \/>20. Catherine Virlouvet : <br \/>21. Bertrand Dousteyssier :<br \/>22. Marie-Brigitte Carre :<br \/>23. Bertrand Dousteyssier :<br \/>24. Laurent Di Filippo :<br \/>25. Louise Vandelac :<br \/><\/span><\/p>\t\t\t\t\t\t\t\t<\/div>\n\t\t\t\t<\/div>\n\t\t\t\t\t<\/div>\n\t\t<\/div>\n\t\t\t\t<div class=\"elementor-column elementor-col-25 elementor-top-column elementor-element elementor-element-fd35cfd\" data-id=\"fd35cfd\" data-element_type=\"column\" data-e-type=\"column\">\n\t\t\t<div class=\"elementor-widget-wrap elementor-element-populated\">\n\t\t\t\t\t\t<div class=\"elementor-element elementor-element-892065c elementor-widget elementor-widget-text-editor\" data-id=\"892065c\" data-element_type=\"widget\" data-e-type=\"widget\" data-widget_type=\"text-editor.default\">\n\t\t\t\t<div class=\"elementor-widget-container\">\n\t\t\t\t\t\t\t\t\t<p><a href=\"https:\/\/www.canal-u.tv\/chaines\/rnmsh\/colloque-interdisciplinarites-13-et-14-janvier-2022-seance-pleniere\/table-ronde-1-les?t=642\" target=\"_blank\" rel=\"noopener\">janvier Table ronde 1<\/a><br \/><a href=\"https:\/\/www.canal-u.tv\/chaines\/rnmsh\/colloque-interdisciplinarites-9-et-10-septembre-2021-ateliers\/atelier-1-les-liens?t=285\" target=\"_blank\" rel=\"noopener\">septembre Accueil<\/a><br \/><a href=\"https:\/\/www.canal-u.tv\/chaines\/rnmsh\/colloque-interdisciplinarites-9-et-10-septembre-2021-ateliers\/atelier-1-les-liens?t=1670\" target=\"_blank\" rel=\"noopener\">septembre Accueil<\/a><br \/><a href=\"https:\/\/www.canal-u.tv\/chaines\/rnmsh\/colloque-interdisciplinarites-9-et-10-septembre-2021-ateliers\/atelier-1-les-liens?t=3405\" target=\"_blank\" rel=\"noopener\">septembre Atelier 1<\/a><br \/><a href=\"https:\/\/www.canal-u.tv\/chaines\/rnmsh\/colloque-interdisciplinarites-9-et-10-septembre-2021-ateliers\/atelier-1-les-liens?t=9369\" target=\"_blank\" rel=\"noopener\">septembre Atelier 2<\/a><br \/><a href=\"https:\/\/www.canal-u.tv\/chaines\/rnmsh\/colloque-interdisciplinarites-9-et-10-septembre-2021-ateliers\/atelier-1-les-liens?t=11334\" target=\"_blank\" rel=\"noopener\">septembre Atelier 2<\/a><br \/><a href=\"https:\/\/www.canal-u.tv\/chaines\/rnmsh\/colloque-interdisciplinarites-13-et-14-janvier-2022-seance-pleniere\/table-ronde-1-les?t=232\" target=\"_blank\" rel=\"noopener\">janvier Table ronde 1<\/a><br \/><a href=\"https:\/\/www.canal-u.tv\/chaines\/rnmsh\/colloque-interdisciplinarites-9-et-10-septembre-2021-ateliers\/atelier-1-les-liens?t=11500\" target=\"_blank\" rel=\"noopener\">septembre Atelier 2<\/a><br \/><a href=\"https:\/\/www.canal-u.tv\/chaines\/rnmsh\/colloque-interdisciplinarites-9-et-10-septembre-2021-ateliers\/atelier-5-savoirs-et?t=4768\" target=\"_blank\" rel=\"noopener\">septembre Atelier 5<\/a><br \/><a href=\"https:\/\/www.canal-u.tv\/chaines\/rnmsh\/colloque-interdisciplinarites-9-et-10-septembre-2021-ateliers\/atelier-5-savoirs-et?t=4920\" target=\"_blank\" rel=\"noopener\">septembre Atelier 5<\/a><br \/><a href=\"https:\/\/www.canal-u.tv\/chaines\/rnmsh\/colloque-interdisciplinarites-9-et-10-septembre-2021-ateliers\/atelier-3?t=7927\" target=\"_blank\" rel=\"noopener\">septembre Atelier 4<\/a><br \/><a href=\"https:\/\/www.canal-u.tv\/chaines\/rnmsh\/colloque-interdisciplinarites-9-et-10-septembre-2021-ateliers\/atelier-3?t=1280\" target=\"_blank\" rel=\"noopener\">septembre Atelier 3<\/a><br \/><a href=\"https:\/\/www.canal-u.tv\/chaines\/rnmsh\/colloque-interdisciplinarites-9-et-10-septembre-2021-ateliers\/atelier-3?t=5499\" target=\"_blank\" rel=\"noopener\">septembre Atelier 4<\/a><br \/><a href=\"https:\/\/www.canal-u.tv\/chaines\/rnmsh\/colloque-interdisciplinarites-9-et-10-septembre-2021-ateliers\/atelier-5-savoirs-et?t=4107\" target=\"_blank\" rel=\"noopener\">septembre Atelier 5\u2028<\/a><br \/><a href=\"https:\/\/www.canal-u.tv\/chaines\/rnmsh\/colloque-interdisciplinarites-13-et-14-janvier-2022-seance-pleniere\/table-ronde-2-les?t=842\" target=\"_blank\" rel=\"noopener\">janvier Table ronde 2<\/a>\u2028<br \/><a href=\"https:\/\/www.canal-u.tv\/chaines\/rnmsh\/table-ronde-3-les-conditions-et-dispositifs-de-legitimation-d-une-politique-d?t=1531\" target=\"_blank\" rel=\"noopener\">janvier Table ronde 3\u2028<\/a><br \/><a href=\"https:\/\/www.canal-u.tv\/chaines\/rnmsh\/table-ronde-3-les-conditions-et-dispositifs-de-legitimation-d-une-politique-d?t=1268\" target=\"_blank\" rel=\"noopener\">janvier Table ronde 3<\/a><br \/><a href=\"https:\/\/www.canal-u.tv\/chaines\/rnmsh\/colloque-interdisciplinarites-13-et-14-janvier-2022-seance-pleniere\/table-ronde-2-les?t=1747\" target=\"_blank\" rel=\"noopener\">\u2028janvier Table ronde 2<\/a><br \/><a href=\"https:\/\/www.canal-u.tv\/chaines\/rnmsh\/colloque-interdisciplinarites-13-et-14-janvier-2022-seance-pleniere\/table-ronde-2-les?t=2268\" target=\"_blank\" rel=\"noopener\">\u2028janvier Table ronde 2<\/a><br \/><a href=\"https:\/\/www.canal-u.tv\/chaines\/rnmsh\/colloque-interdisciplinarites-9-et-10-septembre-2021-ateliers\/atelier-1-les-liens?t=3210\" target=\"_blank\" rel=\"noopener\">septembre Atelier 1<\/a><br \/><a href=\"https:\/\/www.canal-u.tv\/chaines\/rnmsh\/colloque-interdisciplinarites-9-et-10-septembre-2021-ateliers\/atelier-1-les-liens?t=3322\" target=\"_blank\" rel=\"noopener\">septembre Atelier 1<\/a><br \/><a href=\"https:\/\/www.canal-u.tv\/chaines\/rnmsh\/colloque-interdisciplinarites-9-et-10-septembre-2021-ateliers\/atelier-1-les-liens?t=3514\" target=\"_blank\" rel=\"noopener\">septembre Atelier 1<\/a><br \/><a href=\"https:\/\/www.canal-u.tv\/chaines\/rnmsh\/colloque-interdisciplinarites-9-et-10-septembre-2021-ateliers\/atelier-1-les-liens?t=4257\" target=\"_blank\" rel=\"noopener\">septembre Atelier 1<\/a><br \/><a href=\"https:\/\/www.canal-u.tv\/chaines\/rnmsh\/colloque-interdisciplinarites-9-et-10-septembre-2021-ateliers\/atelier-5-savoirs-et?t=186\" target=\"_blank\" rel=\"noopener\">septembre Atelier 5<\/a><br \/><a href=\"https:\/\/www.canal-u.tv\/chaines\/rnmsh\/colloque-interdisciplinarites-9-et-10-septembre-2021-ateliers\/atelier-1-les-liens?t=10735\" target=\"_blank\" rel=\"noopener\">septembre Atelier 2<\/a><\/p>\t\t\t\t\t\t\t\t<\/div>\n\t\t\t\t<\/div>\n\t\t\t\t\t<\/div>\n\t\t<\/div>\n\t\t\t\t<div class=\"elementor-column elementor-col-25 elementor-top-column elementor-element elementor-element-99f45d6\" data-id=\"99f45d6\" data-element_type=\"column\" data-e-type=\"column\">\n\t\t\t<div class=\"elementor-widget-wrap elementor-element-populated\">\n\t\t\t\t\t\t\t<\/div>\n\t\t<\/div>\n\t\t\t\t\t<\/div>\n\t\t<\/section>\n\t\t\t\t<\/div>\n\t\t","protected":false},"excerpt":{"rendered":"<p>Disciplines et paradoxes \u00a0(dur\u00e9e : 30 minutes) O\u00f9 il est question du nouvel agenda soci\u00e9tal de l\u2019interdisciplinarit\u00e9 (anthropoc\u00e8ne, intersectorialit\u00e9), des disciplines entendues comme des moments historiques, des mouvements de sp\u00e9cialisation des savoirs et de la n\u00e9cessit\u00e9 de croisements disciplinaires, de la persistance des modes de validation des connaissances, des crit\u00e8res de scientificit\u00e9 et de reconnaissance&#8230;<\/p>\n","protected":false},"author":23,"featured_media":0,"parent":0,"menu_order":0,"comment_status":"closed","ping_status":"closed","template":"","meta":{"_kadence_starter_templates_imported_post":true,"_kad_post_transparent":"","_kad_post_title":"hide","_kad_post_layout":"fullwidth","_kad_post_sidebar_id":"","_kad_post_content_style":"unboxed","_kad_post_vertical_padding":"hide","_kad_post_feature":"hide","_kad_post_feature_position":"","_kad_post_header":false,"_kad_post_footer":false,"_kad_post_classname":"","footnotes":""},"class_list":["post-2139","page","type-page","status-publish","hentry"],"_links":{"self":[{"href":"https:\/\/web.msh-lse.fr\/rnmsh\/interdisciplinarites\/wp-json\/wp\/v2\/pages\/2139","targetHints":{"allow":["GET"]}}],"collection":[{"href":"https:\/\/web.msh-lse.fr\/rnmsh\/interdisciplinarites\/wp-json\/wp\/v2\/pages"}],"about":[{"href":"https:\/\/web.msh-lse.fr\/rnmsh\/interdisciplinarites\/wp-json\/wp\/v2\/types\/page"}],"author":[{"embeddable":true,"href":"https:\/\/web.msh-lse.fr\/rnmsh\/interdisciplinarites\/wp-json\/wp\/v2\/users\/23"}],"replies":[{"embeddable":true,"href":"https:\/\/web.msh-lse.fr\/rnmsh\/interdisciplinarites\/wp-json\/wp\/v2\/comments?post=2139"}],"version-history":[{"count":67,"href":"https:\/\/web.msh-lse.fr\/rnmsh\/interdisciplinarites\/wp-json\/wp\/v2\/pages\/2139\/revisions"}],"predecessor-version":[{"id":3139,"href":"https:\/\/web.msh-lse.fr\/rnmsh\/interdisciplinarites\/wp-json\/wp\/v2\/pages\/2139\/revisions\/3139"}],"wp:attachment":[{"href":"https:\/\/web.msh-lse.fr\/rnmsh\/interdisciplinarites\/wp-json\/wp\/v2\/media?parent=2139"}],"curies":[{"name":"wp","href":"https:\/\/api.w.org\/{rel}","templated":true}]}}