{"id":71,"date":"2024-03-25T11:55:25","date_gmt":"2024-03-25T10:55:25","guid":{"rendered":"https:\/\/web.msh-lse.fr\/p2s\/?page_id=71"},"modified":"2025-07-01T16:22:56","modified_gmt":"2025-07-01T14:22:56","slug":"axe-1-parcours-systemique-et-innovation","status":"publish","type":"page","link":"https:\/\/web.msh-lse.fr\/p2s\/axe-1-parcours-systemique-et-innovation\/","title":{"rendered":"Axe 1 Parcours, Syst\u00e9mique et Innovation"},"content":{"rendered":"\t\t<div data-elementor-type=\"wp-page\" data-elementor-id=\"71\" class=\"elementor elementor-71\" data-elementor-post-type=\"page\">\n\t\t\t\t\t\t<section class=\"elementor-section elementor-top-section elementor-element elementor-element-fc8d797 elementor-section-boxed elementor-section-height-default elementor-section-height-default\" data-id=\"fc8d797\" data-element_type=\"section\" data-e-type=\"section\" data-settings=\"{&quot;background_background&quot;:&quot;classic&quot;}\">\n\t\t\t\t\t\t<div class=\"elementor-container elementor-column-gap-default\">\n\t\t\t\t\t<div class=\"elementor-column elementor-col-100 elementor-top-column elementor-element elementor-element-06d3ee9\" data-id=\"06d3ee9\" data-element_type=\"column\" data-e-type=\"column\">\n\t\t\t<div class=\"elementor-widget-wrap\">\n\t\t\t\t\t\t\t<\/div>\n\t\t<\/div>\n\t\t\t\t\t<\/div>\n\t\t<\/section>\n\t\t\t\t<section class=\"elementor-section elementor-top-section elementor-element elementor-element-967f8db elementor-section-boxed elementor-section-height-default elementor-section-height-default\" data-id=\"967f8db\" data-element_type=\"section\" data-e-type=\"section\">\n\t\t\t\t\t\t<div class=\"elementor-container elementor-column-gap-default\">\n\t\t\t\t\t<div class=\"elementor-column elementor-col-100 elementor-top-column elementor-element elementor-element-2890acd\" data-id=\"2890acd\" data-element_type=\"column\" data-e-type=\"column\">\n\t\t\t<div class=\"elementor-widget-wrap elementor-element-populated\">\n\t\t\t\t\t\t<div class=\"elementor-element elementor-element-f4aaed0 elementor-widget elementor-widget-spacer\" data-id=\"f4aaed0\" data-element_type=\"widget\" data-e-type=\"widget\" data-widget_type=\"spacer.default\">\n\t\t\t\t<div class=\"elementor-widget-container\">\n\t\t\t\t\t\t\t<div class=\"elementor-spacer\">\n\t\t\t<div class=\"elementor-spacer-inner\"><\/div>\n\t\t<\/div>\n\t\t\t\t\t\t<\/div>\n\t\t\t\t<\/div>\n\t\t\t\t\t<\/div>\n\t\t<\/div>\n\t\t\t\t\t<\/div>\n\t\t<\/section>\n\t\t\t\t<section class=\"elementor-section elementor-top-section elementor-element elementor-element-c5a8112 elementor-section-boxed elementor-section-height-default elementor-section-height-default\" data-id=\"c5a8112\" data-element_type=\"section\" data-e-type=\"section\">\n\t\t\t\t\t\t<div class=\"elementor-container elementor-column-gap-default\">\n\t\t\t\t\t<div class=\"elementor-column elementor-col-100 elementor-top-column elementor-element elementor-element-ee8ab9e\" data-id=\"ee8ab9e\" data-element_type=\"column\" data-e-type=\"column\">\n\t\t\t<div class=\"elementor-widget-wrap elementor-element-populated\">\n\t\t\t\t\t\t<div class=\"elementor-element elementor-element-1c1abea elementor-widget elementor-widget-heading\" data-id=\"1c1abea\" data-element_type=\"widget\" data-e-type=\"widget\" data-widget_type=\"heading.default\">\n\t\t\t\t<div class=\"elementor-widget-container\">\n\t\t\t\t\t<h2 class=\"elementor-heading-title elementor-size-default\">Axe 1 :  Parcours, Syst\u00e9mique et Innovation<\/h2>\t\t\t\t<\/div>\n\t\t\t\t<\/div>\n\t\t\t\t\t<\/div>\n\t\t<\/div>\n\t\t\t\t\t<\/div>\n\t\t<\/section>\n\t\t\t\t<section class=\"elementor-section elementor-top-section elementor-element elementor-element-7002981 elementor-section-boxed elementor-section-height-default elementor-section-height-default\" data-id=\"7002981\" data-element_type=\"section\" data-e-type=\"section\">\n\t\t\t\t\t\t<div class=\"elementor-container elementor-column-gap-default\">\n\t\t\t\t\t<div class=\"elementor-column elementor-col-100 elementor-top-column elementor-element elementor-element-5a20158\" data-id=\"5a20158\" data-element_type=\"column\" data-e-type=\"column\">\n\t\t\t<div class=\"elementor-widget-wrap elementor-element-populated\">\n\t\t\t\t\t\t<div class=\"elementor-element elementor-element-8184977 elementor-widget elementor-widget-text-editor\" data-id=\"8184977\" data-element_type=\"widget\" data-e-type=\"widget\" data-widget_type=\"text-editor.default\">\n\t\t\t\t<div class=\"elementor-widget-container\">\n\t\t\t\t\t\t\t\t\t<h4 style=\"text-align: justify\"><span style=\"color: #000080\">Responsables: <a href=\"https:\/\/web.msh-lse.fr\/p2s\/personne\/kabachi-nadia\/\" target=\"_blank\" rel=\"noopener\">Nadia KABACHI<\/a> et <\/span><a href=\"https:\/\/web.msh-lse.fr\/p2s\/personne\/spath-hans-martin\/\" target=\"_blank\" rel=\"noopener\"><span style=\"color: #000080\">Hans-Martin\u00a0 SPATH\u00a0<\/span><\/a><\/h4>\t\t\t\t\t\t\t\t<\/div>\n\t\t\t\t<\/div>\n\t\t\t\t\t<\/div>\n\t\t<\/div>\n\t\t\t\t\t<\/div>\n\t\t<\/section>\n\t\t\t\t<section class=\"elementor-section elementor-top-section elementor-element elementor-element-f03fc1a elementor-section-boxed elementor-section-height-default elementor-section-height-default\" data-id=\"f03fc1a\" data-element_type=\"section\" data-e-type=\"section\">\n\t\t\t\t\t\t<div class=\"elementor-container elementor-column-gap-default\">\n\t\t\t\t\t<div class=\"elementor-column elementor-col-100 elementor-top-column elementor-element elementor-element-73e6e28\" data-id=\"73e6e28\" data-element_type=\"column\" data-e-type=\"column\">\n\t\t\t<div class=\"elementor-widget-wrap elementor-element-populated\">\n\t\t\t\t\t\t<div class=\"elementor-element elementor-element-86db5f8 elementor-widget elementor-widget-spacer\" data-id=\"86db5f8\" data-element_type=\"widget\" data-e-type=\"widget\" data-widget_type=\"spacer.default\">\n\t\t\t\t<div class=\"elementor-widget-container\">\n\t\t\t\t\t\t\t<div class=\"elementor-spacer\">\n\t\t\t<div class=\"elementor-spacer-inner\"><\/div>\n\t\t<\/div>\n\t\t\t\t\t\t<\/div>\n\t\t\t\t<\/div>\n\t\t\t\t<div class=\"elementor-element elementor-element-c2e6ba5 elementor-widget elementor-widget-image\" data-id=\"c2e6ba5\" data-element_type=\"widget\" data-e-type=\"widget\" data-widget_type=\"image.default\">\n\t\t\t\t<div class=\"elementor-widget-container\">\n\t\t\t\t\t\t\t\t\t\t\t\t\t\t\t<img fetchpriority=\"high\" decoding=\"async\" width=\"1024\" height=\"576\" src=\"https:\/\/web.msh-lse.fr\/p2s\/wp-content\/uploads\/sites\/33\/2025\/07\/axe-1-1024x576.png\" class=\"attachment-large size-large wp-image-5514\" alt=\"\" srcset=\"https:\/\/web.msh-lse.fr\/p2s\/wp-content\/uploads\/sites\/33\/2025\/07\/axe-1-1024x576.png 1024w, https:\/\/web.msh-lse.fr\/p2s\/wp-content\/uploads\/sites\/33\/2025\/07\/axe-1-300x169.png 300w, https:\/\/web.msh-lse.fr\/p2s\/wp-content\/uploads\/sites\/33\/2025\/07\/axe-1-768x432.png 768w, https:\/\/web.msh-lse.fr\/p2s\/wp-content\/uploads\/sites\/33\/2025\/07\/axe-1-1536x864.png 1536w, https:\/\/web.msh-lse.fr\/p2s\/wp-content\/uploads\/sites\/33\/2025\/07\/axe-1.png 1920w\" sizes=\"(max-width: 1024px) 100vw, 1024px\" \/>\t\t\t\t\t\t\t\t\t\t\t\t\t\t\t<\/div>\n\t\t\t\t<\/div>\n\t\t\t\t\t<\/div>\n\t\t<\/div>\n\t\t\t\t\t<\/div>\n\t\t<\/section>\n\t\t\t\t<section class=\"elementor-section elementor-top-section elementor-element elementor-element-aecb048 elementor-section-boxed elementor-section-height-default elementor-section-height-default\" data-id=\"aecb048\" data-element_type=\"section\" data-e-type=\"section\">\n\t\t\t\t\t\t<div class=\"elementor-container elementor-column-gap-default\">\n\t\t\t\t\t<div class=\"elementor-column elementor-col-100 elementor-top-column elementor-element elementor-element-92da5fb\" data-id=\"92da5fb\" data-element_type=\"column\" data-e-type=\"column\">\n\t\t\t<div class=\"elementor-widget-wrap elementor-element-populated\">\n\t\t\t\t\t\t<div class=\"elementor-element elementor-element-17e1be1 elementor-widget elementor-widget-text-editor\" data-id=\"17e1be1\" data-element_type=\"widget\" data-e-type=\"widget\" data-widget_type=\"text-editor.default\">\n\t\t\t\t<div class=\"elementor-widget-container\">\n\t\t\t\t\t\t\t\t\t<p style=\"text-align: justify\"><strong>L<\/strong>\u2019<strong>innovation<\/strong> est un \u00e9l\u00e9ment majeur en sant\u00e9. Selon le l\u2019HAS (2018), une innovation en sant\u00e9 n\u2019est pas seulement d\u00e9finie par le fait d\u2019\u00eatre nouvelle, mais par son apport en termes de couverture de besoins de sant\u00e9 et de la r\u00e9ponse apport\u00e9e \u00e0 ces besoins en comparaison aux alternatives lorsqu\u2019elles existent, et que l\u2019\u00e9valuation de cette r\u00e9ponse est multidimensionnelle. Dans l\u2019\u00e9quipe P2S nous \u00e9tudions notamment deux types d\u2019innovations qui se d\u00e9veloppent beaucoup ces derni\u00e8res ann\u00e9es (1)\u00a0les innovations organisationnelles et (2)\u00a0les innovations utilisant l\u2019Intelligence Artificielle (IA).<\/p><p style=\"text-align: justify\">L\u2019innovation en sant\u00e9 et, en particulier les <strong>innovations organisationnelles<\/strong> ont connu un essor important, par exemple avec l\u2019introduction de technologies num\u00e9riques qui visent \u00e0 faciliter le travail des professionnels de sant\u00e9 et \u00e0 am\u00e9liorer le parcours des usagers du syst\u00e8me de sant\u00e9. Ces innovations organisationnelles sont riches de promesses de progr\u00e8s de sant\u00e9, car elles transforment la pratique des professionnels des secteurs sant\u00e9 et m\u00e9dico-social et favorisent la coordination entre ces professionnels.<\/p><p style=\"text-align: justify\">Une r\u00e9flexion pluridisciplinaire relative aux m\u00e9thodes d\u2019\u00e9valuation des innovations organisationnelles est n\u00e9cessaire. En effet, leur \u00e9valuation n\u00e9cessite plusieurs types d\u2019\u00e9valuation\u00a0:\u00a0(1)\u00a0\u00e9valuation clinique (2) \u00e9valuation \u00e9conomique (3) \u00e9valuation de leur faisabilit\u00e9 et (4)\u00a0\u00e9valuation de la satisfaction des professionnels de sant\u00e9 et\/ou des usagers concern\u00e9s. Ces \u00e9valuations pourront fournir une aide \u00e0 la d\u00e9cision lorsque des d\u00e9cisions relatives \u00e0 la diffusion d\u2019innovations organisationnelles seront \u00e0 prendre, aussi bien au niveau national qu\u2019au niveau local, par exemple au sein d\u2019un \u00e9tablissement de sant\u00e9.<\/p><p style=\"text-align: justify\">L\u2019<strong>intelligence artificielle<\/strong>\u00a0 est un \u00e9l\u00e9ment cl\u00e9 de l\u2019innovation en sant\u00e9. L\u2019IA bouleverse la m\u00e9decine de demain et place le patient au c\u0153ur des actions. Ses applications, qui concernent toutes les activit\u00e9s humaines, permettent notamment d\u2019am\u00e9liorer la qualit\u00e9 des soins. L\u2019IA est en effet au c\u0153ur de la m\u00e9decine du futur, avec les op\u00e9rations assist\u00e9es, le suivi des patients \u00e0 distance, les proth\u00e8ses intelligentes, les traitements personnalis\u00e9s gr\u00e2ce au recoupement d\u2019un nombre croissant de donn\u00e9es (big data), etc. L\u2019ambition de l\u2019intelligence artificielle est de rendre la machine capable d&rsquo;acqu\u00e9rir de l&rsquo;information, de raisonner sur une situation statique ou dynamique, de r\u00e9soudre des probl\u00e8mes combinatoires, de faire un diagnostic, de proposer une d\u00e9cision, un plan d&rsquo;action, d&rsquo;expliquer et de communiquer les conclusions qu&rsquo;elle obtient, de comprendre un texte ou un dialogue en langage naturel, de r\u00e9sumer, d&rsquo;apprendre, de d\u00e9couvrir. L\u2019IA apporte incontestablement un b\u00e9n\u00e9fice aux patients et aux syst\u00e8mes de sant\u00e9.<\/p><p style=\"text-align: justify\">L\u2019apport de l\u2019IA sur les parcours est explor\u00e9, en particulier, le traitement intelligent de donn\u00e9es m\u00e9dicales complexes, l\u2019aide au diagnostic, la recommandation, l\u2019accompagnement th\u00e9rapeutique et l\u2019assistance aux personnes d\u00e9pendantes, l\u2019acceptabilit\u00e9, la responsabilit\u00e9 et l\u2019\u00e9thique. La reconnaissance vocale est un \u00e9l\u00e9ment cl\u00e9 pour aider les cliniciens (capture des conversations en langage naturel et traduction en une documentation structur\u00e9e et les patients (assistants virtuels). L&rsquo;imagerie m\u00e9dicale de haute qualit\u00e9 pourrait potentiellement r\u00e9inventer le monde. Elle devrait permettre une d\u00e9tection plus pr\u00e9coce, une \u00e9valuation plus pr\u00e9cise des images complexes et des tests moins co\u00fbteux pour les patients dans un grand nombre de domaines cliniques. La lib\u00e9ration des donn\u00e9es de sant\u00e9 (plus d\u2019Open Data) favorisera un acc\u00e8s plus large aux informations en mettant en place des outils et des environnements d\u2019\u00e9changes d\u2019information plus intelligents, tout en accordant une attention particuli\u00e8re au maintien de la confidentialit\u00e9 et de la s\u00e9curit\u00e9 des donn\u00e9es surtout lors de leur transfert sur des syst\u00e8mes disparates\u00a0; n\u00e9anmoins les avantages sont potentiellement sup\u00e9rieurs aux risques. Enfin, comme tous les domaines, les syst\u00e8mes de soins sont boulevers\u00e9s par le Big Data (donn\u00e9es massives). Gr\u00e2ce \u00e0 la collecte et l\u2019analyse de ces donn\u00e9es massives (Big Data Analytics), les techniques de pr\u00e9vention, de traitement, de diagnostic et de suivi des patients \u00e9voluent \u00e0 vive allure (algorithmes d&rsquo;apprentissage automatique qui pr\u00e9disent le risque de cancer du sein chez la femme, aident \u00e0 la d\u00e9tection avec pr\u00e9cision des an\u00e9vrismes, qui d\u00e9tectent une nouvelle classe de mutations derri\u00e8re le spectre de l&rsquo;autisme\u2026).<\/p>\t\t\t\t\t\t\t\t<\/div>\n\t\t\t\t<\/div>\n\t\t\t\t\t<\/div>\n\t\t<\/div>\n\t\t\t\t\t<\/div>\n\t\t<\/section>\n\t\t\t\t<\/div>\n\t\t","protected":false},"excerpt":{"rendered":"<p>Axe 1 : Parcours, Syst\u00e9mique et Innovation Responsables: Nadia KABACHI et Hans-Martin\u00a0 SPATH\u00a0 L\u2019innovation est un \u00e9l\u00e9ment majeur en sant\u00e9. Selon le l\u2019HAS (2018), une innovation en sant\u00e9 n\u2019est pas seulement d\u00e9finie par le fait d\u2019\u00eatre nouvelle, mais par son apport en termes de couverture de besoins de sant\u00e9 et de la r\u00e9ponse apport\u00e9e \u00e0&#8230;<\/p>\n","protected":false},"author":23,"featured_media":0,"parent":0,"menu_order":0,"comment_status":"closed","ping_status":"closed","template":"","meta":{"_kadence_starter_templates_imported_post":false,"_kad_post_transparent":"","_kad_post_title":"hide","_kad_post_layout":"fullwidth","_kad_post_sidebar_id":"","_kad_post_content_style":"unboxed","_kad_post_vertical_padding":"hide","_kad_post_feature":"hide","_kad_post_feature_position":"","_kad_post_header":false,"_kad_post_footer":false,"_kad_post_classname":"","footnotes":""},"class_list":["post-71","page","type-page","status-publish","hentry"],"_links":{"self":[{"href":"https:\/\/web.msh-lse.fr\/p2s\/wp-json\/wp\/v2\/pages\/71","targetHints":{"allow":["GET"]}}],"collection":[{"href":"https:\/\/web.msh-lse.fr\/p2s\/wp-json\/wp\/v2\/pages"}],"about":[{"href":"https:\/\/web.msh-lse.fr\/p2s\/wp-json\/wp\/v2\/types\/page"}],"author":[{"embeddable":true,"href":"https:\/\/web.msh-lse.fr\/p2s\/wp-json\/wp\/v2\/users\/23"}],"replies":[{"embeddable":true,"href":"https:\/\/web.msh-lse.fr\/p2s\/wp-json\/wp\/v2\/comments?post=71"}],"version-history":[{"count":52,"href":"https:\/\/web.msh-lse.fr\/p2s\/wp-json\/wp\/v2\/pages\/71\/revisions"}],"predecessor-version":[{"id":5518,"href":"https:\/\/web.msh-lse.fr\/p2s\/wp-json\/wp\/v2\/pages\/71\/revisions\/5518"}],"wp:attachment":[{"href":"https:\/\/web.msh-lse.fr\/p2s\/wp-json\/wp\/v2\/media?parent=71"}],"curies":[{"name":"wp","href":"https:\/\/api.w.org\/{rel}","templated":true}]}}