{"id":5308,"date":"2025-05-27T15:33:07","date_gmt":"2025-05-27T13:33:07","guid":{"rendered":"https:\/\/web.msh-lse.fr\/p2s\/?page_id=5308"},"modified":"2025-07-08T10:39:28","modified_gmt":"2025-07-08T08:39:28","slug":"axe-4-parcours-systemique-et-methodologie","status":"publish","type":"page","link":"https:\/\/web.msh-lse.fr\/p2s\/axe-4-parcours-systemique-et-methodologie\/","title":{"rendered":"Axe 4 Parcours, Syst\u00e9mique et M\u00e9thodologie"},"content":{"rendered":"\t\t<div data-elementor-type=\"wp-page\" data-elementor-id=\"5308\" class=\"elementor elementor-5308\" data-elementor-post-type=\"page\">\n\t\t\t\t\t\t<section class=\"elementor-section elementor-top-section elementor-element elementor-element-fc8d797 elementor-section-boxed elementor-section-height-default elementor-section-height-default\" data-id=\"fc8d797\" data-element_type=\"section\" data-e-type=\"section\" data-settings=\"{&quot;background_background&quot;:&quot;classic&quot;}\">\n\t\t\t\t\t\t<div class=\"elementor-container elementor-column-gap-default\">\n\t\t\t\t\t<div class=\"elementor-column elementor-col-100 elementor-top-column elementor-element elementor-element-06d3ee9\" data-id=\"06d3ee9\" data-element_type=\"column\" data-e-type=\"column\">\n\t\t\t<div class=\"elementor-widget-wrap\">\n\t\t\t\t\t\t\t<\/div>\n\t\t<\/div>\n\t\t\t\t\t<\/div>\n\t\t<\/section>\n\t\t\t\t<section class=\"elementor-section elementor-top-section elementor-element elementor-element-967f8db elementor-section-boxed elementor-section-height-default elementor-section-height-default\" data-id=\"967f8db\" data-element_type=\"section\" data-e-type=\"section\">\n\t\t\t\t\t\t<div class=\"elementor-container elementor-column-gap-default\">\n\t\t\t\t\t<div class=\"elementor-column elementor-col-100 elementor-top-column elementor-element elementor-element-2890acd\" data-id=\"2890acd\" data-element_type=\"column\" data-e-type=\"column\">\n\t\t\t<div class=\"elementor-widget-wrap elementor-element-populated\">\n\t\t\t\t\t\t<div class=\"elementor-element elementor-element-f4aaed0 elementor-widget elementor-widget-spacer\" data-id=\"f4aaed0\" data-element_type=\"widget\" data-e-type=\"widget\" data-widget_type=\"spacer.default\">\n\t\t\t\t<div class=\"elementor-widget-container\">\n\t\t\t\t\t\t\t<div class=\"elementor-spacer\">\n\t\t\t<div class=\"elementor-spacer-inner\"><\/div>\n\t\t<\/div>\n\t\t\t\t\t\t<\/div>\n\t\t\t\t<\/div>\n\t\t\t\t\t<\/div>\n\t\t<\/div>\n\t\t\t\t\t<\/div>\n\t\t<\/section>\n\t\t\t\t<section class=\"elementor-section elementor-top-section elementor-element elementor-element-c5a8112 elementor-section-boxed elementor-section-height-default elementor-section-height-default\" data-id=\"c5a8112\" data-element_type=\"section\" data-e-type=\"section\">\n\t\t\t\t\t\t<div class=\"elementor-container elementor-column-gap-default\">\n\t\t\t\t\t<div class=\"elementor-column elementor-col-100 elementor-top-column elementor-element elementor-element-ee8ab9e\" data-id=\"ee8ab9e\" data-element_type=\"column\" data-e-type=\"column\">\n\t\t\t<div class=\"elementor-widget-wrap elementor-element-populated\">\n\t\t\t\t\t\t<div class=\"elementor-element elementor-element-1c1abea elementor-widget elementor-widget-heading\" data-id=\"1c1abea\" data-element_type=\"widget\" data-e-type=\"widget\" data-widget_type=\"heading.default\">\n\t\t\t\t<div class=\"elementor-widget-container\">\n\t\t\t\t\t<h2 class=\"elementor-heading-title elementor-size-default\">Axe 4 :  Parcours, Syst\u00e9mique et M\u00e9thodologie<\/h2>\t\t\t\t<\/div>\n\t\t\t\t<\/div>\n\t\t\t\t\t<\/div>\n\t\t<\/div>\n\t\t\t\t\t<\/div>\n\t\t<\/section>\n\t\t\t\t<section class=\"elementor-section elementor-top-section elementor-element elementor-element-7002981 elementor-section-boxed elementor-section-height-default elementor-section-height-default\" data-id=\"7002981\" data-element_type=\"section\" data-e-type=\"section\">\n\t\t\t\t\t\t<div class=\"elementor-container elementor-column-gap-default\">\n\t\t\t\t\t<div class=\"elementor-column elementor-col-100 elementor-top-column elementor-element elementor-element-5a20158\" data-id=\"5a20158\" data-element_type=\"column\" data-e-type=\"column\">\n\t\t\t<div class=\"elementor-widget-wrap elementor-element-populated\">\n\t\t\t\t\t\t<div class=\"elementor-element elementor-element-8184977 elementor-widget elementor-widget-text-editor\" data-id=\"8184977\" data-element_type=\"widget\" data-e-type=\"widget\" data-widget_type=\"text-editor.default\">\n\t\t\t\t<div class=\"elementor-widget-container\">\n\t\t\t\t\t\t\t\t\t<h4 style=\"text-align: justify\"><span style=\"color: #000080\">Responsables :\u00a0 Audrey RINGOT et <\/span><a href=\"https:\/\/web.msh-lse.fr\/p2s\/personne\/verot-elise\/\" target=\"_blank\" rel=\"noopener\"><span style=\"color: #000080\">Elise VEROT<\/span><\/a><\/h4>\t\t\t\t\t\t\t\t<\/div>\n\t\t\t\t<\/div>\n\t\t\t\t\t<\/div>\n\t\t<\/div>\n\t\t\t\t\t<\/div>\n\t\t<\/section>\n\t\t\t\t<section class=\"elementor-section elementor-top-section elementor-element elementor-element-f03fc1a elementor-section-boxed elementor-section-height-default elementor-section-height-default\" data-id=\"f03fc1a\" data-element_type=\"section\" data-e-type=\"section\">\n\t\t\t\t\t\t<div class=\"elementor-container elementor-column-gap-default\">\n\t\t\t\t\t<div class=\"elementor-column elementor-col-100 elementor-top-column elementor-element elementor-element-73e6e28\" data-id=\"73e6e28\" data-element_type=\"column\" data-e-type=\"column\">\n\t\t\t<div class=\"elementor-widget-wrap elementor-element-populated\">\n\t\t\t\t\t\t<div class=\"elementor-element elementor-element-86db5f8 elementor-widget elementor-widget-spacer\" data-id=\"86db5f8\" data-element_type=\"widget\" data-e-type=\"widget\" data-widget_type=\"spacer.default\">\n\t\t\t\t<div class=\"elementor-widget-container\">\n\t\t\t\t\t\t\t<div class=\"elementor-spacer\">\n\t\t\t<div class=\"elementor-spacer-inner\"><\/div>\n\t\t<\/div>\n\t\t\t\t\t\t<\/div>\n\t\t\t\t<\/div>\n\t\t\t\t<div class=\"elementor-element elementor-element-c2e6ba5 elementor-widget elementor-widget-image\" data-id=\"c2e6ba5\" data-element_type=\"widget\" data-e-type=\"widget\" data-widget_type=\"image.default\">\n\t\t\t\t<div class=\"elementor-widget-container\">\n\t\t\t\t\t\t\t\t\t\t\t\t\t\t\t<img fetchpriority=\"high\" decoding=\"async\" width=\"1024\" height=\"576\" src=\"https:\/\/web.msh-lse.fr\/p2s\/wp-content\/uploads\/sites\/33\/2025\/07\/axe-4-1024x576.png\" class=\"attachment-large size-large wp-image-5537\" alt=\"\" srcset=\"https:\/\/web.msh-lse.fr\/p2s\/wp-content\/uploads\/sites\/33\/2025\/07\/axe-4-1024x576.png 1024w, https:\/\/web.msh-lse.fr\/p2s\/wp-content\/uploads\/sites\/33\/2025\/07\/axe-4-300x169.png 300w, https:\/\/web.msh-lse.fr\/p2s\/wp-content\/uploads\/sites\/33\/2025\/07\/axe-4-768x432.png 768w, https:\/\/web.msh-lse.fr\/p2s\/wp-content\/uploads\/sites\/33\/2025\/07\/axe-4.png 1437w\" sizes=\"(max-width: 1024px) 100vw, 1024px\" \/>\t\t\t\t\t\t\t\t\t\t\t\t\t\t\t<\/div>\n\t\t\t\t<\/div>\n\t\t\t\t\t<\/div>\n\t\t<\/div>\n\t\t\t\t\t<\/div>\n\t\t<\/section>\n\t\t\t\t<section class=\"elementor-section elementor-top-section elementor-element elementor-element-aecb048 elementor-section-boxed elementor-section-height-default elementor-section-height-default\" data-id=\"aecb048\" data-element_type=\"section\" data-e-type=\"section\">\n\t\t\t\t\t\t<div class=\"elementor-container elementor-column-gap-default\">\n\t\t\t\t\t<div class=\"elementor-column elementor-col-100 elementor-top-column elementor-element elementor-element-92da5fb\" data-id=\"92da5fb\" data-element_type=\"column\" data-e-type=\"column\">\n\t\t\t<div class=\"elementor-widget-wrap elementor-element-populated\">\n\t\t\t\t\t\t<div class=\"elementor-element elementor-element-17e1be1 elementor-widget elementor-widget-text-editor\" data-id=\"17e1be1\" data-element_type=\"widget\" data-e-type=\"widget\" data-widget_type=\"text-editor.default\">\n\t\t\t\t<div class=\"elementor-widget-container\">\n\t\t\t\t\t\t\t\t\t<p>Cet axe transversal structure et harmonise les approches m\u00e9thodologiques d\u00e9ploy\u00e9es dans nos trois axes th\u00e9matiques (innovation, interactions, pr\u00e9vention), garantissant ainsi la coh\u00e9rence scientifique de notre programme de recherche.<\/p><p>L&rsquo;axe d\u00e9veloppe des outils m\u00e9thodologiques innovants en articulant recherches quantitatives, qualitatives, mixtes, socio-\u00e9conomiques et \u00e9pid\u00e9miologiques. Il porte une vision syst\u00e9mique et interdisciplinaire des parcours, int\u00e9grant leurs dimensions biom\u00e9dicales, sociales et environnementales dans une approche holistique.<\/p><ul><li><strong>Recherche Interventionnelle en Sant\u00e9 des Populations (RISP)<\/strong> : \u00c9valuation rigoureuse de l&rsquo;impact des interventions dans leur contexte d&rsquo;application r\u00e9el pour optimiser la sant\u00e9 collective.<\/li><li><strong>Sciences de l&rsquo;impl\u00e9mentation<\/strong> : Identification syst\u00e9matique des obstacles et leviers facilitant l&rsquo;int\u00e9gration effective des interventions, en mobilisant des cadres conceptuels \u00e9prouv\u00e9s (RE-AIM, CFIR).<\/li><li><strong>Sciences du comportement<\/strong> : Analyse et mod\u00e9lisation des d\u00e9terminants comportementaux de sant\u00e9 \u00e0 travers des cadres th\u00e9oriques reconnus (TDF, COM-B, Behaviour Change Wheel).<\/li><li><strong>\u00c9valuation r\u00e9aliste<\/strong> : Compr\u00e9hension approfondie des m\u00e9canismes d&rsquo;efficacit\u00e9 en identifiant ce qui fonctionne, pour quelles populations et dans quels contextes sp\u00e9cifiques.<\/li><li><strong>La recherche-action<\/strong><strong>: Recherche avec l\u2019ensemble des acteurs des parties prenantes (professionnels, citoyens, patients, politiques etc.), dans le but de produire des changements concrets et des connaissances utiles.<\/strong><\/li><li><strong>La mod\u00e9lisation statistique des parcours<\/strong>: Utilisation des m\u00e9thodes avanc\u00e9es (mod\u00e8les non lin\u00e9aires \u00e0 effets mixtes, m\u00e9ta-analyses, PK\/PD, etc.) pour produire des analyses pr\u00e9cises et op\u00e9rationnelles.<\/li><\/ul><p>\u00a0<\/p>\t\t\t\t\t\t\t\t<\/div>\n\t\t\t\t<\/div>\n\t\t\t\t\t<\/div>\n\t\t<\/div>\n\t\t\t\t\t<\/div>\n\t\t<\/section>\n\t\t\t\t<\/div>\n\t\t","protected":false},"excerpt":{"rendered":"<p>Axe 4 : Parcours, Syst\u00e9mique et M\u00e9thodologie Responsables :\u00a0 Audrey RINGOT et Elise VEROT Cet axe transversal structure et harmonise les approches m\u00e9thodologiques d\u00e9ploy\u00e9es dans nos trois axes th\u00e9matiques (innovation, interactions, pr\u00e9vention), garantissant ainsi la coh\u00e9rence scientifique de notre programme de recherche. L&rsquo;axe d\u00e9veloppe des outils m\u00e9thodologiques innovants en articulant recherches quantitatives, qualitatives, mixtes, socio-\u00e9conomiques&#8230;<\/p>\n","protected":false},"author":142,"featured_media":0,"parent":0,"menu_order":0,"comment_status":"closed","ping_status":"closed","template":"","meta":{"_kadence_starter_templates_imported_post":false,"_kad_post_transparent":"","_kad_post_title":"hide","_kad_post_layout":"fullwidth","_kad_post_sidebar_id":"","_kad_post_content_style":"unboxed","_kad_post_vertical_padding":"hide","_kad_post_feature":"hide","_kad_post_feature_position":"","_kad_post_header":false,"_kad_post_footer":false,"_kad_post_classname":"","footnotes":""},"class_list":["post-5308","page","type-page","status-publish","hentry"],"_links":{"self":[{"href":"https:\/\/web.msh-lse.fr\/p2s\/wp-json\/wp\/v2\/pages\/5308","targetHints":{"allow":["GET"]}}],"collection":[{"href":"https:\/\/web.msh-lse.fr\/p2s\/wp-json\/wp\/v2\/pages"}],"about":[{"href":"https:\/\/web.msh-lse.fr\/p2s\/wp-json\/wp\/v2\/types\/page"}],"author":[{"embeddable":true,"href":"https:\/\/web.msh-lse.fr\/p2s\/wp-json\/wp\/v2\/users\/142"}],"replies":[{"embeddable":true,"href":"https:\/\/web.msh-lse.fr\/p2s\/wp-json\/wp\/v2\/comments?post=5308"}],"version-history":[{"count":43,"href":"https:\/\/web.msh-lse.fr\/p2s\/wp-json\/wp\/v2\/pages\/5308\/revisions"}],"predecessor-version":[{"id":5540,"href":"https:\/\/web.msh-lse.fr\/p2s\/wp-json\/wp\/v2\/pages\/5308\/revisions\/5540"}],"wp:attachment":[{"href":"https:\/\/web.msh-lse.fr\/p2s\/wp-json\/wp\/v2\/media?parent=5308"}],"curies":[{"name":"wp","href":"https:\/\/api.w.org\/{rel}","templated":true}]}}