{"id":3055,"date":"2024-09-12T10:50:18","date_gmt":"2024-09-12T08:50:18","guid":{"rendered":"https:\/\/web.msh-lse.fr\/p2s\/?page_id=3055"},"modified":"2024-10-29T15:42:26","modified_gmt":"2024-10-29T14:42:26","slug":"relance-2024","status":"publish","type":"page","link":"https:\/\/web.msh-lse.fr\/p2s\/relance-2024\/","title":{"rendered":"HIJA"},"content":{"rendered":"\t\t<div data-elementor-type=\"wp-page\" data-elementor-id=\"3055\" class=\"elementor elementor-3055\" data-elementor-post-type=\"page\">\n\t\t\t\t\t\t<section class=\"elementor-section elementor-top-section elementor-element elementor-element-fc8d797 elementor-section-boxed elementor-section-height-default elementor-section-height-default\" data-id=\"fc8d797\" data-element_type=\"section\" data-e-type=\"section\" data-settings=\"{&quot;background_background&quot;:&quot;classic&quot;}\">\n\t\t\t\t\t\t<div class=\"elementor-container elementor-column-gap-default\">\n\t\t\t\t\t<div class=\"elementor-column elementor-col-100 elementor-top-column elementor-element elementor-element-06d3ee9\" data-id=\"06d3ee9\" data-element_type=\"column\" data-e-type=\"column\">\n\t\t\t<div class=\"elementor-widget-wrap\">\n\t\t\t\t\t\t\t<\/div>\n\t\t<\/div>\n\t\t\t\t\t<\/div>\n\t\t<\/section>\n\t\t\t\t<section class=\"elementor-section elementor-top-section elementor-element elementor-element-967f8db elementor-section-boxed elementor-section-height-default elementor-section-height-default\" data-id=\"967f8db\" data-element_type=\"section\" data-e-type=\"section\">\n\t\t\t\t\t\t<div class=\"elementor-container elementor-column-gap-default\">\n\t\t\t\t\t<div class=\"elementor-column elementor-col-100 elementor-top-column elementor-element elementor-element-2890acd\" data-id=\"2890acd\" data-element_type=\"column\" data-e-type=\"column\">\n\t\t\t<div class=\"elementor-widget-wrap elementor-element-populated\">\n\t\t\t\t\t\t<div class=\"elementor-element elementor-element-f4aaed0 elementor-widget elementor-widget-spacer\" data-id=\"f4aaed0\" data-element_type=\"widget\" data-e-type=\"widget\" data-widget_type=\"spacer.default\">\n\t\t\t\t<div class=\"elementor-widget-container\">\n\t\t\t\t\t\t\t<div class=\"elementor-spacer\">\n\t\t\t<div class=\"elementor-spacer-inner\"><\/div>\n\t\t<\/div>\n\t\t\t\t\t\t<\/div>\n\t\t\t\t<\/div>\n\t\t\t\t\t<\/div>\n\t\t<\/div>\n\t\t\t\t\t<\/div>\n\t\t<\/section>\n\t\t\t\t<section class=\"elementor-section elementor-top-section elementor-element elementor-element-c5a8112 elementor-section-boxed elementor-section-height-default elementor-section-height-default\" data-id=\"c5a8112\" data-element_type=\"section\" data-e-type=\"section\">\n\t\t\t\t\t\t<div class=\"elementor-container elementor-column-gap-default\">\n\t\t\t\t\t<div class=\"elementor-column elementor-col-100 elementor-top-column elementor-element elementor-element-ee8ab9e\" data-id=\"ee8ab9e\" data-element_type=\"column\" data-e-type=\"column\">\n\t\t\t<div class=\"elementor-widget-wrap elementor-element-populated\">\n\t\t\t\t\t\t<div class=\"elementor-element elementor-element-1c1abea elementor-widget elementor-widget-heading\" data-id=\"1c1abea\" data-element_type=\"widget\" data-e-type=\"widget\" data-widget_type=\"heading.default\">\n\t\t\t\t<div class=\"elementor-widget-container\">\n\t\t\t\t\t<h2 class=\"elementor-heading-title elementor-size-default\">HIJA<\/h2>\t\t\t\t<\/div>\n\t\t\t\t<\/div>\n\t\t\t\t\t<\/div>\n\t\t<\/div>\n\t\t\t\t\t<\/div>\n\t\t<\/section>\n\t\t\t\t<section class=\"elementor-section elementor-top-section elementor-element elementor-element-aecb048 elementor-section-boxed elementor-section-height-default elementor-section-height-default\" data-id=\"aecb048\" data-element_type=\"section\" data-e-type=\"section\">\n\t\t\t\t\t\t<div class=\"elementor-container elementor-column-gap-default\">\n\t\t\t\t\t<div class=\"elementor-column elementor-col-100 elementor-top-column elementor-element elementor-element-92da5fb\" data-id=\"92da5fb\" data-element_type=\"column\" data-e-type=\"column\">\n\t\t\t<div class=\"elementor-widget-wrap elementor-element-populated\">\n\t\t\t\t\t\t<div class=\"elementor-element elementor-element-17e1be1 elementor-widget elementor-widget-text-editor\" data-id=\"17e1be1\" data-element_type=\"widget\" data-e-type=\"widget\" data-widget_type=\"text-editor.default\">\n\t\t\t\t<div class=\"elementor-widget-container\">\n\t\t\t\t\t\t\t\t\t<p><b>Efficacit\u00e9 de diff\u00e9rentes m\u00e9thodes d&rsquo;hygi\u00e8ne des espaces interdentaires dans la pratique quotidienne chez les jeunes adultes : essai randomis\u00e9, contr\u00f4l\u00e9 en double aveugle.<\/b><\/p><p><strong><a href=\"https:\/\/web.msh-lse.fr\/p2s\/personne\/viennot-stephane\/\" target=\"_blank\" rel=\"noopener\">St\u00e9phane VIENNOT<\/a><br \/><\/strong><\/p><p>Porteur<br \/>Appel \u00e0 projet : RELANCE 2024 Universit\u00e9 Claude Bernard Lyon 1<br \/>Montant du financement : 50 K\u20ac<\/p><p style=\"text-align: justify\">La sant\u00e9 bucco-dentaire est essentielle au bien-\u00eatre g\u00e9n\u00e9ral, et l&rsquo;\u00e9quilibre du microbiote interdentaire joue un r\u00f4le crucial. Les espaces interdentaires, zones \u00e9cologiques uniques, sont particuli\u00e8rement vuln\u00e9rables \u00e0 l&rsquo;accumulation de biofilm pathog\u00e8ne en raison d&rsquo;une moindre d\u00e9fense naturelle. Chez l&rsquo;adulte, ces sites favorisent les maladies parodontales, associ\u00e9es \u00e0 des maladies non transmissibles comme les maladies cardiovasculaires, le diab\u00e8te, et certains cancers. Les biofilms interdentaires, notamment chez les jeunes adultes, contiennent des agents pathog\u00e8nes qui peuvent provoquer des caries et initier des maladies parodontales.\u00a0<\/p><p style=\"text-align: justify\">La pr\u00e9vention de la dysbiose du microbiote interdentaire d\u00e8s le plus jeune \u00e2ge est cruciale pour une bonne sant\u00e9 bucco-dentaire et syst\u00e9mique. Cependant, les techniques de brossage conventionnelles n&rsquo;atteignent pas ces zones. L&rsquo;utilisation de brossettes interdentaires (BID) est actuellement la m\u00e9thode la plus efficace pour d\u00e9sorganiser le biofilm, r\u00e9duire l&rsquo;inflammation, et r\u00e9tablir un microbiote symbiotique. Les BID varient en termes de forme, taille, mat\u00e9riaux, et efficacit\u00e9 de nettoyage. Une seule \u00e9tude de l&rsquo;\u00e9quipe de recherche a d\u00e9montr\u00e9 l&rsquo;efficacit\u00e9 quotidienne des BID calibr\u00e9es pour r\u00e9duire la dysbiose et l&rsquo;inflammation chez les jeunes adultes.<\/p><p style=\"text-align: justify\">L&rsquo;objectif principal est de comparer la r\u00e9duction de la dysbiose interdentaire, chez de jeunes adultes sains, qui r\u00e9alisent une prophylaxie interdentaire quotidienne avec des brossettes dot\u00e9es de propri\u00e9t\u00e9s technologiques et m\u00e9caniques diff\u00e9rentes.<\/p>\t\t\t\t\t\t\t\t<\/div>\n\t\t\t\t<\/div>\n\t\t\t\t\t<\/div>\n\t\t<\/div>\n\t\t\t\t\t<\/div>\n\t\t<\/section>\n\t\t\t\t<section class=\"elementor-section elementor-top-section elementor-element elementor-element-e04a2ad elementor-section-boxed elementor-section-height-default elementor-section-height-default\" data-id=\"e04a2ad\" data-element_type=\"section\" data-e-type=\"section\">\n\t\t\t\t\t\t<div class=\"elementor-container elementor-column-gap-default\">\n\t\t\t\t\t<div class=\"elementor-column elementor-col-100 elementor-top-column elementor-element elementor-element-5e1471a\" data-id=\"5e1471a\" data-element_type=\"column\" data-e-type=\"column\">\n\t\t\t<div class=\"elementor-widget-wrap elementor-element-populated\">\n\t\t\t\t\t\t<div class=\"elementor-element elementor-element-96e6a8a elementor-widget elementor-widget-spacer\" data-id=\"96e6a8a\" data-element_type=\"widget\" data-e-type=\"widget\" data-widget_type=\"spacer.default\">\n\t\t\t\t<div class=\"elementor-widget-container\">\n\t\t\t\t\t\t\t<div class=\"elementor-spacer\">\n\t\t\t<div class=\"elementor-spacer-inner\"><\/div>\n\t\t<\/div>\n\t\t\t\t\t\t<\/div>\n\t\t\t\t<\/div>\n\t\t\t\t\t<\/div>\n\t\t<\/div>\n\t\t\t\t\t<\/div>\n\t\t<\/section>\n\t\t\t\t<section class=\"elementor-section elementor-top-section elementor-element elementor-element-ad01b35 elementor-section-boxed elementor-section-height-default elementor-section-height-default\" data-id=\"ad01b35\" data-element_type=\"section\" data-e-type=\"section\">\n\t\t\t\t\t\t<div class=\"elementor-container elementor-column-gap-default\">\n\t\t\t\t\t<div class=\"elementor-column elementor-col-100 elementor-top-column elementor-element elementor-element-4a9099f\" data-id=\"4a9099f\" data-element_type=\"column\" data-e-type=\"column\">\n\t\t\t<div class=\"elementor-widget-wrap elementor-element-populated\">\n\t\t\t\t\t\t<div class=\"elementor-element elementor-element-b2d601d elementor-align-right elementor-widget elementor-widget-button\" data-id=\"b2d601d\" data-element_type=\"widget\" data-e-type=\"widget\" data-widget_type=\"button.default\">\n\t\t\t\t<div class=\"elementor-widget-container\">\n\t\t\t\t\t\t\t\t\t<div class=\"elementor-button-wrapper\">\n\t\t\t\t\t<a class=\"elementor-button elementor-button-link elementor-size-sm\" href=\"https:\/\/web.msh-lse.fr\/p2s\/projets-de-recherche\/\">\n\t\t\t\t\t\t<span class=\"elementor-button-content-wrapper\">\n\t\t\t\t\t\t\t\t\t<span class=\"elementor-button-text\">Tous les projets<\/span>\n\t\t\t\t\t<\/span>\n\t\t\t\t\t<\/a>\n\t\t\t\t<\/div>\n\t\t\t\t\t\t\t\t<\/div>\n\t\t\t\t<\/div>\n\t\t\t\t\t<\/div>\n\t\t<\/div>\n\t\t\t\t\t<\/div>\n\t\t<\/section>\n\t\t\t\t<\/div>\n\t\t","protected":false},"excerpt":{"rendered":"<p>HIJA Efficacit\u00e9 de diff\u00e9rentes m\u00e9thodes d&rsquo;hygi\u00e8ne des espaces interdentaires dans la pratique quotidienne chez les jeunes adultes : essai randomis\u00e9, contr\u00f4l\u00e9 en double aveugle. St\u00e9phane VIENNOT PorteurAppel \u00e0 projet : RELANCE 2024 Universit\u00e9 Claude Bernard Lyon 1Montant du financement : 50 K\u20ac La sant\u00e9 bucco-dentaire est essentielle au bien-\u00eatre g\u00e9n\u00e9ral, et l&rsquo;\u00e9quilibre du microbiote interdentaire&#8230;<\/p>\n","protected":false},"author":142,"featured_media":0,"parent":0,"menu_order":0,"comment_status":"closed","ping_status":"closed","template":"","meta":{"_kadence_starter_templates_imported_post":false,"_kad_post_transparent":"","_kad_post_title":"hide","_kad_post_layout":"fullwidth","_kad_post_sidebar_id":"","_kad_post_content_style":"unboxed","_kad_post_vertical_padding":"hide","_kad_post_feature":"hide","_kad_post_feature_position":"","_kad_post_header":false,"_kad_post_footer":false,"_kad_post_classname":"","footnotes":""},"class_list":["post-3055","page","type-page","status-publish","hentry"],"_links":{"self":[{"href":"https:\/\/web.msh-lse.fr\/p2s\/wp-json\/wp\/v2\/pages\/3055","targetHints":{"allow":["GET"]}}],"collection":[{"href":"https:\/\/web.msh-lse.fr\/p2s\/wp-json\/wp\/v2\/pages"}],"about":[{"href":"https:\/\/web.msh-lse.fr\/p2s\/wp-json\/wp\/v2\/types\/page"}],"author":[{"embeddable":true,"href":"https:\/\/web.msh-lse.fr\/p2s\/wp-json\/wp\/v2\/users\/142"}],"replies":[{"embeddable":true,"href":"https:\/\/web.msh-lse.fr\/p2s\/wp-json\/wp\/v2\/comments?post=3055"}],"version-history":[{"count":29,"href":"https:\/\/web.msh-lse.fr\/p2s\/wp-json\/wp\/v2\/pages\/3055\/revisions"}],"predecessor-version":[{"id":4664,"href":"https:\/\/web.msh-lse.fr\/p2s\/wp-json\/wp\/v2\/pages\/3055\/revisions\/4664"}],"wp:attachment":[{"href":"https:\/\/web.msh-lse.fr\/p2s\/wp-json\/wp\/v2\/media?parent=3055"}],"curies":[{"name":"wp","href":"https:\/\/api.w.org\/{rel}","templated":true}]}}