{"id":2570,"date":"2024-09-05T09:52:21","date_gmt":"2024-09-05T07:52:21","guid":{"rendered":"https:\/\/web.msh-lse.fr\/p2s\/?page_id=2570"},"modified":"2024-10-29T15:15:08","modified_gmt":"2024-10-29T14:15:08","slug":"explosante","status":"publish","type":"page","link":"https:\/\/web.msh-lse.fr\/p2s\/explosante\/","title":{"rendered":"EXPLO&rsquo;SANTE"},"content":{"rendered":"\t\t<div data-elementor-type=\"wp-page\" data-elementor-id=\"2570\" class=\"elementor elementor-2570\" data-elementor-post-type=\"page\">\n\t\t\t\t\t\t<section class=\"elementor-section elementor-top-section elementor-element elementor-element-fc8d797 elementor-section-boxed elementor-section-height-default elementor-section-height-default\" data-id=\"fc8d797\" data-element_type=\"section\" data-e-type=\"section\" data-settings=\"{&quot;background_background&quot;:&quot;classic&quot;}\">\n\t\t\t\t\t\t<div class=\"elementor-container elementor-column-gap-default\">\n\t\t\t\t\t<div class=\"elementor-column elementor-col-100 elementor-top-column elementor-element elementor-element-06d3ee9\" data-id=\"06d3ee9\" data-element_type=\"column\" data-e-type=\"column\">\n\t\t\t<div class=\"elementor-widget-wrap\">\n\t\t\t\t\t\t\t<\/div>\n\t\t<\/div>\n\t\t\t\t\t<\/div>\n\t\t<\/section>\n\t\t\t\t<section class=\"elementor-section elementor-top-section elementor-element elementor-element-967f8db elementor-section-boxed elementor-section-height-default elementor-section-height-default\" data-id=\"967f8db\" data-element_type=\"section\" data-e-type=\"section\">\n\t\t\t\t\t\t<div class=\"elementor-container elementor-column-gap-default\">\n\t\t\t\t\t<div class=\"elementor-column elementor-col-100 elementor-top-column elementor-element elementor-element-2890acd\" data-id=\"2890acd\" data-element_type=\"column\" data-e-type=\"column\">\n\t\t\t<div class=\"elementor-widget-wrap elementor-element-populated\">\n\t\t\t\t\t\t<div class=\"elementor-element elementor-element-f4aaed0 elementor-widget elementor-widget-spacer\" data-id=\"f4aaed0\" data-element_type=\"widget\" data-e-type=\"widget\" data-widget_type=\"spacer.default\">\n\t\t\t\t<div class=\"elementor-widget-container\">\n\t\t\t\t\t\t\t<div class=\"elementor-spacer\">\n\t\t\t<div class=\"elementor-spacer-inner\"><\/div>\n\t\t<\/div>\n\t\t\t\t\t\t<\/div>\n\t\t\t\t<\/div>\n\t\t\t\t\t<\/div>\n\t\t<\/div>\n\t\t\t\t\t<\/div>\n\t\t<\/section>\n\t\t\t\t<section class=\"elementor-section elementor-top-section elementor-element elementor-element-c5a8112 elementor-section-boxed elementor-section-height-default elementor-section-height-default\" data-id=\"c5a8112\" data-element_type=\"section\" data-e-type=\"section\">\n\t\t\t\t\t\t<div class=\"elementor-container elementor-column-gap-default\">\n\t\t\t\t\t<div class=\"elementor-column elementor-col-100 elementor-top-column elementor-element elementor-element-ee8ab9e\" data-id=\"ee8ab9e\" data-element_type=\"column\" data-e-type=\"column\">\n\t\t\t<div class=\"elementor-widget-wrap elementor-element-populated\">\n\t\t\t\t\t\t<div class=\"elementor-element elementor-element-1c1abea elementor-widget elementor-widget-heading\" data-id=\"1c1abea\" data-element_type=\"widget\" data-e-type=\"widget\" data-widget_type=\"heading.default\">\n\t\t\t\t<div class=\"elementor-widget-container\">\n\t\t\t\t\t<h2 class=\"elementor-heading-title elementor-size-default\">EXPLO'SANTE<\/h2>\t\t\t\t<\/div>\n\t\t\t\t<\/div>\n\t\t\t\t\t<\/div>\n\t\t<\/div>\n\t\t\t\t\t<\/div>\n\t\t<\/section>\n\t\t\t\t<section class=\"elementor-section elementor-top-section elementor-element elementor-element-aecb048 elementor-section-boxed elementor-section-height-default elementor-section-height-default\" data-id=\"aecb048\" data-element_type=\"section\" data-e-type=\"section\">\n\t\t\t\t\t\t<div class=\"elementor-container elementor-column-gap-default\">\n\t\t\t\t\t<div class=\"elementor-column elementor-col-100 elementor-top-column elementor-element elementor-element-92da5fb\" data-id=\"92da5fb\" data-element_type=\"column\" data-e-type=\"column\">\n\t\t\t<div class=\"elementor-widget-wrap elementor-element-populated\">\n\t\t\t\t\t\t<div class=\"elementor-element elementor-element-17e1be1 elementor-widget elementor-widget-text-editor\" data-id=\"17e1be1\" data-element_type=\"widget\" data-e-type=\"widget\" data-widget_type=\"text-editor.default\">\n\t\t\t\t<div class=\"elementor-widget-container\">\n\t\t\t\t\t\t\t\t\t<p><strong>Explo\u2019Sant\u00e9\u00a0 : projet de recherche interventionnelle en sant\u00e9 des populations.<br \/><br \/>Emily Darlington<\/strong>.<\/p><p>Porteur<br \/><span style=\"background-color: transparent;color: var(--global-palette4);font-family: var(--global-body-font-family)\">Appel \u00e0 projet :\u00a0 Recherche en pr\u00e9vention de la Ligue nationale contre le cancer, Porteur<br \/><\/span><span style=\"background-color: transparent;color: var(--global-palette4);font-family: var(--global-body-font-family)\">Montant du financement : 1,4 M\u20ac <br \/><\/span><span style=\"background-color: transparent;color: var(--global-palette4);font-family: var(--global-body-font-family)\">2022-2025<\/span><\/p><p style=\"text-align: justify\">Selon l\u2019OMS, les maladies non transmissibles (MNT) causent 41 millions de d\u00e9c\u00e8s annuellement, constituant la principale cause de mortalit\u00e9 dans le monde. Le Plan d\u2019action mondial de l\u2019OMS pour la pr\u00e9vention et le contr\u00f4le des MNT 2013-2020 (prolong\u00e9) aborde cette probl\u00e9matique et ses implications en termes d\u2019in\u00e9galit\u00e9s entre pays et populations. Bas\u00e9e sur des approches comportementales, environnementales et politiques combin\u00e9es, la promotion de la sant\u00e9 vise \u00e0 r\u00e9duire les in\u00e9galit\u00e9s de sant\u00e9 et \u00e0 aborder les d\u00e9terminants de la sant\u00e9 \u00e0 travers trois strat\u00e9gies : l\u2019\u00e9ducation, la pr\u00e9vention et la protection. Les recherches montrent que travailler avec les enfants est essentiel pour am\u00e9liorer l\u2019efficacit\u00e9 des initiatives de promotion de la sant\u00e9. En tant que point focal dans les communaut\u00e9s et environnement cl\u00e9 pour les enfants, l\u2019\u00e9cole est un lieu important pour mettre en \u0153uvre des programmes de promotion de la sant\u00e9, en particulier les approches int\u00e9gr\u00e9es et les interventions ciblant les comp\u00e9tences psycho-sociales (CPS). En effet, les CPS contribuent \u00e0 la sant\u00e9 et au bien-\u00eatre, particuli\u00e8rement pour les \u00e9l\u00e8ves.\u00a0Explo\u2019Sant\u00e9 est recherche interventionnelle\u00a0en promotion de la sant\u00e9 en milieu scolaire.\u00a0Explo\u2019Sant\u00e9 est un programme de trois ans destin\u00e9 aux \u00e9l\u00e8ves de primaire \u00e2g\u00e9s de 8 \u00e0 10 ans. Il int\u00e8gre des s\u00e9ances d\u2019\u00e9ducation \u00e0 la sant\u00e9 pour d\u00e9velopper les CPS et la litt\u00e9ratie en sant\u00e9 des \u00e9l\u00e8ves, et promouvoir des environnements sains. Les enseignants et les animateurs de pr\u00e9vention de la Ligue sont form\u00e9s pour soutenir le d\u00e9veloppement des comp\u00e9tences et la durabilit\u00e9 du programme. La conception de recherche \u00e0 m\u00e9thodes mixtes vise \u00e0 \u00e9valuer les effets de ce programme complexe de promotion de la sant\u00e9, \u00e0 expliciter son processus de mise en \u0153uvre et \u00e0 identifier les facteurs contextuels.\u00a0Explo\u2019Sant\u00e9 a \u00e9t\u00e9 con\u00e7u pour contribuer aux strat\u00e9gies de promotion de la sant\u00e9 en milieu scolaire, en incluant les acteurs cl\u00e9s, en promouvant les partenariats, en ciblant plusieurs niveaux d\u2019impact et d\u2019effet, et en veillant \u00e0 ce que chaque \u00e9tape soit bas\u00e9e sur la recherche et inform\u00e9e. Enfin, cette \u00e9tude vise \u00e0 identifier les \u00e9l\u00e9ments qui permettraient \u00e0 Explo\u2019Sant\u00e9 de devenir un mod\u00e8le en France et \u00e0 l\u2019international.<\/p><p style=\"text-align: justify\">En partenariat avec la Ligue contre le Cancer\u00a0<a href=\"https:\/\/www.ligue-cancer.net\/\" target=\"_blank\" rel=\"noopener\">https:\/\/www.ligue-cancer.net\/<\/a><\/p>\t\t\t\t\t\t\t\t<\/div>\n\t\t\t\t<\/div>\n\t\t\t\t\t<\/div>\n\t\t<\/div>\n\t\t\t\t\t<\/div>\n\t\t<\/section>\n\t\t\t\t<section class=\"elementor-section elementor-top-section elementor-element elementor-element-e04a2ad elementor-section-boxed elementor-section-height-default elementor-section-height-default\" data-id=\"e04a2ad\" data-element_type=\"section\" data-e-type=\"section\">\n\t\t\t\t\t\t<div class=\"elementor-container elementor-column-gap-default\">\n\t\t\t\t\t<div class=\"elementor-column elementor-col-100 elementor-top-column elementor-element elementor-element-5e1471a\" data-id=\"5e1471a\" data-element_type=\"column\" data-e-type=\"column\">\n\t\t\t<div class=\"elementor-widget-wrap elementor-element-populated\">\n\t\t\t\t\t\t<div class=\"elementor-element elementor-element-96e6a8a elementor-widget elementor-widget-spacer\" data-id=\"96e6a8a\" data-element_type=\"widget\" data-e-type=\"widget\" data-widget_type=\"spacer.default\">\n\t\t\t\t<div class=\"elementor-widget-container\">\n\t\t\t\t\t\t\t<div class=\"elementor-spacer\">\n\t\t\t<div class=\"elementor-spacer-inner\"><\/div>\n\t\t<\/div>\n\t\t\t\t\t\t<\/div>\n\t\t\t\t<\/div>\n\t\t\t\t\t<\/div>\n\t\t<\/div>\n\t\t\t\t\t<\/div>\n\t\t<\/section>\n\t\t\t\t<section class=\"elementor-section elementor-top-section elementor-element elementor-element-f30eebe elementor-section-boxed elementor-section-height-default elementor-section-height-default\" data-id=\"f30eebe\" data-element_type=\"section\" data-e-type=\"section\">\n\t\t\t\t\t\t<div class=\"elementor-container elementor-column-gap-default\">\n\t\t\t\t\t<div class=\"elementor-column elementor-col-100 elementor-top-column elementor-element elementor-element-dc75baa\" data-id=\"dc75baa\" data-element_type=\"column\" data-e-type=\"column\">\n\t\t\t<div class=\"elementor-widget-wrap elementor-element-populated\">\n\t\t\t\t\t\t<div class=\"elementor-element elementor-element-5098ea6 elementor-align-right elementor-widget elementor-widget-button\" data-id=\"5098ea6\" data-element_type=\"widget\" data-e-type=\"widget\" data-widget_type=\"button.default\">\n\t\t\t\t<div class=\"elementor-widget-container\">\n\t\t\t\t\t\t\t\t\t<div class=\"elementor-button-wrapper\">\n\t\t\t\t\t<a class=\"elementor-button elementor-button-link elementor-size-sm\" href=\"https:\/\/web.msh-lse.fr\/p2s\/projets-de-recherche\/\">\n\t\t\t\t\t\t<span class=\"elementor-button-content-wrapper\">\n\t\t\t\t\t\t\t\t\t<span class=\"elementor-button-text\">Tous les projets<\/span>\n\t\t\t\t\t<\/span>\n\t\t\t\t\t<\/a>\n\t\t\t\t<\/div>\n\t\t\t\t\t\t\t\t<\/div>\n\t\t\t\t<\/div>\n\t\t\t\t\t<\/div>\n\t\t<\/div>\n\t\t\t\t\t<\/div>\n\t\t<\/section>\n\t\t\t\t<\/div>\n\t\t","protected":false},"excerpt":{"rendered":"<p>EXPLO&rsquo;SANTE Explo\u2019Sant\u00e9\u00a0 : projet de recherche interventionnelle en sant\u00e9 des populations. Emily Darlington. PorteurAppel \u00e0 projet :\u00a0 Recherche en pr\u00e9vention de la Ligue nationale contre le cancer, PorteurMontant du financement : 1,4 M\u20ac 2022-2025 Selon l\u2019OMS, les maladies non transmissibles (MNT) causent 41 millions de d\u00e9c\u00e8s annuellement, constituant la principale cause de mortalit\u00e9 dans le&#8230;<\/p>\n","protected":false},"author":143,"featured_media":0,"parent":0,"menu_order":0,"comment_status":"closed","ping_status":"closed","template":"","meta":{"_kadence_starter_templates_imported_post":false,"_kad_post_transparent":"","_kad_post_title":"hide","_kad_post_layout":"fullwidth","_kad_post_sidebar_id":"","_kad_post_content_style":"unboxed","_kad_post_vertical_padding":"hide","_kad_post_feature":"hide","_kad_post_feature_position":"","_kad_post_header":false,"_kad_post_footer":false,"_kad_post_classname":"","footnotes":""},"class_list":["post-2570","page","type-page","status-publish","hentry"],"_links":{"self":[{"href":"https:\/\/web.msh-lse.fr\/p2s\/wp-json\/wp\/v2\/pages\/2570","targetHints":{"allow":["GET"]}}],"collection":[{"href":"https:\/\/web.msh-lse.fr\/p2s\/wp-json\/wp\/v2\/pages"}],"about":[{"href":"https:\/\/web.msh-lse.fr\/p2s\/wp-json\/wp\/v2\/types\/page"}],"author":[{"embeddable":true,"href":"https:\/\/web.msh-lse.fr\/p2s\/wp-json\/wp\/v2\/users\/143"}],"replies":[{"embeddable":true,"href":"https:\/\/web.msh-lse.fr\/p2s\/wp-json\/wp\/v2\/comments?post=2570"}],"version-history":[{"count":19,"href":"https:\/\/web.msh-lse.fr\/p2s\/wp-json\/wp\/v2\/pages\/2570\/revisions"}],"predecessor-version":[{"id":4339,"href":"https:\/\/web.msh-lse.fr\/p2s\/wp-json\/wp\/v2\/pages\/2570\/revisions\/4339"}],"wp:attachment":[{"href":"https:\/\/web.msh-lse.fr\/p2s\/wp-json\/wp\/v2\/media?parent=2570"}],"curies":[{"name":"wp","href":"https:\/\/api.w.org\/{rel}","templated":true}]}}