{"id":2547,"date":"2024-09-05T09:34:10","date_gmt":"2024-09-05T07:34:10","guid":{"rendered":"https:\/\/web.msh-lse.fr\/p2s\/?page_id=2547"},"modified":"2024-10-15T19:00:01","modified_gmt":"2024-10-15T17:00:01","slug":"ccw2","status":"publish","type":"page","link":"https:\/\/web.msh-lse.fr\/p2s\/ccw2\/","title":{"rendered":"CCW2"},"content":{"rendered":"\t\t<div data-elementor-type=\"wp-page\" data-elementor-id=\"2547\" class=\"elementor elementor-2547\" data-elementor-post-type=\"page\">\n\t\t\t\t\t\t<section class=\"elementor-section elementor-top-section elementor-element elementor-element-fc8d797 elementor-section-boxed elementor-section-height-default elementor-section-height-default\" data-id=\"fc8d797\" data-element_type=\"section\" data-e-type=\"section\" data-settings=\"{&quot;background_background&quot;:&quot;classic&quot;}\">\n\t\t\t\t\t\t<div class=\"elementor-container elementor-column-gap-default\">\n\t\t\t\t\t<div class=\"elementor-column elementor-col-100 elementor-top-column elementor-element elementor-element-06d3ee9\" data-id=\"06d3ee9\" data-element_type=\"column\" data-e-type=\"column\">\n\t\t\t<div class=\"elementor-widget-wrap\">\n\t\t\t\t\t\t\t<\/div>\n\t\t<\/div>\n\t\t\t\t\t<\/div>\n\t\t<\/section>\n\t\t\t\t<section class=\"elementor-section elementor-top-section elementor-element elementor-element-967f8db elementor-section-boxed elementor-section-height-default elementor-section-height-default\" data-id=\"967f8db\" data-element_type=\"section\" data-e-type=\"section\">\n\t\t\t\t\t\t<div class=\"elementor-container elementor-column-gap-default\">\n\t\t\t\t\t<div class=\"elementor-column elementor-col-100 elementor-top-column elementor-element elementor-element-2890acd\" data-id=\"2890acd\" data-element_type=\"column\" data-e-type=\"column\">\n\t\t\t<div class=\"elementor-widget-wrap elementor-element-populated\">\n\t\t\t\t\t\t<div class=\"elementor-element elementor-element-f4aaed0 elementor-widget elementor-widget-spacer\" data-id=\"f4aaed0\" data-element_type=\"widget\" data-e-type=\"widget\" data-widget_type=\"spacer.default\">\n\t\t\t\t<div class=\"elementor-widget-container\">\n\t\t\t\t\t\t\t<div class=\"elementor-spacer\">\n\t\t\t<div class=\"elementor-spacer-inner\"><\/div>\n\t\t<\/div>\n\t\t\t\t\t\t<\/div>\n\t\t\t\t<\/div>\n\t\t\t\t\t<\/div>\n\t\t<\/div>\n\t\t\t\t\t<\/div>\n\t\t<\/section>\n\t\t\t\t<section class=\"elementor-section elementor-top-section elementor-element elementor-element-c5a8112 elementor-section-boxed elementor-section-height-default elementor-section-height-default\" data-id=\"c5a8112\" data-element_type=\"section\" data-e-type=\"section\">\n\t\t\t\t\t\t<div class=\"elementor-container elementor-column-gap-default\">\n\t\t\t\t\t<div class=\"elementor-column elementor-col-100 elementor-top-column elementor-element elementor-element-ee8ab9e\" data-id=\"ee8ab9e\" data-element_type=\"column\" data-e-type=\"column\">\n\t\t\t<div class=\"elementor-widget-wrap elementor-element-populated\">\n\t\t\t\t\t\t<div class=\"elementor-element elementor-element-1c1abea elementor-widget elementor-widget-heading\" data-id=\"1c1abea\" data-element_type=\"widget\" data-e-type=\"widget\" data-widget_type=\"heading.default\">\n\t\t\t\t<div class=\"elementor-widget-container\">\n\t\t\t\t\t<h2 class=\"elementor-heading-title elementor-size-default\">CCW2<\/h2>\t\t\t\t<\/div>\n\t\t\t\t<\/div>\n\t\t\t\t\t<\/div>\n\t\t<\/div>\n\t\t\t\t\t<\/div>\n\t\t<\/section>\n\t\t\t\t<section class=\"elementor-section elementor-top-section elementor-element elementor-element-aecb048 elementor-section-boxed elementor-section-height-default elementor-section-height-default\" data-id=\"aecb048\" data-element_type=\"section\" data-e-type=\"section\">\n\t\t\t\t\t\t<div class=\"elementor-container elementor-column-gap-default\">\n\t\t\t\t\t<div class=\"elementor-column elementor-col-100 elementor-top-column elementor-element elementor-element-92da5fb\" data-id=\"92da5fb\" data-element_type=\"column\" data-e-type=\"column\">\n\t\t\t<div class=\"elementor-widget-wrap elementor-element-populated\">\n\t\t\t\t\t\t<div class=\"elementor-element elementor-element-17e1be1 elementor-widget elementor-widget-text-editor\" data-id=\"17e1be1\" data-element_type=\"widget\" data-e-type=\"widget\" data-widget_type=\"text-editor.default\">\n\t\t\t\t<div class=\"elementor-widget-container\">\n\t\t\t\t\t\t\t\t\t<p><strong>Co-Creating Wellbeing (CCW2)\u00a0<\/strong><\/p><p><strong>Emily DARLINGTON\u00a0<br \/><\/strong><br \/>Partenaire<br \/>Appel \u00e0 projet : Erasmus+\u00a0 Action Type\u00a0: KA220-VET \u2013 Cooperation partnerships in vocational education and training<br \/>Montant du financement : 250 K\u20ac<\/p><p style=\"text-align: justify\">Le projet actuel Co-Creating Wellbeing (CCW2) fait suite au projet Co-Creating Welfare (CCW, financement Erasmus+) , qui s\u2019est d\u00e9roul\u00e9 de 2016 \u00e0 2019. L\u2019objectif global de ce projet est de contribuer \u00e0 soutenir de nouvelles m\u00e9thodes d\u2019innovation sociale, de d\u00e9veloppement et de mise en \u0153uvre de solutions locales de bien-\u00eatre, bas\u00e9es sur les principes de la co-cr\u00e9ation.<\/p><p style=\"text-align: justify\">Les objectifs du projet sont de : a) Cr\u00e9er un programme de formation en ligne et hybride bas\u00e9 sur les principes de l\u2019apprentissage mixte et de l\u2019apprentissage par l\u2019action ; b) \u00c9tablir une base de connaissances commune (documents, blogs, etc.) sur l\u2019utilisation de la co-cr\u00e9ation dans les secteurs des services publics ; c) D\u00e9velopper des lignes directrices pour transf\u00e9rer les nouvelles connaissances dans le travail quotidien ; d) D\u00e9velopper un mod\u00e8le d\u2019\u00e9valuation.<\/p><p><a href=\"https:\/\/web.msh-lse.fr\/p2s\/wp-content\/uploads\/sites\/33\/2024\/07\/1st-Newsletter_CCW2.pdf\" target=\"_blank\" rel=\"noreferrer noopener\">T\u00e9l\u00e9chargez la 1\u00e8re newsletter _ CCW2<\/a><\/p>\t\t\t\t\t\t\t\t<\/div>\n\t\t\t\t<\/div>\n\t\t\t\t\t<\/div>\n\t\t<\/div>\n\t\t\t\t\t<\/div>\n\t\t<\/section>\n\t\t\t\t<section class=\"elementor-section elementor-top-section elementor-element elementor-element-e04a2ad elementor-section-boxed elementor-section-height-default elementor-section-height-default\" data-id=\"e04a2ad\" data-element_type=\"section\" data-e-type=\"section\">\n\t\t\t\t\t\t<div class=\"elementor-container elementor-column-gap-default\">\n\t\t\t\t\t<div class=\"elementor-column elementor-col-100 elementor-top-column elementor-element elementor-element-5e1471a\" data-id=\"5e1471a\" data-element_type=\"column\" data-e-type=\"column\">\n\t\t\t<div class=\"elementor-widget-wrap elementor-element-populated\">\n\t\t\t\t\t\t<div class=\"elementor-element elementor-element-96e6a8a elementor-widget elementor-widget-spacer\" data-id=\"96e6a8a\" data-element_type=\"widget\" data-e-type=\"widget\" data-widget_type=\"spacer.default\">\n\t\t\t\t<div class=\"elementor-widget-container\">\n\t\t\t\t\t\t\t<div class=\"elementor-spacer\">\n\t\t\t<div class=\"elementor-spacer-inner\"><\/div>\n\t\t<\/div>\n\t\t\t\t\t\t<\/div>\n\t\t\t\t<\/div>\n\t\t\t\t\t<\/div>\n\t\t<\/div>\n\t\t\t\t\t<\/div>\n\t\t<\/section>\n\t\t\t\t<section class=\"elementor-section elementor-top-section elementor-element elementor-element-cd209e1 elementor-section-boxed elementor-section-height-default elementor-section-height-default\" data-id=\"cd209e1\" data-element_type=\"section\" data-e-type=\"section\">\n\t\t\t\t\t\t<div class=\"elementor-container elementor-column-gap-default\">\n\t\t\t\t\t<div class=\"elementor-column elementor-col-100 elementor-top-column elementor-element elementor-element-6f9177b\" data-id=\"6f9177b\" data-element_type=\"column\" data-e-type=\"column\">\n\t\t\t<div class=\"elementor-widget-wrap elementor-element-populated\">\n\t\t\t\t\t\t<div class=\"elementor-element elementor-element-8d12e15 elementor-align-right elementor-widget elementor-widget-button\" data-id=\"8d12e15\" data-element_type=\"widget\" data-e-type=\"widget\" data-widget_type=\"button.default\">\n\t\t\t\t<div class=\"elementor-widget-container\">\n\t\t\t\t\t\t\t\t\t<div class=\"elementor-button-wrapper\">\n\t\t\t\t\t<a class=\"elementor-button elementor-button-link elementor-size-sm\" href=\"https:\/\/web.msh-lse.fr\/p2s\/projets-de-recherche\/\">\n\t\t\t\t\t\t<span class=\"elementor-button-content-wrapper\">\n\t\t\t\t\t\t\t\t\t<span class=\"elementor-button-text\">Tous les projets<\/span>\n\t\t\t\t\t<\/span>\n\t\t\t\t\t<\/a>\n\t\t\t\t<\/div>\n\t\t\t\t\t\t\t\t<\/div>\n\t\t\t\t<\/div>\n\t\t\t\t\t<\/div>\n\t\t<\/div>\n\t\t\t\t\t<\/div>\n\t\t<\/section>\n\t\t\t\t<\/div>\n\t\t","protected":false},"excerpt":{"rendered":"<p>CCW2 Co-Creating Wellbeing (CCW2)\u00a0 Emily DARLINGTON\u00a0PartenaireAppel \u00e0 projet : Erasmus+\u00a0 Action Type\u00a0: KA220-VET \u2013 Cooperation partnerships in vocational education and trainingMontant du financement : 250 K\u20ac Le projet actuel Co-Creating Wellbeing (CCW2) fait suite au projet Co-Creating Welfare (CCW, financement Erasmus+) , qui s\u2019est d\u00e9roul\u00e9 de 2016 \u00e0 2019. L\u2019objectif global de ce projet est&#8230;<\/p>\n","protected":false},"author":143,"featured_media":0,"parent":0,"menu_order":0,"comment_status":"closed","ping_status":"closed","template":"","meta":{"_kadence_starter_templates_imported_post":false,"_kad_post_transparent":"","_kad_post_title":"hide","_kad_post_layout":"fullwidth","_kad_post_sidebar_id":"","_kad_post_content_style":"unboxed","_kad_post_vertical_padding":"hide","_kad_post_feature":"hide","_kad_post_feature_position":"","_kad_post_header":false,"_kad_post_footer":false,"_kad_post_classname":"","footnotes":""},"class_list":["post-2547","page","type-page","status-publish","hentry"],"_links":{"self":[{"href":"https:\/\/web.msh-lse.fr\/p2s\/wp-json\/wp\/v2\/pages\/2547","targetHints":{"allow":["GET"]}}],"collection":[{"href":"https:\/\/web.msh-lse.fr\/p2s\/wp-json\/wp\/v2\/pages"}],"about":[{"href":"https:\/\/web.msh-lse.fr\/p2s\/wp-json\/wp\/v2\/types\/page"}],"author":[{"embeddable":true,"href":"https:\/\/web.msh-lse.fr\/p2s\/wp-json\/wp\/v2\/users\/143"}],"replies":[{"embeddable":true,"href":"https:\/\/web.msh-lse.fr\/p2s\/wp-json\/wp\/v2\/comments?post=2547"}],"version-history":[{"count":28,"href":"https:\/\/web.msh-lse.fr\/p2s\/wp-json\/wp\/v2\/pages\/2547\/revisions"}],"predecessor-version":[{"id":4324,"href":"https:\/\/web.msh-lse.fr\/p2s\/wp-json\/wp\/v2\/pages\/2547\/revisions\/4324"}],"wp:attachment":[{"href":"https:\/\/web.msh-lse.fr\/p2s\/wp-json\/wp\/v2\/media?parent=2547"}],"curies":[{"name":"wp","href":"https:\/\/api.w.org\/{rel}","templated":true}]}}