{"id":2542,"date":"2024-09-05T09:30:14","date_gmt":"2024-09-05T07:30:14","guid":{"rendered":"https:\/\/web.msh-lse.fr\/p2s\/?page_id=2542"},"modified":"2024-10-31T08:25:09","modified_gmt":"2024-10-31T07:25:09","slug":"bioqualim","status":"publish","type":"page","link":"https:\/\/web.msh-lse.fr\/p2s\/bioqualim\/","title":{"rendered":"BioQUALIM"},"content":{"rendered":"\t\t<div data-elementor-type=\"wp-page\" data-elementor-id=\"2542\" class=\"elementor elementor-2542\" data-elementor-post-type=\"page\">\n\t\t\t\t\t\t<section class=\"elementor-section elementor-top-section elementor-element elementor-element-fc8d797 elementor-section-boxed elementor-section-height-default elementor-section-height-default\" data-id=\"fc8d797\" data-element_type=\"section\" data-e-type=\"section\" data-settings=\"{&quot;background_background&quot;:&quot;classic&quot;}\">\n\t\t\t\t\t\t<div class=\"elementor-container elementor-column-gap-default\">\n\t\t\t\t\t<div class=\"elementor-column elementor-col-100 elementor-top-column elementor-element elementor-element-06d3ee9\" data-id=\"06d3ee9\" data-element_type=\"column\" data-e-type=\"column\">\n\t\t\t<div class=\"elementor-widget-wrap\">\n\t\t\t\t\t\t\t<\/div>\n\t\t<\/div>\n\t\t\t\t\t<\/div>\n\t\t<\/section>\n\t\t\t\t<section class=\"elementor-section elementor-top-section elementor-element elementor-element-967f8db elementor-section-boxed elementor-section-height-default elementor-section-height-default\" data-id=\"967f8db\" data-element_type=\"section\" data-e-type=\"section\">\n\t\t\t\t\t\t<div class=\"elementor-container elementor-column-gap-default\">\n\t\t\t\t\t<div class=\"elementor-column elementor-col-100 elementor-top-column elementor-element elementor-element-2890acd\" data-id=\"2890acd\" data-element_type=\"column\" data-e-type=\"column\">\n\t\t\t<div class=\"elementor-widget-wrap elementor-element-populated\">\n\t\t\t\t\t\t<div class=\"elementor-element elementor-element-f4aaed0 elementor-widget elementor-widget-spacer\" data-id=\"f4aaed0\" data-element_type=\"widget\" data-e-type=\"widget\" data-widget_type=\"spacer.default\">\n\t\t\t\t<div class=\"elementor-widget-container\">\n\t\t\t\t\t\t\t<div class=\"elementor-spacer\">\n\t\t\t<div class=\"elementor-spacer-inner\"><\/div>\n\t\t<\/div>\n\t\t\t\t\t\t<\/div>\n\t\t\t\t<\/div>\n\t\t\t\t\t<\/div>\n\t\t<\/div>\n\t\t\t\t\t<\/div>\n\t\t<\/section>\n\t\t\t\t<section class=\"elementor-section elementor-top-section elementor-element elementor-element-c5a8112 elementor-section-boxed elementor-section-height-default elementor-section-height-default\" data-id=\"c5a8112\" data-element_type=\"section\" data-e-type=\"section\">\n\t\t\t\t\t\t<div class=\"elementor-container elementor-column-gap-default\">\n\t\t\t\t\t<div class=\"elementor-column elementor-col-100 elementor-top-column elementor-element elementor-element-ee8ab9e\" data-id=\"ee8ab9e\" data-element_type=\"column\" data-e-type=\"column\">\n\t\t\t<div class=\"elementor-widget-wrap elementor-element-populated\">\n\t\t\t\t\t\t<div class=\"elementor-element elementor-element-1c1abea elementor-widget elementor-widget-heading\" data-id=\"1c1abea\" data-element_type=\"widget\" data-e-type=\"widget\" data-widget_type=\"heading.default\">\n\t\t\t\t<div class=\"elementor-widget-container\">\n\t\t\t\t\t<h2 class=\"elementor-heading-title elementor-size-default\">BioQUALIM<\/h2>\t\t\t\t<\/div>\n\t\t\t\t<\/div>\n\t\t\t\t\t<\/div>\n\t\t<\/div>\n\t\t\t\t\t<\/div>\n\t\t<\/section>\n\t\t\t\t<section class=\"elementor-section elementor-top-section elementor-element elementor-element-aecb048 elementor-section-boxed elementor-section-height-default elementor-section-height-default\" data-id=\"aecb048\" data-element_type=\"section\" data-e-type=\"section\">\n\t\t\t\t\t\t<div class=\"elementor-container elementor-column-gap-default\">\n\t\t\t\t\t<div class=\"elementor-column elementor-col-100 elementor-top-column elementor-element elementor-element-92da5fb\" data-id=\"92da5fb\" data-element_type=\"column\" data-e-type=\"column\">\n\t\t\t<div class=\"elementor-widget-wrap elementor-element-populated\">\n\t\t\t\t\t\t<div class=\"elementor-element elementor-element-17e1be1 elementor-widget elementor-widget-text-editor\" data-id=\"17e1be1\" data-element_type=\"widget\" data-e-type=\"widget\" data-widget_type=\"text-editor.default\">\n\t\t\t\t<div class=\"elementor-widget-container\">\n\t\t\t\t\t\t\t\t\t<p><strong>De la biodiversit\u00e9 cultiv\u00e9e \u00e0 la pr\u00e9vention en sant\u00e9 humaine.<br \/><\/strong><\/p><p><a href=\"https:\/\/web.msh-lse.fr\/p2s\/personne\/carrouel-florence\/\" target=\"_blank\" rel=\"noopener\"><strong>Florence Carrouel<\/strong><\/a><br \/><br \/>Porteur<br \/>Appel \u00e0 projets : ShapeMed, <br \/>Montant du financement :110 000 \u20ac, 2023-2025<\/p><p style=\"text-align: justify\">Dans les pays occidentaux, un d\u00e9fi nutritionnel majeur consiste \u00e0 r\u00e9duire la part de prot\u00e9ines animales et augmenter la part de prot\u00e9ines v\u00e9g\u00e9tales dans l\u2019assiette quotidienne. Or, les prot\u00e9ines v\u00e9g\u00e9tales sont principalement apport\u00e9es par les c\u00e9r\u00e9ales et les l\u00e9gumineuses, dont une grande diversit\u00e9 est n\u00e9cessaire pour couvrir les apports journaliers recommand\u00e9s. Cependant, compte-tenu de l\u2019effondrement de la biodiversit\u00e9 cultiv\u00e9e, la diversit\u00e9 de l\u2019offre en c\u00e9r\u00e9ales\/l\u00e9gumineuses est tr\u00e8s r\u00e9duite, ce qui s\u2019observe aussi en r\u00e9gion lyonnaise. Cette faible diversit\u00e9 est d\u2019autant plus alarmante que l\u2019alimentation joue un r\u00f4le majeur en pr\u00e9vention primaire des maladies chroniques dont les cancers.<br \/>Le projet\u00a0<strong>BIOQUALIM<\/strong>\u00a0se situe dans la pr\u00e9vention des cancers, avec deux approches compl\u00e9mentaires (i) une approche de pr\u00e9vention primaire incluant une \u00e9tude clinique pilote : modification du r\u00e9gime alimentaire (introduction de c\u00e9r\u00e9ales de type \u00e9peautre) avec suivi du microbiote oral, notamment l\u2019\u00e9volution de certaines bact\u00e9ries (comme P. gingivalis) consid\u00e9r\u00e9es comme facteur de risque de cancer ; et (ii) une approche de pr\u00e9vention tertiaire dans le cadre des Soins de Support en canc\u00e9rologie : \u00e9valuation des b\u00e9n\u00e9fices sant\u00e9 apr\u00e8s participation des patients \u00e0 des ateliers culinaires (en pair-aidance) autour de recettes \u00e0 base d\u2019\u00e9peautre. L\u2019\u00e9tude clinique sera pr\u00e9c\u00e9d\u00e9e d\u2019une enqu\u00eate sur les habitudes de consommation en c\u00e9r\u00e9ales\/l\u00e9gumineuses, aupr\u00e8s des usagers de la restauration collective des HCL (focus sur les disparit\u00e9s socio-spatiales) ; de plus, des analyses nutritionnelles de plusieurs vari\u00e9t\u00e9s d\u2019\u00e9peautre cultiv\u00e9es en bio en r\u00e9gion lyonnaise seront r\u00e9alis\u00e9es (notamment teneur en oligo-\u00e9l\u00e9ments, en bio-actifs anticancer comme les phytost\u00e9rols et caract\u00e9risation physico-chimique des prot\u00e9ines v\u00e9g\u00e9tales). Ainsi, le projet BIOQUALIM est un projet de recherche-action impliquant diff\u00e9rents acteurs de la soci\u00e9t\u00e9 civile et des \u00e9quipes de recherche de disciplines compl\u00e9mentaires.<\/p>\t\t\t\t\t\t\t\t<\/div>\n\t\t\t\t<\/div>\n\t\t\t\t\t<\/div>\n\t\t<\/div>\n\t\t\t\t\t<\/div>\n\t\t<\/section>\n\t\t\t\t<section class=\"elementor-section elementor-top-section elementor-element elementor-element-e04a2ad elementor-section-boxed elementor-section-height-default elementor-section-height-default\" data-id=\"e04a2ad\" data-element_type=\"section\" data-e-type=\"section\">\n\t\t\t\t\t\t<div class=\"elementor-container elementor-column-gap-default\">\n\t\t\t\t\t<div class=\"elementor-column elementor-col-100 elementor-top-column elementor-element elementor-element-5e1471a\" data-id=\"5e1471a\" data-element_type=\"column\" data-e-type=\"column\">\n\t\t\t<div class=\"elementor-widget-wrap elementor-element-populated\">\n\t\t\t\t\t\t<div class=\"elementor-element elementor-element-96e6a8a elementor-widget elementor-widget-spacer\" data-id=\"96e6a8a\" data-element_type=\"widget\" data-e-type=\"widget\" data-widget_type=\"spacer.default\">\n\t\t\t\t<div class=\"elementor-widget-container\">\n\t\t\t\t\t\t\t<div class=\"elementor-spacer\">\n\t\t\t<div class=\"elementor-spacer-inner\"><\/div>\n\t\t<\/div>\n\t\t\t\t\t\t<\/div>\n\t\t\t\t<\/div>\n\t\t\t\t\t<\/div>\n\t\t<\/div>\n\t\t\t\t\t<\/div>\n\t\t<\/section>\n\t\t\t\t<section class=\"elementor-section elementor-top-section elementor-element elementor-element-119b3c0 elementor-section-boxed elementor-section-height-default elementor-section-height-default\" data-id=\"119b3c0\" data-element_type=\"section\" data-e-type=\"section\">\n\t\t\t\t\t\t<div class=\"elementor-container elementor-column-gap-default\">\n\t\t\t\t\t<div class=\"elementor-column elementor-col-100 elementor-top-column elementor-element elementor-element-47d7861\" data-id=\"47d7861\" data-element_type=\"column\" data-e-type=\"column\">\n\t\t\t<div class=\"elementor-widget-wrap elementor-element-populated\">\n\t\t\t\t\t\t<div class=\"elementor-element elementor-element-2fdb886 elementor-align-right elementor-widget elementor-widget-button\" data-id=\"2fdb886\" data-element_type=\"widget\" data-e-type=\"widget\" data-widget_type=\"button.default\">\n\t\t\t\t<div class=\"elementor-widget-container\">\n\t\t\t\t\t\t\t\t\t<div class=\"elementor-button-wrapper\">\n\t\t\t\t\t<a class=\"elementor-button elementor-button-link elementor-size-sm\" href=\"https:\/\/web.msh-lse.fr\/p2s\/projets-de-recherche\/\">\n\t\t\t\t\t\t<span class=\"elementor-button-content-wrapper\">\n\t\t\t\t\t\t\t\t\t<span class=\"elementor-button-text\">Tous les projets<\/span>\n\t\t\t\t\t<\/span>\n\t\t\t\t\t<\/a>\n\t\t\t\t<\/div>\n\t\t\t\t\t\t\t\t<\/div>\n\t\t\t\t<\/div>\n\t\t\t\t\t<\/div>\n\t\t<\/div>\n\t\t\t\t\t<\/div>\n\t\t<\/section>\n\t\t\t\t<\/div>\n\t\t","protected":false},"excerpt":{"rendered":"<p>BioQUALIM De la biodiversit\u00e9 cultiv\u00e9e \u00e0 la pr\u00e9vention en sant\u00e9 humaine. Florence Carrouel PorteurAppel \u00e0 projets : ShapeMed, Montant du financement :110 000 \u20ac, 2023-2025 Dans les pays occidentaux, un d\u00e9fi nutritionnel majeur consiste \u00e0 r\u00e9duire la part de prot\u00e9ines animales et augmenter la part de prot\u00e9ines v\u00e9g\u00e9tales dans l\u2019assiette quotidienne. Or, les prot\u00e9ines v\u00e9g\u00e9tales&#8230;<\/p>\n","protected":false},"author":143,"featured_media":0,"parent":0,"menu_order":0,"comment_status":"closed","ping_status":"closed","template":"","meta":{"_kadence_starter_templates_imported_post":false,"_kad_post_transparent":"","_kad_post_title":"hide","_kad_post_layout":"fullwidth","_kad_post_sidebar_id":"","_kad_post_content_style":"unboxed","_kad_post_vertical_padding":"hide","_kad_post_feature":"hide","_kad_post_feature_position":"","_kad_post_header":false,"_kad_post_footer":false,"_kad_post_classname":"","footnotes":""},"class_list":["post-2542","page","type-page","status-publish","hentry"],"_links":{"self":[{"href":"https:\/\/web.msh-lse.fr\/p2s\/wp-json\/wp\/v2\/pages\/2542","targetHints":{"allow":["GET"]}}],"collection":[{"href":"https:\/\/web.msh-lse.fr\/p2s\/wp-json\/wp\/v2\/pages"}],"about":[{"href":"https:\/\/web.msh-lse.fr\/p2s\/wp-json\/wp\/v2\/types\/page"}],"author":[{"embeddable":true,"href":"https:\/\/web.msh-lse.fr\/p2s\/wp-json\/wp\/v2\/users\/143"}],"replies":[{"embeddable":true,"href":"https:\/\/web.msh-lse.fr\/p2s\/wp-json\/wp\/v2\/comments?post=2542"}],"version-history":[{"count":25,"href":"https:\/\/web.msh-lse.fr\/p2s\/wp-json\/wp\/v2\/pages\/2542\/revisions"}],"predecessor-version":[{"id":4330,"href":"https:\/\/web.msh-lse.fr\/p2s\/wp-json\/wp\/v2\/pages\/2542\/revisions\/4330"}],"wp:attachment":[{"href":"https:\/\/web.msh-lse.fr\/p2s\/wp-json\/wp\/v2\/media?parent=2542"}],"curies":[{"name":"wp","href":"https:\/\/api.w.org\/{rel}","templated":true}]}}