{"id":234,"date":"2024-03-29T13:51:02","date_gmt":"2024-03-29T12:51:02","guid":{"rendered":"https:\/\/web.msh-lse.fr\/p2s\/?page_id=234"},"modified":"2025-05-21T07:04:03","modified_gmt":"2025-05-21T05:04:03","slug":"mentions-legales","status":"publish","type":"page","link":"https:\/\/web.msh-lse.fr\/p2s\/mentions-legales\/","title":{"rendered":"Mentions l\u00e9gales"},"content":{"rendered":"\t\t<div data-elementor-type=\"wp-page\" data-elementor-id=\"234\" class=\"elementor elementor-234\" data-elementor-post-type=\"page\">\n\t\t\t\t\t\t<section class=\"elementor-section elementor-top-section elementor-element elementor-element-fc8d797 elementor-section-boxed elementor-section-height-default elementor-section-height-default\" data-id=\"fc8d797\" data-element_type=\"section\" data-e-type=\"section\" data-settings=\"{&quot;background_background&quot;:&quot;classic&quot;}\">\n\t\t\t\t\t\t<div class=\"elementor-container elementor-column-gap-default\">\n\t\t\t\t\t<div class=\"elementor-column elementor-col-100 elementor-top-column elementor-element elementor-element-06d3ee9\" data-id=\"06d3ee9\" data-element_type=\"column\" data-e-type=\"column\">\n\t\t\t<div class=\"elementor-widget-wrap\">\n\t\t\t\t\t\t\t<\/div>\n\t\t<\/div>\n\t\t\t\t\t<\/div>\n\t\t<\/section>\n\t\t\t\t<section class=\"elementor-section elementor-top-section elementor-element elementor-element-967f8db elementor-section-boxed elementor-section-height-default elementor-section-height-default\" data-id=\"967f8db\" data-element_type=\"section\" data-e-type=\"section\">\n\t\t\t\t\t\t<div class=\"elementor-container elementor-column-gap-default\">\n\t\t\t\t\t<div class=\"elementor-column elementor-col-100 elementor-top-column elementor-element elementor-element-2890acd\" data-id=\"2890acd\" data-element_type=\"column\" data-e-type=\"column\">\n\t\t\t<div class=\"elementor-widget-wrap elementor-element-populated\">\n\t\t\t\t\t\t<div class=\"elementor-element elementor-element-f4aaed0 elementor-widget elementor-widget-spacer\" data-id=\"f4aaed0\" data-element_type=\"widget\" data-e-type=\"widget\" data-widget_type=\"spacer.default\">\n\t\t\t\t<div class=\"elementor-widget-container\">\n\t\t\t\t\t\t\t<div class=\"elementor-spacer\">\n\t\t\t<div class=\"elementor-spacer-inner\"><\/div>\n\t\t<\/div>\n\t\t\t\t\t\t<\/div>\n\t\t\t\t<\/div>\n\t\t\t\t\t<\/div>\n\t\t<\/div>\n\t\t\t\t\t<\/div>\n\t\t<\/section>\n\t\t\t\t<section class=\"elementor-section elementor-top-section elementor-element elementor-element-c5a8112 elementor-section-boxed elementor-section-height-default elementor-section-height-default\" data-id=\"c5a8112\" data-element_type=\"section\" data-e-type=\"section\">\n\t\t\t\t\t\t<div class=\"elementor-container elementor-column-gap-default\">\n\t\t\t\t\t<div class=\"elementor-column elementor-col-100 elementor-top-column elementor-element elementor-element-ee8ab9e\" data-id=\"ee8ab9e\" data-element_type=\"column\" data-e-type=\"column\">\n\t\t\t<div class=\"elementor-widget-wrap elementor-element-populated\">\n\t\t\t\t\t\t<div class=\"elementor-element elementor-element-1c1abea elementor-widget elementor-widget-heading\" data-id=\"1c1abea\" data-element_type=\"widget\" data-e-type=\"widget\" data-widget_type=\"heading.default\">\n\t\t\t\t<div class=\"elementor-widget-container\">\n\t\t\t\t\t<h2 class=\"elementor-heading-title elementor-size-default\">Mentions l\u00e9gales<\/h2>\t\t\t\t<\/div>\n\t\t\t\t<\/div>\n\t\t\t\t\t<\/div>\n\t\t<\/div>\n\t\t\t\t\t<\/div>\n\t\t<\/section>\n\t\t\t\t<section class=\"elementor-section elementor-top-section elementor-element elementor-element-f03fc1a elementor-section-boxed elementor-section-height-default elementor-section-height-default\" data-id=\"f03fc1a\" data-element_type=\"section\" data-e-type=\"section\">\n\t\t\t\t\t\t<div class=\"elementor-container elementor-column-gap-default\">\n\t\t\t\t\t<div class=\"elementor-column elementor-col-100 elementor-top-column elementor-element elementor-element-73e6e28\" data-id=\"73e6e28\" data-element_type=\"column\" data-e-type=\"column\">\n\t\t\t<div class=\"elementor-widget-wrap elementor-element-populated\">\n\t\t\t\t\t\t<div class=\"elementor-element elementor-element-86db5f8 elementor-widget elementor-widget-spacer\" data-id=\"86db5f8\" data-element_type=\"widget\" data-e-type=\"widget\" data-widget_type=\"spacer.default\">\n\t\t\t\t<div class=\"elementor-widget-container\">\n\t\t\t\t\t\t\t<div class=\"elementor-spacer\">\n\t\t\t<div class=\"elementor-spacer-inner\"><\/div>\n\t\t<\/div>\n\t\t\t\t\t\t<\/div>\n\t\t\t\t<\/div>\n\t\t\t\t\t<\/div>\n\t\t<\/div>\n\t\t\t\t\t<\/div>\n\t\t<\/section>\n\t\t\t\t<section class=\"elementor-section elementor-top-section elementor-element elementor-element-aecb048 elementor-section-boxed elementor-section-height-default elementor-section-height-default\" data-id=\"aecb048\" data-element_type=\"section\" data-e-type=\"section\">\n\t\t\t\t\t\t<div class=\"elementor-container elementor-column-gap-default\">\n\t\t\t\t\t<div class=\"elementor-column elementor-col-100 elementor-top-column elementor-element elementor-element-92da5fb\" data-id=\"92da5fb\" data-element_type=\"column\" data-e-type=\"column\">\n\t\t\t<div class=\"elementor-widget-wrap elementor-element-populated\">\n\t\t\t\t\t\t\t<\/div>\n\t\t<\/div>\n\t\t\t\t\t<\/div>\n\t\t<\/section>\n\t\t\t\t<section class=\"elementor-section elementor-top-section elementor-element elementor-element-da2ecdd elementor-section-boxed elementor-section-height-default elementor-section-height-default\" data-id=\"da2ecdd\" data-element_type=\"section\" data-e-type=\"section\">\n\t\t\t\t\t\t<div class=\"elementor-container elementor-column-gap-default\">\n\t\t\t\t\t<div class=\"elementor-column elementor-col-100 elementor-top-column elementor-element elementor-element-042419b\" data-id=\"042419b\" data-element_type=\"column\" data-e-type=\"column\">\n\t\t\t<div class=\"elementor-widget-wrap elementor-element-populated\">\n\t\t\t\t\t\t<div class=\"elementor-element elementor-element-bac9d41 elementor-widget elementor-widget-heading\" data-id=\"bac9d41\" data-element_type=\"widget\" data-e-type=\"widget\" data-widget_type=\"heading.default\">\n\t\t\t\t<div class=\"elementor-widget-container\">\n\t\t\t\t\t<h2 class=\"elementor-heading-title elementor-size-default\">Informations g\u00e9n\u00e9rales<\/h2>\t\t\t\t<\/div>\n\t\t\t\t<\/div>\n\t\t\t\t\t<\/div>\n\t\t<\/div>\n\t\t\t\t\t<\/div>\n\t\t<\/section>\n\t\t\t\t<section class=\"elementor-section elementor-top-section elementor-element elementor-element-249d873 elementor-section-boxed elementor-section-height-default elementor-section-height-default\" data-id=\"249d873\" data-element_type=\"section\" data-e-type=\"section\">\n\t\t\t\t\t\t<div class=\"elementor-container elementor-column-gap-default\">\n\t\t\t\t\t<div class=\"elementor-column elementor-col-100 elementor-top-column elementor-element elementor-element-72cea9f\" data-id=\"72cea9f\" data-element_type=\"column\" data-e-type=\"column\">\n\t\t\t<div class=\"elementor-widget-wrap elementor-element-populated\">\n\t\t\t\t\t\t<div class=\"elementor-element elementor-element-269a799 elementor-widget elementor-widget-text-editor\" data-id=\"269a799\" data-element_type=\"widget\" data-e-type=\"widget\" data-widget_type=\"text-editor.default\">\n\t\t\t\t<div class=\"elementor-widget-container\">\n\t\t\t\t\t\t\t\t\t<p><strong>Directeur de la publication :\u00a0<br \/><\/strong><strong>Directeur de la r\u00e9daction :<br \/><\/strong><strong>Webmaster :<\/strong> H\u00e9l\u00e8ne Kieffer, Vincent Lombard, MSH-LSE<\/p><p><strong>H\u00e9bergement<\/strong>\u00a0: Site h\u00e9berg\u00e9 par la solution CMS en mode SaaS du <a href=\"https:\/\/web.msh-lse.fr\/\" target=\"_blank\" rel=\"noopener\">Service des Syst\u00e8mes d\u2019Information de la MSH de Lyon Saint-Etienne<\/a> \/ MSH Lyon-Saint-\u00c9tienne, 14 avenue Berthelot 69363 LYON Cedex 07, France,<\/p><p><strong>Conception<\/strong> : MSH Lyon St-Etienne. Site d\u00e9velopp\u00e9 sous WordPress, th\u00e8me Kadence<\/p>\t\t\t\t\t\t\t\t<\/div>\n\t\t\t\t<\/div>\n\t\t\t\t\t<\/div>\n\t\t<\/div>\n\t\t\t\t\t<\/div>\n\t\t<\/section>\n\t\t\t\t<section class=\"elementor-section elementor-top-section elementor-element elementor-element-bf965a1 elementor-section-boxed elementor-section-height-default elementor-section-height-default\" data-id=\"bf965a1\" data-element_type=\"section\" data-e-type=\"section\">\n\t\t\t\t\t\t<div class=\"elementor-container elementor-column-gap-default\">\n\t\t\t\t\t<div class=\"elementor-column elementor-col-100 elementor-top-column elementor-element elementor-element-48d1dd0\" data-id=\"48d1dd0\" data-element_type=\"column\" data-e-type=\"column\">\n\t\t\t<div class=\"elementor-widget-wrap elementor-element-populated\">\n\t\t\t\t\t\t<div class=\"elementor-element elementor-element-07f9c6d elementor-widget elementor-widget-spacer\" data-id=\"07f9c6d\" data-element_type=\"widget\" data-e-type=\"widget\" data-widget_type=\"spacer.default\">\n\t\t\t\t<div class=\"elementor-widget-container\">\n\t\t\t\t\t\t\t<div class=\"elementor-spacer\">\n\t\t\t<div class=\"elementor-spacer-inner\"><\/div>\n\t\t<\/div>\n\t\t\t\t\t\t<\/div>\n\t\t\t\t<\/div>\n\t\t\t\t\t<\/div>\n\t\t<\/div>\n\t\t\t\t\t<\/div>\n\t\t<\/section>\n\t\t\t\t<section class=\"elementor-section elementor-top-section elementor-element elementor-element-33b150d elementor-section-boxed elementor-section-height-default elementor-section-height-default\" data-id=\"33b150d\" data-element_type=\"section\" data-e-type=\"section\">\n\t\t\t\t\t\t<div class=\"elementor-container elementor-column-gap-default\">\n\t\t\t\t\t<div class=\"elementor-column elementor-col-100 elementor-top-column elementor-element elementor-element-85d9482\" data-id=\"85d9482\" data-element_type=\"column\" data-e-type=\"column\">\n\t\t\t<div class=\"elementor-widget-wrap elementor-element-populated\">\n\t\t\t\t\t\t<div class=\"elementor-element elementor-element-a77b3bc elementor-widget elementor-widget-heading\" data-id=\"a77b3bc\" data-element_type=\"widget\" data-e-type=\"widget\" data-widget_type=\"heading.default\">\n\t\t\t\t<div class=\"elementor-widget-container\">\n\t\t\t\t\t<h2 class=\"elementor-heading-title elementor-size-default\">Propri\u00e9t\u00e9 intellectuelle<\/h2>\t\t\t\t<\/div>\n\t\t\t\t<\/div>\n\t\t\t\t\t<\/div>\n\t\t<\/div>\n\t\t\t\t\t<\/div>\n\t\t<\/section>\n\t\t\t\t<section class=\"elementor-section elementor-top-section elementor-element elementor-element-7cbd43c elementor-section-boxed elementor-section-height-default elementor-section-height-default\" data-id=\"7cbd43c\" data-element_type=\"section\" data-e-type=\"section\">\n\t\t\t\t\t\t<div class=\"elementor-container elementor-column-gap-default\">\n\t\t\t\t\t<div class=\"elementor-column elementor-col-100 elementor-top-column elementor-element elementor-element-1655d3d\" data-id=\"1655d3d\" data-element_type=\"column\" data-e-type=\"column\">\n\t\t\t<div class=\"elementor-widget-wrap elementor-element-populated\">\n\t\t\t\t\t\t<div class=\"elementor-element elementor-element-2979ee4 elementor-widget elementor-widget-text-editor\" data-id=\"2979ee4\" data-element_type=\"widget\" data-e-type=\"widget\" data-widget_type=\"text-editor.default\">\n\t\t\t\t<div class=\"elementor-widget-container\">\n\t\t\t\t\t\t\t\t\t<section class=\"elementor-section elementor-top-section elementor-element elementor-element-8072db0 elementor-section-boxed elementor-section-height-default elementor-section-height-default\" data-id=\"8072db0\" data-element_type=\"section\" data-settings=\"{&quot;background_background&quot;:&quot;classic&quot;}\"><div class=\"elementor-container elementor-column-gap-default\"><div class=\"elementor-column elementor-col-100 elementor-top-column elementor-element elementor-element-71374b6\" data-id=\"71374b6\" data-element_type=\"column\" data-settings=\"{&quot;background_background&quot;:&quot;classic&quot;}\"><div class=\"elementor-widget-wrap elementor-element-populated\"><div class=\"elementor-element elementor-element-29cc6c7 elementor-widget elementor-widget-text-editor\" data-id=\"29cc6c7\" data-element_type=\"widget\" data-widget_type=\"text-editor.default\"><div class=\"elementor-widget-container\"><p style=\"text-align: justify\">Le site <strong>P2S<\/strong> est une \u0153uvre de cr\u00e9ation, il rel\u00e8ve de la l\u00e9gislation fran\u00e7aise et internationale sur le droit de la propri\u00e9t\u00e9 intellectuelle.<br \/>Tous les droits de reproduction sont r\u00e9serv\u00e9s. Le principe de la courte citation doit \u00eatre respect\u00e9 sous r\u00e9serve d\u2019en mentionner l\u2019origine par un lien vers la page cit\u00e9e (ou, par d\u00e9faut la page d\u2019accueil) ou dans le cas d\u2019une reproduction sur support physique, par la mention de l\u2019auteur et de l\u2019adresse URL de la page cit\u00e9e. La reproduction de tout ou partie, substantielle, du contenu de ce site, par quelque proc\u00e9d\u00e9 que ce soit, doit faire l\u2019objet d\u2019une autorisation.<\/p><\/div><\/div><\/div><\/div><\/div><\/section>\t\t\t\t\t\t\t\t<\/div>\n\t\t\t\t<\/div>\n\t\t\t\t<div class=\"elementor-element elementor-element-fda7f3c elementor-widget elementor-widget-spacer\" data-id=\"fda7f3c\" data-element_type=\"widget\" data-e-type=\"widget\" data-widget_type=\"spacer.default\">\n\t\t\t\t<div class=\"elementor-widget-container\">\n\t\t\t\t\t\t\t<div class=\"elementor-spacer\">\n\t\t\t<div class=\"elementor-spacer-inner\"><\/div>\n\t\t<\/div>\n\t\t\t\t\t\t<\/div>\n\t\t\t\t<\/div>\n\t\t\t\t\t<\/div>\n\t\t<\/div>\n\t\t\t\t\t<\/div>\n\t\t<\/section>\n\t\t\t\t<section class=\"elementor-section elementor-top-section elementor-element elementor-element-ee2c991 elementor-section-boxed elementor-section-height-default elementor-section-height-default\" data-id=\"ee2c991\" data-element_type=\"section\" data-e-type=\"section\">\n\t\t\t\t\t\t<div class=\"elementor-container elementor-column-gap-default\">\n\t\t\t\t\t<div class=\"elementor-column elementor-col-100 elementor-top-column elementor-element elementor-element-58e1f21\" data-id=\"58e1f21\" data-element_type=\"column\" data-e-type=\"column\">\n\t\t\t<div class=\"elementor-widget-wrap elementor-element-populated\">\n\t\t\t\t\t\t<div class=\"elementor-element elementor-element-3af806f elementor-widget elementor-widget-heading\" data-id=\"3af806f\" data-element_type=\"widget\" data-e-type=\"widget\" data-widget_type=\"heading.default\">\n\t\t\t\t<div class=\"elementor-widget-container\">\n\t\t\t\t\t<h2 class=\"elementor-heading-title elementor-size-default\">Liens hypertextes<\/h2>\t\t\t\t<\/div>\n\t\t\t\t<\/div>\n\t\t\t\t\t<\/div>\n\t\t<\/div>\n\t\t\t\t\t<\/div>\n\t\t<\/section>\n\t\t\t\t<section class=\"elementor-section elementor-top-section elementor-element elementor-element-9be8408 elementor-section-boxed elementor-section-height-default elementor-section-height-default\" data-id=\"9be8408\" data-element_type=\"section\" data-e-type=\"section\">\n\t\t\t\t\t\t<div class=\"elementor-container elementor-column-gap-default\">\n\t\t\t\t\t<div class=\"elementor-column elementor-col-100 elementor-top-column elementor-element elementor-element-e769316\" data-id=\"e769316\" data-element_type=\"column\" data-e-type=\"column\">\n\t\t\t<div class=\"elementor-widget-wrap elementor-element-populated\">\n\t\t\t\t\t\t<div class=\"elementor-element elementor-element-5d61b6f elementor-widget elementor-widget-text-editor\" data-id=\"5d61b6f\" data-element_type=\"widget\" data-e-type=\"widget\" data-widget_type=\"text-editor.default\">\n\t\t\t\t<div class=\"elementor-widget-container\">\n\t\t\t\t\t\t\t\t\t<p>Les liens hypertextes mis en place par des tiers et pointant vers des pages ou des documents diffus\u00e9s sur le site <strong>P2S<\/strong>, sont autoris\u00e9s sous r\u00e9serve qu\u2019ils ne nuisent pas \u00e0 son contenu en le d\u00e9naturant ou en lui portant atteinte et qu\u2019ils permettent \u00e0 l\u2019utilisateur d\u2019identifier l\u2019origine et l\u2019auteur du document.<\/p>\t\t\t\t\t\t\t\t<\/div>\n\t\t\t\t<\/div>\n\t\t\t\t\t<\/div>\n\t\t<\/div>\n\t\t\t\t\t<\/div>\n\t\t<\/section>\n\t\t\t\t<section class=\"elementor-section elementor-top-section elementor-element elementor-element-ce559ab elementor-section-boxed elementor-section-height-default elementor-section-height-default\" data-id=\"ce559ab\" data-element_type=\"section\" data-e-type=\"section\">\n\t\t\t\t\t\t<div class=\"elementor-container elementor-column-gap-default\">\n\t\t\t\t\t<div class=\"elementor-column elementor-col-100 elementor-top-column elementor-element elementor-element-7424c4f\" data-id=\"7424c4f\" data-element_type=\"column\" data-e-type=\"column\">\n\t\t\t<div class=\"elementor-widget-wrap elementor-element-populated\">\n\t\t\t\t\t\t<div class=\"elementor-element elementor-element-f5cc303 elementor-widget elementor-widget-spacer\" data-id=\"f5cc303\" data-element_type=\"widget\" data-e-type=\"widget\" data-widget_type=\"spacer.default\">\n\t\t\t\t<div class=\"elementor-widget-container\">\n\t\t\t\t\t\t\t<div class=\"elementor-spacer\">\n\t\t\t<div class=\"elementor-spacer-inner\"><\/div>\n\t\t<\/div>\n\t\t\t\t\t\t<\/div>\n\t\t\t\t<\/div>\n\t\t\t\t\t<\/div>\n\t\t<\/div>\n\t\t\t\t\t<\/div>\n\t\t<\/section>\n\t\t\t\t<section class=\"elementor-section elementor-top-section elementor-element elementor-element-c418d73 elementor-section-boxed elementor-section-height-default elementor-section-height-default\" data-id=\"c418d73\" data-element_type=\"section\" data-e-type=\"section\">\n\t\t\t\t\t\t<div class=\"elementor-container elementor-column-gap-default\">\n\t\t\t\t\t<div class=\"elementor-column elementor-col-100 elementor-top-column elementor-element elementor-element-e656d16\" data-id=\"e656d16\" data-element_type=\"column\" data-e-type=\"column\">\n\t\t\t<div class=\"elementor-widget-wrap elementor-element-populated\">\n\t\t\t\t\t\t<div class=\"elementor-element elementor-element-c0d5ddc elementor-widget elementor-widget-heading\" data-id=\"c0d5ddc\" data-element_type=\"widget\" data-e-type=\"widget\" data-widget_type=\"heading.default\">\n\t\t\t\t<div class=\"elementor-widget-container\">\n\t\t\t\t\t<h2 class=\"elementor-heading-title elementor-size-default\">Clause de non-responsabilit\u00e9<\/h2>\t\t\t\t<\/div>\n\t\t\t\t<\/div>\n\t\t\t\t\t<\/div>\n\t\t<\/div>\n\t\t\t\t\t<\/div>\n\t\t<\/section>\n\t\t\t\t<section class=\"elementor-section elementor-top-section elementor-element elementor-element-3c88264 elementor-section-boxed elementor-section-height-default elementor-section-height-default\" data-id=\"3c88264\" data-element_type=\"section\" data-e-type=\"section\">\n\t\t\t\t\t\t<div class=\"elementor-container elementor-column-gap-default\">\n\t\t\t\t\t<div class=\"elementor-column elementor-col-100 elementor-top-column elementor-element elementor-element-9e040b7\" data-id=\"9e040b7\" data-element_type=\"column\" data-e-type=\"column\">\n\t\t\t<div class=\"elementor-widget-wrap elementor-element-populated\">\n\t\t\t\t\t\t<div class=\"elementor-element elementor-element-3660cb3 elementor-widget elementor-widget-text-editor\" data-id=\"3660cb3\" data-element_type=\"widget\" data-e-type=\"widget\" data-widget_type=\"text-editor.default\">\n\t\t\t\t<div class=\"elementor-widget-container\">\n\t\t\t\t\t\t\t\t\t<p style=\"text-align: justify\">La responsabilit\u00e9 du site <strong>P2S<\/strong> ne peut, en aucune mani\u00e8re, \u00eatre engag\u00e9e quant au contenu des informations figurant sur ce site ou aux cons\u00e9quences pouvant r\u00e9sulter de leur utilisation ou interpr\u00e9tation.<\/p>\t\t\t\t\t\t\t\t<\/div>\n\t\t\t\t<\/div>\n\t\t\t\t\t<\/div>\n\t\t<\/div>\n\t\t\t\t\t<\/div>\n\t\t<\/section>\n\t\t\t\t<section class=\"elementor-section elementor-top-section elementor-element elementor-element-55b83f5 elementor-section-boxed elementor-section-height-default elementor-section-height-default\" data-id=\"55b83f5\" data-element_type=\"section\" data-e-type=\"section\">\n\t\t\t\t\t\t<div class=\"elementor-container elementor-column-gap-default\">\n\t\t\t\t\t<div class=\"elementor-column elementor-col-100 elementor-top-column elementor-element elementor-element-3f7272f\" data-id=\"3f7272f\" data-element_type=\"column\" data-e-type=\"column\">\n\t\t\t<div class=\"elementor-widget-wrap elementor-element-populated\">\n\t\t\t\t\t\t<div class=\"elementor-element elementor-element-e4f2ba1 elementor-widget elementor-widget-spacer\" data-id=\"e4f2ba1\" data-element_type=\"widget\" data-e-type=\"widget\" data-widget_type=\"spacer.default\">\n\t\t\t\t<div class=\"elementor-widget-container\">\n\t\t\t\t\t\t\t<div class=\"elementor-spacer\">\n\t\t\t<div class=\"elementor-spacer-inner\"><\/div>\n\t\t<\/div>\n\t\t\t\t\t\t<\/div>\n\t\t\t\t<\/div>\n\t\t\t\t\t<\/div>\n\t\t<\/div>\n\t\t\t\t\t<\/div>\n\t\t<\/section>\n\t\t\t\t<section class=\"elementor-section elementor-top-section elementor-element elementor-element-47761b1 elementor-section-boxed elementor-section-height-default elementor-section-height-default\" data-id=\"47761b1\" data-element_type=\"section\" data-e-type=\"section\">\n\t\t\t\t\t\t<div class=\"elementor-container elementor-column-gap-default\">\n\t\t\t\t\t<div class=\"elementor-column elementor-col-100 elementor-top-column elementor-element elementor-element-66025aa\" data-id=\"66025aa\" data-element_type=\"column\" data-e-type=\"column\">\n\t\t\t<div class=\"elementor-widget-wrap elementor-element-populated\">\n\t\t\t\t\t\t<div class=\"elementor-element elementor-element-a8de0c4 elementor-widget elementor-widget-heading\" data-id=\"a8de0c4\" data-element_type=\"widget\" data-e-type=\"widget\" data-widget_type=\"heading.default\">\n\t\t\t\t<div class=\"elementor-widget-container\">\n\t\t\t\t\t<h2 class=\"elementor-heading-title elementor-size-default\">Protection des donn\u00e9es \u00e0 caract\u00e8re personnel<\/h2>\t\t\t\t<\/div>\n\t\t\t\t<\/div>\n\t\t\t\t\t<\/div>\n\t\t<\/div>\n\t\t\t\t\t<\/div>\n\t\t<\/section>\n\t\t\t\t<section class=\"elementor-section elementor-top-section elementor-element elementor-element-315304d elementor-section-boxed elementor-section-height-default elementor-section-height-default\" data-id=\"315304d\" data-element_type=\"section\" data-e-type=\"section\">\n\t\t\t\t\t\t<div class=\"elementor-container elementor-column-gap-default\">\n\t\t\t\t\t<div class=\"elementor-column elementor-col-100 elementor-top-column elementor-element elementor-element-7d6814b\" data-id=\"7d6814b\" data-element_type=\"column\" data-e-type=\"column\">\n\t\t\t<div class=\"elementor-widget-wrap elementor-element-populated\">\n\t\t\t\t\t\t<div class=\"elementor-element elementor-element-7fed3df elementor-widget elementor-widget-text-editor\" data-id=\"7fed3df\" data-element_type=\"widget\" data-e-type=\"widget\" data-widget_type=\"text-editor.default\">\n\t\t\t\t<div class=\"elementor-widget-container\">\n\t\t\t\t\t\t\t\t\t<p>Dans le cadre de ses activit\u00e9s, l\u2019Universit\u00e9 Claude Bernard Lyon 1 met en \u0153uvre des traitements de donn\u00e9es \u00e0 caract\u00e8re personnel, qui sont impos\u00e9s par la r\u00e9glementation en vigueur ou qui sont n\u00e9cessaires au bon exercice des missions qui lui sont confi\u00e9es.<\/p><p>Les structures internes de l\u2019Universit\u00e9 assurant la gestion op\u00e9rationnelle d\u2019un traitement de donn\u00e9es \u00e0 caract\u00e8re personnel sont charg\u00e9es de mettre \u00e0 disposition des personnes concern\u00e9es par celui-ci les informations relatives aux caract\u00e9ristiques dudit traitement ainsi qu\u2019aux droits dont disposent les individus sur leurs donn\u00e9es et \u00e0 leurs modalit\u00e9s d\u2019exercice.<\/p><p><strong>Toute personne souhaitant exercer les droits qui lui sont reconnus par la r\u00e9glementation en vigueur<\/strong>\u00a0(sur les donn\u00e9es la concernant et qui sont utilis\u00e9es par l\u2019\u00e9tablissement en vue de certaines finalit\u00e9s)\u00a0<strong>est invit\u00e9e \u00e0 se tourner en priorit\u00e9 aupr\u00e8s de l\u2019interlocuteur identifi\u00e9 dans la notice d\u2019information du traitement vis\u00e9<\/strong>.<\/p>\t\t\t\t\t\t\t\t<\/div>\n\t\t\t\t<\/div>\n\t\t\t\t\t<\/div>\n\t\t<\/div>\n\t\t\t\t\t<\/div>\n\t\t<\/section>\n\t\t\t\t<section class=\"elementor-section elementor-top-section elementor-element elementor-element-78f7066 elementor-section-boxed elementor-section-height-default elementor-section-height-default\" data-id=\"78f7066\" data-element_type=\"section\" data-e-type=\"section\">\n\t\t\t\t\t\t<div class=\"elementor-container elementor-column-gap-default\">\n\t\t\t\t\t<div class=\"elementor-column elementor-col-100 elementor-top-column elementor-element elementor-element-1b79dfa\" data-id=\"1b79dfa\" data-element_type=\"column\" data-e-type=\"column\">\n\t\t\t<div class=\"elementor-widget-wrap elementor-element-populated\">\n\t\t\t\t\t\t<div class=\"elementor-element elementor-element-c77a67a elementor-widget elementor-widget-spacer\" data-id=\"c77a67a\" data-element_type=\"widget\" data-e-type=\"widget\" data-widget_type=\"spacer.default\">\n\t\t\t\t<div class=\"elementor-widget-container\">\n\t\t\t\t\t\t\t<div class=\"elementor-spacer\">\n\t\t\t<div class=\"elementor-spacer-inner\"><\/div>\n\t\t<\/div>\n\t\t\t\t\t\t<\/div>\n\t\t\t\t<\/div>\n\t\t\t\t\t<\/div>\n\t\t<\/div>\n\t\t\t\t\t<\/div>\n\t\t<\/section>\n\t\t\t\t<\/div>\n\t\t","protected":false},"excerpt":{"rendered":"<p>Mentions l\u00e9gales Informations g\u00e9n\u00e9rales Directeur de la publication :\u00a0Directeur de la r\u00e9daction :Webmaster : H\u00e9l\u00e8ne Kieffer, Vincent Lombard, MSH-LSE H\u00e9bergement\u00a0: Site h\u00e9berg\u00e9 par la solution CMS en mode SaaS du Service des Syst\u00e8mes d\u2019Information de la MSH de Lyon Saint-Etienne \/ MSH Lyon-Saint-\u00c9tienne, 14 avenue Berthelot 69363 LYON Cedex 07, France, Conception : MSH Lyon&#8230;<\/p>\n","protected":false},"author":23,"featured_media":0,"parent":0,"menu_order":0,"comment_status":"closed","ping_status":"closed","template":"","meta":{"_kadence_starter_templates_imported_post":false,"_kad_post_transparent":"","_kad_post_title":"hide","_kad_post_layout":"fullwidth","_kad_post_sidebar_id":"","_kad_post_content_style":"unboxed","_kad_post_vertical_padding":"hide","_kad_post_feature":"hide","_kad_post_feature_position":"","_kad_post_header":false,"_kad_post_footer":false,"_kad_post_classname":"","footnotes":""},"class_list":["post-234","page","type-page","status-publish","hentry"],"_links":{"self":[{"href":"https:\/\/web.msh-lse.fr\/p2s\/wp-json\/wp\/v2\/pages\/234","targetHints":{"allow":["GET"]}}],"collection":[{"href":"https:\/\/web.msh-lse.fr\/p2s\/wp-json\/wp\/v2\/pages"}],"about":[{"href":"https:\/\/web.msh-lse.fr\/p2s\/wp-json\/wp\/v2\/types\/page"}],"author":[{"embeddable":true,"href":"https:\/\/web.msh-lse.fr\/p2s\/wp-json\/wp\/v2\/users\/23"}],"replies":[{"embeddable":true,"href":"https:\/\/web.msh-lse.fr\/p2s\/wp-json\/wp\/v2\/comments?post=234"}],"version-history":[{"count":16,"href":"https:\/\/web.msh-lse.fr\/p2s\/wp-json\/wp\/v2\/pages\/234\/revisions"}],"predecessor-version":[{"id":5284,"href":"https:\/\/web.msh-lse.fr\/p2s\/wp-json\/wp\/v2\/pages\/234\/revisions\/5284"}],"wp:attachment":[{"href":"https:\/\/web.msh-lse.fr\/p2s\/wp-json\/wp\/v2\/media?parent=234"}],"curies":[{"name":"wp","href":"https:\/\/api.w.org\/{rel}","templated":true}]}}