{"id":178,"date":"2024-03-28T10:14:08","date_gmt":"2024-03-28T09:14:08","guid":{"rendered":"https:\/\/web.msh-lse.fr\/p2s\/?page_id=178"},"modified":"2024-10-07T15:23:26","modified_gmt":"2024-10-07T13:23:26","slug":"axe-2-parcours-systemique-et-interactions","status":"publish","type":"page","link":"https:\/\/web.msh-lse.fr\/p2s\/axe-2-parcours-systemique-et-interactions\/","title":{"rendered":"Axe 2 Parcours, syst\u00e9mique et interactions"},"content":{"rendered":"\t\t<div data-elementor-type=\"wp-page\" data-elementor-id=\"178\" class=\"elementor elementor-178\" data-elementor-post-type=\"page\">\n\t\t\t\t\t\t<section class=\"elementor-section elementor-top-section elementor-element elementor-element-fc8d797 elementor-section-boxed elementor-section-height-default elementor-section-height-default\" data-id=\"fc8d797\" data-element_type=\"section\" data-e-type=\"section\" data-settings=\"{&quot;background_background&quot;:&quot;classic&quot;}\">\n\t\t\t\t\t\t<div class=\"elementor-container elementor-column-gap-default\">\n\t\t\t\t\t<div class=\"elementor-column elementor-col-100 elementor-top-column elementor-element elementor-element-06d3ee9\" data-id=\"06d3ee9\" data-element_type=\"column\" data-e-type=\"column\">\n\t\t\t<div class=\"elementor-widget-wrap\">\n\t\t\t\t\t\t\t<\/div>\n\t\t<\/div>\n\t\t\t\t\t<\/div>\n\t\t<\/section>\n\t\t\t\t<section class=\"elementor-section elementor-top-section elementor-element elementor-element-967f8db elementor-section-boxed elementor-section-height-default elementor-section-height-default\" data-id=\"967f8db\" data-element_type=\"section\" data-e-type=\"section\">\n\t\t\t\t\t\t<div class=\"elementor-container elementor-column-gap-default\">\n\t\t\t\t\t<div class=\"elementor-column elementor-col-100 elementor-top-column elementor-element elementor-element-2890acd\" data-id=\"2890acd\" data-element_type=\"column\" data-e-type=\"column\">\n\t\t\t<div class=\"elementor-widget-wrap elementor-element-populated\">\n\t\t\t\t\t\t<div class=\"elementor-element elementor-element-f4aaed0 elementor-widget elementor-widget-spacer\" data-id=\"f4aaed0\" data-element_type=\"widget\" data-e-type=\"widget\" data-widget_type=\"spacer.default\">\n\t\t\t\t<div class=\"elementor-widget-container\">\n\t\t\t\t\t\t\t<div class=\"elementor-spacer\">\n\t\t\t<div class=\"elementor-spacer-inner\"><\/div>\n\t\t<\/div>\n\t\t\t\t\t\t<\/div>\n\t\t\t\t<\/div>\n\t\t\t\t\t<\/div>\n\t\t<\/div>\n\t\t\t\t\t<\/div>\n\t\t<\/section>\n\t\t\t\t<section class=\"elementor-section elementor-top-section elementor-element elementor-element-c5a8112 elementor-section-boxed elementor-section-height-default elementor-section-height-default\" data-id=\"c5a8112\" data-element_type=\"section\" data-e-type=\"section\">\n\t\t\t\t\t\t<div class=\"elementor-container elementor-column-gap-default\">\n\t\t\t\t\t<div class=\"elementor-column elementor-col-100 elementor-top-column elementor-element elementor-element-ee8ab9e\" data-id=\"ee8ab9e\" data-element_type=\"column\" data-e-type=\"column\">\n\t\t\t<div class=\"elementor-widget-wrap elementor-element-populated\">\n\t\t\t\t\t\t<div class=\"elementor-element elementor-element-1c1abea elementor-widget elementor-widget-heading\" data-id=\"1c1abea\" data-element_type=\"widget\" data-e-type=\"widget\" data-widget_type=\"heading.default\">\n\t\t\t\t<div class=\"elementor-widget-container\">\n\t\t\t\t\t<h2 class=\"elementor-heading-title elementor-size-default\">Axe 2 : Parcours, syst\u00e9mique et interactions<\/h2>\t\t\t\t<\/div>\n\t\t\t\t<\/div>\n\t\t\t\t\t<\/div>\n\t\t<\/div>\n\t\t\t\t\t<\/div>\n\t\t<\/section>\n\t\t\t\t<section class=\"elementor-section elementor-top-section elementor-element elementor-element-697e9ff elementor-section-boxed elementor-section-height-default elementor-section-height-default\" data-id=\"697e9ff\" data-element_type=\"section\" data-e-type=\"section\">\n\t\t\t\t\t\t<div class=\"elementor-container elementor-column-gap-default\">\n\t\t\t\t\t<div class=\"elementor-column elementor-col-100 elementor-top-column elementor-element elementor-element-5a4494b\" data-id=\"5a4494b\" data-element_type=\"column\" data-e-type=\"column\">\n\t\t\t<div class=\"elementor-widget-wrap elementor-element-populated\">\n\t\t\t\t\t\t<div class=\"elementor-element elementor-element-45465fb elementor-widget elementor-widget-text-editor\" data-id=\"45465fb\" data-element_type=\"widget\" data-e-type=\"widget\" data-widget_type=\"text-editor.default\">\n\t\t\t\t<div class=\"elementor-widget-container\">\n\t\t\t\t\t\t\t\t\t<h4><span style=\"color: #000080\">Responsables : Val\u00e9rie SIRANYAN et Emily DARLINGTON<\/span><\/h4>\t\t\t\t\t\t\t\t<\/div>\n\t\t\t\t<\/div>\n\t\t\t\t\t<\/div>\n\t\t<\/div>\n\t\t\t\t\t<\/div>\n\t\t<\/section>\n\t\t\t\t<section class=\"elementor-section elementor-top-section elementor-element elementor-element-f03fc1a elementor-section-boxed elementor-section-height-default elementor-section-height-default\" data-id=\"f03fc1a\" data-element_type=\"section\" data-e-type=\"section\">\n\t\t\t\t\t\t<div class=\"elementor-container elementor-column-gap-default\">\n\t\t\t\t\t<div class=\"elementor-column elementor-col-100 elementor-top-column elementor-element elementor-element-73e6e28\" data-id=\"73e6e28\" data-element_type=\"column\" data-e-type=\"column\">\n\t\t\t<div class=\"elementor-widget-wrap elementor-element-populated\">\n\t\t\t\t\t\t<div class=\"elementor-element elementor-element-86db5f8 elementor-widget elementor-widget-spacer\" data-id=\"86db5f8\" data-element_type=\"widget\" data-e-type=\"widget\" data-widget_type=\"spacer.default\">\n\t\t\t\t<div class=\"elementor-widget-container\">\n\t\t\t\t\t\t\t<div class=\"elementor-spacer\">\n\t\t\t<div class=\"elementor-spacer-inner\"><\/div>\n\t\t<\/div>\n\t\t\t\t\t\t<\/div>\n\t\t\t\t<\/div>\n\t\t\t\t<div class=\"elementor-element elementor-element-9fee355 elementor-widget elementor-widget-image\" data-id=\"9fee355\" data-element_type=\"widget\" data-e-type=\"widget\" data-widget_type=\"image.default\">\n\t\t\t\t<div class=\"elementor-widget-container\">\n\t\t\t\t\t\t\t\t\t\t\t\t\t\t\t<img fetchpriority=\"high\" decoding=\"async\" width=\"1024\" height=\"576\" src=\"https:\/\/web.msh-lse.fr\/p2s\/wp-content\/uploads\/sites\/33\/2024\/07\/Axe-2.pptx-1024x576.jpg\" class=\"attachment-large size-large wp-image-2273\" alt=\"\" srcset=\"https:\/\/web.msh-lse.fr\/p2s\/wp-content\/uploads\/sites\/33\/2024\/07\/Axe-2.pptx-1024x576.jpg 1024w, https:\/\/web.msh-lse.fr\/p2s\/wp-content\/uploads\/sites\/33\/2024\/07\/Axe-2.pptx-300x169.jpg 300w, https:\/\/web.msh-lse.fr\/p2s\/wp-content\/uploads\/sites\/33\/2024\/07\/Axe-2.pptx-768x432.jpg 768w, https:\/\/web.msh-lse.fr\/p2s\/wp-content\/uploads\/sites\/33\/2024\/07\/Axe-2.pptx-1536x864.jpg 1536w, https:\/\/web.msh-lse.fr\/p2s\/wp-content\/uploads\/sites\/33\/2024\/07\/Axe-2.pptx.jpg 1920w\" sizes=\"(max-width: 1024px) 100vw, 1024px\" \/>\t\t\t\t\t\t\t\t\t\t\t\t\t\t\t<\/div>\n\t\t\t\t<\/div>\n\t\t\t\t\t<\/div>\n\t\t<\/div>\n\t\t\t\t\t<\/div>\n\t\t<\/section>\n\t\t\t\t<section class=\"elementor-section elementor-top-section elementor-element elementor-element-aecb048 elementor-section-boxed elementor-section-height-default elementor-section-height-default\" data-id=\"aecb048\" data-element_type=\"section\" data-e-type=\"section\">\n\t\t\t\t\t\t<div class=\"elementor-container elementor-column-gap-default\">\n\t\t\t\t\t<div class=\"elementor-column elementor-col-100 elementor-top-column elementor-element elementor-element-92da5fb\" data-id=\"92da5fb\" data-element_type=\"column\" data-e-type=\"column\">\n\t\t\t<div class=\"elementor-widget-wrap elementor-element-populated\">\n\t\t\t\t\t\t<div class=\"elementor-element elementor-element-17e1be1 elementor-widget elementor-widget-text-editor\" data-id=\"17e1be1\" data-element_type=\"widget\" data-e-type=\"widget\" data-widget_type=\"text-editor.default\">\n\t\t\t\t<div class=\"elementor-widget-container\">\n\t\t\t\t\t\t\t\t\t<p style=\"text-align: justify\"><span style=\"color: #000000\">Les activit\u00e9s de l\u2019axe 2 visent notamment \u00e0 d\u00e9velopper une approche interdisciplinaire entre les sciences humaines et sociales (notamment les sciences de l\u2019Education et de la formation) et un questionnement en sant\u00e9, dans le contexte complexe de d\u00e9veloppement de la d\u00e9mocratie sanitaire et de la transition \u00e9pid\u00e9miologique. Si le droit \u00e0 la protection de la sant\u00e9 est d\u00e9sormais reconnu par de nombreuses conventions internationales, pour l&rsquo;\u00e9gal acc\u00e8s de chacun aux soins, la mise en \u0153uvre la promotion de la sant\u00e9 et de parcours de vie adapt\u00e9s aux besoins des patients, \u00e0 la recherche d\u2019une plus grande autonomie demeure un enjeu majeur de sant\u00e9 publique. Savoir guider et accompagner exige la reconnaissance d\u2019une conception renouvel\u00e9e de la relation entre acteurs de la sant\u00e9 et populations et entre professionnels et patients.<\/span><\/p><p style=\"text-align: justify\"><span style=\"color: #000000\">La prise en compte des h\u00e9t\u00e9rog\u00e9n\u00e9it\u00e9s dans une soci\u00e9t\u00e9 normalis\u00e9e constitue le premier pas pour la construction d\u2019une d\u00e9mocratie sanitaire participative. L\u2019apport des sciences humaines et sociales permet alors de s\u2019interroger sur les m\u00e9canismes complexes en jeu entre la sph\u00e8re priv\u00e9e et celle du citoyen dans le d\u00e9bat public et la construction des comp\u00e9tences psychosociales comme sur la r\u00e9duction des in\u00e9galit\u00e9s dont les dimensions \u00e9ducatives, psychologiques et sociales sont centrales et pose la question des formes d\u2019\u00e9valuation que requiert cette complexit\u00e9.<\/span><\/p>\t\t\t\t\t\t\t\t<\/div>\n\t\t\t\t<\/div>\n\t\t\t\t\t<\/div>\n\t\t<\/div>\n\t\t\t\t\t<\/div>\n\t\t<\/section>\n\t\t\t\t<\/div>\n\t\t","protected":false},"excerpt":{"rendered":"<p>Axe 2 : Parcours, syst\u00e9mique et interactions Responsables : Val\u00e9rie SIRANYAN et Emily DARLINGTON Les activit\u00e9s de l\u2019axe 2 visent notamment \u00e0 d\u00e9velopper une approche interdisciplinaire entre les sciences humaines et sociales (notamment les sciences de l\u2019Education et de la formation) et un questionnement en sant\u00e9, dans le contexte complexe de d\u00e9veloppement de la d\u00e9mocratie&#8230;<\/p>\n","protected":false},"author":23,"featured_media":0,"parent":0,"menu_order":0,"comment_status":"closed","ping_status":"closed","template":"","meta":{"_kadence_starter_templates_imported_post":false,"_kad_post_transparent":"","_kad_post_title":"hide","_kad_post_layout":"fullwidth","_kad_post_sidebar_id":"","_kad_post_content_style":"unboxed","_kad_post_vertical_padding":"hide","_kad_post_feature":"hide","_kad_post_feature_position":"","_kad_post_header":false,"_kad_post_footer":false,"_kad_post_classname":"","footnotes":""},"class_list":["post-178","page","type-page","status-publish","hentry"],"_links":{"self":[{"href":"https:\/\/web.msh-lse.fr\/p2s\/wp-json\/wp\/v2\/pages\/178","targetHints":{"allow":["GET"]}}],"collection":[{"href":"https:\/\/web.msh-lse.fr\/p2s\/wp-json\/wp\/v2\/pages"}],"about":[{"href":"https:\/\/web.msh-lse.fr\/p2s\/wp-json\/wp\/v2\/types\/page"}],"author":[{"embeddable":true,"href":"https:\/\/web.msh-lse.fr\/p2s\/wp-json\/wp\/v2\/users\/23"}],"replies":[{"embeddable":true,"href":"https:\/\/web.msh-lse.fr\/p2s\/wp-json\/wp\/v2\/comments?post=178"}],"version-history":[{"count":41,"href":"https:\/\/web.msh-lse.fr\/p2s\/wp-json\/wp\/v2\/pages\/178\/revisions"}],"predecessor-version":[{"id":5384,"href":"https:\/\/web.msh-lse.fr\/p2s\/wp-json\/wp\/v2\/pages\/178\/revisions\/5384"}],"wp:attachment":[{"href":"https:\/\/web.msh-lse.fr\/p2s\/wp-json\/wp\/v2\/media?parent=178"}],"curies":[{"name":"wp","href":"https:\/\/api.w.org\/{rel}","templated":true}]}}