{"id":46,"date":"2026-01-08T10:54:19","date_gmt":"2026-01-08T09:54:19","guid":{"rendered":"https:\/\/web.msh-lse.fr\/metaversic\/?page_id=46"},"modified":"2026-02-27T16:14:14","modified_gmt":"2026-02-27T15:14:14","slug":"mentions-legales","status":"publish","type":"page","link":"https:\/\/web.msh-lse.fr\/metaversic\/mentions-legales\/","title":{"rendered":"Mentions l\u00e9gales"},"content":{"rendered":"\t\t<div data-elementor-type=\"wp-page\" data-elementor-id=\"46\" class=\"elementor elementor-46\" data-elementor-post-type=\"page\">\n\t\t\t\t\t\t<section class=\"elementor-section elementor-top-section elementor-element elementor-element-5754194 elementor-section-height-min-height elementor-section-boxed elementor-section-height-default elementor-section-items-middle\" data-id=\"5754194\" data-element_type=\"section\" data-e-type=\"section\" data-settings=\"{&quot;background_background&quot;:&quot;classic&quot;}\">\n\t\t\t\t\t\t<div class=\"elementor-container elementor-column-gap-default\">\n\t\t\t\t\t<div class=\"elementor-column elementor-col-100 elementor-top-column elementor-element elementor-element-692ed72\" data-id=\"692ed72\" data-element_type=\"column\" data-e-type=\"column\">\n\t\t\t<div class=\"elementor-widget-wrap\">\n\t\t\t\t\t\t\t<\/div>\n\t\t<\/div>\n\t\t\t\t\t<\/div>\n\t\t<\/section>\n\t\t\t\t<section class=\"elementor-section elementor-top-section elementor-element elementor-element-ec126c1 elementor-section-boxed elementor-section-height-default elementor-section-height-default\" data-id=\"ec126c1\" data-element_type=\"section\" data-e-type=\"section\">\n\t\t\t\t\t\t<div class=\"elementor-container elementor-column-gap-default\">\n\t\t\t\t\t<div class=\"elementor-column elementor-col-100 elementor-top-column elementor-element elementor-element-1976f69\" data-id=\"1976f69\" data-element_type=\"column\" data-e-type=\"column\">\n\t\t\t<div class=\"elementor-widget-wrap elementor-element-populated\">\n\t\t\t\t\t\t<div class=\"elementor-element elementor-element-a236474 elementor-widget elementor-widget-spacer\" data-id=\"a236474\" data-element_type=\"widget\" data-e-type=\"widget\" data-widget_type=\"spacer.default\">\n\t\t\t\t\t\t\t<div class=\"elementor-spacer\">\n\t\t\t<div class=\"elementor-spacer-inner\"><\/div>\n\t\t<\/div>\n\t\t\t\t\t\t<\/div>\n\t\t\t\t\t<\/div>\n\t\t<\/div>\n\t\t\t\t\t<\/div>\n\t\t<\/section>\n\t\t\t\t<section class=\"elementor-section elementor-top-section elementor-element elementor-element-d5ac26d elementor-section-boxed elementor-section-height-default elementor-section-height-default\" data-id=\"d5ac26d\" data-element_type=\"section\" data-e-type=\"section\">\n\t\t\t\t\t\t<div class=\"elementor-container elementor-column-gap-default\">\n\t\t\t\t\t<div class=\"elementor-column elementor-col-100 elementor-top-column elementor-element elementor-element-e5b9344\" data-id=\"e5b9344\" data-element_type=\"column\" data-e-type=\"column\">\n\t\t\t<div class=\"elementor-widget-wrap elementor-element-populated\">\n\t\t\t\t\t\t<div class=\"elementor-element elementor-element-9d198ff elementor-widget elementor-widget-heading\" data-id=\"9d198ff\" data-element_type=\"widget\" data-e-type=\"widget\" data-widget_type=\"heading.default\">\n\t\t\t\t\t<h2 class=\"elementor-heading-title elementor-size-default\">Mentions l\u00e9gales<\/h2>\t\t\t\t<\/div>\n\t\t\t\t\t<\/div>\n\t\t<\/div>\n\t\t\t\t\t<\/div>\n\t\t<\/section>\n\t\t\t\t<section class=\"elementor-section elementor-top-section elementor-element elementor-element-8eb3b10 elementor-section-boxed elementor-section-height-default elementor-section-height-default\" data-id=\"8eb3b10\" data-element_type=\"section\" data-e-type=\"section\">\n\t\t\t\t\t\t<div class=\"elementor-container elementor-column-gap-default\">\n\t\t\t\t\t<div class=\"elementor-column elementor-col-100 elementor-top-column elementor-element elementor-element-8d3a8aa\" data-id=\"8d3a8aa\" data-element_type=\"column\" data-e-type=\"column\">\n\t\t\t<div class=\"elementor-widget-wrap elementor-element-populated\">\n\t\t\t\t\t\t<div class=\"elementor-element elementor-element-69c63f8 elementor-widget elementor-widget-text-editor\" data-id=\"69c63f8\" data-element_type=\"widget\" data-e-type=\"widget\" data-widget_type=\"text-editor.default\">\n\t\t\t\t\t\t\t\t\t<p>\u00a0<\/p><section class=\"elementor-section elementor-top-section elementor-element elementor-element-74df2b6 elementor-section-boxed elementor-section-height-default elementor-section-height-default\" data-id=\"74df2b6\" data-element_type=\"section\"><div class=\"elementor-container elementor-column-gap-default\"><div class=\"elementor-column elementor-col-100 elementor-top-column elementor-element elementor-element-e474084\" data-id=\"e474084\" data-element_type=\"column\"><div class=\"elementor-widget-wrap elementor-element-populated\"><div class=\"elementor-element elementor-element-37a5a8b elementor-widget elementor-widget-heading\" data-id=\"37a5a8b\" data-element_type=\"widget\" data-widget_type=\"heading.default\"><div class=\"elementor-widget-container\"><h3 class=\"elementor-heading-title elementor-size-default\">Informations G\u00e9n\u00e9rales<\/h3><\/div><\/div><\/div><\/div><\/div><\/section><section class=\"elementor-section elementor-top-section elementor-element elementor-element-b3501bd elementor-section-boxed elementor-section-height-default elementor-section-height-default\" data-id=\"b3501bd\" data-element_type=\"section\"><div class=\"elementor-container elementor-column-gap-default\"><div class=\"elementor-column elementor-col-100 elementor-top-column elementor-element elementor-element-9a8741a\" data-id=\"9a8741a\" data-element_type=\"column\"><div class=\"elementor-widget-wrap elementor-element-populated\"><div class=\"elementor-element elementor-element-2227d39 elementor-widget elementor-widget-text-editor\" data-id=\"2227d39\" data-element_type=\"widget\" data-widget_type=\"text-editor.default\"><div class=\"elementor-widget-container\"><ul><li><strong>Direction de la publication et de la r\u00e9daction<\/strong> : C\u00e9lia Bonnet-Ligeon<\/li><li><strong>Webmaster<\/strong> : C\u00e9lia Bonnet-Ligeon avec l&rsquo;aide de Hel\u00e8ne Kieffer pour la configuration de WordPress<\/li><li><strong>H\u00e9bergement<\/strong> : <span data-darkreader-inline-color=\"\">Site h\u00e9berg\u00e9 par la solution CMS en mode SaaS du<\/span>\u00a0<a href=\"https:\/\/web.msh-lse.fr\/\" target=\"_blank\" rel=\"noopener\">Service des Syst\u00e8mes d\u2019Information de la MSH de Lyon Saint-Etienne<\/a>\u00a0\/\u00a0<span data-darkreader-inline-color=\"\">MSH Lyon-Saint-\u00c9tienne, 14 avenue Berthelot 69363 LYON Cedex 07, France.<\/span><\/li><li><strong>Conception<\/strong> : MSH Lyon St-Etienne &amp; C\u00e9lia Bonnet-Ligeon. Site d\u00e9velopp\u00e9 sous WordPress.<\/li><\/ul><\/div><\/div><\/div><\/div><\/div><\/section><section class=\"elementor-section elementor-top-section elementor-element elementor-element-ea9e719 elementor-section-boxed elementor-section-height-default elementor-section-height-default\" data-id=\"ea9e719\" data-element_type=\"section\"><div class=\"elementor-container elementor-column-gap-default\"><div class=\"elementor-column elementor-col-100 elementor-top-column elementor-element elementor-element-ba8f8c8\" data-id=\"ba8f8c8\" data-element_type=\"column\"><div class=\"elementor-widget-wrap elementor-element-populated\"><div class=\"elementor-element elementor-element-c5f3a36 elementor-widget elementor-widget-heading\" data-id=\"c5f3a36\" data-element_type=\"widget\" data-widget_type=\"heading.default\"><div class=\"elementor-widget-container\"><h3 class=\"elementor-heading-title elementor-size-default\">Propri\u00e9t\u00e9 Intellectuelle<\/h3><\/div><\/div><div class=\"elementor-element elementor-element-9ee761d elementor-widget elementor-widget-text-editor\" data-id=\"9ee761d\" data-element_type=\"widget\" data-widget_type=\"text-editor.default\"><div class=\"elementor-widget-container\"><p><span data-darkreader-inline-color=\"\">Le site <b>m\u00e9taversic <\/b>est une \u0153uvre de cr\u00e9ation, il rel\u00e8ve de la l\u00e9gislation fran\u00e7aise et internationale sur le droit de la propri\u00e9t\u00e9 intellectuelle.<\/span><\/p><p><span data-darkreader-inline-color=\"\">Tous les droits de reproduction sont r\u00e9serv\u00e9s. Le principe de la courte citation doit \u00eatre respect\u00e9 sous r\u00e9serve d\u2019en mentionner l\u2019origine par un lien vers la page cit\u00e9e (ou, par d\u00e9faut la page d\u2019accueil) ou dans le cas d\u2019une reproduction sur support physique, par la mention de l\u2019auteur et de l\u2019adresse URL de la page cit\u00e9e. La reproduction de tout ou partie, substantielle, du contenu de ce site, par quelque proc\u00e9d\u00e9 que ce soit, doit faire l\u2019objet d\u2019une autorisation.<\/span><\/p><\/div><\/div><div class=\"elementor-element elementor-element-aa3b9b4 elementor-widget elementor-widget-heading\" data-id=\"aa3b9b4\" data-element_type=\"widget\" data-widget_type=\"heading.default\"><div class=\"elementor-widget-container\"><h3 class=\"elementor-heading-title elementor-size-default\">Liens hypertextes<\/h3><\/div><\/div><div class=\"elementor-element elementor-element-cc4d832 elementor-widget elementor-widget-text-editor\" data-id=\"cc4d832\" data-element_type=\"widget\" data-widget_type=\"text-editor.default\"><div class=\"elementor-widget-container\"><p>Les liens hypertextes mis en place par des tiers et pointant vers des pages ou des documents diffus\u00e9s sur le site du\u00a0<strong>m\u00e9taversic <\/strong>sont autoris\u00e9s, sous r\u00e9serve qu\u2019ils ne portent atteinte ni \u00e0 son contenu, ni \u00e0 sa r\u00e9putation, et qu\u2019ils permettent \u00e0 l\u2019utilisateur\u00b7rice d\u2019identifier clairement l\u2019origine et les auteur\u00b7rice\u00b7s du document.<\/p><\/div><\/div><div class=\"elementor-element elementor-element-ecf22f0 elementor-widget elementor-widget-heading\" data-id=\"ecf22f0\" data-element_type=\"widget\" data-widget_type=\"heading.default\"><div class=\"elementor-widget-container\"><h3 class=\"elementor-heading-title elementor-size-default\">Clause de non-responsabilit\u00e9<\/h3><\/div><\/div><div class=\"elementor-element elementor-element-90b3214 elementor-widget elementor-widget-text-editor\" data-id=\"90b3214\" data-element_type=\"widget\" data-widget_type=\"text-editor.default\"><div class=\"elementor-widget-container\"><p>La responsabilit\u00e9 du site du\u00a0<strong>m\u00e9taversic <\/strong>ne peut, en aucune mani\u00e8re, \u00eatre engag\u00e9e quant au contenu des informations figurant sur ce site ou aux cons\u00e9quences pouvant r\u00e9sulter de leur utilisation ou interpr\u00e9tation.<\/p><\/div><\/div><div class=\"elementor-element elementor-element-67f8284 elementor-widget elementor-widget-heading\" data-id=\"67f8284\" data-element_type=\"widget\" data-widget_type=\"heading.default\"><div class=\"elementor-widget-container\"><h3 class=\"elementor-heading-title elementor-size-default\">Donn\u00e9es personnelles<\/h3><\/div><\/div><div class=\"elementor-element elementor-element-2447a12 elementor-widget elementor-widget-text-editor\" data-id=\"2447a12\" data-element_type=\"widget\" data-widget_type=\"text-editor.default\"><div class=\"elementor-widget-container\"><div class=\"elementor-element elementor-element-04cb80e elementor-widget elementor-widget-text-editor\" data-id=\"04cb80e\" data-element_type=\"widget\" data-widget_type=\"text-editor.default\"><h3>Droit des personnes<\/h3><p>Conform\u00e9ment aux dispositions l\u00e9gales et r\u00e8glementaires applicables, en particulier la loi n\u00b0 78-17 du 6 janvier modifi\u00e9e relative \u00e0 l\u2019informatique, aux fichiers et aux libert\u00e9s et le r\u00e8glement europ\u00e9en n\u00b0 2016\/679\/UE du 27 avril 2016 (applicable depuis le 25 mai 2018), vous disposez des droits suivants pour l\u2019utilisation qui est faite de vos donn\u00e9es :<\/p><ul><li>exercer votre droit d\u2019acc\u00e8s, pour conna\u00eetre les donn\u00e9es personnelles qui vous concernent ;<\/li><li>demander la mise \u00e0 jour de vos donn\u00e9es, si elles sont inexactes ;<\/li><li>demander la portabilit\u00e9 ou la suppression de vos donn\u00e9es ;<\/li><li>demander la limitation du traitement de vos donn\u00e9es ;<\/li><li>vous opposer, pour des motifs l\u00e9gitimes, au traitement de vos donn\u00e9es ;<\/li><li>retirer votre consentement au traitement de vos donn\u00e9es.<\/li><\/ul><h4>Pour exercer ces droits<\/h4><p>Pour toute information ou exercice de vos droits Informatique et Libert\u00e9s sur les traitements de donn\u00e9es personnelles g\u00e9r\u00e9s par la MSH Lyon St-Etienne, vous pouvez vous adresser \u00e0 : C.Bonnet-Ligeon [@] univ-lyon2.fr\u00a0<\/p><\/div><\/div><\/div><\/div><\/div><\/div><\/section>\t\t\t\t\t\t\t\t<\/div>\n\t\t\t\t\t<\/div>\n\t\t<\/div>\n\t\t\t\t\t<\/div>\n\t\t<\/section>\n\t\t\t\t<\/div>\n\t\t","protected":false},"excerpt":{"rendered":"<p>Mentions l\u00e9gales \u00a0 Informations G\u00e9n\u00e9rales Direction de la publication et de la r\u00e9daction : C\u00e9lia Bonnet-Ligeon Webmaster : C\u00e9lia Bonnet-Ligeon avec l&rsquo;aide de Hel\u00e8ne Kieffer pour la configuration de WordPress H\u00e9bergement : Site h\u00e9berg\u00e9 par la solution CMS en mode SaaS du\u00a0Service des Syst\u00e8mes d\u2019Information de la MSH de Lyon Saint-Etienne\u00a0\/\u00a0MSH Lyon-Saint-\u00c9tienne, 14 avenue Berthelot&#8230;<\/p>\n","protected":false},"author":23,"featured_media":0,"parent":0,"menu_order":0,"comment_status":"closed","ping_status":"closed","template":"","meta":{"_kadence_starter_templates_imported_post":false,"_kad_post_transparent":"","_kad_post_title":"hide","_kad_post_layout":"fullwidth","_kad_post_sidebar_id":"","_kad_post_content_style":"unboxed","_kad_post_vertical_padding":"hide","_kad_post_feature":"hide","_kad_post_feature_position":"","_kad_post_header":false,"_kad_post_footer":false,"_kad_post_classname":"","footnotes":""},"class_list":["post-46","page","type-page","status-publish","hentry"],"_links":{"self":[{"href":"https:\/\/web.msh-lse.fr\/metaversic\/wp-json\/wp\/v2\/pages\/46","targetHints":{"allow":["GET"]}}],"collection":[{"href":"https:\/\/web.msh-lse.fr\/metaversic\/wp-json\/wp\/v2\/pages"}],"about":[{"href":"https:\/\/web.msh-lse.fr\/metaversic\/wp-json\/wp\/v2\/types\/page"}],"author":[{"embeddable":true,"href":"https:\/\/web.msh-lse.fr\/metaversic\/wp-json\/wp\/v2\/users\/23"}],"replies":[{"embeddable":true,"href":"https:\/\/web.msh-lse.fr\/metaversic\/wp-json\/wp\/v2\/comments?post=46"}],"version-history":[{"count":16,"href":"https:\/\/web.msh-lse.fr\/metaversic\/wp-json\/wp\/v2\/pages\/46\/revisions"}],"predecessor-version":[{"id":611,"href":"https:\/\/web.msh-lse.fr\/metaversic\/wp-json\/wp\/v2\/pages\/46\/revisions\/611"}],"wp:attachment":[{"href":"https:\/\/web.msh-lse.fr\/metaversic\/wp-json\/wp\/v2\/media?parent=46"}],"curies":[{"name":"wp","href":"https:\/\/api.w.org\/{rel}","templated":true}]}}