{"id":17,"date":"2026-01-07T17:09:41","date_gmt":"2026-01-07T16:09:41","guid":{"rendered":"https:\/\/web.msh-lse.fr\/metaversic\/?page_id=17"},"modified":"2026-01-12T17:46:05","modified_gmt":"2026-01-12T16:46:05","slug":"a-propos","status":"publish","type":"page","link":"https:\/\/web.msh-lse.fr\/metaversic\/a-propos\/","title":{"rendered":"A propos"},"content":{"rendered":"\t\t<div data-elementor-type=\"wp-page\" data-elementor-id=\"17\" class=\"elementor elementor-17\" data-elementor-post-type=\"page\">\n\t\t\t\t\t\t<section class=\"elementor-section elementor-top-section elementor-element elementor-element-5754194 elementor-section-height-min-height elementor-section-boxed elementor-section-height-default elementor-section-items-middle\" data-id=\"5754194\" data-element_type=\"section\" data-e-type=\"section\" data-settings=\"{&quot;background_background&quot;:&quot;classic&quot;}\">\n\t\t\t\t\t\t<div class=\"elementor-container elementor-column-gap-default\">\n\t\t\t\t\t<div class=\"elementor-column elementor-col-100 elementor-top-column elementor-element elementor-element-692ed72\" data-id=\"692ed72\" data-element_type=\"column\" data-e-type=\"column\">\n\t\t\t<div class=\"elementor-widget-wrap\">\n\t\t\t\t\t\t\t<\/div>\n\t\t<\/div>\n\t\t\t\t\t<\/div>\n\t\t<\/section>\n\t\t\t\t<section class=\"elementor-section elementor-top-section elementor-element elementor-element-ec126c1 elementor-section-boxed elementor-section-height-default elementor-section-height-default\" data-id=\"ec126c1\" data-element_type=\"section\" data-e-type=\"section\">\n\t\t\t\t\t\t<div class=\"elementor-container elementor-column-gap-default\">\n\t\t\t\t\t<div class=\"elementor-column elementor-col-100 elementor-top-column elementor-element elementor-element-1976f69\" data-id=\"1976f69\" data-element_type=\"column\" data-e-type=\"column\">\n\t\t\t<div class=\"elementor-widget-wrap elementor-element-populated\">\n\t\t\t\t\t\t<div class=\"elementor-element elementor-element-a236474 elementor-widget elementor-widget-spacer\" data-id=\"a236474\" data-element_type=\"widget\" data-e-type=\"widget\" data-widget_type=\"spacer.default\">\n\t\t\t\t\t\t\t<div class=\"elementor-spacer\">\n\t\t\t<div class=\"elementor-spacer-inner\"><\/div>\n\t\t<\/div>\n\t\t\t\t\t\t<\/div>\n\t\t\t\t\t<\/div>\n\t\t<\/div>\n\t\t\t\t\t<\/div>\n\t\t<\/section>\n\t\t\t\t<section class=\"elementor-section elementor-top-section elementor-element elementor-element-c450a39 elementor-section-boxed elementor-section-height-default elementor-section-height-default\" data-id=\"c450a39\" data-element_type=\"section\" data-e-type=\"section\">\n\t\t\t\t\t\t<div class=\"elementor-container elementor-column-gap-default\">\n\t\t\t\t\t<div class=\"elementor-column elementor-col-50 elementor-top-column elementor-element elementor-element-cd7129a\" data-id=\"cd7129a\" data-element_type=\"column\" data-e-type=\"column\">\n\t\t\t<div class=\"elementor-widget-wrap elementor-element-populated\">\n\t\t\t\t\t\t<div class=\"elementor-element elementor-element-b372a44 elementor-widget elementor-widget-text-editor\" data-id=\"b372a44\" data-element_type=\"widget\" data-e-type=\"widget\" data-widget_type=\"text-editor.default\">\n\t\t\t\t\t\t\t\t\t<p>Ce blog est \u00e9dit\u00e9 par C\u00e9lia Bonnet-Ligeon.<\/p><p>Il s&rsquo;inscrit dans le cadre d&rsquo;un doctorat en Sciences de l&rsquo;Information et de la Communication (SIC) dirig\u00e9 par Vincent Bullich et Camille Jutant, intitul\u00e9 : <strong>\u00ab Production, valeur et circulation des <em>User-Generated Content<\/em> (UGC) dans les m\u00e9tavers \u00bb<\/strong> et r\u00e9alis\u00e9 au sein du laboratoire Elico (Universit\u00e9 Lyon 2).\u00a0<\/p><p>Il est aliment\u00e9 par des trouvailles virtuelles ou IRL :<\/p><ul><li><strong>d&rsquo;une part avec des objets 3D<\/strong> qui circulent d&rsquo;une plateforme \u00e0 l&rsquo;autre,<\/li><li><strong>d&rsquo;autre part avec des<\/strong> <strong>actualit\u00e9s<\/strong> du doctorat en cours, de l&rsquo;\u00e9cosyst\u00e8me des m\u00e9tavers, des industries culturelles, des communaut\u00e9s cr\u00e9atives&#8230;\u00a0\u00a0<\/li><\/ul>\t\t\t\t\t\t\t\t<\/div>\n\t\t\t\t\t<\/div>\n\t\t<\/div>\n\t\t\t\t<div class=\"elementor-column elementor-col-50 elementor-top-column elementor-element elementor-element-d19a69d\" data-id=\"d19a69d\" data-element_type=\"column\" data-e-type=\"column\">\n\t\t\t<div class=\"elementor-widget-wrap elementor-element-populated\">\n\t\t\t\t\t\t<div class=\"elementor-element elementor-element-cab3ea5 elementor-widget elementor-widget-text-editor\" data-id=\"cab3ea5\" data-element_type=\"widget\" data-e-type=\"widget\" data-widget_type=\"text-editor.default\">\n\t\t\t\t\t\t\t\t\t<p><strong>Vous souhaitez partager un contenu en lien avec les UGC dans les m\u00e9tavers ? <\/strong>Vous avez vu le m\u00eame objet 3D dans un autre contexte, connaissez un\/e cr\u00e9ateur\/ice qui l&rsquo;a (re)cr\u00e9\u00e9, ou vous vous posez des questions sur ses conditions de production ?\u00a0<\/p><p><strong>N&rsquo;h\u00e9sitez pas \u00e0 contribuer !<br \/><\/strong> Les commentaires sont ouverts sous chaque article.<\/p><p>Vous pouvez aussi \u00e9crire \u00e0 : <br \/>C.Bonnet-Ligeon [@] univ-lyon2.fr\u00a0<\/p><p>Pour en savoir plus et suivre les activit\u00e9s scientifiques : <a href=\"https:\/\/elico-recherche.msh-lse.fr\/membres\/celia-bonnet-ligeon-doc\" target=\"_blank\" rel=\"noopener\">https:\/\/elico-recherche.msh-lse.fr\/membres\/celia-bonnet-ligeon-doc<\/a><\/p>\t\t\t\t\t\t\t\t<\/div>\n\t\t\t\t\t<\/div>\n\t\t<\/div>\n\t\t\t\t\t<\/div>\n\t\t<\/section>\n\t\t\t\t<section class=\"elementor-section elementor-top-section elementor-element elementor-element-a6452c4 elementor-section-boxed elementor-section-height-default elementor-section-height-default\" data-id=\"a6452c4\" data-element_type=\"section\" data-e-type=\"section\">\n\t\t\t\t\t\t<div class=\"elementor-container elementor-column-gap-default\">\n\t\t\t\t\t<div class=\"elementor-column elementor-col-100 elementor-top-column elementor-element elementor-element-f929b0e\" data-id=\"f929b0e\" data-element_type=\"column\" data-e-type=\"column\">\n\t\t\t<div class=\"elementor-widget-wrap elementor-element-populated\">\n\t\t\t\t\t\t<div class=\"elementor-element elementor-element-91d8406 elementor-widget elementor-widget-spacer\" data-id=\"91d8406\" data-element_type=\"widget\" data-e-type=\"widget\" data-widget_type=\"spacer.default\">\n\t\t\t\t\t\t\t<div class=\"elementor-spacer\">\n\t\t\t<div class=\"elementor-spacer-inner\"><\/div>\n\t\t<\/div>\n\t\t\t\t\t\t<\/div>\n\t\t\t\t\t<\/div>\n\t\t<\/div>\n\t\t\t\t\t<\/div>\n\t\t<\/section>\n\t\t\t\t<\/div>\n\t\t","protected":false},"excerpt":{"rendered":"<p>Ce blog est \u00e9dit\u00e9 par C\u00e9lia Bonnet-Ligeon. Il s&rsquo;inscrit dans le cadre d&rsquo;un doctorat en Sciences de l&rsquo;Information et de la Communication (SIC) dirig\u00e9 par Vincent Bullich et Camille Jutant, intitul\u00e9 : \u00ab Production, valeur et circulation des User-Generated Content (UGC) dans les m\u00e9tavers \u00bb et r\u00e9alis\u00e9 au sein du laboratoire Elico (Universit\u00e9 Lyon 2).\u00a0&#8230;<\/p>\n","protected":false},"author":23,"featured_media":0,"parent":0,"menu_order":0,"comment_status":"closed","ping_status":"closed","template":"","meta":{"_kadence_starter_templates_imported_post":false,"_kad_post_transparent":"","_kad_post_title":"hide","_kad_post_layout":"fullwidth","_kad_post_sidebar_id":"","_kad_post_content_style":"unboxed","_kad_post_vertical_padding":"hide","_kad_post_feature":"hide","_kad_post_feature_position":"","_kad_post_header":false,"_kad_post_footer":false,"_kad_post_classname":"","footnotes":""},"class_list":["post-17","page","type-page","status-publish","hentry"],"_links":{"self":[{"href":"https:\/\/web.msh-lse.fr\/metaversic\/wp-json\/wp\/v2\/pages\/17","targetHints":{"allow":["GET"]}}],"collection":[{"href":"https:\/\/web.msh-lse.fr\/metaversic\/wp-json\/wp\/v2\/pages"}],"about":[{"href":"https:\/\/web.msh-lse.fr\/metaversic\/wp-json\/wp\/v2\/types\/page"}],"author":[{"embeddable":true,"href":"https:\/\/web.msh-lse.fr\/metaversic\/wp-json\/wp\/v2\/users\/23"}],"replies":[{"embeddable":true,"href":"https:\/\/web.msh-lse.fr\/metaversic\/wp-json\/wp\/v2\/comments?post=17"}],"version-history":[{"count":31,"href":"https:\/\/web.msh-lse.fr\/metaversic\/wp-json\/wp\/v2\/pages\/17\/revisions"}],"predecessor-version":[{"id":333,"href":"https:\/\/web.msh-lse.fr\/metaversic\/wp-json\/wp\/v2\/pages\/17\/revisions\/333"}],"wp:attachment":[{"href":"https:\/\/web.msh-lse.fr\/metaversic\/wp-json\/wp\/v2\/media?parent=17"}],"curies":[{"name":"wp","href":"https:\/\/api.w.org\/{rel}","templated":true}]}}