{"id":1465,"date":"2025-09-08T15:06:24","date_gmt":"2025-09-08T13:06:24","guid":{"rendered":"https:\/\/web.msh-lse.fr\/leri2\/?page_id=1465"},"modified":"2026-01-16T14:32:57","modified_gmt":"2026-01-16T13:32:57","slug":"evenements","status":"publish","type":"page","link":"https:\/\/web.msh-lse.fr\/leri2\/evenements\/","title":{"rendered":"\u00c9v\u00e9nements"},"content":{"rendered":"\t\t<div data-elementor-type=\"wp-page\" data-elementor-id=\"1465\" class=\"elementor elementor-1465\" data-elementor-post-type=\"page\">\n\t\t\t\t\t\t<section class=\"elementor-section elementor-top-section elementor-element elementor-element-8828dd8 elementor-section-height-min-height elementor-section-items-bottom elementor-section-boxed elementor-section-height-default\" data-id=\"8828dd8\" data-element_type=\"section\" data-e-type=\"section\" data-settings=\"{&quot;background_background&quot;:&quot;classic&quot;}\">\n\t\t\t\t\t\t\t<div class=\"elementor-background-overlay\"><\/div>\n\t\t\t\t\t\t\t<div class=\"elementor-container elementor-column-gap-default\">\n\t\t\t\t\t<div class=\"elementor-column elementor-col-100 elementor-top-column elementor-element elementor-element-6d43801\" data-id=\"6d43801\" data-element_type=\"column\" data-e-type=\"column\">\n\t\t\t<div class=\"elementor-widget-wrap elementor-element-populated\">\n\t\t\t\t\t\t<div class=\"elementor-element elementor-element-31c8d6d elementor-widget elementor-widget-heading\" data-id=\"31c8d6d\" data-element_type=\"widget\" data-e-type=\"widget\" data-widget_type=\"heading.default\">\n\t\t\t\t<div class=\"elementor-widget-container\">\n\t\t\t\t\t<h1 class=\"elementor-heading-title elementor-size-default\">\u00c9v\u00e9nements<\/h1>\t\t\t\t<\/div>\n\t\t\t\t<\/div>\n\t\t\t\t<div class=\"elementor-element elementor-element-9a9b4e4 elementor-hidden-phone elementor-widget elementor-widget-spacer\" data-id=\"9a9b4e4\" data-element_type=\"widget\" data-e-type=\"widget\" data-widget_type=\"spacer.default\">\n\t\t\t\t<div class=\"elementor-widget-container\">\n\t\t\t\t\t\t\t<div class=\"elementor-spacer\">\n\t\t\t<div class=\"elementor-spacer-inner\"><\/div>\n\t\t<\/div>\n\t\t\t\t\t\t<\/div>\n\t\t\t\t<\/div>\n\t\t\t\t\t<\/div>\n\t\t<\/div>\n\t\t\t\t\t<\/div>\n\t\t<\/section>\n\t\t\t\t<section class=\"elementor-section elementor-top-section elementor-element elementor-element-ec6ccad elementor-section-boxed elementor-section-height-default elementor-section-height-default\" data-id=\"ec6ccad\" data-element_type=\"section\" data-e-type=\"section\">\n\t\t\t\t\t\t<div class=\"elementor-container elementor-column-gap-default\">\n\t\t\t\t\t<div class=\"elementor-column elementor-col-100 elementor-top-column elementor-element elementor-element-18e7c40\" data-id=\"18e7c40\" data-element_type=\"column\" data-e-type=\"column\">\n\t\t\t<div class=\"elementor-widget-wrap elementor-element-populated\">\n\t\t\t\t\t\t<div class=\"elementor-element elementor-element-e3ec47e elementor-widget elementor-widget-spacer\" data-id=\"e3ec47e\" data-element_type=\"widget\" data-e-type=\"widget\" data-widget_type=\"spacer.default\">\n\t\t\t\t<div class=\"elementor-widget-container\">\n\t\t\t\t\t\t\t<div class=\"elementor-spacer\">\n\t\t\t<div class=\"elementor-spacer-inner\"><\/div>\n\t\t<\/div>\n\t\t\t\t\t\t<\/div>\n\t\t\t\t<\/div>\n\t\t\t\t\t<\/div>\n\t\t<\/div>\n\t\t\t\t\t<\/div>\n\t\t<\/section>\n\t\t\t\t<section class=\"elementor-section elementor-top-section elementor-element elementor-element-e8beeef elementor-section-boxed elementor-section-height-default elementor-section-height-default\" data-id=\"e8beeef\" data-element_type=\"section\" data-e-type=\"section\">\n\t\t\t\t\t\t<div class=\"elementor-container elementor-column-gap-default\">\n\t\t\t\t\t<div class=\"elementor-column elementor-col-100 elementor-top-column elementor-element elementor-element-16a7b84\" data-id=\"16a7b84\" data-element_type=\"column\" data-e-type=\"column\">\n\t\t\t<div class=\"elementor-widget-wrap elementor-element-populated\">\n\t\t\t\t\t\t<div class=\"elementor-element elementor-element-121809a elementor-widget elementor-widget-text-editor\" data-id=\"121809a\" data-element_type=\"widget\" data-e-type=\"widget\" data-widget_type=\"text-editor.default\">\n\t\t\t\t<div class=\"elementor-widget-container\">\n\t\t\t\t\t\t\t\t\t<h3 style=\"font-family: Poppins, sans-serif;color: #ffffff\">Journ\u00e9es d\u2019\u00e9tudes 2026<\/h3>\n<ul>\n<li><strong>Th\u00e8me pressenti :<\/strong>&nbsp;\u201cBiais, Financements, Institutions : quand et comment la recherche produit de l\u2019ignorance ?\u201d<\/li>\n<li><strong>Appel \u00e0 communications :<\/strong>&nbsp;Les propositions de communication de&nbsp;<span style=\"font-weight: bold\">2500 caract\u00e8res<\/span>&nbsp;environ (4000 caract\u00e8res maximum) seront<\/li>\n<li><span style=\"font-family: DDG_ProximaNova, DDG_ProximaNova_UI_0, DDG_ProximaNova_UI_1, DDG_ProximaNova_UI_2, DDG_ProximaNova_UI_3, DDG_ProximaNova_UI_4, DDG_ProximaNova_UI_5, DDG_ProximaNova_UI_6, 'Proxima Nova', -apple-system, BlinkMacSystemFont, 'Segoe UI', Roboto, Oxygen-Sans, Ubuntu, Cantarell, 'Helvetica Neue', Arial, 'Noto Sans', sans-serif\"><span style=\"font-size: 16.4571px;background-color: #161616\">accompagn\u00e9es d\u2019une br\u00e8ve notice bio-bibliographique et<\/span><\/span>&nbsp;\u00e9crites en&nbsp;<span style=\"font-weight: bold\">fran\u00e7ais<\/span>&nbsp;ou en&nbsp;<span style=\"font-weight: bold\">anglais<\/span>.<\/li>\n<li><strong>Lieu :<\/strong>&nbsp;Universit\u00e9 Jean Monnet de Saint-\u00c9tienne<\/li>\n<li><strong>Public vis\u00e9 :<\/strong>&nbsp;chercheur\u00b7euse\u00b7s, \u00e9tudiant\u00b7e\u00b7s, m\u00e9diateur\u00b7rice\u00b7s, citoyen\u00b7ne\u00b7s int\u00e9ress\u00e9\u00b7e\u00b7s.<\/li>\n<li><span style=\"font-weight: bold\">Formats pr\u00e9vus<\/span>&nbsp;: communications courtes, tables rondes, discussions; publications et suites possibles (d\u00e9tails ult\u00e9rieurs)<\/li>\n<li><span style=\"font-weight: bold\">Date clefs :<\/span>\n<ul>\n<li><span style=\"font-weight: bold\">Date butoir :&nbsp;<\/span>Envoi<span style=\"font-weight: bold\">&nbsp;<\/span>par e\u2011mail avant le&nbsp;<span style=\"font-weight: bold\">20 mars 2026<\/span>&nbsp;\u00e0&nbsp;<a style=\"background-color: #1a202c;color: #7295f6;font-family: DDG_ProximaNova, DDG_ProximaNova_UI_0, DDG_ProximaNova_UI_1, DDG_ProximaNova_UI_2, DDG_ProximaNova_UI_3, DDG_ProximaNova_UI_4, DDG_ProximaNova_UI_5, DDG_ProximaNova_UI_6, 'Proxima Nova', -apple-system, BlinkMacSystemFont, 'Segoe UI', Roboto, Oxygen-Sans, Ubuntu, Cantarell, 'Helvetica Neue', Arial, 'Noto Sans', sans-serif;font-size: 16.4571px;font-style: inherit;font-variant: inherit;margin: 0px;padding: 0px;border: 0px;line-height: 1.5;vertical-align: baseline;cursor: pointer;font-weight: inherit\" href=\"mailto:leri2@univ-st-etienne.fr\" target=\"_blank\" rel=\"noopener\">leri2@univ-st-etienne.fr<\/a><span style=\"font-family: DDG_ProximaNova, DDG_ProximaNova_UI_0, DDG_ProximaNova_UI_1, DDG_ProximaNova_UI_2, DDG_ProximaNova_UI_3, DDG_ProximaNova_UI_4, DDG_ProximaNova_UI_5, DDG_ProximaNova_UI_6, 'Proxima Nova', -apple-system, BlinkMacSystemFont, 'Segoe UI', Roboto, Oxygen-Sans, Ubuntu, Cantarell, 'Helvetica Neue', Arial, 'Noto Sans', sans-serif;font-size: 16.4571px;font-style: inherit;font-weight: inherit\">&nbsp;<\/span><span style=\"font-family: DDG_ProximaNova, DDG_ProximaNova_UI_0, DDG_ProximaNova_UI_1, DDG_ProximaNova_UI_2, DDG_ProximaNova_UI_3, DDG_ProximaNova_UI_4, DDG_ProximaNova_UI_5, DDG_ProximaNova_UI_6, 'Proxima Nova', -apple-system, BlinkMacSystemFont, 'Segoe UI', Roboto, Oxygen-Sans, Ubuntu, Cantarell, 'Helvetica Neue', Arial, 'Noto Sans', sans-serif;font-size: 16.4571px;font-style: inherit;font-weight: inherit\">(et \u00e0 au moins un\u00b7e membre du laboratoire)<\/span><\/li>\n<li><span style=\"font-weight: bold\">Notification d\u2019acceptation&nbsp;<\/span>: Nous enverrons les notifications avant le&nbsp;<span style=\"font-weight: bold\">14 avril 2026.<\/span><\/li>\n<li><strong>Date de la JE :<\/strong>&nbsp;La journ\u00e9e d\u2019\u00e9tude aura lieu le&nbsp;<span style=\"font-weight: bold\">vendredi 12 juin 2026.<\/span><\/li>\n<\/ul>\n<\/li>\n<li>Plus d&#8217;informations :&nbsp;<a href=\"https:\/\/web.msh-lse.fr\/leri2\/journee-detude-2026\/\">Consulter<font color=\"#ff7f00\"><span>&nbsp;le billet<\/span><\/font> <font color=\"#ff7f00\"><span>de&nbsp;<\/span><\/font>blog<font color=\"#ff7f00\"><span>&nbsp;complet<\/span><\/font><\/a>. Vous y retrouverez l&#8217;appel \u00e0 communication dans son ensemble, des ressources bibliographiques, et tout ce qu&#8217;il faut pour partager l&#8217;\u00e9v\u00e8nement autour de vous ! \ud83d\ude42&nbsp;<\/li>\n<\/ul>\t\t\t\t\t\t\t\t<\/div>\n\t\t\t\t<\/div>\n\t\t\t\t\t<\/div>\n\t\t<\/div>\n\t\t\t\t\t<\/div>\n\t\t<\/section>\n\t\t\t\t<section class=\"elementor-section elementor-top-section elementor-element elementor-element-269a010 elementor-section-boxed elementor-section-height-default elementor-section-height-default\" data-id=\"269a010\" data-element_type=\"section\" data-e-type=\"section\">\n\t\t\t\t\t\t<div class=\"elementor-container elementor-column-gap-default\">\n\t\t\t\t\t<div class=\"elementor-column elementor-col-100 elementor-top-column elementor-element elementor-element-284f4cf\" data-id=\"284f4cf\" data-element_type=\"column\" data-e-type=\"column\">\n\t\t\t<div class=\"elementor-widget-wrap elementor-element-populated\">\n\t\t\t\t\t\t<div class=\"elementor-element elementor-element-19e529b elementor-widget-divider--view-line elementor-widget elementor-widget-divider\" data-id=\"19e529b\" data-element_type=\"widget\" data-e-type=\"widget\" data-widget_type=\"divider.default\">\n\t\t\t\t<div class=\"elementor-widget-container\">\n\t\t\t\t\t\t\t<div class=\"elementor-divider\">\n\t\t\t<span class=\"elementor-divider-separator\">\n\t\t\t\t\t\t<\/span>\n\t\t<\/div>\n\t\t\t\t\t\t<\/div>\n\t\t\t\t<\/div>\n\t\t\t\t<div class=\"elementor-element elementor-element-9e7e0b5 elementor-widget elementor-widget-text-editor\" data-id=\"9e7e0b5\" data-element_type=\"widget\" data-e-type=\"widget\" data-widget_type=\"text-editor.default\">\n\t\t\t\t<div class=\"elementor-widget-container\">\n\t\t\t\t\t\t\t\t\t<div><span style=\"font-family: Poppins, sans-serif;font-size: 35px\">Intervention en classe de lyc\u00e9e<\/span><\/div><article><ul><li>Donner \u00e0 des lyc\u00e9en\u00b7ne\u00b7s des outils concrets pour rep\u00e9rer : sources, preuves, biais, et m\u00e9canismes de production d\u2019ignorance.<\/li><li>Introduire la typologie \u201cstrat\u00e9gique \/ par omission \/ \u00e9pist\u00e9mique \/ etc.\u201d avec des exemples proches de leurs usages (m\u00e9dias sociaux, sciences, arts).<\/li><li><strong>Public :<\/strong>\u00a0deux groupes de ~30 d&#8217;\u00e9tudiant\u00b7e\u00b7s de la Seconde \u00e0 la Terminale.<\/li><li><strong>Date :<\/strong>\u00a07 octobre 2025.<\/li><\/ul><\/article>\t\t\t\t\t\t\t\t<\/div>\n\t\t\t\t<\/div>\n\t\t\t\t\t<\/div>\n\t\t<\/div>\n\t\t\t\t\t<\/div>\n\t\t<\/section>\n\t\t\t\t<section class=\"elementor-section elementor-top-section elementor-element elementor-element-d076b54 elementor-section-boxed elementor-section-height-default elementor-section-height-default\" data-id=\"d076b54\" data-element_type=\"section\" data-e-type=\"section\">\n\t\t\t\t\t\t<div class=\"elementor-container elementor-column-gap-default\">\n\t\t\t\t\t<div class=\"elementor-column elementor-col-100 elementor-top-column elementor-element elementor-element-ef1a4e9\" data-id=\"ef1a4e9\" data-element_type=\"column\" data-e-type=\"column\">\n\t\t\t<div class=\"elementor-widget-wrap elementor-element-populated\">\n\t\t\t\t\t\t<div class=\"elementor-element elementor-element-5236828 elementor-widget elementor-widget-text-editor\" data-id=\"5236828\" data-element_type=\"widget\" data-e-type=\"widget\" data-widget_type=\"text-editor.default\">\n\t\t\t\t<div class=\"elementor-widget-container\">\n\t\t\t\t\t\t\t\t\t<section><h3>Vous ne savez pas, nous non-plus ! \u2014 Nuit de la Recherche \u2014 \u201cRencontre dans le noir\u201d<\/h3><div><p>Une performance immersive pour exp\u00e9rimenter la co\u2011production connaissance\/ignorance.<br \/>Dans l\u2019obscurit\u00e9, un objet \u00e9clair\u00e9 par des lumi\u00e8res color\u00e9es appara\u00eet diff\u00e9remment selon l\u2019angle et la \u201cm\u00e9thode\u201d : m\u00e9taphore de la pluralit\u00e9 des disciplines et de l\u2019ombre (ignorance \u00e9pist\u00e9mique) qu\u2019elles projettent.<\/p><ul><li><strong>Date :<\/strong>\u00a03 octobre 2025, 18h\u201323h (cr\u00e9neau LERI\u00b2 : 19h15 &#8211; 20h00).<\/li><li><strong>Lieu :<\/strong>\u00a0Salle : Le Grenier \u2014 Mus\u00e9e de la Mine \u2014 Puits Couriot, Saint\u2011\u00c9tienne.<\/li><li><strong>Format :<\/strong>\u00a0sessions de 25\u201330 min, petits groupes sur r\u00e9servation.<\/li><li><strong>Accessibilit\u00e9 :<\/strong>\u00a0public tout \u00e2ge ; langage clair ; sans contenu sensible.<\/li><li><strong>Partenaires\/organisateurs :<\/strong>\u00a0<a style=\"color: #ff7f00\" href=\"https:\/\/www.larotonde-sciences.com\/\">La Rotonde<\/a>\u00a0\u2014 \u00c9cole des Mines de Saint-Etienne.<\/li><li><strong>R\u00e9servation<\/strong>\u00a0<strong>et plus d&#8217;info<\/strong>:\u00a0<a style=\"color: #ff7f00\" href=\"https:\/\/www.larotonde-sciences.com\/cest-au-programme\/nuit-de-la-recherche-2025\/\">ici<\/a><\/li><\/ul><\/div><article><\/article><\/section>\t\t\t\t\t\t\t\t<\/div>\n\t\t\t\t<\/div>\n\t\t\t\t\t<\/div>\n\t\t<\/div>\n\t\t\t\t\t<\/div>\n\t\t<\/section>\n\t\t\t\t<section class=\"elementor-section elementor-top-section elementor-element elementor-element-02777f8 elementor-section-boxed elementor-section-height-default elementor-section-height-default\" data-id=\"02777f8\" data-element_type=\"section\" data-e-type=\"section\">\n\t\t\t\t\t\t<div class=\"elementor-container elementor-column-gap-default\">\n\t\t\t\t\t<div class=\"elementor-column elementor-col-100 elementor-top-column elementor-element elementor-element-42a1a2d\" data-id=\"42a1a2d\" data-element_type=\"column\" data-e-type=\"column\">\n\t\t\t<div class=\"elementor-widget-wrap\">\n\t\t\t\t\t\t\t<\/div>\n\t\t<\/div>\n\t\t\t\t\t<\/div>\n\t\t<\/section>\n\t\t\t\t<\/div>\n\t\t","protected":false},"excerpt":{"rendered":"<p>\u00c9v\u00e9nements Journ\u00e9es d\u2019\u00e9tudes 2026 Th\u00e8me pressenti :&nbsp;\u201cBiais, Financements, Institutions : quand et comment la recherche produit de l\u2019ignorance ?\u201d Appel \u00e0 communications :&nbsp;Les propositions de communication de&nbsp;2500 caract\u00e8res&nbsp;environ (4000 caract\u00e8res maximum) seront accompagn\u00e9es d\u2019une br\u00e8ve notice bio-bibliographique et&nbsp;\u00e9crites en&nbsp;fran\u00e7ais&nbsp;ou en&nbsp;anglais. Lieu :&nbsp;Universit\u00e9 Jean Monnet de Saint-\u00c9tienne Public vis\u00e9 :&nbsp;chercheur\u00b7euse\u00b7s, \u00e9tudiant\u00b7e\u00b7s, m\u00e9diateur\u00b7rice\u00b7s, citoyen\u00b7ne\u00b7s int\u00e9ress\u00e9\u00b7e\u00b7s. Formats pr\u00e9vus&nbsp;:&#8230;<\/p>\n","protected":false},"author":171,"featured_media":0,"parent":0,"menu_order":0,"comment_status":"closed","ping_status":"closed","template":"elementor_header_footer","meta":{"_kadence_starter_templates_imported_post":true,"_kad_post_transparent":"","_kad_post_title":"hide","_kad_post_layout":"normal","_kad_post_sidebar_id":"","_kad_post_content_style":"unboxed","_kad_post_vertical_padding":"hide","_kad_post_feature":"hide","_kad_post_feature_position":"","_kad_post_header":false,"_kad_post_footer":false,"_kad_post_classname":"","footnotes":""},"class_list":["post-1465","page","type-page","status-publish","hentry"],"_links":{"self":[{"href":"https:\/\/web.msh-lse.fr\/leri2\/wp-json\/wp\/v2\/pages\/1465","targetHints":{"allow":["GET"]}}],"collection":[{"href":"https:\/\/web.msh-lse.fr\/leri2\/wp-json\/wp\/v2\/pages"}],"about":[{"href":"https:\/\/web.msh-lse.fr\/leri2\/wp-json\/wp\/v2\/types\/page"}],"author":[{"embeddable":true,"href":"https:\/\/web.msh-lse.fr\/leri2\/wp-json\/wp\/v2\/users\/171"}],"replies":[{"embeddable":true,"href":"https:\/\/web.msh-lse.fr\/leri2\/wp-json\/wp\/v2\/comments?post=1465"}],"version-history":[{"count":22,"href":"https:\/\/web.msh-lse.fr\/leri2\/wp-json\/wp\/v2\/pages\/1465\/revisions"}],"predecessor-version":[{"id":1716,"href":"https:\/\/web.msh-lse.fr\/leri2\/wp-json\/wp\/v2\/pages\/1465\/revisions\/1716"}],"wp:attachment":[{"href":"https:\/\/web.msh-lse.fr\/leri2\/wp-json\/wp\/v2\/media?parent=1465"}],"curies":[{"name":"wp","href":"https:\/\/api.w.org\/{rel}","templated":true}]}}