{"id":1369,"date":"2025-09-08T12:20:44","date_gmt":"2025-09-08T10:20:44","guid":{"rendered":"https:\/\/web.msh-lse.fr\/leri2\/?page_id=1369"},"modified":"2025-09-08T12:35:26","modified_gmt":"2025-09-08T10:35:26","slug":"mentions-legales","status":"publish","type":"page","link":"https:\/\/web.msh-lse.fr\/leri2\/mentions-legales\/","title":{"rendered":"mentions-legales"},"content":{"rendered":"\t\t<div data-elementor-type=\"wp-page\" data-elementor-id=\"1369\" class=\"elementor elementor-1369\" data-elementor-post-type=\"page\">\n\t\t\t\t\t\t<section class=\"elementor-section elementor-top-section elementor-element elementor-element-a9df239 elementor-section-boxed elementor-section-height-default elementor-section-height-default\" data-id=\"a9df239\" data-element_type=\"section\" data-e-type=\"section\">\n\t\t\t\t\t\t<div class=\"elementor-container elementor-column-gap-default\">\n\t\t\t\t\t<div class=\"elementor-column elementor-col-100 elementor-top-column elementor-element elementor-element-538b05a\" data-id=\"538b05a\" data-element_type=\"column\" data-e-type=\"column\">\n\t\t\t<div class=\"elementor-widget-wrap elementor-element-populated\">\n\t\t\t\t\t\t<div class=\"elementor-element elementor-element-707531d elementor-widget elementor-widget-spacer\" data-id=\"707531d\" data-element_type=\"widget\" data-e-type=\"widget\" data-widget_type=\"spacer.default\">\n\t\t\t\t<div class=\"elementor-widget-container\">\n\t\t\t\t\t\t\t<div class=\"elementor-spacer\">\n\t\t\t<div class=\"elementor-spacer-inner\"><\/div>\n\t\t<\/div>\n\t\t\t\t\t\t<\/div>\n\t\t\t\t<\/div>\n\t\t\t\t\t<\/div>\n\t\t<\/div>\n\t\t\t\t\t<\/div>\n\t\t<\/section>\n\t\t\t\t<section class=\"elementor-section elementor-top-section elementor-element elementor-element-20b16cd elementor-section-boxed elementor-section-height-default elementor-section-height-default\" data-id=\"20b16cd\" data-element_type=\"section\" data-e-type=\"section\">\n\t\t\t\t\t\t<div class=\"elementor-container elementor-column-gap-default\">\n\t\t\t\t\t<div class=\"elementor-column elementor-col-100 elementor-top-column elementor-element elementor-element-e45bfff\" data-id=\"e45bfff\" data-element_type=\"column\" data-e-type=\"column\">\n\t\t\t<div class=\"elementor-widget-wrap elementor-element-populated\">\n\t\t\t\t\t\t<div class=\"elementor-element elementor-element-71a2ff7 elementor-widget elementor-widget-heading\" data-id=\"71a2ff7\" data-element_type=\"widget\" data-e-type=\"widget\" data-widget_type=\"heading.default\">\n\t\t\t\t<div class=\"elementor-widget-container\">\n\t\t\t\t\t<h2 class=\"elementor-heading-title elementor-size-default\">Mentions L\u00e9gales<\/h2>\t\t\t\t<\/div>\n\t\t\t\t<\/div>\n\t\t\t\t\t<\/div>\n\t\t<\/div>\n\t\t\t\t\t<\/div>\n\t\t<\/section>\n\t\t\t\t<section class=\"elementor-section elementor-top-section elementor-element elementor-element-74df2b6 elementor-section-boxed elementor-section-height-default elementor-section-height-default\" data-id=\"74df2b6\" data-element_type=\"section\" data-e-type=\"section\">\n\t\t\t\t\t\t<div class=\"elementor-container elementor-column-gap-default\">\n\t\t\t\t\t<div class=\"elementor-column elementor-col-100 elementor-top-column elementor-element elementor-element-e474084\" data-id=\"e474084\" data-element_type=\"column\" data-e-type=\"column\">\n\t\t\t<div class=\"elementor-widget-wrap elementor-element-populated\">\n\t\t\t\t\t\t<div class=\"elementor-element elementor-element-37a5a8b elementor-widget elementor-widget-heading\" data-id=\"37a5a8b\" data-element_type=\"widget\" data-e-type=\"widget\" data-widget_type=\"heading.default\">\n\t\t\t\t<div class=\"elementor-widget-container\">\n\t\t\t\t\t<h3 class=\"elementor-heading-title elementor-size-default\">Informations G\u00e9n\u00e9rales<\/h3>\t\t\t\t<\/div>\n\t\t\t\t<\/div>\n\t\t\t\t\t<\/div>\n\t\t<\/div>\n\t\t\t\t\t<\/div>\n\t\t<\/section>\n\t\t\t\t<section class=\"elementor-section elementor-top-section elementor-element elementor-element-b3501bd elementor-section-boxed elementor-section-height-default elementor-section-height-default\" data-id=\"b3501bd\" data-element_type=\"section\" data-e-type=\"section\">\n\t\t\t\t\t\t<div class=\"elementor-container elementor-column-gap-default\">\n\t\t\t\t\t<div class=\"elementor-column elementor-col-100 elementor-top-column elementor-element elementor-element-9a8741a\" data-id=\"9a8741a\" data-element_type=\"column\" data-e-type=\"column\">\n\t\t\t<div class=\"elementor-widget-wrap elementor-element-populated\">\n\t\t\t\t\t\t<div class=\"elementor-element elementor-element-2227d39 elementor-widget elementor-widget-text-editor\" data-id=\"2227d39\" data-element_type=\"widget\" data-e-type=\"widget\" data-widget_type=\"text-editor.default\">\n\t\t\t\t<div class=\"elementor-widget-container\">\n\t\t\t\t\t\t\t\t\t<ul><li><strong>Direction de la publication et de la r\u00e9daction<\/strong>\u00a0: Judith Bouchet, Manon Constant, Julien Henry, Richard Serrano (membres fondateurs du LERI\u00b2).<\/li><li><strong>Webmaster<\/strong> : Judith Bouchet, Manon Constant, Julien Henry, Richard Serrano.<\/li><li><strong>H\u00e9bergement<\/strong> : <span data-darkreader-inline-color=\"\">Site h\u00e9berg\u00e9 par la solution CMS en mode SaaS du<\/span>\u00a0<a href=\"https:\/\/web.msh-lse.fr\/\" target=\"_blank\" rel=\"noopener\">Service des Syst\u00e8mes d\u2019Information de la MSH de Lyon Saint-Etienne<\/a>\u00a0\/\u00a0<span data-darkreader-inline-color=\"\">MSH Lyon-Saint-\u00c9tienne, 14 avenue Berthelot 69363 LYON Cedex 07, France,<\/span><\/li><li><strong>Conception<\/strong> : MSH Lyon St-Etienne &amp; LERI\u00b2. Site d\u00e9velopp\u00e9 sous WordPress.<\/li><\/ul>\t\t\t\t\t\t\t\t<\/div>\n\t\t\t\t<\/div>\n\t\t\t\t\t<\/div>\n\t\t<\/div>\n\t\t\t\t\t<\/div>\n\t\t<\/section>\n\t\t\t\t<section class=\"elementor-section elementor-top-section elementor-element elementor-element-ea9e719 elementor-section-boxed elementor-section-height-default elementor-section-height-default\" data-id=\"ea9e719\" data-element_type=\"section\" data-e-type=\"section\">\n\t\t\t\t\t\t<div class=\"elementor-container elementor-column-gap-default\">\n\t\t\t\t\t<div class=\"elementor-column elementor-col-100 elementor-top-column elementor-element elementor-element-ba8f8c8\" data-id=\"ba8f8c8\" data-element_type=\"column\" data-e-type=\"column\">\n\t\t\t<div class=\"elementor-widget-wrap elementor-element-populated\">\n\t\t\t\t\t\t<div class=\"elementor-element elementor-element-c5f3a36 elementor-widget elementor-widget-heading\" data-id=\"c5f3a36\" data-element_type=\"widget\" data-e-type=\"widget\" data-widget_type=\"heading.default\">\n\t\t\t\t<div class=\"elementor-widget-container\">\n\t\t\t\t\t<h3 class=\"elementor-heading-title elementor-size-default\">Propri\u00e9t\u00e9 Intellectuelle<\/h3>\t\t\t\t<\/div>\n\t\t\t\t<\/div>\n\t\t\t\t<div class=\"elementor-element elementor-element-9ee761d elementor-widget elementor-widget-text-editor\" data-id=\"9ee761d\" data-element_type=\"widget\" data-e-type=\"widget\" data-widget_type=\"text-editor.default\">\n\t\t\t\t<div class=\"elementor-widget-container\">\n\t\t\t\t\t\t\t\t\t<p><span data-darkreader-inline-color=\"\">Le site <b>LERI\u00b2 (Laboratoire Exp\u00e9rimental de Recherche Interdisciplinaire sur l&#8217;Ignorance)<\/b>\u00a0est une \u0153uvre de cr\u00e9ation, il rel\u00e8ve de la l\u00e9gislation fran\u00e7aise et internationale sur le droit de la propri\u00e9t\u00e9 intellectuelle.<\/span><\/p><p><span data-darkreader-inline-color=\"\">Tous les droits de reproduction sont r\u00e9serv\u00e9s. Le principe de la courte citation doit \u00eatre respect\u00e9 sous r\u00e9serve d\u2019en mentionner l\u2019origine par un lien vers la page cit\u00e9e (ou, par d\u00e9faut la page d\u2019accueil) ou dans le cas d\u2019une reproduction sur support physique, par la mention de l\u2019auteur et de l\u2019adresse URL de la page cit\u00e9e. La reproduction de tout ou partie, substantielle, du contenu de ce site, par quelque proc\u00e9d\u00e9 que ce soit, doit faire l\u2019objet d\u2019une autorisation.<\/span><\/p>\t\t\t\t\t\t\t\t<\/div>\n\t\t\t\t<\/div>\n\t\t\t\t<div class=\"elementor-element elementor-element-aa3b9b4 elementor-widget elementor-widget-heading\" data-id=\"aa3b9b4\" data-element_type=\"widget\" data-e-type=\"widget\" data-widget_type=\"heading.default\">\n\t\t\t\t<div class=\"elementor-widget-container\">\n\t\t\t\t\t<h3 class=\"elementor-heading-title elementor-size-default\">Liens hypertextes<\/h3>\t\t\t\t<\/div>\n\t\t\t\t<\/div>\n\t\t\t\t<div class=\"elementor-element elementor-element-cc4d832 elementor-widget elementor-widget-text-editor\" data-id=\"cc4d832\" data-element_type=\"widget\" data-e-type=\"widget\" data-widget_type=\"text-editor.default\">\n\t\t\t\t<div class=\"elementor-widget-container\">\n\t\t\t\t\t\t\t\t\t<p>Les liens hypertextes mis en place par des tiers et pointant vers des pages ou des documents diffus\u00e9s sur le site du\u00a0<strong>LERI\u00b2<\/strong>\u00a0sont autoris\u00e9s, sous r\u00e9serve qu\u2019ils ne portent atteinte ni \u00e0 son contenu, ni \u00e0 sa r\u00e9putation, et qu\u2019ils permettent \u00e0 l\u2019utilisateur\u00b7rice d\u2019identifier clairement l\u2019origine et les auteur\u00b7rice\u00b7s du document.<\/p>\t\t\t\t\t\t\t\t<\/div>\n\t\t\t\t<\/div>\n\t\t\t\t<div class=\"elementor-element elementor-element-ecf22f0 elementor-widget elementor-widget-heading\" data-id=\"ecf22f0\" data-element_type=\"widget\" data-e-type=\"widget\" data-widget_type=\"heading.default\">\n\t\t\t\t<div class=\"elementor-widget-container\">\n\t\t\t\t\t<h3 class=\"elementor-heading-title elementor-size-default\">Clause de non-responsabilit\u00e9<\/h3>\t\t\t\t<\/div>\n\t\t\t\t<\/div>\n\t\t\t\t<div class=\"elementor-element elementor-element-90b3214 elementor-widget elementor-widget-text-editor\" data-id=\"90b3214\" data-element_type=\"widget\" data-e-type=\"widget\" data-widget_type=\"text-editor.default\">\n\t\t\t\t<div class=\"elementor-widget-container\">\n\t\t\t\t\t\t\t\t\t<p>La responsabilit\u00e9 du site du\u00a0<strong>LERI\u00b2<\/strong>\u00a0ne peut, en aucune mani\u00e8re, \u00eatre engag\u00e9e quant au contenu des informations figurant sur ce site ou aux cons\u00e9quences pouvant r\u00e9sulter de leur utilisation ou interpr\u00e9tation.<\/p>\t\t\t\t\t\t\t\t<\/div>\n\t\t\t\t<\/div>\n\t\t\t\t<div class=\"elementor-element elementor-element-67f8284 elementor-widget elementor-widget-heading\" data-id=\"67f8284\" data-element_type=\"widget\" data-e-type=\"widget\" data-widget_type=\"heading.default\">\n\t\t\t\t<div class=\"elementor-widget-container\">\n\t\t\t\t\t<h3 class=\"elementor-heading-title elementor-size-default\">Donn\u00e9es personnelles<\/h3>\t\t\t\t<\/div>\n\t\t\t\t<\/div>\n\t\t\t\t<div class=\"elementor-element elementor-element-2447a12 elementor-widget elementor-widget-text-editor\" data-id=\"2447a12\" data-element_type=\"widget\" data-e-type=\"widget\" data-widget_type=\"text-editor.default\">\n\t\t\t\t<div class=\"elementor-widget-container\">\n\t\t\t\t\t\t\t\t\t<p>Les donn\u00e9es collect\u00e9es par le biais de ce site (par exemple, via un formulaire de contact) sont destin\u00e9es exclusivement au laboratoire\u00a0<strong>LERI\u00b2<\/strong>\u00a0et ne seront jamais c\u00e9d\u00e9es \u00e0 des tiers.<\/p><p>Conform\u00e9ment au RGPD, vous pouvez \u00e0 tout moment exercer votre droit d\u2019acc\u00e8s, d\u2019opposition, de retrait et de rectification de vos donn\u00e9es en adressant votre demande par courriel \u00e0 : un\u00b7e membre du <strong>LERI\u00b2<\/strong> \u00e0 l\u2019adresse suivante :\u00a0<strong><span class=\"underline\">[pr\u00e9nom].[nom]@univ-st-etienne.fr<\/span><\/strong><\/p>\t\t\t\t\t\t\t\t<\/div>\n\t\t\t\t<\/div>\n\t\t\t\t\t<\/div>\n\t\t<\/div>\n\t\t\t\t\t<\/div>\n\t\t<\/section>\n\t\t\t\t<\/div>\n\t\t","protected":false},"excerpt":{"rendered":"<p>Mentions L\u00e9gales Informations G\u00e9n\u00e9rales Direction de la publication et de la r\u00e9daction\u00a0: Judith Bouchet, Manon Constant, Julien Henry, Richard Serrano (membres fondateurs du LERI\u00b2). Webmaster : Judith Bouchet, Manon Constant, Julien Henry, Richard Serrano. H\u00e9bergement : Site h\u00e9berg\u00e9 par la solution CMS en mode SaaS du\u00a0Service des Syst\u00e8mes d\u2019Information de la MSH de Lyon Saint-Etienne\u00a0\/\u00a0MSH&#8230;<\/p>\n","protected":false},"author":171,"featured_media":0,"parent":0,"menu_order":0,"comment_status":"closed","ping_status":"closed","template":"","meta":{"_kadence_starter_templates_imported_post":false,"_kad_post_transparent":"","_kad_post_title":"hide","_kad_post_layout":"fullwidth","_kad_post_sidebar_id":"","_kad_post_content_style":"unboxed","_kad_post_vertical_padding":"hide","_kad_post_feature":"hide","_kad_post_feature_position":"","_kad_post_header":false,"_kad_post_footer":false,"_kad_post_classname":"","footnotes":""},"class_list":["post-1369","page","type-page","status-publish","hentry"],"_links":{"self":[{"href":"https:\/\/web.msh-lse.fr\/leri2\/wp-json\/wp\/v2\/pages\/1369","targetHints":{"allow":["GET"]}}],"collection":[{"href":"https:\/\/web.msh-lse.fr\/leri2\/wp-json\/wp\/v2\/pages"}],"about":[{"href":"https:\/\/web.msh-lse.fr\/leri2\/wp-json\/wp\/v2\/types\/page"}],"author":[{"embeddable":true,"href":"https:\/\/web.msh-lse.fr\/leri2\/wp-json\/wp\/v2\/users\/171"}],"replies":[{"embeddable":true,"href":"https:\/\/web.msh-lse.fr\/leri2\/wp-json\/wp\/v2\/comments?post=1369"}],"version-history":[{"count":16,"href":"https:\/\/web.msh-lse.fr\/leri2\/wp-json\/wp\/v2\/pages\/1369\/revisions"}],"predecessor-version":[{"id":1386,"href":"https:\/\/web.msh-lse.fr\/leri2\/wp-json\/wp\/v2\/pages\/1369\/revisions\/1386"}],"wp:attachment":[{"href":"https:\/\/web.msh-lse.fr\/leri2\/wp-json\/wp\/v2\/media?parent=1369"}],"curies":[{"name":"wp","href":"https:\/\/api.w.org\/{rel}","templated":true}]}}