{"id":1318,"date":"2025-06-27T14:04:54","date_gmt":"2025-06-27T12:04:54","guid":{"rendered":"https:\/\/web.msh-lse.fr\/leri2\/?page_id=1318"},"modified":"2025-10-16T16:07:52","modified_gmt":"2025-10-16T14:07:52","slug":"blog","status":"publish","type":"page","link":"https:\/\/web.msh-lse.fr\/leri2\/blog\/","title":{"rendered":"Blog"},"content":{"rendered":"\t\t<div data-elementor-type=\"wp-page\" data-elementor-id=\"1318\" class=\"elementor elementor-1318\" data-elementor-post-type=\"page\">\n\t\t\t\t\t\t<section class=\"elementor-section elementor-top-section elementor-element elementor-element-8828dd8 elementor-section-height-min-height elementor-section-items-bottom elementor-section-boxed elementor-section-height-default\" data-id=\"8828dd8\" data-element_type=\"section\" data-e-type=\"section\" data-settings=\"{&quot;background_background&quot;:&quot;classic&quot;}\">\n\t\t\t\t\t\t\t<div class=\"elementor-background-overlay\"><\/div>\n\t\t\t\t\t\t\t<div class=\"elementor-container elementor-column-gap-default\">\n\t\t\t\t\t<div class=\"elementor-column elementor-col-100 elementor-top-column elementor-element elementor-element-6d43801\" data-id=\"6d43801\" data-element_type=\"column\" data-e-type=\"column\">\n\t\t\t<div class=\"elementor-widget-wrap elementor-element-populated\">\n\t\t\t\t\t\t<div class=\"elementor-element elementor-element-31c8d6d elementor-widget elementor-widget-heading\" data-id=\"31c8d6d\" data-element_type=\"widget\" data-e-type=\"widget\" data-widget_type=\"heading.default\">\n\t\t\t\t<div class=\"elementor-widget-container\">\n\t\t\t\t\t<h1 class=\"elementor-heading-title elementor-size-default\">Blog<\/h1>\t\t\t\t<\/div>\n\t\t\t\t<\/div>\n\t\t\t\t<div class=\"elementor-element elementor-element-9a9b4e4 elementor-hidden-phone elementor-widget elementor-widget-spacer\" data-id=\"9a9b4e4\" data-element_type=\"widget\" data-e-type=\"widget\" data-widget_type=\"spacer.default\">\n\t\t\t\t<div class=\"elementor-widget-container\">\n\t\t\t\t\t\t\t<div class=\"elementor-spacer\">\n\t\t\t<div class=\"elementor-spacer-inner\"><\/div>\n\t\t<\/div>\n\t\t\t\t\t\t<\/div>\n\t\t\t\t<\/div>\n\t\t\t\t\t<\/div>\n\t\t<\/div>\n\t\t\t\t\t<\/div>\n\t\t<\/section>\n\t\t\t\t<section class=\"elementor-section elementor-top-section elementor-element elementor-element-d076b54 elementor-section-boxed elementor-section-height-default elementor-section-height-default\" data-id=\"d076b54\" data-element_type=\"section\" data-e-type=\"section\">\n\t\t\t\t\t\t<div class=\"elementor-container elementor-column-gap-default\">\n\t\t\t\t\t<div class=\"elementor-column elementor-col-100 elementor-top-column elementor-element elementor-element-ef1a4e9\" data-id=\"ef1a4e9\" data-element_type=\"column\" data-e-type=\"column\">\n\t\t\t<div class=\"elementor-widget-wrap elementor-element-populated\">\n\t\t\t\t\t\t<div class=\"elementor-element elementor-element-bac1892 elementor-grid-2 elementor-grid-tablet-2 elementor-grid-mobile-1 elementor-posts--thumbnail-top elementor-posts--show-avatar elementor-card-shadow-yes elementor-posts__hover-gradient elementor-widget elementor-widget-posts\" data-id=\"bac1892\" data-element_type=\"widget\" data-e-type=\"widget\" data-settings=\"{&quot;cards_columns&quot;:&quot;2&quot;,&quot;pagination_type&quot;:&quot;numbers&quot;,&quot;cards_columns_tablet&quot;:&quot;2&quot;,&quot;cards_columns_mobile&quot;:&quot;1&quot;,&quot;cards_row_gap&quot;:{&quot;unit&quot;:&quot;px&quot;,&quot;size&quot;:35,&quot;sizes&quot;:[]},&quot;cards_row_gap_tablet&quot;:{&quot;unit&quot;:&quot;px&quot;,&quot;size&quot;:&quot;&quot;,&quot;sizes&quot;:[]},&quot;cards_row_gap_mobile&quot;:{&quot;unit&quot;:&quot;px&quot;,&quot;size&quot;:&quot;&quot;,&quot;sizes&quot;:[]}}\" data-widget_type=\"posts.cards\">\n\t\t\t\t<div class=\"elementor-widget-container\">\n\t\t\t\t\t\t\t<div class=\"elementor-posts-container elementor-posts elementor-posts--skin-cards elementor-grid\" role=\"list\">\n\t\t\t\t<article class=\"elementor-post elementor-grid-item post-1757 post type-post status-publish format-standard has-post-thumbnail hentry category-events\" role=\"listitem\">\n\t\t\t<div class=\"elementor-post__card\">\n\t\t\t\t<a class=\"elementor-post__thumbnail__link\" href=\"https:\/\/web.msh-lse.fr\/leri2\/journee-detude-2026\/\" tabindex=\"-1\" ><div class=\"elementor-post__thumbnail\"><img fetchpriority=\"high\" decoding=\"async\" width=\"1024\" height=\"1024\" src=\"https:\/\/web.msh-lse.fr\/leri2\/wp-content\/uploads\/sites\/40\/2026\/01\/illustration_JE-1024x1024.png\" class=\"attachment-large size-large wp-image-1767\" alt=\"\" srcset=\"https:\/\/web.msh-lse.fr\/leri2\/wp-content\/uploads\/sites\/40\/2026\/01\/illustration_JE-1024x1024.png 1024w, https:\/\/web.msh-lse.fr\/leri2\/wp-content\/uploads\/sites\/40\/2026\/01\/illustration_JE-300x300.png 300w, https:\/\/web.msh-lse.fr\/leri2\/wp-content\/uploads\/sites\/40\/2026\/01\/illustration_JE-150x150.png 150w, https:\/\/web.msh-lse.fr\/leri2\/wp-content\/uploads\/sites\/40\/2026\/01\/illustration_JE-768x768.png 768w, https:\/\/web.msh-lse.fr\/leri2\/wp-content\/uploads\/sites\/40\/2026\/01\/illustration_JE-1536x1536.png 1536w, https:\/\/web.msh-lse.fr\/leri2\/wp-content\/uploads\/sites\/40\/2026\/01\/illustration_JE.png 2048w\" sizes=\"(max-width: 1024px) 100vw, 1024px\" \/><\/div><\/a>\n\t\t\t\t<div class=\"elementor-post__badge\">\u00c9v\u00e9nements du LERI\u00b2<\/div>\n\t\t\t\t<div class=\"elementor-post__avatar\">\n\t\t\t\t\t<\/div>\n\t\t\t\t<div class=\"elementor-post__text\">\n\t\t\t\t<h3 class=\"elementor-post__title\">\n\t\t\t<a href=\"https:\/\/web.msh-lse.fr\/leri2\/journee-detude-2026\/\" >\n\t\t\t\tJourn\u00e9e d&#8217;\u00c9tude &#8211; Biais et production non-intentionnelle d\u2019ignorance dans la recherche acad\u00e9mique\t\t\t<\/a>\n\t\t<\/h3>\n\t\t\t\t<div class=\"elementor-post__excerpt\">\n\t\t\t<p>Essentiel de l&#8217;appel (TL;DR) \u00c9v\u00e9nement : Journ\u00e9e d&#8217;\u00e9tude LERI\u00b2 Th\u00e8me : Biais et production non-intentionnelle d&#8217;ignorance Date &amp; Lieu : 12 juin 2026, Univ. Jean<\/p>\n\t\t<\/div>\n\t\t\n\t\t<a class=\"elementor-post__read-more\" href=\"https:\/\/web.msh-lse.fr\/leri2\/journee-detude-2026\/\" aria-label=\"Read more about Journ\u00e9e d&#8217;\u00c9tude &#8211; Biais et production non-intentionnelle d\u2019ignorance dans la recherche acad\u00e9mique\" tabindex=\"-1\" >\n\t\t\tLire la suite \u00bb\t\t<\/a>\n\n\t\t\t\t<\/div>\n\t\t\t\t<div class=\"elementor-post__meta-data\">\n\t\t\t\t\t<span class=\"elementor-post-date\">\n\t\t\t16 January 2026\t\t<\/span>\n\t\t\t\t<span class=\"elementor-post-avatar\">\n\t\t\tNo Comments\t\t<\/span>\n\t\t\t\t<\/div>\n\t\t\t\t\t<\/div>\n\t\t<\/article>\n\t\t\t\t<article class=\"elementor-post elementor-grid-item post-1310 post type-post status-publish format-standard has-post-thumbnail hentry category-events\" role=\"listitem\">\n\t\t\t<div class=\"elementor-post__card\">\n\t\t\t\t<a class=\"elementor-post__thumbnail__link\" href=\"https:\/\/web.msh-lse.fr\/leri2\/rencontre_dans_le_noir-transcripte\/\" tabindex=\"-1\" ><div class=\"elementor-post__thumbnail\"><img decoding=\"async\" width=\"1024\" height=\"559\" src=\"https:\/\/web.msh-lse.fr\/leri2\/wp-content\/uploads\/sites\/40\/2025\/09\/illustration_transcript-1024x559.png\" class=\"attachment-large size-large wp-image-1613\" alt=\"\" srcset=\"https:\/\/web.msh-lse.fr\/leri2\/wp-content\/uploads\/sites\/40\/2025\/09\/illustration_transcript-1024x559.png 1024w, https:\/\/web.msh-lse.fr\/leri2\/wp-content\/uploads\/sites\/40\/2025\/09\/illustration_transcript-300x164.png 300w, https:\/\/web.msh-lse.fr\/leri2\/wp-content\/uploads\/sites\/40\/2025\/09\/illustration_transcript-768x419.png 768w, https:\/\/web.msh-lse.fr\/leri2\/wp-content\/uploads\/sites\/40\/2025\/09\/illustration_transcript-1536x838.png 1536w, https:\/\/web.msh-lse.fr\/leri2\/wp-content\/uploads\/sites\/40\/2025\/09\/illustration_transcript-2048x1117.png 2048w\" sizes=\"(max-width: 1024px) 100vw, 1024px\" \/><\/div><\/a>\n\t\t\t\t<div class=\"elementor-post__badge\">\u00c9v\u00e9nements du LERI\u00b2<\/div>\n\t\t\t\t<div class=\"elementor-post__avatar\">\n\t\t\t\t\t<\/div>\n\t\t\t\t<div class=\"elementor-post__text\">\n\t\t\t\t<h3 class=\"elementor-post__title\">\n\t\t\t<a href=\"https:\/\/web.msh-lse.fr\/leri2\/rencontre_dans_le_noir-transcripte\/\" >\n\t\t\t\tTranscript &#8211; Rencontre Dans le Noir\t\t\t<\/a>\n\t\t<\/h3>\n\t\t\t\t<div class=\"elementor-post__excerpt\">\n\t\t\t<p>Nuit de la recherche 2025 \u00a0 [La salle s&#8217;installe, la lumi\u00e8re s\u2019\u00e9teint et la musique commence.] \u00a0 Bonjour \u00e0 toutes et tous, nous sommes le<\/p>\n\t\t<\/div>\n\t\t\n\t\t<a class=\"elementor-post__read-more\" href=\"https:\/\/web.msh-lse.fr\/leri2\/rencontre_dans_le_noir-transcripte\/\" aria-label=\"Read more about Transcript &#8211; Rencontre Dans le Noir\" tabindex=\"-1\" >\n\t\t\tLire la suite \u00bb\t\t<\/a>\n\n\t\t\t\t<\/div>\n\t\t\t\t<div class=\"elementor-post__meta-data\">\n\t\t\t\t\t<span class=\"elementor-post-date\">\n\t\t\t30 September 2025\t\t<\/span>\n\t\t\t\t<span class=\"elementor-post-avatar\">\n\t\t\tNo Comments\t\t<\/span>\n\t\t\t\t<\/div>\n\t\t\t\t\t<\/div>\n\t\t<\/article>\n\t\t\t\t<article class=\"elementor-post elementor-grid-item post-1311 post type-post status-publish format-standard has-post-thumbnail hentry category-articles-scientifiques\" role=\"listitem\">\n\t\t\t<div class=\"elementor-post__card\">\n\t\t\t\t<a class=\"elementor-post__thumbnail__link\" href=\"https:\/\/web.msh-lse.fr\/leri2\/glossaire\/\" tabindex=\"-1\" ><div class=\"elementor-post__thumbnail\"><img decoding=\"async\" width=\"1024\" height=\"559\" src=\"https:\/\/web.msh-lse.fr\/leri2\/wp-content\/uploads\/sites\/40\/2025\/08\/illustration_glossaire-1024x559.png\" class=\"attachment-large size-large wp-image-1609\" alt=\"\" srcset=\"https:\/\/web.msh-lse.fr\/leri2\/wp-content\/uploads\/sites\/40\/2025\/08\/illustration_glossaire-1024x559.png 1024w, https:\/\/web.msh-lse.fr\/leri2\/wp-content\/uploads\/sites\/40\/2025\/08\/illustration_glossaire-300x164.png 300w, https:\/\/web.msh-lse.fr\/leri2\/wp-content\/uploads\/sites\/40\/2025\/08\/illustration_glossaire-768x419.png 768w, https:\/\/web.msh-lse.fr\/leri2\/wp-content\/uploads\/sites\/40\/2025\/08\/illustration_glossaire-1536x838.png 1536w, https:\/\/web.msh-lse.fr\/leri2\/wp-content\/uploads\/sites\/40\/2025\/08\/illustration_glossaire-2048x1117.png 2048w\" sizes=\"(max-width: 1024px) 100vw, 1024px\" \/><\/div><\/a>\n\t\t\t\t<div class=\"elementor-post__badge\">Articles Scientifiques<\/div>\n\t\t\t\t<div class=\"elementor-post__avatar\">\n\t\t\t\t\t<\/div>\n\t\t\t\t<div class=\"elementor-post__text\">\n\t\t\t\t<h3 class=\"elementor-post__title\">\n\t\t\t<a href=\"https:\/\/web.msh-lse.fr\/leri2\/glossaire\/\" >\n\t\t\t\tQuelques D\u00e9finitions\t\t\t<\/a>\n\t\t<\/h3>\n\t\t\t\t<div class=\"elementor-post__excerpt\">\n\t\t\t<p>Glossaire vivant Comprendre l\u2019ignorance, c\u2019est mieux comprendre la connaissance. Ce glossaire rassemble les notions essentielles des \u00e9tudes de l\u2019ignorance (agnotologie, science non faite, cultures du<\/p>\n\t\t<\/div>\n\t\t\n\t\t<a class=\"elementor-post__read-more\" href=\"https:\/\/web.msh-lse.fr\/leri2\/glossaire\/\" aria-label=\"Read more about Quelques D\u00e9finitions\" tabindex=\"-1\" >\n\t\t\tLire la suite \u00bb\t\t<\/a>\n\n\t\t\t\t<\/div>\n\t\t\t\t<div class=\"elementor-post__meta-data\">\n\t\t\t\t\t<span class=\"elementor-post-date\">\n\t\t\t31 August 2025\t\t<\/span>\n\t\t\t\t<span class=\"elementor-post-avatar\">\n\t\t\tNo Comments\t\t<\/span>\n\t\t\t\t<\/div>\n\t\t\t\t\t<\/div>\n\t\t<\/article>\n\t\t\t\t<\/div>\n\t\t\n\t\t\t\t\t\t<\/div>\n\t\t\t\t<\/div>\n\t\t\t\t\t<\/div>\n\t\t<\/div>\n\t\t\t\t\t<\/div>\n\t\t<\/section>\n\t\t\t\t<section class=\"elementor-section elementor-top-section elementor-element elementor-element-e8beeef elementor-section-boxed elementor-section-height-default elementor-section-height-default\" data-id=\"e8beeef\" data-element_type=\"section\" data-e-type=\"section\">\n\t\t\t\t\t\t<div class=\"elementor-container elementor-column-gap-default\">\n\t\t\t\t\t<div class=\"elementor-column elementor-col-100 elementor-top-column elementor-element elementor-element-16a7b84\" data-id=\"16a7b84\" data-element_type=\"column\" data-e-type=\"column\">\n\t\t\t<div class=\"elementor-widget-wrap elementor-element-populated\">\n\t\t\t\t\t\t<div class=\"elementor-element elementor-element-63bba08 elementor-widget-divider--view-line elementor-widget elementor-widget-divider\" data-id=\"63bba08\" data-element_type=\"widget\" data-e-type=\"widget\" data-widget_type=\"divider.default\">\n\t\t\t\t<div class=\"elementor-widget-container\">\n\t\t\t\t\t\t\t<div class=\"elementor-divider\">\n\t\t\t<span class=\"elementor-divider-separator\">\n\t\t\t\t\t\t<\/span>\n\t\t<\/div>\n\t\t\t\t\t\t<\/div>\n\t\t\t\t<\/div>\n\t\t\t\t\t<\/div>\n\t\t<\/div>\n\t\t\t\t\t<\/div>\n\t\t<\/section>\n\t\t\t\t<\/div>\n\t\t","protected":false},"excerpt":{"rendered":"<p>Blog<\/p>\n","protected":false},"author":23,"featured_media":0,"parent":0,"menu_order":0,"comment_status":"closed","ping_status":"closed","template":"elementor_header_footer","meta":{"_kadence_starter_templates_imported_post":true,"_kad_post_transparent":"","_kad_post_title":"hide","_kad_post_layout":"normal","_kad_post_sidebar_id":"","_kad_post_content_style":"unboxed","_kad_post_vertical_padding":"hide","_kad_post_feature":"hide","_kad_post_feature_position":"","_kad_post_header":false,"_kad_post_footer":false,"_kad_post_classname":"","footnotes":""},"class_list":["post-1318","page","type-page","status-publish","hentry"],"_links":{"self":[{"href":"https:\/\/web.msh-lse.fr\/leri2\/wp-json\/wp\/v2\/pages\/1318","targetHints":{"allow":["GET"]}}],"collection":[{"href":"https:\/\/web.msh-lse.fr\/leri2\/wp-json\/wp\/v2\/pages"}],"about":[{"href":"https:\/\/web.msh-lse.fr\/leri2\/wp-json\/wp\/v2\/types\/page"}],"author":[{"embeddable":true,"href":"https:\/\/web.msh-lse.fr\/leri2\/wp-json\/wp\/v2\/users\/23"}],"replies":[{"embeddable":true,"href":"https:\/\/web.msh-lse.fr\/leri2\/wp-json\/wp\/v2\/comments?post=1318"}],"version-history":[{"count":10,"href":"https:\/\/web.msh-lse.fr\/leri2\/wp-json\/wp\/v2\/pages\/1318\/revisions"}],"predecessor-version":[{"id":1602,"href":"https:\/\/web.msh-lse.fr\/leri2\/wp-json\/wp\/v2\/pages\/1318\/revisions\/1602"}],"wp:attachment":[{"href":"https:\/\/web.msh-lse.fr\/leri2\/wp-json\/wp\/v2\/media?parent=1318"}],"curies":[{"name":"wp","href":"https:\/\/api.w.org\/{rel}","templated":true}]}}