{"id":656,"date":"2021-04-26T16:11:20","date_gmt":"2021-04-26T14:11:20","guid":{"rendered":"https:\/\/web.msh-lse.fr\/ler\/?page_id=656"},"modified":"2021-05-05T10:40:37","modified_gmt":"2021-05-05T08:40:37","slug":"memoire-filmee","status":"publish","type":"page","link":"https:\/\/web.msh-lse.fr\/ler\/memoire-filmee\/","title":{"rendered":"M\u00e9moires film\u00e9es"},"content":{"rendered":"\n<p><strong>Projet M\u00e9moires film\u00e9es d&rsquo;agriculture en Auvergne Rh\u00f4ne Alpes (1670-2000)<\/strong><\/p>\n\n\n\n<p>Etude scientifique du 15\/03\/2018 au 15\/06\/2021 par <strong>Mr Edouard Lynch<\/strong> (professeur d&rsquo;histoire contemporaine Universit\u00e9 Lyon 2 et membre du laboratoire LER)<\/p>\n\n\n\n<figure class=\"wp-block-image\"><img decoding=\"async\" src=\"http:\/\/ler-serec.org\/images\/Logo_70.png\" alt=\"\" \/><\/figure>\n\n\n\n<figure class=\"wp-block-image\"><img decoding=\"async\" src=\"http:\/\/ler-serec.org\/images\/logo univ lyon2.jpg\" alt=\"\" \/><\/figure>\n\n\n\n<p>M\u00e9moires film\u00e9es de l\u2019agriculture en Auvergne-Rh\u00f4ne-Alpes (1970-2000)<\/p>\n\n\n\n<p>&nbsp;&nbsp;&nbsp;&nbsp;&nbsp;&nbsp;&nbsp;&nbsp; A l\u2019heure o\u00f9 la soci\u00e9t\u00e9 s\u2019interroge de mani\u00e8re croissante sur son rapport \u00e0 l\u2019environnement, aux usages concurrentiels des espaces ruraux et \u00e0 l\u2019alimentation, aux liens renouvel\u00e9s entre villes et campagnes, o\u00f9 le mod\u00e8le de production agricole initi\u00e9 depuis la fin de la seconde guerre mondiale est de plus en plus questionn\u00e9, l\u2019objectif du projet est d\u2019observer et d\u2019analyser, \u00e0 travers des sources audiovisuelles, les modalit\u00e9s de la mise en place, de l\u2019\u00e9volution et des impacts de la r\u00e9volution agricole \u00e0 l\u2019\u00e9chelle des territoire<ins>s<\/ins> Rh\u00f4ne-<ins>a<\/ins>lpin<ins>s et auvergnats<\/ins>.<\/p>\n\n\n\n<p>&nbsp;&nbsp;&nbsp;&nbsp;&nbsp;&nbsp;&nbsp;&nbsp; Pour ce faire, l\u2019objectif est d\u2019exploiter un gisement documentaire in\u00e9dit et original, un fond d\u2019environ 169 films \u00e0 destination des agriculteurs, r\u00e9alis\u00e9s entre 1970 et 2010 par une association travaillant \u00e0 l\u2019\u00e9chelon r\u00e9gional, \u00ab&nbsp;t\u00e9l\u00e9-Promotion rural&nbsp;\u00bb. Gr\u00e2ce \u00e0 ce fond, il s\u2019agit \u00e0 la fois de mener un travail de recherche, inscrit dans une dynamique scientifique innovante, celle de l\u2019usage scientifique des images anim\u00e9es, sur un sujet encore largement d\u00e9laiss\u00e9 par les historiens, tout en s\u2019attachant \u00e0 la pr\u00e9servation et \u00e0 la valorisation d\u2019un patrimoine audiovisuel au devenir encore fragile, mais qui constitue un outil de r\u00e9flexion et de communication en direction des agriculteurs, des institutions m\u00e9morielles, des habitants et territoires ruraux et des&nbsp; <ins>apprenants<\/ins> de l\u2019enseignement agricole, dans le cadre d\u2019une action culturelle innovante.<\/p>\n\n\n\n<p>Partenaires<\/p>\n\n\n\n<p>DRAC<\/p>\n\n\n\n<p>DRAAF<\/p>\n\n\n\n<p>R\u00e9gions Rh\u00f4ne Alpes<\/p>\n\n\n\n<p>INA Centre Est<\/p>\n\n\n\n<p>LER<\/p>\n\n\n\n<p>Laboratoires Passages XIX-XXIe si\u00e8cles<\/p>\n\n\n\n<figure class=\"wp-block-image\"><img decoding=\"async\" src=\"http:\/\/ler-serec.org\/images\/OIP.jpg\" alt=\"\" \/><\/figure>\n\n\n\n<figure class=\"wp-block-image\"><img decoding=\"async\" src=\"http:\/\/ler-serec.org\/images\/Logo INA.jpg\" alt=\"\" \/><\/figure>\n\n\n\n<figure class=\"wp-block-image\"><img decoding=\"async\" src=\"http:\/\/ler-serec.org\/images\/univ lyon2.jpg\" alt=\"\" \/><\/figure>\n\n\n\n<p>&nbsp;Illustrations :&nbsp;<\/p>\n\n\n\n<figure class=\"wp-block-image size-large\"><img fetchpriority=\"high\" decoding=\"async\" width=\"449\" height=\"599\" src=\"https:\/\/web.msh-lse.fr\/ler\/wp-content\/uploads\/sites\/7\/2021\/05\/image-2.png\" alt=\"\" class=\"wp-image-1090\" srcset=\"https:\/\/web.msh-lse.fr\/ler\/wp-content\/uploads\/sites\/7\/2021\/05\/image-2.png 449w, https:\/\/web.msh-lse.fr\/ler\/wp-content\/uploads\/sites\/7\/2021\/05\/image-2-225x300.png 225w\" sizes=\"(max-width: 449px) 100vw, 449px\" \/><\/figure>\n\n\n\n<figure class=\"wp-block-image size-large\"><img decoding=\"async\" width=\"381\" height=\"484\" src=\"https:\/\/web.msh-lse.fr\/ler\/wp-content\/uploads\/sites\/7\/2021\/05\/image-3.png\" alt=\"\" class=\"wp-image-1091\" srcset=\"https:\/\/web.msh-lse.fr\/ler\/wp-content\/uploads\/sites\/7\/2021\/05\/image-3.png 381w, https:\/\/web.msh-lse.fr\/ler\/wp-content\/uploads\/sites\/7\/2021\/05\/image-3-236x300.png 236w\" sizes=\"(max-width: 381px) 100vw, 381px\" \/><\/figure>\n\n\n\n<figure class=\"wp-block-image size-large\"><img decoding=\"async\" width=\"421\" height=\"561\" src=\"https:\/\/web.msh-lse.fr\/ler\/wp-content\/uploads\/sites\/7\/2021\/05\/image-1.png\" alt=\"\" class=\"wp-image-1089\" srcset=\"https:\/\/web.msh-lse.fr\/ler\/wp-content\/uploads\/sites\/7\/2021\/05\/image-1.png 421w, https:\/\/web.msh-lse.fr\/ler\/wp-content\/uploads\/sites\/7\/2021\/05\/image-1-225x300.png 225w\" sizes=\"(max-width: 421px) 100vw, 421px\" \/><\/figure>\n\n\n\n<figure class=\"wp-block-image size-large\"><img loading=\"lazy\" decoding=\"async\" width=\"397\" height=\"606\" src=\"https:\/\/web.msh-lse.fr\/ler\/wp-content\/uploads\/sites\/7\/2021\/05\/image.png\" alt=\"\" class=\"wp-image-1088\" srcset=\"https:\/\/web.msh-lse.fr\/ler\/wp-content\/uploads\/sites\/7\/2021\/05\/image.png 397w, https:\/\/web.msh-lse.fr\/ler\/wp-content\/uploads\/sites\/7\/2021\/05\/image-197x300.png 197w\" sizes=\"(max-width: 397px) 100vw, 397px\" \/><\/figure>\n\n\n\n<p><\/p>\n","protected":false},"excerpt":{"rendered":"<p>Projet M\u00e9moires film\u00e9es d&rsquo;agriculture en Auvergne Rh\u00f4ne Alpes (1670-2000) Etude scientifique du 15\/03\/2018 au 15\/06\/2021 par Mr Edouard Lynch (professeur d&rsquo;histoire contemporaine Universit\u00e9 Lyon 2 et membre du laboratoire LER) M\u00e9moires film\u00e9es de l\u2019agriculture en Auvergne-Rh\u00f4ne-Alpes (1970-2000) &nbsp;&nbsp;&nbsp;&nbsp;&nbsp;&nbsp;&nbsp;&nbsp; A l\u2019heure o\u00f9 la soci\u00e9t\u00e9 s\u2019interroge de mani\u00e8re croissante sur son rapport \u00e0 l\u2019environnement, aux usages concurrentiels&#8230;<\/p>\n","protected":false},"author":23,"featured_media":0,"parent":0,"menu_order":0,"comment_status":"closed","ping_status":"closed","template":"","meta":{"_kadence_starter_templates_imported_post":false,"_kad_post_transparent":"","_kad_post_title":"","_kad_post_layout":"","_kad_post_sidebar_id":"","_kad_post_content_style":"","_kad_post_vertical_padding":"","_kad_post_feature":"","_kad_post_feature_position":"","_kad_post_header":false,"_kad_post_footer":false,"_kad_post_classname":"","_mc_calendar":[],"footnotes":""},"class_list":["post-656","page","type-page","status-publish","hentry"],"featured_image_urls_v2":{"full":"","thumbnail":"","medium":"","medium_large":"","large":"","1536x1536":"","2048x2048":""},"post_excerpt_stackable_v2":"<p>Projet M\u00e9moires film\u00e9es d&rsquo;agriculture en Auvergne Rh\u00f4ne Alpes (1670-2000) Etude scientifique du 15\/03\/2018 au 15\/06\/2021 par Mr Edouard Lynch (professeur d&rsquo;histoire contemporaine Universit\u00e9 Lyon 2 et membre du laboratoire LER) M\u00e9moires film\u00e9es de l\u2019agriculture en Auvergne-Rh\u00f4ne-Alpes (1970-2000) &nbsp;&nbsp;&nbsp;&nbsp;&nbsp;&nbsp;&nbsp;&nbsp; A l\u2019heure o\u00f9 la soci\u00e9t\u00e9 s\u2019interroge de mani\u00e8re croissante sur son rapport \u00e0 l\u2019environnement, aux usages concurrentiels des espaces ruraux et \u00e0 l\u2019alimentation, aux liens renouvel\u00e9s entre villes et campagnes, o\u00f9 le mod\u00e8le de production agricole initi\u00e9 depuis la fin de la seconde guerre mondiale est de plus en plus questionn\u00e9, l\u2019objectif du projet est d\u2019observer et d\u2019analyser, \u00e0 travers des sources\u2026<\/p>\n","category_list_v2":"","author_info_v2":{"name":"hkieffer","url":"https:\/\/web.msh-lse.fr\/ler\/author\/hkieffer\/"},"comments_num_v2":"0 commentaire","_links":{"self":[{"href":"https:\/\/web.msh-lse.fr\/ler\/wp-json\/wp\/v2\/pages\/656","targetHints":{"allow":["GET"]}}],"collection":[{"href":"https:\/\/web.msh-lse.fr\/ler\/wp-json\/wp\/v2\/pages"}],"about":[{"href":"https:\/\/web.msh-lse.fr\/ler\/wp-json\/wp\/v2\/types\/page"}],"author":[{"embeddable":true,"href":"https:\/\/web.msh-lse.fr\/ler\/wp-json\/wp\/v2\/users\/23"}],"replies":[{"embeddable":true,"href":"https:\/\/web.msh-lse.fr\/ler\/wp-json\/wp\/v2\/comments?post=656"}],"version-history":[{"count":7,"href":"https:\/\/web.msh-lse.fr\/ler\/wp-json\/wp\/v2\/pages\/656\/revisions"}],"predecessor-version":[{"id":1093,"href":"https:\/\/web.msh-lse.fr\/ler\/wp-json\/wp\/v2\/pages\/656\/revisions\/1093"}],"wp:attachment":[{"href":"https:\/\/web.msh-lse.fr\/ler\/wp-json\/wp\/v2\/media?parent=656"}],"curies":[{"name":"wp","href":"https:\/\/api.w.org\/{rel}","templated":true}]}}