{"id":6267,"date":"2025-10-07T11:34:08","date_gmt":"2025-10-07T09:34:08","guid":{"rendered":"https:\/\/web.msh-lse.fr\/ler\/?page_id=6267"},"modified":"2025-10-08T15:40:42","modified_gmt":"2025-10-08T13:40:42","slug":"mairie-de-genas","status":"publish","type":"page","link":"https:\/\/web.msh-lse.fr\/ler\/mairie-de-genas\/","title":{"rendered":"Mairie de Genas"},"content":{"rendered":"\n<p><strong>Le projet :<\/strong><\/p>\n\n\n\n<p>Ouvrage collectif de \u00c9douard Lynch, directeur de la publication, avec Jean-Louis Gaulin, Philippe Martin et \u00c9tienne Faugier<\/p>\n\n\n\n<p><a href=\"https:\/\/genas.fr\/ma-ville\/decouvrir-genas\/patrimoine-genassien\/livre\/\"><em>Histoire d&rsquo;une (autre) confluence<\/em><\/a>, c&rsquo;est la confluence entre des appartenances territoriales longtemps incertaines, confluence au sein d&rsquo;une commune un temps divis\u00e9e, entre un long pass\u00e9 agricole et l&rsquo;adaptation \u00e0 la nouvelle donne industrielle et urbaine, au c\u0153ur d&rsquo;un territoire domin\u00e9 par les enjeux d&rsquo;\u00e9changes et de circulation.<\/p>\n\n\n\n<p><a href=\"https:\/\/www.univ-lyon2.fr\/recherche\/publications-de-nos-enseignant-es-chercheur-es\/genas-histoire-dune-autre-confluence\"> LIEN<\/a><\/p>\n\n\n\n<p>___________________________________________________________________________________________________________________________________________________________________<\/p>\n\n\n\n<p>\u00ab\u00a0<em>Mobilisant des sources nombreuses et souvent in\u00e9dites, l\u2019ouvrage \u00ab\u00a0Genas, histoire d\u2019une (autre confluence)\u00a0\u00bb propose un plan th\u00e9matique en six chapitres, \u00e9clairant la grande et la petite histoire de Genas, longtemps village agricole du Dauphin\u00e9, situ\u00e9 \u00e0 la p\u00e9riph\u00e9rie lyonnaise et devenu ville dynamique d\u2019un p\u00f4le de vie et d\u2019activit\u00e9s.<\/em><\/p>\n\n\n\n<p><br><em>Chaque chapitre peut \u00eatre lu ind\u00e9pendamment, comme une porte d\u2019entr\u00e9e vers une p\u00e9riode, un espace, un fait saillant ou une anecdote. En cl\u00f4ture, le portfolio de Genas confi\u00e9 par la Municipalit\u00e9 au photographe Pierre Witt pose un regard sensible sur la ville contemporaine. Paysages, d\u00e9tails architecturaux et ambiances saisies sur le vif invitent \u00e0 ressentir Genas dans sa r\u00e9alit\u00e9 actuelle.<\/em><\/p>\n\n\n\n<p><em>Pour prolonger la d\u00e9couverte, plusieurs outils compl\u00e8tent l\u2019ensemble : une chronologie crois\u00e9e mettant en regard les grandes dates locales et nationales, ainsi qu\u2019une liste de sources et travaux mobilis\u00e9s pour nourrir le r\u00e9cit et, pourquoi pas, le prolonger.<\/em><\/p>\n\n\n\n<p><br><em>Sa r\u00e9daction est le fruit d\u2019un travail collectif initi\u00e9 et port\u00e9 par la Municipalit\u00e9 de Genas. Quatre historiens de l\u2019Universit\u00e9 Lumi\u00e8re Lyon 2 \u2013 <strong>\u00c9douard Lynch<\/strong>, Jean-Louis Gaulin, Philippe Martin et <strong>\u00c9tienne Faugier<\/strong> \u2013 ont crois\u00e9 leurs expertises pour \u00e9clairer les multiples facettes de l\u2019histoire de Genas.<\/em>\u00ab\u00a0<\/p>\n\n\n\n<p><strong>(Source Mairie de Genas)<\/strong><\/p>\n\n\n\n<p>_________________________________________________________________________________________________________________________________________________________________<\/p>\n\n\n\n<h2 class=\"wp-block-heading\">Retour sur la conf\u00e9rence \u00ab Les coulisses de la construction du livre sur l\u2019histoire de Genas \u00bb Juin 2024<\/h2>\n\n\n\n<figure class=\"wp-block-image size-full is-resized\"><img decoding=\"async\" width=\"171\" height=\"148\" src=\"https:\/\/web.msh-lse.fr\/ler\/wp-content\/uploads\/sites\/7\/2025\/10\/logo-genas.png\" alt=\"\" class=\"wp-image-6510\" style=\"width:103px;height:auto\" \/><\/figure>\n\n\n\n<figure class=\"wp-block-gallery has-nested-images columns-default is-cropped wp-block-gallery-1 is-layout-flex wp-block-gallery-is-layout-flex\">\n<figure class=\"wp-block-image size-large\"><img fetchpriority=\"high\" decoding=\"async\" width=\"1024\" height=\"705\" data-id=\"6509\" src=\"https:\/\/web.msh-lse.fr\/ler\/wp-content\/uploads\/sites\/7\/2025\/10\/RETOUR1-1024x705.png\" alt=\"\" class=\"wp-image-6509\" srcset=\"https:\/\/web.msh-lse.fr\/ler\/wp-content\/uploads\/sites\/7\/2025\/10\/RETOUR1-1024x705.png 1024w, https:\/\/web.msh-lse.fr\/ler\/wp-content\/uploads\/sites\/7\/2025\/10\/RETOUR1-300x207.png 300w, https:\/\/web.msh-lse.fr\/ler\/wp-content\/uploads\/sites\/7\/2025\/10\/RETOUR1-768x529.png 768w, https:\/\/web.msh-lse.fr\/ler\/wp-content\/uploads\/sites\/7\/2025\/10\/RETOUR1.png 1093w\" sizes=\"(max-width: 1024px) 100vw, 1024px\" \/><\/figure>\n<\/figure>\n\n\n\n<p>__________________________________________________________________________________________________________________________________________________________________<\/p>\n\n\n\n<h2 class=\"wp-block-heading\"><strong>Dans la presse \u00ab\u00a0Genas <em>le mag<\/em>\u00a0\u00bb n\u00b0 61 janvier 2025<\/strong> &#8211;<span style=\"color: var(--global-palette2, var(--global-palette2))\" class=\"stk-highlight\"><strong> Making of du film sur l&rsquo;histoire de Genas.<\/strong><\/span><\/h2>\n\n\n\n<div class=\"wp-block-stackable-spacer stk-block-spacer stk--no-padding stk-block stk-75ccac1\" data-block-id=\"75ccac1\"><style>.stk-75ccac1 {height:50px !important;}<\/style><\/div>\n\n\n\n<figure class=\"wp-block-gallery has-nested-images columns-default is-cropped wp-block-gallery-2 is-layout-flex wp-block-gallery-is-layout-flex\">\n<figure class=\"wp-block-image size-large\"><a href=\"https:\/\/genas.fr\/wp-content\/uploads\/2025\/01\/GenasNewMag_61_WEB.pdf\"><img decoding=\"async\" width=\"724\" height=\"1024\" data-id=\"6505\" src=\"https:\/\/web.msh-lse.fr\/ler\/wp-content\/uploads\/sites\/7\/2025\/10\/Genas-le-mag-n\u00b055-janvier-2023-GenasNewMag_61_WEBp1_page-0001-724x1024.jpg\" alt=\"\" class=\"wp-image-6505\" srcset=\"https:\/\/web.msh-lse.fr\/ler\/wp-content\/uploads\/sites\/7\/2025\/10\/Genas-le-mag-n\u00b055-janvier-2023-GenasNewMag_61_WEBp1_page-0001-724x1024.jpg 724w, https:\/\/web.msh-lse.fr\/ler\/wp-content\/uploads\/sites\/7\/2025\/10\/Genas-le-mag-n\u00b055-janvier-2023-GenasNewMag_61_WEBp1_page-0001-212x300.jpg 212w, https:\/\/web.msh-lse.fr\/ler\/wp-content\/uploads\/sites\/7\/2025\/10\/Genas-le-mag-n\u00b055-janvier-2023-GenasNewMag_61_WEBp1_page-0001-768x1087.jpg 768w, https:\/\/web.msh-lse.fr\/ler\/wp-content\/uploads\/sites\/7\/2025\/10\/Genas-le-mag-n\u00b055-janvier-2023-GenasNewMag_61_WEBp1_page-0001-1085x1536.jpg 1085w, https:\/\/web.msh-lse.fr\/ler\/wp-content\/uploads\/sites\/7\/2025\/10\/Genas-le-mag-n\u00b055-janvier-2023-GenasNewMag_61_WEBp1_page-0001.jpg 1240w\" sizes=\"(max-width: 724px) 100vw, 724px\" \/><\/a><\/figure>\n\n\n\n<figure class=\"wp-block-image size-large\"><img loading=\"lazy\" decoding=\"async\" width=\"724\" height=\"1024\" data-id=\"6504\" src=\"https:\/\/web.msh-lse.fr\/ler\/wp-content\/uploads\/sites\/7\/2025\/10\/Genas-le-mag-n\u00b055-janvier-2023-GenasNewMag_61_WEB_page-0001-724x1024.jpg\" alt=\"\" class=\"wp-image-6504\" srcset=\"https:\/\/web.msh-lse.fr\/ler\/wp-content\/uploads\/sites\/7\/2025\/10\/Genas-le-mag-n\u00b055-janvier-2023-GenasNewMag_61_WEB_page-0001-724x1024.jpg 724w, https:\/\/web.msh-lse.fr\/ler\/wp-content\/uploads\/sites\/7\/2025\/10\/Genas-le-mag-n\u00b055-janvier-2023-GenasNewMag_61_WEB_page-0001-212x300.jpg 212w, https:\/\/web.msh-lse.fr\/ler\/wp-content\/uploads\/sites\/7\/2025\/10\/Genas-le-mag-n\u00b055-janvier-2023-GenasNewMag_61_WEB_page-0001-768x1087.jpg 768w, https:\/\/web.msh-lse.fr\/ler\/wp-content\/uploads\/sites\/7\/2025\/10\/Genas-le-mag-n\u00b055-janvier-2023-GenasNewMag_61_WEB_page-0001-1085x1536.jpg 1085w, https:\/\/web.msh-lse.fr\/ler\/wp-content\/uploads\/sites\/7\/2025\/10\/Genas-le-mag-n\u00b055-janvier-2023-GenasNewMag_61_WEB_page-0001.jpg 1240w\" sizes=\"(max-width: 724px) 100vw, 724px\" \/><\/figure>\n<\/figure>\n\n\n\n<p>_______________________________________________________________________________________________________________________________________________________________<\/p>\n\n\n\n<h2 class=\"wp-block-heading\"><strong>Dans les r\u00e9seaux sociaux une vid\u00e9o publi\u00e9e (24 Juin 2025) par la Ville de Genas \u00e0 d\u00e9couvrir :<\/strong><\/h2>\n\n\n\n<p><a href=\"https:\/\/vimeo.com\/1094741759?fl=pl&amp;fe=sh\">https:\/\/vimeo.com\/1094741759?fl=pl&amp;fe=sh<\/a><\/p>\n\n\n\n<figure class=\"wp-block-image size-full is-resized\"><a href=\"https:\/\/vimeo.com\/1094741759\"><img loading=\"lazy\" decoding=\"async\" width=\"695\" height=\"766\" src=\"https:\/\/web.msh-lse.fr\/ler\/wp-content\/uploads\/sites\/7\/2025\/10\/image.png\" alt=\"\" class=\"wp-image-6278\" style=\"width:725px;height:auto\" srcset=\"https:\/\/web.msh-lse.fr\/ler\/wp-content\/uploads\/sites\/7\/2025\/10\/image.png 695w, https:\/\/web.msh-lse.fr\/ler\/wp-content\/uploads\/sites\/7\/2025\/10\/image-272x300.png 272w\" sizes=\"(max-width: 695px) 100vw, 695px\" \/><\/a><\/figure>\n\n\n\n<p><\/p>\n","protected":false},"excerpt":{"rendered":"<p>Le projet : Ouvrage collectif de \u00c9douard Lynch, directeur de la publication, avec Jean-Louis Gaulin, Philippe Martin et \u00c9tienne Faugier Histoire d&rsquo;une (autre) confluence, c&rsquo;est la confluence entre des appartenances territoriales longtemps incertaines, confluence au sein d&rsquo;une commune un temps divis\u00e9e, entre un long pass\u00e9 agricole et l&rsquo;adaptation \u00e0 la nouvelle donne industrielle et urbaine,&#8230;<\/p>\n","protected":false},"author":23,"featured_media":0,"parent":0,"menu_order":0,"comment_status":"closed","ping_status":"closed","template":"","meta":{"_kadence_starter_templates_imported_post":false,"_kad_post_transparent":"","_kad_post_title":"","_kad_post_layout":"","_kad_post_sidebar_id":"","_kad_post_content_style":"","_kad_post_vertical_padding":"","_kad_post_feature":"","_kad_post_feature_position":"","_kad_post_header":false,"_kad_post_footer":false,"_kad_post_classname":"","_mc_calendar":[],"footnotes":""},"class_list":["post-6267","page","type-page","status-publish","hentry"],"featured_image_urls_v2":{"full":"","thumbnail":"","medium":"","medium_large":"","large":"","1536x1536":"","2048x2048":""},"post_excerpt_stackable_v2":"<p>Le projet : Ouvrage collectif de \u00c9douard Lynch, directeur de la publication, avec Jean-Louis Gaulin, Philippe Martin et \u00c9tienne Faugier Histoire d&rsquo;une (autre) confluence, c&rsquo;est la confluence entre des appartenances territoriales longtemps incertaines, confluence au sein d&rsquo;une commune un temps divis\u00e9e, entre un long pass\u00e9 agricole et l&rsquo;adaptation \u00e0 la nouvelle donne industrielle et urbaine, au c\u0153ur d&rsquo;un territoire domin\u00e9 par les enjeux d&rsquo;\u00e9changes et de circulation. LIEN ___________________________________________________________________________________________________________________________________________________________________ \u00ab\u00a0Mobilisant des sources nombreuses et souvent in\u00e9dites, l\u2019ouvrage \u00ab\u00a0Genas, histoire d\u2019une (autre confluence)\u00a0\u00bb propose un plan th\u00e9matique en six chapitres, \u00e9clairant la grande et la petite histoire de Genas, longtemps village\u2026<\/p>\n","category_list_v2":"","author_info_v2":{"name":"hkieffer","url":"https:\/\/web.msh-lse.fr\/ler\/author\/hkieffer\/"},"comments_num_v2":"0 commentaire","_links":{"self":[{"href":"https:\/\/web.msh-lse.fr\/ler\/wp-json\/wp\/v2\/pages\/6267","targetHints":{"allow":["GET"]}}],"collection":[{"href":"https:\/\/web.msh-lse.fr\/ler\/wp-json\/wp\/v2\/pages"}],"about":[{"href":"https:\/\/web.msh-lse.fr\/ler\/wp-json\/wp\/v2\/types\/page"}],"author":[{"embeddable":true,"href":"https:\/\/web.msh-lse.fr\/ler\/wp-json\/wp\/v2\/users\/23"}],"replies":[{"embeddable":true,"href":"https:\/\/web.msh-lse.fr\/ler\/wp-json\/wp\/v2\/comments?post=6267"}],"version-history":[{"count":12,"href":"https:\/\/web.msh-lse.fr\/ler\/wp-json\/wp\/v2\/pages\/6267\/revisions"}],"predecessor-version":[{"id":6518,"href":"https:\/\/web.msh-lse.fr\/ler\/wp-json\/wp\/v2\/pages\/6267\/revisions\/6518"}],"wp:attachment":[{"href":"https:\/\/web.msh-lse.fr\/ler\/wp-json\/wp\/v2\/media?parent=6267"}],"curies":[{"name":"wp","href":"https:\/\/api.w.org\/{rel}","templated":true}]}}