{"id":6177,"date":"2025-03-13T10:03:26","date_gmt":"2025-03-13T09:03:26","guid":{"rendered":"https:\/\/web.msh-lse.fr\/ler\/?page_id=6177"},"modified":"2025-03-17T13:33:05","modified_gmt":"2025-03-17T12:33:05","slug":"terroir","status":"publish","type":"page","link":"https:\/\/web.msh-lse.fr\/ler\/terroir\/","title":{"rendered":"TERROIR"},"content":{"rendered":"\t\t<div data-elementor-type=\"wp-page\" data-elementor-id=\"6177\" class=\"elementor elementor-6177\" data-elementor-post-type=\"page\">\n\t\t\t\t\t\t<section class=\"elementor-section elementor-top-section elementor-element elementor-element-fb6c5f5 elementor-section-boxed elementor-section-height-default elementor-section-height-default\" data-id=\"fb6c5f5\" data-element_type=\"section\" data-e-type=\"section\">\n\t\t\t\t\t\t<div class=\"elementor-container elementor-column-gap-default\">\n\t\t\t\t\t<div class=\"elementor-column elementor-col-100 elementor-top-column elementor-element elementor-element-555dedc7\" data-id=\"555dedc7\" data-element_type=\"column\" data-e-type=\"column\">\n\t\t\t<div class=\"elementor-widget-wrap elementor-element-populated\">\n\t\t\t\t\t\t<div class=\"elementor-element elementor-element-7a7a05f6 elementor-widget elementor-widget-text-editor\" data-id=\"7a7a05f6\" data-element_type=\"widget\" data-e-type=\"widget\" data-widget_type=\"text-editor.default\">\n\t\t\t\t<div class=\"elementor-widget-container\">\n\t\t\t\t\t\t\t\t\t<p><span style=\"color: #339966\"><strong>Transitions alimentaires et agricoles par l&rsquo;Engagement citoyen en Ruralit\u00e9 : Recherches, Outils, Informations et R\u00e9seau.<\/strong><\/span><\/p>\n<p><span style=\"color: #339966\"><strong>Pr\u00e9sentation du projet TERROIR et le r\u00e9seau TERROIR<br \/><\/strong><\/span><\/p>\n<p><!-- \/wp:paragraph --><!-- wp:paragraph --><\/p>\n<p>Le projet Terroir est un projet de recherche-action port\u00e9 et men\u00e9 par le laboratoire d&rsquo;\u00c9tudes Rurales, l&rsquo;association Bouge Ton CoQ, qui d\u00e9ploie des solutions d&rsquo;int\u00e9r\u00eat g\u00e9n\u00e9ral pour dynamiser les territoires ruraux en f\u00e9d\u00e9rant les acteurs et actrices au niveau local, et Agridemain, mouvement rassemblant les principales organisations professionnelles du secteur agricole.<\/p>\n<p><!-- \/wp:paragraph --><!-- wp:paragraph --><\/p>\n<p><span style=\"color: #339966\"><strong>Ainsi, le r\u00e9seau TERROIR, c&rsquo;est :<\/strong><\/span><br \/>\u2666 une \u00e9tude scientifique men\u00e9e par le LER pour analyser l&rsquo;impact des commerces citoyens dans les zones rurales ;<br \/>\u2666 la cr\u00e9ation d\u2019une Fresque sur le \u00ab\u00a0Mieux Manger local\u00a0\u00bb, un outil p\u00e9dagogique collaboratif permettant de mieux comprendre les interactions entre production, distribution et consommation alimentaire, tout en sensibilisant \u00e0 des comportements plus responsables ;<br \/>\u2666 des outils pratiques pour les futurs porteurs de projets souhaitant cr\u00e9er un commerce citoyen.<\/p>\n<p><a href=\"https:\/\/reseau-terroir.fr\/\"><strong><span style=\"color: #339966\">\u2192 Tout sur le projet<\/span><\/strong><\/a><\/p>\n<p><!-- \/wp:paragraph --><!-- wp:image {\"lightbox\":{\"enabled\":false},\"id\":6188,\"sizeSlug\":\"full\",\"linkDestination\":\"custom\"} --><\/p>\n<figure class=\"wp-block-image size-full\"><a href=\"https:\/\/youtu.be\/q1QQJYtKD70\"><img fetchpriority=\"high\" decoding=\"async\" width=\"469\" height=\"263\" class=\"wp-image-6188\" src=\"https:\/\/web.msh-lse.fr\/ler\/wp-content\/uploads\/sites\/7\/2025\/03\/terroir-youtube.png\" alt=\"\" srcset=\"https:\/\/web.msh-lse.fr\/ler\/wp-content\/uploads\/sites\/7\/2025\/03\/terroir-youtube.png 469w, https:\/\/web.msh-lse.fr\/ler\/wp-content\/uploads\/sites\/7\/2025\/03\/terroir-youtube-300x168.png 300w\" sizes=\"(max-width: 469px) 100vw, 469px\" \/><\/a><img \/><\/figure>\n<p><!-- \/wp:image --><!-- wp:image --><\/p>\n<p><!-- \/wp:image --> <strong>L&rsquo;objectif ? Mettre en r\u00e9seau les projets citoyens et les initiatives locales engag\u00e9es pour transformer nos territoires, en inspirant et accompagnant celles et ceux qui souhaitent mettre en place des commerces citoyens dans les territoires ruraux. Comment ? Le projet TERROIR vise \u00e0 analyser l\u2019impact social, \u00e9conomique, politique et environnemental des commerces citoyens dans les territoires ruraux \u2013 tout type de commerce alimentaire impliquant une participation citoyenne \u2013 et d\u2019\u00e9tudier comment leur d\u00e9veloppement peut contribuer \u00e0 la fois \u00e0 l\u2019\u00e9volution des syst\u00e8mes alimentaires et agricoles locaux et au d\u00e9veloppement des territoires.<\/strong> <!-- wp:paragraph --><\/p>\n<h5><span style=\"color: #339966\"><strong>Intervention au salon de l&rsquo;Agriculture de Claire Delfosse et Anne Lascaux, le 28 F\u00e9vrier 2025.<\/strong><\/span><\/h5>\n<p><!-- \/wp:paragraph --><!-- wp:paragraph --><\/p>\n<p id=\"resume\"><strong>Le 28 f\u00e9vrier 2025<\/strong>, <strong>Claire Delfosse<\/strong>, professeure de g\u00e9ographie (UFR Temps et territoires) et directrice du laboratoire d\u2019\u00e9tudes rurales, et <strong>Anne Lascaux<\/strong>, docteure en g\u00e9ographie, post-doctorante au laboratoire d&rsquo;\u00e9tudes rurales, \u00e9taient invit\u00e9es au salon international de l&rsquo;agriculture afin de parler dynamiques rurales et de pr\u00e9senter plus particuli\u00e8rement le projet Terroir.<\/p>\n<p><!-- \/wp:paragraph --><!-- wp:paragraph --><\/p>\n<p>Leur intervention sur <strong><a href=\"https:\/\/www.youtube.com\/watch?v=OMryUU_DZ2E\">l&rsquo;impact des commerces citoyens en ruralit\u00e9<\/a>\u00a0<\/strong>s&rsquo;inscrivait dans le programme \u00ab\u00a0Carrefour de l&rsquo;agri\u00a0\u00bb, un espace de rencontres professionnelles, de d\u00e9bats, d\u2019\u00e9changes et de r\u00e9flexion autour des grandes transformations agricoles. Ces rencontres professionnelles permettent \u00e0 chacune et chacun de d\u00e9velopper son r\u00e9seau et d&rsquo;en savoir plus sur l&rsquo;actualit\u00e9 du secteur.<\/p>\n<p>Apr\u00e8s une pr\u00e9sentation du laboratoire d\u2019\u00c9tudes rurales (LER),<strong>\u00a0<a href=\"https:\/\/tt.univ-lyon2.fr\/claire-delfosse\">Claire Delfosse<\/a><\/strong>\u00a0a ouvert la session avec un panorama des commerces citoyens en France.\u00a0<a href=\"https:\/\/www.linkedin.com\/in\/anne-lascaux-5b8479332\/\"><strong>Anne Lascaux<\/strong><\/a>, post-doctorante sur le projet Terroir, a quant \u00e0 elle d\u00e9taill\u00e9 la m\u00e9thodologie de son \u00e9tude et pr\u00e9sent\u00e9 les premiers r\u00e9sultats, analysant l\u2019impact social, \u00e9conomique et territorial des commerces citoyens en ruralit\u00e9.<\/p>\n<p><!-- \/wp:paragraph --><!-- wp:paragraph --><\/p>\n<p><!-- \/wp:paragraph --><!-- wp:heading --><\/p>\n<p><!-- \/wp:paragraph --><!-- wp:paragraph --><\/p>\n<p><!-- \/wp:paragraph --><\/p>\t\t\t\t\t\t\t\t<\/div>\n\t\t\t\t<\/div>\n\t\t\t\t<div class=\"elementor-element elementor-element-c7055b3 elementor-widget elementor-widget-text-editor\" data-id=\"c7055b3\" data-element_type=\"widget\" data-e-type=\"widget\" data-widget_type=\"text-editor.default\">\n\t\t\t\t<div class=\"elementor-widget-container\">\n\t\t\t\t\t\t\t\t\t<figure><img decoding=\"async\" src=\"https:\/\/web.msh-lse.fr\/ler\/wp-content\/uploads\/sites\/7\/2025\/03\/illus_salonagriculture2025-projet-terroir-300x168.jpg\" alt=\"\" width=\"300\" height=\"168\" \/><img \/><\/figure>\n<p><!-- \/wp:image --><!-- wp:paragraph --><\/p>\n<p><strong>Cr\u00e9dits photos : Association Bouge ton CoQ<\/strong><\/p>\n<p><!-- [if gte mso 9]&gt;-->\n \n  \n \n<!-- [if gte mso 9]&gt;-->\n \n  Normal\n  0\n  \n  \n  \n  \n  \n  \n  \n  \n  21\n  \n  \n  false\n  false\n  false\n  \n  FR\n  X-NONE\n  X-NONE\n  \n   \n   \n   \n   \n   \n   \n   \n   \n   \n  \n  \n   \n   \n   \n   \n   \n   \n   \n   \n   \n   \n   \n  \n<!-- [if gte mso 9]&gt;-->\n \n  \n  \n  \n  \n  \n  \n  \n  \n  \n  \n  \n  \n  \n  \n  \n  \n  \n  \n  \n  \n  \n  \n  \n  \n  \n  \n  \n  \n  \n  \n  \n  \n  \n  \n  \n  \n  \n  \n  \n  \n  \n  \n  \n  \n  \n  \n  \n  \n  \n  \n  \n  \n  \n  \n  \n  \n  \n  \n  \n  \n  \n  \n  \n  \n  \n  \n  \n  \n  \n  \n  \n  \n  \n  \n  \n  \n  \n  \n  \n  \n  \n  \n  \n  \n  \n  \n  \n  \n  \n  \n  \n  \n  \n  \n  \n  \n  \n  \n  \n  \n  \n  \n  \n  \n  \n  \n  \n  \n  \n  \n  \n  \n  \n  \n  \n  \n  \n  \n  \n  \n  \n  \n  \n  \n  \n  \n  \n  \n  \n  \n  \n  \n  \n  \n  \n  \n  \n  \n  \n  \n  \n  \n  \n  \n  \n  \n  \n  \n  \n  \n  \n  \n  \n  \n  \n  \n  \n  \n  \n  \n  \n  \n  \n  \n  \n  \n  \n  \n  \n  \n  \n  \n  \n  \n  \n  \n  \n  \n  \n  \n  \n  \n  \n  \n  \n  \n  \n  \n  \n  \n  \n  \n  \n  \n  \n  \n  \n  \n  \n  \n  \n  \n  \n  \n  \n  \n  \n  \n  \n  \n  \n  \n  \n  \n  \n  \n  \n  \n  \n  \n  \n  \n  \n  \n  \n  \n  \n  \n  \n  \n  \n  \n  \n  \n  \n  \n  \n  \n  \n  \n  \n  \n  \n  \n  \n  \n  \n  \n  \n  \n  \n  \n  \n  \n  \n  \n  \n  \n  \n  \n  \n  \n  \n  \n  \n  \n  \n  \n  \n  \n  \n  \n  \n  \n  \n  \n  \n  \n  \n  \n  \n  \n  \n  \n  \n  \n  \n  \n  \n  \n  \n  \n  \n  \n  \n  \n  \n  \n  \n  \n  \n  \n  \n  \n  \n  \n  \n  \n  \n  \n  \n  \n  \n  \n  \n  \n  \n  \n  \n  \n  \n  \n  \n  \n  \n  \n  \n  \n  \n  \n  \n  \n  \n  \n  \n  \n  \n  \n  \n  \n  \n  \n  \n  \n  \n  \n  \n  \n  \n  \n  \n  \n  \n  \n  \n  \n  \n  \n  \n  \n  \n  \n  \n  \n  \n  \n  \n  \n  \n  \n  \n \n<!-- [if gte mso 10]&gt;-->\n<style>\n \/* Style Definitions *\/\n table.MsoNormalTable\n\t{mso-style-name:\"Tableau Normal\";\n\tmso-tstyle-rowband-size:0;\n\tmso-tstyle-colband-size:0;\n\tmso-style-noshow:yes;\n\tmso-style-priority:99;\n\tmso-style-parent:\"\";\n\tmso-padding-alt:0cm 5.4pt 0cm 5.4pt;\n\tmso-para-margin-top:0cm;\n\tmso-para-margin-right:0cm;\n\tmso-para-margin-bottom:8.0pt;\n\tmso-para-margin-left:0cm;\n\tline-height:107%;\n\tmso-pagination:widow-orphan;\n\tfont-size:11.0pt;\n\tfont-family:\"Calibri\",sans-serif;\n\tmso-ascii-font-family:Calibri;\n\tmso-ascii-theme-font:minor-latin;\n\tmso-hansi-font-family:Calibri;\n\tmso-hansi-theme-font:minor-latin;\n\tmso-bidi-font-family:\"Times New Roman\";\n\tmso-bidi-theme-font:minor-bidi;\n\tmso-fareast-language:EN-US;}\n<\/style>\n<\/p>\n<p><strong>Le questionnaire vient d&rsquo;\u00eatre lanc\u00e9 d\u00e9but mars 2025<\/strong> pour\u00a0comprendre l&rsquo;impact des commerces citoyens dans les espaces ruraux. Toute personne impliqu\u00e9e\u00a0dans ce type de structure est invit\u00e9e \u00e0 y r\u00e9pondre, cela ne vous prendra qu\u2019une dizaine de minutes.\u00a0Ce questionnaire comporte 4 rubriques\u00a0: pr\u00e9sentation du projet ; environnement rural ; les acteurs du projet et le mod\u00e8le \u00e9conomique.\u00a0Les r\u00e9ponses sont anonymes et seront trait\u00e9es par les chercheuses et chercheurs du laboratoire d\u2019\u00c9tudes rurales de l\u2019Universit\u00e9 Lumi\u00e8re Lyon 2. Elles feront l\u2019objet d\u2019analyses statistiques aux \u00e9chelles r\u00e9gionales et territoriales.<br \/><a href=\"https:\/\/lnkd.in\/eNGz_E4m\">\u2192 R\u00e9pondre au questionnaire<\/a><\/p>\n<p><!-- \/wp:paragraph --><!-- wp:paragraph --><\/p>\n<p><!-- \/wp:paragraph --><!-- wp:heading --><\/p>\n<p><!-- \/wp:heading --><!-- wp:columns --><\/p>\n<div>\n<p><!-- wp:column {\"width\":\"100%\"} --><\/p>\n<p><!-- \/wp:column --><\/p>\n<\/div>\n<p><!-- \/wp:columns --><!-- wp:heading {\"level\":5} --><\/p>\n<h5><span style=\"color: #339966\">Partenaires et Soutiens<\/span><\/h5>\n<p><!-- \/wp:heading --><!-- wp:paragraph --><\/p>\n<p>Ce projet est co-financ\u00e9 par :<\/p>\n<p><!-- \/wp:paragraph --><!-- wp:paragraph --><\/p>\n<p><em>Le projet TERROIR est financ\u00e9 par un appel \u00e0 projet ANIMERA (Animation Nationale et Inter-R\u00e9gionale pour M\u00ealer Enjeux Ruraux et Agricoles) issu du R\u00e9seau National Agricultures et Ruralit\u00e9s et est port\u00e9 par un partenariat entre l\u2019association Bouge ton Coq, les Journ\u00e9es Nationales de l\u2019Agriculture et l\u2019Universit\u00e9 Lumi\u00e8re Lyon 2. \u00a0<\/em><\/p>\n<p><!-- \/wp:paragraph --><!-- wp:paragraph --><\/p>\n<p><!-- \/wp:paragraph --><\/p>\t\t\t\t\t\t\t\t<\/div>\n\t\t\t\t<\/div>\n\t\t\t\t\t<\/div>\n\t\t<\/div>\n\t\t\t\t\t<\/div>\n\t\t<\/section>\n\t\t\t\t<section class=\"elementor-section elementor-top-section elementor-element elementor-element-b0f0145 elementor-section-boxed elementor-section-height-default elementor-section-height-default\" data-id=\"b0f0145\" data-element_type=\"section\" data-e-type=\"section\">\n\t\t\t\t\t\t<div class=\"elementor-container elementor-column-gap-default\">\n\t\t\t\t\t<div class=\"elementor-column elementor-col-20 elementor-top-column elementor-element elementor-element-de01805\" data-id=\"de01805\" data-element_type=\"column\" data-e-type=\"column\">\n\t\t\t<div class=\"elementor-widget-wrap elementor-element-populated\">\n\t\t\t\t\t\t<div class=\"elementor-element elementor-element-7d5c4b9 elementor-widget elementor-widget-image\" data-id=\"7d5c4b9\" data-element_type=\"widget\" data-e-type=\"widget\" data-widget_type=\"image.default\">\n\t\t\t\t<div class=\"elementor-widget-container\">\n\t\t\t\t\t\t\t\t\t\t\t\t\t\t\t<img decoding=\"async\" width=\"253\" height=\"244\" src=\"https:\/\/web.msh-lse.fr\/ler\/wp-content\/uploads\/sites\/7\/2025\/03\/btc.jpg\" class=\"attachment-large size-large wp-image-6204\" alt=\"\" \/>\t\t\t\t\t\t\t\t\t\t\t\t\t\t\t<\/div>\n\t\t\t\t<\/div>\n\t\t\t\t\t<\/div>\n\t\t<\/div>\n\t\t\t\t<div class=\"elementor-column elementor-col-20 elementor-top-column elementor-element elementor-element-2aa6c2c\" data-id=\"2aa6c2c\" data-element_type=\"column\" data-e-type=\"column\">\n\t\t\t<div class=\"elementor-widget-wrap elementor-element-populated\">\n\t\t\t\t\t\t<div class=\"elementor-element elementor-element-70c8983 elementor-widget elementor-widget-image\" data-id=\"70c8983\" data-element_type=\"widget\" data-e-type=\"widget\" data-widget_type=\"image.default\">\n\t\t\t\t<div class=\"elementor-widget-container\">\n\t\t\t\t\t\t\t\t\t\t\t\t\t\t\t<img loading=\"lazy\" decoding=\"async\" width=\"393\" height=\"393\" src=\"https:\/\/web.msh-lse.fr\/ler\/wp-content\/uploads\/sites\/7\/2022\/02\/SNMLiLuZ_400x400.jpg\" class=\"attachment-large size-large wp-image-3545\" alt=\"\" srcset=\"https:\/\/web.msh-lse.fr\/ler\/wp-content\/uploads\/sites\/7\/2022\/02\/SNMLiLuZ_400x400.jpg 393w, https:\/\/web.msh-lse.fr\/ler\/wp-content\/uploads\/sites\/7\/2022\/02\/SNMLiLuZ_400x400-300x300.jpg 300w, https:\/\/web.msh-lse.fr\/ler\/wp-content\/uploads\/sites\/7\/2022\/02\/SNMLiLuZ_400x400-150x150.jpg 150w\" sizes=\"(max-width: 393px) 100vw, 393px\" \/>\t\t\t\t\t\t\t\t\t\t\t\t\t\t\t<\/div>\n\t\t\t\t<\/div>\n\t\t\t\t\t<\/div>\n\t\t<\/div>\n\t\t\t\t<div class=\"elementor-column elementor-col-20 elementor-top-column elementor-element elementor-element-fd4ed63\" data-id=\"fd4ed63\" data-element_type=\"column\" data-e-type=\"column\">\n\t\t\t<div class=\"elementor-widget-wrap elementor-element-populated\">\n\t\t\t\t\t\t<div class=\"elementor-element elementor-element-d14971c elementor-widget elementor-widget-image\" data-id=\"d14971c\" data-element_type=\"widget\" data-e-type=\"widget\" data-widget_type=\"image.default\">\n\t\t\t\t<div class=\"elementor-widget-container\">\n\t\t\t\t\t\t\t\t\t\t\t\t\t\t\t<img loading=\"lazy\" decoding=\"async\" width=\"253\" height=\"244\" src=\"https:\/\/web.msh-lse.fr\/ler\/wp-content\/uploads\/sites\/7\/2025\/03\/jnagri.jpg\" class=\"attachment-large size-large wp-image-6205\" alt=\"\" \/>\t\t\t\t\t\t\t\t\t\t\t\t\t\t\t<\/div>\n\t\t\t\t<\/div>\n\t\t\t\t\t<\/div>\n\t\t<\/div>\n\t\t\t\t<div class=\"elementor-column elementor-col-20 elementor-top-column elementor-element elementor-element-dccd9c3\" data-id=\"dccd9c3\" data-element_type=\"column\" data-e-type=\"column\">\n\t\t\t<div class=\"elementor-widget-wrap elementor-element-populated\">\n\t\t\t\t\t\t<div class=\"elementor-element elementor-element-e7ffd06 elementor-widget elementor-widget-image\" data-id=\"e7ffd06\" data-element_type=\"widget\" data-e-type=\"widget\" data-widget_type=\"image.default\">\n\t\t\t\t<div class=\"elementor-widget-container\">\n\t\t\t\t\t\t\t\t\t\t\t\t\t\t\t<img loading=\"lazy\" decoding=\"async\" width=\"398\" height=\"244\" src=\"https:\/\/web.msh-lse.fr\/ler\/wp-content\/uploads\/sites\/7\/2025\/03\/agridemain.jpg\" class=\"attachment-large size-large wp-image-6206\" alt=\"\" srcset=\"https:\/\/web.msh-lse.fr\/ler\/wp-content\/uploads\/sites\/7\/2025\/03\/agridemain.jpg 398w, https:\/\/web.msh-lse.fr\/ler\/wp-content\/uploads\/sites\/7\/2025\/03\/agridemain-300x184.jpg 300w\" sizes=\"(max-width: 398px) 100vw, 398px\" \/>\t\t\t\t\t\t\t\t\t\t\t\t\t\t\t<\/div>\n\t\t\t\t<\/div>\n\t\t\t\t\t<\/div>\n\t\t<\/div>\n\t\t\t\t<div class=\"elementor-column elementor-col-20 elementor-top-column elementor-element elementor-element-e151b6a\" data-id=\"e151b6a\" data-element_type=\"column\" data-e-type=\"column\">\n\t\t\t<div class=\"elementor-widget-wrap\">\n\t\t\t\t\t\t\t<\/div>\n\t\t<\/div>\n\t\t\t\t\t<\/div>\n\t\t<\/section>\n\t\t\t\t<section class=\"elementor-section elementor-top-section elementor-element elementor-element-f143aa1 elementor-section-boxed elementor-section-height-default elementor-section-height-default\" data-id=\"f143aa1\" data-element_type=\"section\" data-e-type=\"section\">\n\t\t\t\t\t\t<div class=\"elementor-container elementor-column-gap-default\">\n\t\t\t\t\t<div class=\"elementor-column elementor-col-20 elementor-top-column elementor-element elementor-element-1652b04\" data-id=\"1652b04\" data-element_type=\"column\" data-e-type=\"column\">\n\t\t\t<div class=\"elementor-widget-wrap elementor-element-populated\">\n\t\t\t\t\t\t<div class=\"elementor-element elementor-element-2312392 elementor-widget elementor-widget-image\" data-id=\"2312392\" data-element_type=\"widget\" data-e-type=\"widget\" data-widget_type=\"image.default\">\n\t\t\t\t<div class=\"elementor-widget-container\">\n\t\t\t\t\t\t\t\t\t\t\t\t\t\t\t<img loading=\"lazy\" decoding=\"async\" width=\"400\" height=\"267\" src=\"https:\/\/web.msh-lse.fr\/ler\/wp-content\/uploads\/sites\/7\/2025\/03\/soutien_drapeau-UE.png\" class=\"attachment-large size-large wp-image-6207\" alt=\"\" srcset=\"https:\/\/web.msh-lse.fr\/ler\/wp-content\/uploads\/sites\/7\/2025\/03\/soutien_drapeau-UE.png 400w, https:\/\/web.msh-lse.fr\/ler\/wp-content\/uploads\/sites\/7\/2025\/03\/soutien_drapeau-UE-300x200.png 300w\" sizes=\"(max-width: 400px) 100vw, 400px\" \/>\t\t\t\t\t\t\t\t\t\t\t\t\t\t\t<\/div>\n\t\t\t\t<\/div>\n\t\t\t\t\t<\/div>\n\t\t<\/div>\n\t\t\t\t<div class=\"elementor-column elementor-col-20 elementor-top-column elementor-element elementor-element-1715f65\" data-id=\"1715f65\" data-element_type=\"column\" data-e-type=\"column\">\n\t\t\t<div class=\"elementor-widget-wrap elementor-element-populated\">\n\t\t\t\t\t\t<div class=\"elementor-element elementor-element-994106c elementor-widget elementor-widget-image\" data-id=\"994106c\" data-element_type=\"widget\" data-e-type=\"widget\" data-widget_type=\"image.default\">\n\t\t\t\t<div class=\"elementor-widget-container\">\n\t\t\t\t\t\t\t\t\t\t\t\t\t\t\t<img loading=\"lazy\" decoding=\"async\" width=\"298\" height=\"169\" src=\"https:\/\/web.msh-lse.fr\/ler\/wp-content\/uploads\/sites\/7\/2025\/03\/soutien_anct.jpg\" class=\"attachment-large size-large wp-image-6208\" alt=\"\" \/>\t\t\t\t\t\t\t\t\t\t\t\t\t\t\t<\/div>\n\t\t\t\t<\/div>\n\t\t\t\t\t<\/div>\n\t\t<\/div>\n\t\t\t\t<div class=\"elementor-column elementor-col-20 elementor-top-column elementor-element elementor-element-6d6740a\" data-id=\"6d6740a\" data-element_type=\"column\" data-e-type=\"column\">\n\t\t\t<div class=\"elementor-widget-wrap elementor-element-populated\">\n\t\t\t\t\t\t<div class=\"elementor-element elementor-element-e426cfe elementor-widget elementor-widget-image\" data-id=\"e426cfe\" data-element_type=\"widget\" data-e-type=\"widget\" data-widget_type=\"image.default\">\n\t\t\t\t<div class=\"elementor-widget-container\">\n\t\t\t\t\t\t\t\t\t\t\t\t\t\t\t<img loading=\"lazy\" decoding=\"async\" width=\"220\" height=\"199\" src=\"https:\/\/web.msh-lse.fr\/ler\/wp-content\/uploads\/sites\/7\/2025\/03\/soutien_Republique-francaise.png\" class=\"attachment-large size-large wp-image-6209\" alt=\"\" \/>\t\t\t\t\t\t\t\t\t\t\t\t\t\t\t<\/div>\n\t\t\t\t<\/div>\n\t\t\t\t\t<\/div>\n\t\t<\/div>\n\t\t\t\t<div class=\"elementor-column elementor-col-20 elementor-top-column elementor-element elementor-element-108c556\" data-id=\"108c556\" data-element_type=\"column\" data-e-type=\"column\">\n\t\t\t<div class=\"elementor-widget-wrap elementor-element-populated\">\n\t\t\t\t\t\t<div class=\"elementor-element elementor-element-134ab0a elementor-widget elementor-widget-image\" data-id=\"134ab0a\" data-element_type=\"widget\" data-e-type=\"widget\" data-widget_type=\"image.default\">\n\t\t\t\t<div class=\"elementor-widget-container\">\n\t\t\t\t\t\t\t\t\t\t\t\t\t\t\t<img loading=\"lazy\" decoding=\"async\" width=\"400\" height=\"191\" src=\"https:\/\/web.msh-lse.fr\/ler\/wp-content\/uploads\/sites\/7\/2025\/03\/soutien_RNAR.jpg\" class=\"attachment-large size-large wp-image-6210\" alt=\"\" srcset=\"https:\/\/web.msh-lse.fr\/ler\/wp-content\/uploads\/sites\/7\/2025\/03\/soutien_RNAR.jpg 400w, https:\/\/web.msh-lse.fr\/ler\/wp-content\/uploads\/sites\/7\/2025\/03\/soutien_RNAR-300x143.jpg 300w\" sizes=\"(max-width: 400px) 100vw, 400px\" \/>\t\t\t\t\t\t\t\t\t\t\t\t\t\t\t<\/div>\n\t\t\t\t<\/div>\n\t\t\t\t\t<\/div>\n\t\t<\/div>\n\t\t\t\t<div class=\"elementor-column elementor-col-20 elementor-top-column elementor-element elementor-element-ec8441e\" data-id=\"ec8441e\" data-element_type=\"column\" data-e-type=\"column\">\n\t\t\t<div class=\"elementor-widget-wrap elementor-element-populated\">\n\t\t\t\t\t\t<div class=\"elementor-element elementor-element-f229d17 elementor-widget elementor-widget-image\" data-id=\"f229d17\" data-element_type=\"widget\" data-e-type=\"widget\" data-widget_type=\"image.default\">\n\t\t\t\t<div class=\"elementor-widget-container\">\n\t\t\t\t\t\t\t\t\t\t\t\t\t\t\t<img loading=\"lazy\" decoding=\"async\" width=\"294\" height=\"119\" src=\"https:\/\/web.msh-lse.fr\/ler\/wp-content\/uploads\/sites\/7\/2025\/03\/soutien_RdF.png\" class=\"attachment-large size-large wp-image-6211\" alt=\"\" \/>\t\t\t\t\t\t\t\t\t\t\t\t\t\t\t<\/div>\n\t\t\t\t<\/div>\n\t\t\t\t\t<\/div>\n\t\t<\/div>\n\t\t\t\t\t<\/div>\n\t\t<\/section>\n\t\t\t\t<\/div>\n\t\t","protected":false},"excerpt":{"rendered":"<p>Transitions alimentaires et agricoles par l&rsquo;Engagement citoyen en Ruralit\u00e9 : Recherches, Outils, Informations et R\u00e9seau. Pr\u00e9sentation du projet TERROIR et le r\u00e9seau TERROIR Le projet Terroir est un projet de recherche-action port\u00e9 et men\u00e9 par le laboratoire d&rsquo;\u00c9tudes Rurales, l&rsquo;association Bouge Ton CoQ, qui d\u00e9ploie des solutions d&rsquo;int\u00e9r\u00eat g\u00e9n\u00e9ral pour dynamiser les territoires ruraux en&#8230;<\/p>\n","protected":false},"author":23,"featured_media":0,"parent":0,"menu_order":0,"comment_status":"closed","ping_status":"closed","template":"","meta":{"_kadence_starter_templates_imported_post":false,"_kad_post_transparent":"","_kad_post_title":"","_kad_post_layout":"","_kad_post_sidebar_id":"","_kad_post_content_style":"","_kad_post_vertical_padding":"","_kad_post_feature":"","_kad_post_feature_position":"","_kad_post_header":false,"_kad_post_footer":false,"_kad_post_classname":"","_mc_calendar":[],"footnotes":""},"class_list":["post-6177","page","type-page","status-publish","hentry"],"featured_image_urls_v2":{"full":"","thumbnail":"","medium":"","medium_large":"","large":"","1536x1536":"","2048x2048":""},"post_excerpt_stackable_v2":"<p>Transitions alimentaires et agricoles par l&rsquo;Engagement citoyen en Ruralit\u00e9 : Recherches, Outils, Informations et R\u00e9seau. Pr\u00e9sentation du projet TERROIR et le r\u00e9seau TERROIR Le projet Terroir est un projet de recherche-action port\u00e9 et men\u00e9 par le laboratoire d&rsquo;\u00c9tudes Rurales, l&rsquo;association Bouge Ton CoQ, qui d\u00e9ploie des solutions d&rsquo;int\u00e9r\u00eat g\u00e9n\u00e9ral pour dynamiser les territoires ruraux en f\u00e9d\u00e9rant les acteurs et actrices au niveau local, et Agridemain, mouvement rassemblant les principales organisations professionnelles du secteur agricole. Ainsi, le r\u00e9seau TERROIR, c&rsquo;est :\u2666 une \u00e9tude scientifique men\u00e9e par le LER pour analyser l&rsquo;impact des commerces citoyens dans les zones rurales ;\u2666 la cr\u00e9ation\u2026<\/p>\n","category_list_v2":"","author_info_v2":{"name":"hkieffer","url":"https:\/\/web.msh-lse.fr\/ler\/author\/hkieffer\/"},"comments_num_v2":"0 commentaire","_links":{"self":[{"href":"https:\/\/web.msh-lse.fr\/ler\/wp-json\/wp\/v2\/pages\/6177","targetHints":{"allow":["GET"]}}],"collection":[{"href":"https:\/\/web.msh-lse.fr\/ler\/wp-json\/wp\/v2\/pages"}],"about":[{"href":"https:\/\/web.msh-lse.fr\/ler\/wp-json\/wp\/v2\/types\/page"}],"author":[{"embeddable":true,"href":"https:\/\/web.msh-lse.fr\/ler\/wp-json\/wp\/v2\/users\/23"}],"replies":[{"embeddable":true,"href":"https:\/\/web.msh-lse.fr\/ler\/wp-json\/wp\/v2\/comments?post=6177"}],"version-history":[{"count":37,"href":"https:\/\/web.msh-lse.fr\/ler\/wp-json\/wp\/v2\/pages\/6177\/revisions"}],"predecessor-version":[{"id":6235,"href":"https:\/\/web.msh-lse.fr\/ler\/wp-json\/wp\/v2\/pages\/6177\/revisions\/6235"}],"wp:attachment":[{"href":"https:\/\/web.msh-lse.fr\/ler\/wp-json\/wp\/v2\/media?parent=6177"}],"curies":[{"name":"wp","href":"https:\/\/api.w.org\/{rel}","templated":true}]}}