{"id":5250,"date":"2024-01-31T11:53:00","date_gmt":"2024-01-31T10:53:00","guid":{"rendered":"https:\/\/web.msh-lse.fr\/ler\/?page_id=5250"},"modified":"2025-10-07T14:08:27","modified_gmt":"2025-10-07T12:08:27","slug":"journees-detude-2024","status":"publish","type":"page","link":"https:\/\/web.msh-lse.fr\/ler\/journees-detude-2024\/","title":{"rendered":"Journ\u00e9es d&rsquo;\u00e9tude 2024"},"content":{"rendered":"\t\t<div data-elementor-type=\"wp-page\" data-elementor-id=\"5250\" class=\"elementor elementor-5250\" data-elementor-post-type=\"page\">\n\t\t\t\t\t\t<section class=\"elementor-section elementor-top-section elementor-element elementor-element-7e094479 elementor-section-boxed elementor-section-height-default elementor-section-height-default\" data-id=\"7e094479\" data-element_type=\"section\" data-e-type=\"section\">\n\t\t\t\t\t\t<div class=\"elementor-container elementor-column-gap-default\">\n\t\t\t\t\t<div class=\"elementor-column elementor-col-100 elementor-top-column elementor-element elementor-element-6f666d05\" data-id=\"6f666d05\" data-element_type=\"column\" data-e-type=\"column\">\n\t\t\t<div class=\"elementor-widget-wrap elementor-element-populated\">\n\t\t\t\t\t\t<div class=\"elementor-element elementor-element-19ea24f5 elementor-widget elementor-widget-spacer\" data-id=\"19ea24f5\" data-element_type=\"widget\" data-e-type=\"widget\" data-widget_type=\"spacer.default\">\n\t\t\t\t<div class=\"elementor-widget-container\">\n\t\t\t\t\t\t\t<div class=\"elementor-spacer\">\n\t\t\t<div class=\"elementor-spacer-inner\"><\/div>\n\t\t<\/div>\n\t\t\t\t\t\t<\/div>\n\t\t\t\t<\/div>\n\t\t\t\t\t<\/div>\n\t\t<\/div>\n\t\t\t\t\t<\/div>\n\t\t<\/section>\n\t\t\t\t<section class=\"elementor-section elementor-top-section elementor-element elementor-element-2655284c elementor-section-boxed elementor-section-height-default elementor-section-height-default\" data-id=\"2655284c\" data-element_type=\"section\" data-e-type=\"section\" data-settings=\"{&quot;background_background&quot;:&quot;classic&quot;,&quot;background_motion_fx_motion_fx_scrolling&quot;:&quot;yes&quot;,&quot;background_motion_fx_translateY_effect&quot;:&quot;yes&quot;,&quot;background_motion_fx_translateY_speed&quot;:{&quot;unit&quot;:&quot;px&quot;,&quot;size&quot;:4,&quot;sizes&quot;:[]},&quot;background_motion_fx_translateY_affectedRange&quot;:{&quot;unit&quot;:&quot;%&quot;,&quot;size&quot;:&quot;&quot;,&quot;sizes&quot;:{&quot;start&quot;:0,&quot;end&quot;:100}},&quot;background_motion_fx_devices&quot;:[&quot;desktop&quot;,&quot;tablet&quot;,&quot;mobile&quot;]}\">\n\t\t\t\t\t\t<div class=\"elementor-container elementor-column-gap-default\">\n\t\t\t\t\t<div class=\"elementor-column elementor-col-100 elementor-top-column elementor-element elementor-element-58ff222f\" data-id=\"58ff222f\" data-element_type=\"column\" data-e-type=\"column\">\n\t\t\t<div class=\"elementor-widget-wrap elementor-element-populated\">\n\t\t\t\t\t\t<div class=\"elementor-element elementor-element-60cd528e elementor-widget elementor-widget-heading\" data-id=\"60cd528e\" data-element_type=\"widget\" data-e-type=\"widget\" data-widget_type=\"heading.default\">\n\t\t\t\t<div class=\"elementor-widget-container\">\n\t\t\t\t\t<h2 class=\"elementor-heading-title elementor-size-default\">Journ\u00e9es d'\u00e9tude 2024<\/h2>\t\t\t\t<\/div>\n\t\t\t\t<\/div>\n\t\t\t\t\t<\/div>\n\t\t<\/div>\n\t\t\t\t\t<\/div>\n\t\t<\/section>\n\t\t\t\t<section class=\"elementor-section elementor-top-section elementor-element elementor-element-710f12b3 elementor-section-boxed elementor-section-height-default elementor-section-height-default\" data-id=\"710f12b3\" data-element_type=\"section\" data-e-type=\"section\">\n\t\t\t\t\t\t<div class=\"elementor-container elementor-column-gap-default\">\n\t\t\t\t\t<div class=\"elementor-column elementor-col-100 elementor-top-column elementor-element elementor-element-76ce5446\" data-id=\"76ce5446\" data-element_type=\"column\" data-e-type=\"column\">\n\t\t\t<div class=\"elementor-widget-wrap elementor-element-populated\">\n\t\t\t\t\t\t<div class=\"elementor-element elementor-element-30d704bd elementor-widget elementor-widget-spacer\" data-id=\"30d704bd\" data-element_type=\"widget\" data-e-type=\"widget\" data-widget_type=\"spacer.default\">\n\t\t\t\t<div class=\"elementor-widget-container\">\n\t\t\t\t\t\t\t<div class=\"elementor-spacer\">\n\t\t\t<div class=\"elementor-spacer-inner\"><\/div>\n\t\t<\/div>\n\t\t\t\t\t\t<\/div>\n\t\t\t\t<\/div>\n\t\t\t\t\t<\/div>\n\t\t<\/div>\n\t\t\t\t\t<\/div>\n\t\t<\/section>\n\t\t\t\t<section class=\"elementor-section elementor-top-section elementor-element elementor-element-efb3628 elementor-section-boxed elementor-section-height-default elementor-section-height-default\" data-id=\"efb3628\" data-element_type=\"section\" data-e-type=\"section\">\n\t\t\t\t\t\t<div class=\"elementor-container elementor-column-gap-default\">\n\t\t\t\t\t<div class=\"elementor-column elementor-col-100 elementor-top-column elementor-element elementor-element-13d57b1c\" data-id=\"13d57b1c\" data-element_type=\"column\" data-e-type=\"column\">\n\t\t\t<div class=\"elementor-widget-wrap elementor-element-populated\">\n\t\t\t\t\t\t<div class=\"elementor-element elementor-element-d447f0e elementor-grid-3 elementor-grid-tablet-2 elementor-grid-mobile-1 elementor-posts--thumbnail-top elementor-posts--show-avatar elementor-card-shadow-yes elementor-posts__hover-gradient elementor-widget elementor-widget-posts\" data-id=\"d447f0e\" data-element_type=\"widget\" data-e-type=\"widget\" data-settings=\"{&quot;cards_columns&quot;:&quot;3&quot;,&quot;cards_columns_tablet&quot;:&quot;2&quot;,&quot;cards_columns_mobile&quot;:&quot;1&quot;,&quot;cards_row_gap&quot;:{&quot;unit&quot;:&quot;px&quot;,&quot;size&quot;:35,&quot;sizes&quot;:[]},&quot;cards_row_gap_tablet&quot;:{&quot;unit&quot;:&quot;px&quot;,&quot;size&quot;:&quot;&quot;,&quot;sizes&quot;:[]},&quot;cards_row_gap_mobile&quot;:{&quot;unit&quot;:&quot;px&quot;,&quot;size&quot;:&quot;&quot;,&quot;sizes&quot;:[]}}\" data-widget_type=\"posts.cards\">\n\t\t\t\t<div class=\"elementor-widget-container\">\n\t\t\t\t\t\t\t<div class=\"elementor-posts-container elementor-posts elementor-posts--skin-cards elementor-grid\" role=\"list\">\n\t\t\t\t<article class=\"elementor-post elementor-grid-item post-5294 post type-post status-publish format-standard has-post-thumbnail hentry category-journees-detude-2024\" role=\"listitem\">\n\t\t\t<div class=\"elementor-post__card\">\n\t\t\t\t<a class=\"elementor-post__thumbnail__link\" href=\"https:\/\/web.msh-lse.fr\/ler\/le-vieillissement-dans-les-campagnes-francaises\/\" tabindex=\"-1\" ><div class=\"elementor-post__thumbnail\"><img fetchpriority=\"high\" decoding=\"async\" width=\"212\" height=\"300\" src=\"https:\/\/web.msh-lse.fr\/ler\/wp-content\/uploads\/sites\/7\/2024\/01\/Affiche-vieillissement-212x300.jpg\" class=\"attachment-medium size-medium wp-image-5309\" alt=\"\" srcset=\"https:\/\/web.msh-lse.fr\/ler\/wp-content\/uploads\/sites\/7\/2024\/01\/Affiche-vieillissement-212x300.jpg 212w, https:\/\/web.msh-lse.fr\/ler\/wp-content\/uploads\/sites\/7\/2024\/01\/Affiche-vieillissement-723x1024.jpg 723w, https:\/\/web.msh-lse.fr\/ler\/wp-content\/uploads\/sites\/7\/2024\/01\/Affiche-vieillissement-768x1087.jpg 768w, https:\/\/web.msh-lse.fr\/ler\/wp-content\/uploads\/sites\/7\/2024\/01\/Affiche-vieillissement-1085x1536.jpg 1085w, https:\/\/web.msh-lse.fr\/ler\/wp-content\/uploads\/sites\/7\/2024\/01\/Affiche-vieillissement-1447x2048.jpg 1447w, https:\/\/web.msh-lse.fr\/ler\/wp-content\/uploads\/sites\/7\/2024\/01\/Affiche-vieillissement-scaled.jpg 1809w\" sizes=\"(max-width: 212px) 100vw, 212px\" \/><\/div><\/a>\n\t\t\t\t<div class=\"elementor-post__badge\">Journ\u00e9es d&#039;\u00e9tude 2024<\/div>\n\t\t\t\t<div class=\"elementor-post__avatar\">\n\t\t\t\t\t<\/div>\n\t\t\t\t<div class=\"elementor-post__text\">\n\t\t\t\t<h3 class=\"elementor-post__title\">\n\t\t\t<a href=\"https:\/\/web.msh-lse.fr\/ler\/le-vieillissement-dans-les-campagnes-francaises\/\" >\n\t\t\t\tLe vieillissement dans les campagnes fran\u00e7aises &#8211; 22 f\u00e9vrier 2024\t\t\t<\/a>\n\t\t<\/h3>\n\t\t\t\t<div class=\"elementor-post__excerpt\">\n\t\t\t<p>\u00a0 Recompositions d\u00e9mographiques, enjeux spatiaux et action publique. Le 22 f\u00e9vrier 2024 de 9h \u00e0 16h aura lieu une journ\u00e9e d&rsquo;\u00e9tude organis\u00e9e par : H\u00e9l\u00e8ne<\/p>\n\t\t<\/div>\n\t\t\n\t\t<a class=\"elementor-post__read-more\" href=\"https:\/\/web.msh-lse.fr\/ler\/le-vieillissement-dans-les-campagnes-francaises\/\" aria-label=\"En savoir plus sur Le vieillissement dans les campagnes fran\u00e7aises &#8211; 22 f\u00e9vrier 2024\" tabindex=\"-1\" >\n\t\t\tLire la suite \u00bb\t\t<\/a>\n\n\t\t\t\t<\/div>\n\t\t\t\t\t<\/div>\n\t\t<\/article>\n\t\t\t\t<\/div>\n\t\t\n\t\t\t\t\t\t<\/div>\n\t\t\t\t<\/div>\n\t\t\t\t\t<\/div>\n\t\t<\/div>\n\t\t\t\t\t<\/div>\n\t\t<\/section>\n\t\t\t\t<\/div>\n\t\t","protected":false},"excerpt":{"rendered":"<p>Journ\u00e9es d&rsquo;\u00e9tude 2024<\/p>\n","protected":false},"author":23,"featured_media":0,"parent":0,"menu_order":0,"comment_status":"closed","ping_status":"closed","template":"","meta":{"_kadence_starter_templates_imported_post":false,"_kad_post_transparent":"","_kad_post_title":"hide","_kad_post_layout":"fullwidth","_kad_post_sidebar_id":"","_kad_post_content_style":"unboxed","_kad_post_vertical_padding":"hide","_kad_post_feature":"hide","_kad_post_feature_position":"","_kad_post_header":false,"_kad_post_footer":false,"_kad_post_classname":"","_mc_calendar":[],"footnotes":""},"class_list":["post-5250","page","type-page","status-publish","hentry"],"featured_image_urls_v2":{"full":"","thumbnail":"","medium":"","medium_large":"","large":"","1536x1536":"","2048x2048":""},"post_excerpt_stackable_v2":"<p>\u00a0 Recompositions d\u00e9mographiques, enjeux spatiaux et action publique. Le 22 f\u00e9vrier 2024 de 9h \u00e0 16h aura lieu une journ\u00e9e d&rsquo;\u00e9tude organis\u00e9e par : H\u00e9l\u00e8ne Blasquiet, Lorette Klepper (LER), Coralie Marboeuf, Anton Paumelle Organis\u00e9e par l&rsquo;UMR Territoires, l&rsquo;UMR G\u00e9ographie-cit\u00e9s, le Laboratoire d&rsquo;Etudes Rurales, et soutenue par l&rsquo;ILVV, l&rsquo;ED LSHS de l&rsquo;UCA et la MSH de Clermont-Ferrand, elle a pour objectif d&rsquo;engager une discussion sur les recompositions socio-d\u00e9mographiques observ\u00e9es dans les espaces ruraux et p\u00e9riurbains, en lien avec le vieillissement de la population et \u00e0 interroger les enjeux que ce ph\u00e9nom\u00e8ne suscite en termes d&rsquo;am\u00e9nagement, de d\u00e9veloppement local, de coh\u00e9sion sociale\u2026<\/p>\n","category_list_v2":"","author_info_v2":{"name":"hkieffer","url":"https:\/\/web.msh-lse.fr\/ler\/author\/hkieffer\/"},"comments_num_v2":"0 commentaire","_links":{"self":[{"href":"https:\/\/web.msh-lse.fr\/ler\/wp-json\/wp\/v2\/pages\/5250","targetHints":{"allow":["GET"]}}],"collection":[{"href":"https:\/\/web.msh-lse.fr\/ler\/wp-json\/wp\/v2\/pages"}],"about":[{"href":"https:\/\/web.msh-lse.fr\/ler\/wp-json\/wp\/v2\/types\/page"}],"author":[{"embeddable":true,"href":"https:\/\/web.msh-lse.fr\/ler\/wp-json\/wp\/v2\/users\/23"}],"replies":[{"embeddable":true,"href":"https:\/\/web.msh-lse.fr\/ler\/wp-json\/wp\/v2\/comments?post=5250"}],"version-history":[{"count":7,"href":"https:\/\/web.msh-lse.fr\/ler\/wp-json\/wp\/v2\/pages\/5250\/revisions"}],"predecessor-version":[{"id":6329,"href":"https:\/\/web.msh-lse.fr\/ler\/wp-json\/wp\/v2\/pages\/5250\/revisions\/6329"}],"wp:attachment":[{"href":"https:\/\/web.msh-lse.fr\/ler\/wp-json\/wp\/v2\/media?parent=5250"}],"curies":[{"name":"wp","href":"https:\/\/api.w.org\/{rel}","templated":true}]}}