{"id":4850,"date":"2023-10-03T11:41:05","date_gmt":"2023-10-03T09:41:05","guid":{"rendered":"https:\/\/web.msh-lse.fr\/ler\/?page_id=4850"},"modified":"2024-02-05T06:48:00","modified_gmt":"2024-02-05T05:48:00","slug":"go-pei","status":"publish","type":"page","link":"https:\/\/web.msh-lse.fr\/ler\/go-pei\/","title":{"rendered":"GO PEI"},"content":{"rendered":"\t\t<div data-elementor-type=\"wp-page\" data-elementor-id=\"4850\" class=\"elementor elementor-4850\" data-elementor-post-type=\"page\">\n\t\t\t\t\t\t<section class=\"elementor-section elementor-top-section elementor-element elementor-element-19be7d9c elementor-section-boxed elementor-section-height-default elementor-section-height-default\" data-id=\"19be7d9c\" data-element_type=\"section\" data-e-type=\"section\">\n\t\t\t\t\t\t<div class=\"elementor-container elementor-column-gap-default\">\n\t\t\t\t\t<div class=\"elementor-column elementor-col-100 elementor-top-column elementor-element elementor-element-6b7bc75d\" data-id=\"6b7bc75d\" data-element_type=\"column\" data-e-type=\"column\">\n\t\t\t<div class=\"elementor-widget-wrap elementor-element-populated\">\n\t\t\t\t\t\t<div class=\"elementor-element elementor-element-257477ee elementor-widget elementor-widget-text-editor\" data-id=\"257477ee\" data-element_type=\"widget\" data-e-type=\"widget\" data-widget_type=\"text-editor.default\">\n\t\t\t\t<div class=\"elementor-widget-container\">\n\t\t\t\t\t\t\t\t\t\n<h3>Analyse des processus d\u2019innovation port\u00e9s par les GO-PEI et de leur diffusion territoriale<\/h3>\n<p>\u00a0<\/p>\n<p>Fond\u00e9 sur l\u2019objectif de \u00ab\u00a0<em>de promouvoir l\u2019innovation au profit d\u2019une agriculture plus efficace dans l\u2019utilisation des ressources\u00a0(\u2026)<\/em> \u00bb<a href=\"#_ftn1\" name=\"_ftnref1\"><sup>[1]<\/sup><\/a> mais aussi qu\u2019une innovation r\u00e9ussie reste avant tout \u201c<em>une id\u00e9e dont la mise en \u0153uvre est un succ\u00e8s<\/em>\u201d<a href=\"#_ftn2\" name=\"_ftnref2\"><sup>[2]<\/sup><\/a>, le Partenariat europ\u00e9en pour l\u2019innovation (PEI) place l\u2019innovation interactive au c\u0153ur de son dispositif d\u2019accompagnement. En effet, en adoptant une approche non pas lin\u00e9aire de l\u2019innovation (ou descendante par une mise en pratique des savoirs scientifiques) mais interactive (ou syst\u00e8me), le PEI propose d\u2019accompagner des acteurs issus du monde professionnel et scientifique r\u00e9unis autour d\u2019une probl\u00e9matique commune. C\u2019est autant le mode de construction que les r\u00e9ponses en elles-m\u00eames et leur diffusion qui font l\u2019objet d\u2019innovation et de ce dispositif.<\/p>\n<p>Afin de favoriser ces processus d\u2019innovation collective, l\u2019accompagnement de Groupes Op\u00e9rationnels (GO) pour la r\u00e9alisation de ce PEI voit le jour en 2014. Durant la p\u00e9riode 2014-2020, 310 GO PEI ont \u00e9t\u00e9 d\u00e9pos\u00e9s. Ce dispositif, g\u00e9r\u00e9 et pilot\u00e9 par les R\u00e9gions, s\u2019inscrit dans la continuit\u00e9 d\u2019une stimulation de l\u2019action collective pr\u00e9c\u00e9demment impuls\u00e9e par les CUMA, GDA, CIVAM et autres \u00a0PEI, de nouveaux dispositifs d\u2019accompagnement aux transitions par l\u2019action collective, notamment via les GI2E, ou les groupes 30000 (dont certains port\u00e9s par d\u2019anciens collectifs de type CUMA ou CIVAM).<\/p>\n<p>Le Laboratoire d\u2019Etudes Rurales effectue une recherche sur les GO-PEI, les processus d\u2019innovation qu\u2019ils portent ainsi que leur diffusion territoriale. L\u2019objectif de notre travail sera de caract\u00e9riser et d\u2019analyser des GO PEI conduits sur la p\u00e9riode 2014-2021. Nous porterons notre attention sur les deux dimensions ou objectifs de ces GO-PEI \u00e0 savoir la capacit\u00e9 d\u2019innovation (de sa phase de construction \u00e0 l\u2019application) et de diffusion.<\/p>\n<p>\u00a0<\/p>\n<p>Cette recherche se d\u00e9roule de novembre 2023 \u00e0 novembre 2025.<\/p>\n<p>\u00a0<\/p>\n<p>Contact \u00e9quipe projet :<\/p>\n<ul>\n<li>Pierre Le Gall : plegall@isara.fr<\/li>\n<li>Claire Delfosse : claire delfosse &lt;clairedelfosse@orange.fr<\/li>\n<li>Laure Courret : l.courret@univ-lyon2.fr<\/li>\n<\/ul>\n<p>\u00a0<\/p>\n<p><a href=\"#_ftnref1\" name=\"_ftn1\"><sup>[1]<\/sup><\/a> \u00ab Promouvoir l\u2019innovation au profit d\u2019une agriculture plus efficace dans l\u2019utilisation des ressources, productive, \u00e0 faible \u00e9missions, sans effet sur le climat, r\u00e9siliente au changement climatique, et qui se d\u00e9veloppe en harmonie avec les ressources naturelles essentielles dont d\u00e9pendent l\u2019agriculture et la sylviculture\u00a0\u00bb <a href=\"https:\/\/www.reseaurural.fr\/sites\/default\/files\/documents\/fichiers\/2017-10\/2014_pei_brochure_les_groupes_operationnels_du_pei.pdf\">https:\/\/www.reseaurural.fr\/sites\/default\/files\/documents\/fichiers\/2017-10\/2014_pei_brochure_les_groupes_operationnels_du_pei.pdf<\/a><\/p>\n<p><a href=\"#_ftnref2\" name=\"_ftn2\"><sup>[2]<\/sup><\/a> <a href=\"https:\/\/www.reseaurural.fr\/sites\/default\/files\/documents\/fichiers\/2017-10\/2014_pei_guide_mise_en_oeuvre_pei.pdf\">https:\/\/www.reseaurural.fr\/sites\/default\/files\/documents\/fichiers\/2017-10\/2014_pei_guide_mise_en_oeuvre_pei.pdf<\/a><\/p>\n<hr \/>\n<p><\/p><\/div><\/div><\/div><\/div><\/div><\/section><\/div> <a href=\"https:\/\/web.msh-lse.fr\/ler\/go-pei\/#more-4850\" class=\"more-link elementor-more-link\"><span aria-label=\"Poursuivre la lecture GO PEI\">(plus\u2026)<\/span><\/a>","protected":false},"excerpt":{"rendered":"<p>Analyse des processus d\u2019innovation port\u00e9s par les GO-PEI et de leur diffusion territoriale \u00a0 Fond\u00e9 sur l\u2019objectif de \u00ab\u00a0de promouvoir l\u2019innovation au profit d\u2019une agriculture plus efficace dans l\u2019utilisation des ressources\u00a0(\u2026) \u00bb[1] mais aussi qu\u2019une innovation r\u00e9ussie reste avant tout \u201cune id\u00e9e dont la mise en \u0153uvre est un succ\u00e8s\u201d[2], le Partenariat europ\u00e9en pour l\u2019innovation&#8230;<\/p>\n","protected":false},"author":23,"featured_media":0,"parent":0,"menu_order":0,"comment_status":"closed","ping_status":"closed","template":"","meta":{"_kadence_starter_templates_imported_post":false,"_kad_post_transparent":"","_kad_post_title":"","_kad_post_layout":"","_kad_post_sidebar_id":"","_kad_post_content_style":"","_kad_post_vertical_padding":"","_kad_post_feature":"","_kad_post_feature_position":"","_kad_post_header":false,"_kad_post_footer":false,"_kad_post_classname":"","_mc_calendar":[],"footnotes":""},"class_list":["post-4850","page","type-page","status-publish","hentry"],"featured_image_urls_v2":{"full":"","thumbnail":"","medium":"","medium_large":"","large":"","1536x1536":"","2048x2048":""},"post_excerpt_stackable_v2":"<p>Analyse des processus d\u2019innovation port\u00e9s par les GO-PEI et de leur diffusion territoriale \u00a0 Fond\u00e9 sur l\u2019objectif de \u00ab\u00a0de promouvoir l\u2019innovation au profit d\u2019une agriculture plus efficace dans l\u2019utilisation des ressources\u00a0(\u2026) \u00bb[1] mais aussi qu\u2019une innovation r\u00e9ussie reste avant tout \u201cune id\u00e9e dont la mise en \u0153uvre est un succ\u00e8s\u201d[2], le Partenariat europ\u00e9en pour l\u2019innovation (PEI) place l\u2019innovation interactive au c\u0153ur de son dispositif d\u2019accompagnement. En effet, en adoptant une approche non pas lin\u00e9aire de l\u2019innovation (ou descendante par une mise en pratique des savoirs scientifiques) mais interactive (ou syst\u00e8me), le PEI propose d\u2019accompagner des acteurs issus du monde professionnel\u2026<\/p>\n","category_list_v2":"","author_info_v2":{"name":"hkieffer","url":"https:\/\/web.msh-lse.fr\/ler\/author\/hkieffer\/"},"comments_num_v2":"0 commentaire","_links":{"self":[{"href":"https:\/\/web.msh-lse.fr\/ler\/wp-json\/wp\/v2\/pages\/4850","targetHints":{"allow":["GET"]}}],"collection":[{"href":"https:\/\/web.msh-lse.fr\/ler\/wp-json\/wp\/v2\/pages"}],"about":[{"href":"https:\/\/web.msh-lse.fr\/ler\/wp-json\/wp\/v2\/types\/page"}],"author":[{"embeddable":true,"href":"https:\/\/web.msh-lse.fr\/ler\/wp-json\/wp\/v2\/users\/23"}],"replies":[{"embeddable":true,"href":"https:\/\/web.msh-lse.fr\/ler\/wp-json\/wp\/v2\/comments?post=4850"}],"version-history":[{"count":13,"href":"https:\/\/web.msh-lse.fr\/ler\/wp-json\/wp\/v2\/pages\/4850\/revisions"}],"predecessor-version":[{"id":5455,"href":"https:\/\/web.msh-lse.fr\/ler\/wp-json\/wp\/v2\/pages\/4850\/revisions\/5455"}],"wp:attachment":[{"href":"https:\/\/web.msh-lse.fr\/ler\/wp-json\/wp\/v2\/media?parent=4850"}],"curies":[{"name":"wp","href":"https:\/\/api.w.org\/{rel}","templated":true}]}}