{"id":4632,"date":"2023-03-14T10:48:54","date_gmt":"2023-03-14T09:48:54","guid":{"rendered":"https:\/\/web.msh-lse.fr\/ler\/?page_id=4632"},"modified":"2025-10-09T07:57:08","modified_gmt":"2025-10-09T05:57:08","slug":"actualites-rencontres","status":"publish","type":"page","link":"https:\/\/web.msh-lse.fr\/ler\/actualites-rencontres\/","title":{"rendered":"Actualit\u00e9s Rencontres"},"content":{"rendered":"\t\t<div data-elementor-type=\"wp-page\" data-elementor-id=\"4632\" class=\"elementor elementor-4632\" data-elementor-post-type=\"page\">\n\t\t\t\t\t\t<section class=\"elementor-section elementor-top-section elementor-element elementor-element-cc9a7ba elementor-section-boxed elementor-section-height-default elementor-section-height-default\" data-id=\"cc9a7ba\" data-element_type=\"section\" data-e-type=\"section\">\n\t\t\t\t\t\t<div class=\"elementor-container elementor-column-gap-default\">\n\t\t\t\t\t<div class=\"elementor-column elementor-col-25 elementor-top-column elementor-element elementor-element-b590209\" data-id=\"b590209\" data-element_type=\"column\" data-e-type=\"column\">\n\t\t\t<div class=\"elementor-widget-wrap elementor-element-populated\">\n\t\t\t\t\t\t<div class=\"elementor-element elementor-element-6ba5adc elementor-widget elementor-widget-text-editor\" data-id=\"6ba5adc\" data-element_type=\"widget\" data-e-type=\"widget\" data-widget_type=\"text-editor.default\">\n\t\t\t\t<div class=\"elementor-widget-container\">\n\t\t\t\t\t\t\t\t\t<p><a href=\"https:\/\/www.linkedin.com\/comm\/feed\/update\/urn%3Ali%3Aactivity%3A7374071705394331649?lipi=urn%3Ali%3Apage%3Aemail_email_notification_single_mentioned_you_in_this_01%3B59hA1RwGScOyk%2BWtRB5i5Q%3D%3D&amp;midToken=AQHu16cX57RQnw&amp;midSig=1f9DIn54mU7bY1&amp;trk=eml-email_notification_single_mentioned_you_in_this_01-hero_notification_cta-0-1ep~cta&amp;trkEmail=eml-email_notification_single_mentioned_you_in_this_01-hero_notification_cta-0-1ep~cta-null-722xxx~mfo19har~5u-null-null&amp;eid=722xxx-mfo19har-5u\">Post deUrbalyon &#8211; Agence d&rsquo;urbanisme de l&rsquo;aire m\u00e9tropolitaine lyonnaise\u00a0<\/a><\/p>\t\t\t\t\t\t\t\t<\/div>\n\t\t\t\t<\/div>\n\t\t\t\t<div class=\"elementor-element elementor-element-bbdefa1 elementor-widget elementor-widget-image\" data-id=\"bbdefa1\" data-element_type=\"widget\" data-e-type=\"widget\" data-widget_type=\"image.default\">\n\t\t\t\t<div class=\"elementor-widget-container\">\n\t\t\t\t\t\t\t\t\t\t\t\t\t\t\t<img decoding=\"async\" width=\"213\" height=\"64\" src=\"https:\/\/web.msh-lse.fr\/ler\/wp-content\/uploads\/sites\/7\/2025\/10\/LinkedIn-Brand-Guidelines-Downloads.png\" class=\"attachment-large size-large wp-image-6411\" alt=\"\" \/>\t\t\t\t\t\t\t\t\t\t\t\t\t\t\t<\/div>\n\t\t\t\t<\/div>\n\t\t\t\t<div class=\"elementor-element elementor-element-8e5fa7a elementor-widget elementor-widget-text-editor\" data-id=\"8e5fa7a\" data-element_type=\"widget\" data-e-type=\"widget\" data-widget_type=\"text-editor.default\">\n\t\t\t\t<div class=\"elementor-widget-container\">\n\t\t\t\t\t\t\t\t\t<hr \/><p><span style=\"font-size: 10pt\"><strong>Comment, ensemble, mieux faire vivre nos agriculteurs ?<\/strong><\/span><\/p><p><span style=\"font-size: 10pt\">La deuxi\u00e8me \u00e9dition des \u00ab\u00a0Tables de coop\u00e9ration\u00a0\u00bb, organis\u00e9e <strong>vendredi 5 septembre 2025<\/strong> sur le th\u00e8me de l&rsquo;Agriculture et de l&rsquo;alimentation, a permis de travailler aux solutions possibles.\u00a0<\/span><\/p>\t\t\t\t\t\t\t\t<\/div>\n\t\t\t\t<\/div>\n\t\t\t\t<div class=\"elementor-element elementor-element-2b9a9a1 elementor-widget elementor-widget-text-editor\" data-id=\"2b9a9a1\" data-element_type=\"widget\" data-e-type=\"widget\" data-widget_type=\"text-editor.default\">\n\t\t\t\t<div class=\"elementor-widget-container\">\n\t\t\t\t\t\t\t\t\t<p>\u00a0<span style=\"font-size: 10pt\">Extrait : \u00ab\u00a0&#8230;Enfin,<strong> Claire Delfosse<\/strong>, universitaire, grand(e) t\u00e9moin de la matin\u00e9e, a facilit\u00e9 la prise de hauteur en apportant notamment un \u00e9clairage renouvel\u00e9 sur les compl\u00e9mentarit\u00e9s des syst\u00e8mes alimentaires entre villes et campagnes&#8230;\u00a0\u00bb<\/span><\/p><p><!-- \/wp:list --><\/p>\t\t\t\t\t\t\t\t<\/div>\n\t\t\t\t<\/div>\n\t\t\t\t\t<\/div>\n\t\t<\/div>\n\t\t\t\t<div class=\"elementor-column elementor-col-25 elementor-top-column elementor-element elementor-element-fb59b86\" data-id=\"fb59b86\" data-element_type=\"column\" data-e-type=\"column\">\n\t\t\t<div class=\"elementor-widget-wrap\">\n\t\t\t\t\t\t\t<\/div>\n\t\t<\/div>\n\t\t\t\t<div class=\"elementor-column elementor-col-25 elementor-top-column elementor-element elementor-element-7f0cb47\" data-id=\"7f0cb47\" data-element_type=\"column\" data-e-type=\"column\">\n\t\t\t<div class=\"elementor-widget-wrap elementor-element-populated\">\n\t\t\t\t\t\t<div class=\"elementor-element elementor-element-d96494b elementor-widget elementor-widget-video\" data-id=\"d96494b\" data-element_type=\"widget\" data-e-type=\"widget\" data-settings=\"{&quot;youtube_url&quot;:&quot;https:\\\/\\\/youtu.be\\\/eJoLqmPHvpY?list=PL3q4hlXuGY4RhoeER4TMK0jAhuNVghdpwmBV4js_E&quot;,&quot;video_type&quot;:&quot;youtube&quot;,&quot;controls&quot;:&quot;yes&quot;}\" data-widget_type=\"video.default\">\n\t\t\t\t<div class=\"elementor-widget-container\">\n\t\t\t\t\t\t\t<div class=\"elementor-wrapper elementor-open-inline\">\n\t\t\t<div class=\"elementor-video\"><\/div>\t\t<\/div>\n\t\t\t\t\t\t<\/div>\n\t\t\t\t<\/div>\n\t\t\t\t<section class=\"elementor-section elementor-inner-section elementor-element elementor-element-235707c elementor-section-boxed elementor-section-height-default elementor-section-height-default\" data-id=\"235707c\" data-element_type=\"section\" data-e-type=\"section\">\n\t\t\t\t\t\t<div class=\"elementor-container elementor-column-gap-default\">\n\t\t\t\t\t<div class=\"elementor-column elementor-col-100 elementor-inner-column elementor-element elementor-element-832009c\" data-id=\"832009c\" data-element_type=\"column\" data-e-type=\"column\">\n\t\t\t<div class=\"elementor-widget-wrap elementor-element-populated\">\n\t\t\t\t\t\t<div class=\"elementor-element elementor-element-4176e0f elementor-widget elementor-widget-text-editor\" data-id=\"4176e0f\" data-element_type=\"widget\" data-e-type=\"widget\" data-widget_type=\"text-editor.default\">\n\t\t\t\t<div class=\"elementor-widget-container\">\n\t\t\t\t\t\t\t\t\t<p>D\u00e9sir de campagne : de nouvelles fa\u00e7ons de vivre et de travailler en milieu rural.<\/p><p><a href=\"https:\/\/cite-anthropocene.fr\/claire-delfosse-desir-de-campagne\/\">A d\u00e9couvrir<\/a><\/p>\t\t\t\t\t\t\t\t<\/div>\n\t\t\t\t<\/div>\n\t\t\t\t\t<\/div>\n\t\t<\/div>\n\t\t\t\t\t<\/div>\n\t\t<\/section>\n\t\t\t\t\t<\/div>\n\t\t<\/div>\n\t\t\t\t<div class=\"elementor-column elementor-col-25 elementor-top-column elementor-element elementor-element-434fca5\" data-id=\"434fca5\" data-element_type=\"column\" data-e-type=\"column\">\n\t\t\t<div class=\"elementor-widget-wrap\">\n\t\t\t\t\t\t\t<\/div>\n\t\t<\/div>\n\t\t\t\t\t<\/div>\n\t\t<\/section>\n\t\t\t\t<section class=\"elementor-section elementor-top-section elementor-element elementor-element-2854d29 elementor-section-boxed elementor-section-height-default elementor-section-height-default\" data-id=\"2854d29\" data-element_type=\"section\" data-e-type=\"section\">\n\t\t\t\t\t\t<div class=\"elementor-container elementor-column-gap-default\">\n\t\t\t\t\t<div class=\"elementor-column elementor-col-33 elementor-top-column elementor-element elementor-element-c0edf39\" data-id=\"c0edf39\" data-element_type=\"column\" data-e-type=\"column\">\n\t\t\t<div class=\"elementor-widget-wrap elementor-element-populated\">\n\t\t\t\t\t\t<div class=\"elementor-element elementor-element-37ef853 elementor-widget elementor-widget-text-editor\" data-id=\"37ef853\" data-element_type=\"widget\" data-e-type=\"widget\" data-widget_type=\"text-editor.default\">\n\t\t\t\t<div class=\"elementor-widget-container\">\n\t\t\t\t\t\t\t\t\t<p><img decoding=\"async\" class=\"alignleft wp-image-6430 size-thumbnail\" src=\"https:\/\/web.msh-lse.fr\/ler\/wp-content\/uploads\/sites\/7\/2025\/10\/actulyon-150x150.png\" alt=\"\" width=\"150\" height=\"150\" srcset=\"https:\/\/web.msh-lse.fr\/ler\/wp-content\/uploads\/sites\/7\/2025\/10\/actulyon-150x150.png 150w, https:\/\/web.msh-lse.fr\/ler\/wp-content\/uploads\/sites\/7\/2025\/10\/actulyon-300x300.png 300w, https:\/\/web.msh-lse.fr\/ler\/wp-content\/uploads\/sites\/7\/2025\/10\/actulyon-1024x1024.png 1024w, https:\/\/web.msh-lse.fr\/ler\/wp-content\/uploads\/sites\/7\/2025\/10\/actulyon-768x768.png 768w, https:\/\/web.msh-lse.fr\/ler\/wp-content\/uploads\/sites\/7\/2025\/10\/actulyon.png 1080w\" sizes=\"(max-width: 150px) 100vw, 150px\" \/><span style=\"font-size: 10pt\">\u00ab\u00a0<em>Pour <strong>Etienne Faugier<\/strong>, Ma\u00eetre de conf\u00e9rence en histoire contemporaine \u00e0 l&rsquo;Universit\u00e9 Lyon 2 et sp\u00e9cialiste en histoire des mobilit\u00e9s, ce service pourrait aller plus loin pour s\u00e9duire le plus grand nombre.\u00a0\u00bb Article ActuLyon du 22 D\u00e9cembre 2024<\/em><\/span><\/p>\t\t\t\t\t\t\t\t<\/div>\n\t\t\t\t<\/div>\n\t\t\t\t<div class=\"elementor-element elementor-element-5a40b42 elementor-widget elementor-widget-image\" data-id=\"5a40b42\" data-element_type=\"widget\" data-e-type=\"widget\" data-widget_type=\"image.default\">\n\t\t\t\t<div class=\"elementor-widget-container\">\n\t\t\t\t\t\t\t\t\t\t\t\t<figure class=\"wp-caption\">\n\t\t\t\t\t\t\t\t\t\t\t<a href=\"https:\/\/actu.fr\/auvergne-rhone-alpes\/lyon_69123\/lyon-cette-nouveaute-des-tcl-arrive-en-2025-un-projet-qui-va-faire-plouf_62008624.html\">\n\t\t\t\t\t\t\t<img decoding=\"async\" width=\"150\" height=\"150\" src=\"https:\/\/web.msh-lse.fr\/ler\/wp-content\/uploads\/sites\/7\/2025\/10\/navettes-fluviales-lyon-presqu-ile-tcl-bateaux-saone-960x640-1-150x150.png\" class=\"attachment-thumbnail size-thumbnail wp-image-6285\" alt=\"\" \/>\t\t\t\t\t\t\t\t<\/a>\n\t\t\t\t\t\t\t\t\t\t\t<figcaption class=\"widget-image-caption wp-caption-text\">D\u00e8s juin 2025, un service de navettes fluviales permettra de traverser Lyon par la Sa\u00f4ne : une offre qui interroge. (\u00a9Th\u00e9o Zuili \/ Archives actu Lyon)<\/figcaption>\n\t\t\t\t\t\t\t\t\t\t<\/figure>\n\t\t\t\t\t\t\t\t\t<\/div>\n\t\t\t\t<\/div>\n\t\t\t\t<div class=\"elementor-element elementor-element-8644ecd elementor-widget-divider--view-line elementor-widget elementor-widget-divider\" data-id=\"8644ecd\" data-element_type=\"widget\" data-e-type=\"widget\" data-widget_type=\"divider.default\">\n\t\t\t\t<div class=\"elementor-widget-container\">\n\t\t\t\t\t\t\t<div class=\"elementor-divider\">\n\t\t\t<span class=\"elementor-divider-separator\">\n\t\t\t\t\t\t<\/span>\n\t\t<\/div>\n\t\t\t\t\t\t<\/div>\n\t\t\t\t<\/div>\n\t\t\t\t\t<\/div>\n\t\t<\/div>\n\t\t\t\t<div class=\"elementor-column elementor-col-33 elementor-top-column elementor-element elementor-element-6e074a4\" data-id=\"6e074a4\" data-element_type=\"column\" data-e-type=\"column\">\n\t\t\t<div class=\"elementor-widget-wrap\">\n\t\t\t\t\t\t\t<\/div>\n\t\t<\/div>\n\t\t\t\t<div class=\"elementor-column elementor-col-33 elementor-top-column elementor-element elementor-element-3c6c72c\" data-id=\"3c6c72c\" data-element_type=\"column\" data-e-type=\"column\">\n\t\t\t<div class=\"elementor-widget-wrap\">\n\t\t\t\t\t\t\t<\/div>\n\t\t<\/div>\n\t\t\t\t\t<\/div>\n\t\t<\/section>\n\t\t\t\t<section class=\"elementor-section elementor-top-section elementor-element elementor-element-83021a8 elementor-section-boxed elementor-section-height-default elementor-section-height-default\" data-id=\"83021a8\" data-element_type=\"section\" data-e-type=\"section\">\n\t\t\t\t\t\t<div class=\"elementor-container elementor-column-gap-default\">\n\t\t\t\t\t<div class=\"elementor-column elementor-col-50 elementor-top-column elementor-element elementor-element-cf25903\" data-id=\"cf25903\" data-element_type=\"column\" data-e-type=\"column\">\n\t\t\t<div class=\"elementor-widget-wrap elementor-element-populated\">\n\t\t\t\t\t\t<div class=\"elementor-element elementor-element-c6bf3da elementor-widget elementor-widget-image\" data-id=\"c6bf3da\" data-element_type=\"widget\" data-e-type=\"widget\" data-widget_type=\"image.default\">\n\t\t\t\t<div class=\"elementor-widget-container\">\n\t\t\t\t\t\t\t\t\t\t\t\t<figure class=\"wp-caption\">\n\t\t\t\t\t\t\t\t\t\t\t<a href=\"https:\/\/www.ecologie.gouv.fr\/dossier-presse-etude-exode-urbain-mythe-des-realites\">\n\t\t\t\t\t\t\t<img loading=\"lazy\" decoding=\"async\" width=\"212\" height=\"300\" src=\"https:\/\/web.msh-lse.fr\/ler\/wp-content\/uploads\/sites\/7\/2023\/03\/EXODEURBAIN_evenement230217_vf_page-0001-1-212x300.jpg\" class=\"attachment-medium size-medium wp-image-4663\" alt=\"\" srcset=\"https:\/\/web.msh-lse.fr\/ler\/wp-content\/uploads\/sites\/7\/2023\/03\/EXODEURBAIN_evenement230217_vf_page-0001-1-212x300.jpg 212w, https:\/\/web.msh-lse.fr\/ler\/wp-content\/uploads\/sites\/7\/2023\/03\/EXODEURBAIN_evenement230217_vf_page-0001-1-724x1024.jpg 724w, https:\/\/web.msh-lse.fr\/ler\/wp-content\/uploads\/sites\/7\/2023\/03\/EXODEURBAIN_evenement230217_vf_page-0001-1-768x1087.jpg 768w, https:\/\/web.msh-lse.fr\/ler\/wp-content\/uploads\/sites\/7\/2023\/03\/EXODEURBAIN_evenement230217_vf_page-0001-1.jpg 877w\" sizes=\"(max-width: 212px) 100vw, 212px\" \/>\t\t\t\t\t\t\t\t<\/a>\n\t\t\t\t\t\t\t\t\t\t\t<figcaption class=\"widget-image-caption wp-caption-text\">Dossier de presse  \u00e0 t\u00e9l\u00e9charger<\/figcaption>\n\t\t\t\t\t\t\t\t\t\t<\/figure>\n\t\t\t\t\t\t\t\t\t<\/div>\n\t\t\t\t<\/div>\n\t\t\t\t\t<\/div>\n\t\t<\/div>\n\t\t\t\t<div class=\"elementor-column elementor-col-50 elementor-top-column elementor-element elementor-element-9d10d11\" data-id=\"9d10d11\" data-element_type=\"column\" data-e-type=\"column\">\n\t\t\t<div class=\"elementor-widget-wrap elementor-element-populated\">\n\t\t\t\t\t\t<div class=\"elementor-element elementor-element-dec3e8a elementor-widget elementor-widget-text-editor\" data-id=\"dec3e8a\" data-element_type=\"widget\" data-e-type=\"widget\" data-widget_type=\"text-editor.default\">\n\t\t\t\t<div class=\"elementor-widget-container\">\n\t\t\t\t\t\t\t\t\t<p><span style=\"font-size: 10pt\">Le 17 F\u00e9vrier 2023 se tiendra<b> la rencontre \u00ab\u00a0Exode urbain : un mythe, des r\u00e9alit\u00e9\u00a0\u00bb<\/b> de 15h \u00e0 17h \u00e0 l&rsquo;h\u00f4tel Beauvau et en ligne (retransmission en direct).<\/span><br \/><span style=\"font-size: 10pt\">Cette rencontre sera conclue par Mme Dominique Faure, Ministre D\u00e9l\u00e9gu\u00e9e, en charge des Collectivit\u00e9s territoriales et de la Ruralit\u00e9.<\/span><\/p><p><span style=\"font-size: 10pt\">Anim\u00e9e par Baptiste Muckensturm, journaliste, cette rencontre s&rsquo;ouvrira sur les pr\u00e9sentations des r\u00e9sultats des trois \u00e9quipes, suivies d&rsquo;une table-ronde entre \u00e9lus-chercheurs, intitul\u00e9e \u00ab\u00a0Ruralit\u00e9s attractives, regards crois\u00e9s\u00a0\u00bb,avec :<\/span><\/p><ul><li><span style=\"font-size: 10pt\">Fran\u00e7ois Taulelle, G\u00e9ographe, INU Champollion<\/span><\/li><li><span style=\"font-size: 10pt\"><strong>Claire Delfosse, G\u00e9ographe Universit\u00e9 Lyon2<\/strong><\/span><\/li><li><span style=\"font-size: 10pt\">C\u00e9cile Gallien, Maire de Vorey, Vice-Pr\u00e9sidente de l&rsquo;Association des Maires de France<\/span><\/li><li><span style=\"font-size: 10pt\">Denis Buhl, Vice-Pr\u00e9sidente de la R\u00e9gion Grand Est en charge de la montagne, de la ruralit\u00e9 et du patrimoine local<\/span><\/li><li><span style=\"font-size: 10pt\">Yvan Lubraneski, Maire de Les Moli\u00e8res (Essonne), Pr\u00e9sident des maires ruraux de l&rsquo;Essonne, Vice-Pr\u00e9sident de l&rsquo;AMFR<\/span><\/li><\/ul><p><span style=\"font-size: 10pt\">En attendant la 1\u00e8re note de synth\u00e8se issue de ce travail \u00ab\u00a0Exode urbain : petits flux, grands effets\u00a0\u00bb est accessible sous ce<strong> <a href=\"https:\/\/popsu.archi.fr\/actualite\/lexode-urbain-petits-flux-grands-effets\">lien<\/a> <\/strong><\/span><\/p><p><span style=\"font-size: 10pt\">Pour suivre cet \u00e9v\u00e8nement, une inscription est n\u00e9cessaire : <a href=\"https:\/\/framaforms.org\/exode-urbain-un-mythe-des-realites-1674557647\"><strong>lien<\/strong> <\/a><\/span><\/p><p><span style=\"font-size: 10pt\">H\u00e9l\u00e8ne Milet, Directrice du programme POPSU Territoires se tient \u00e0 votre enti\u00e8re disposition pour tout renseignement compl\u00e9mentaire : helene.milet@developpement-durable.gouv.fr<\/span><\/p><p><span style=\"font-size: 10pt\"><a href=\"https:\/\/web.msh-lse.fr\/ler\/wp-content\/uploads\/sites\/7\/2023\/03\/EXODEURBAIN_evenement230217_vf.pdf\">EXODEURBAIN_evenement230217_vf<\/a><\/span><\/p>\t\t\t\t\t\t\t\t<\/div>\n\t\t\t\t<\/div>\n\t\t\t\t\t<\/div>\n\t\t<\/div>\n\t\t\t\t\t<\/div>\n\t\t<\/section>\n\t\t\t\t<section class=\"elementor-section elementor-top-section elementor-element elementor-element-f7fb6e3 elementor-section-boxed elementor-section-height-default elementor-section-height-default\" data-id=\"f7fb6e3\" data-element_type=\"section\" data-e-type=\"section\">\n\t\t\t\t\t\t<div class=\"elementor-container elementor-column-gap-default\">\n\t\t\t\t\t<div class=\"elementor-column elementor-col-50 elementor-top-column elementor-element elementor-element-516d98a\" data-id=\"516d98a\" data-element_type=\"column\" data-e-type=\"column\">\n\t\t\t<div class=\"elementor-widget-wrap elementor-element-populated\">\n\t\t\t\t\t\t<div class=\"elementor-element elementor-element-d0ba3bd elementor-widget elementor-widget-video\" data-id=\"d0ba3bd\" data-element_type=\"widget\" data-e-type=\"widget\" data-settings=\"{&quot;youtube_url&quot;:&quot;https:\\\/\\\/youtu.be\\\/Nr7gfUxzyn0&quot;,&quot;video_type&quot;:&quot;youtube&quot;,&quot;controls&quot;:&quot;yes&quot;}\" data-widget_type=\"video.default\">\n\t\t\t\t<div class=\"elementor-widget-container\">\n\t\t\t\t\t\t\t<div class=\"elementor-wrapper elementor-open-inline\">\n\t\t\t<div class=\"elementor-video\"><\/div>\t\t<\/div>\n\t\t\t\t\t\t<\/div>\n\t\t\t\t<\/div>\n\t\t\t\t\t<\/div>\n\t\t<\/div>\n\t\t\t\t<div class=\"elementor-column elementor-col-50 elementor-top-column elementor-element elementor-element-debc10d\" data-id=\"debc10d\" data-element_type=\"column\" data-e-type=\"column\">\n\t\t\t<div class=\"elementor-widget-wrap\">\n\t\t\t\t\t\t\t<\/div>\n\t\t<\/div>\n\t\t\t\t\t<\/div>\n\t\t<\/section>\n\t\t\t\t<section class=\"elementor-section elementor-top-section elementor-element elementor-element-89c39fd elementor-section-boxed elementor-section-height-default elementor-section-height-default\" data-id=\"89c39fd\" data-element_type=\"section\" data-e-type=\"section\">\n\t\t\t\t\t\t<div class=\"elementor-container elementor-column-gap-default\">\n\t\t\t\t\t<div class=\"elementor-column elementor-col-100 elementor-top-column elementor-element elementor-element-6cf8395\" data-id=\"6cf8395\" data-element_type=\"column\" data-e-type=\"column\">\n\t\t\t<div class=\"elementor-widget-wrap\">\n\t\t\t\t\t\t\t<\/div>\n\t\t<\/div>\n\t\t\t\t\t<\/div>\n\t\t<\/section>\n\t\t\t\t<section class=\"elementor-section elementor-top-section elementor-element elementor-element-5aa11f6 elementor-section-boxed elementor-section-height-default elementor-section-height-default\" data-id=\"5aa11f6\" data-element_type=\"section\" data-e-type=\"section\">\n\t\t\t\t\t\t<div class=\"elementor-container elementor-column-gap-default\">\n\t\t\t\t\t<div class=\"elementor-column elementor-col-100 elementor-top-column elementor-element elementor-element-298eb67\" data-id=\"298eb67\" data-element_type=\"column\" data-e-type=\"column\">\n\t\t\t<div class=\"elementor-widget-wrap\">\n\t\t\t\t\t\t\t<\/div>\n\t\t<\/div>\n\t\t\t\t\t<\/div>\n\t\t<\/section>\n\t\t\t\t<section class=\"elementor-section elementor-top-section elementor-element elementor-element-ce7b866 elementor-section-boxed elementor-section-height-default elementor-section-height-default\" data-id=\"ce7b866\" data-element_type=\"section\" data-e-type=\"section\">\n\t\t\t\t\t\t<div class=\"elementor-container elementor-column-gap-default\">\n\t\t\t\t\t<div class=\"elementor-column elementor-col-100 elementor-top-column elementor-element elementor-element-886f0f1\" data-id=\"886f0f1\" data-element_type=\"column\" data-e-type=\"column\">\n\t\t\t<div class=\"elementor-widget-wrap\">\n\t\t\t\t\t\t\t<\/div>\n\t\t<\/div>\n\t\t\t\t\t<\/div>\n\t\t<\/section>\n\t\t\t\t<\/div>\n\t\t","protected":false},"excerpt":{"rendered":"<p>Post deUrbalyon &#8211; Agence d&rsquo;urbanisme de l&rsquo;aire m\u00e9tropolitaine lyonnaise\u00a0 Comment, ensemble, mieux faire vivre nos agriculteurs ? La deuxi\u00e8me \u00e9dition des \u00ab\u00a0Tables de coop\u00e9ration\u00a0\u00bb, organis\u00e9e vendredi 5 septembre 2025 sur le th\u00e8me de l&rsquo;Agriculture et de l&rsquo;alimentation, a permis de travailler aux solutions possibles.\u00a0 \u00a0Extrait : \u00ab\u00a0&#8230;Enfin, Claire Delfosse, universitaire, grand(e) t\u00e9moin de la matin\u00e9e,&#8230;<\/p>\n","protected":false},"author":72,"featured_media":0,"parent":0,"menu_order":0,"comment_status":"closed","ping_status":"closed","template":"","meta":{"_kadence_starter_templates_imported_post":false,"_kad_post_transparent":"","_kad_post_title":"hide","_kad_post_layout":"fullwidth","_kad_post_sidebar_id":"","_kad_post_content_style":"unboxed","_kad_post_vertical_padding":"hide","_kad_post_feature":"hide","_kad_post_feature_position":"","_kad_post_header":false,"_kad_post_footer":false,"_kad_post_classname":"","_mc_calendar":[],"footnotes":""},"class_list":["post-4632","page","type-page","status-publish","hentry"],"featured_image_urls_v2":{"full":"","thumbnail":"","medium":"","medium_large":"","large":"","1536x1536":"","2048x2048":""},"post_excerpt_stackable_v2":"<p>Post deUrbalyon &#8211; Agence d&rsquo;urbanisme de l&rsquo;aire m\u00e9tropolitaine lyonnaise\u00a0 Comment, ensemble, mieux faire vivre nos agriculteurs ?La deuxi\u00e8me \u00e9dition des \u00ab\u00a0Tables de coop\u00e9ration\u00a0\u00bb, organis\u00e9e vendredi 5 septembre 2025 sur le th\u00e8me de l&rsquo;Agriculture et de l&rsquo;alimentation, a permis de travailler aux solutions possibles.\u00a0 \u00a0Extrait : \u00ab\u00a0&#8230;Enfin, Claire Delfosse, universitaire, grand(e) t\u00e9moin de la matin\u00e9e, a facilit\u00e9 la prise de hauteur en apportant notamment un \u00e9clairage renouvel\u00e9 sur les compl\u00e9mentarit\u00e9s des syst\u00e8mes alimentaires entre villes et campagnes&#8230;\u00a0\u00bb D\u00e9sir de campagne : de nouvelles fa\u00e7ons de vivre et de travailler en milieu rural.A d\u00e9couvrir \u00ab\u00a0Pour Etienne Faugier, Ma\u00eetre de conf\u00e9rence en histoire\u2026<\/p>\n","category_list_v2":"","author_info_v2":{"name":"nrivier","url":"https:\/\/web.msh-lse.fr\/ler\/author\/nrivier\/"},"comments_num_v2":"0 commentaire","_links":{"self":[{"href":"https:\/\/web.msh-lse.fr\/ler\/wp-json\/wp\/v2\/pages\/4632","targetHints":{"allow":["GET"]}}],"collection":[{"href":"https:\/\/web.msh-lse.fr\/ler\/wp-json\/wp\/v2\/pages"}],"about":[{"href":"https:\/\/web.msh-lse.fr\/ler\/wp-json\/wp\/v2\/types\/page"}],"author":[{"embeddable":true,"href":"https:\/\/web.msh-lse.fr\/ler\/wp-json\/wp\/v2\/users\/72"}],"replies":[{"embeddable":true,"href":"https:\/\/web.msh-lse.fr\/ler\/wp-json\/wp\/v2\/comments?post=4632"}],"version-history":[{"count":106,"href":"https:\/\/web.msh-lse.fr\/ler\/wp-json\/wp\/v2\/pages\/4632\/revisions"}],"predecessor-version":[{"id":6540,"href":"https:\/\/web.msh-lse.fr\/ler\/wp-json\/wp\/v2\/pages\/4632\/revisions\/6540"}],"wp:attachment":[{"href":"https:\/\/web.msh-lse.fr\/ler\/wp-json\/wp\/v2\/media?parent=4632"}],"curies":[{"name":"wp","href":"https:\/\/api.w.org\/{rel}","templated":true}]}}