{"id":447,"date":"2021-04-17T18:31:32","date_gmt":"2021-04-17T16:31:32","guid":{"rendered":"https:\/\/web.msh-lse.fr\/ler\/?page_id=447"},"modified":"2021-09-03T14:58:55","modified_gmt":"2021-09-03T12:58:55","slug":"axe-1-science-de-laction-environnement-et-societe-en-perspective-diachronique-et-critique","status":"publish","type":"page","link":"https:\/\/web.msh-lse.fr\/ler\/axe-1-science-de-laction-environnement-et-societe-en-perspective-diachronique-et-critique\/","title":{"rendered":"Axe 1 : Science de l&rsquo;action, environnement et soci\u00e9t\u00e9 en perspective diachronique et critique"},"content":{"rendered":"\t\t<div data-elementor-type=\"wp-page\" data-elementor-id=\"447\" class=\"elementor elementor-447\" data-elementor-post-type=\"page\">\n\t\t\t\t\t\t<section class=\"elementor-section elementor-top-section elementor-element elementor-element-dd34d73 elementor-section-boxed elementor-section-height-default elementor-section-height-default\" data-id=\"dd34d73\" data-element_type=\"section\" data-e-type=\"section\">\n\t\t\t\t\t\t<div class=\"elementor-container elementor-column-gap-default\">\n\t\t\t\t\t<div class=\"elementor-column elementor-col-100 elementor-top-column elementor-element elementor-element-0978d10\" data-id=\"0978d10\" data-element_type=\"column\" data-e-type=\"column\">\n\t\t\t<div class=\"elementor-widget-wrap elementor-element-populated\">\n\t\t\t\t\t\t<div class=\"elementor-element elementor-element-ced9038 elementor-widget elementor-widget-spacer\" data-id=\"ced9038\" data-element_type=\"widget\" data-e-type=\"widget\" data-widget_type=\"spacer.default\">\n\t\t\t\t<div class=\"elementor-widget-container\">\n\t\t\t\t\t\t\t<div class=\"elementor-spacer\">\n\t\t\t<div class=\"elementor-spacer-inner\"><\/div>\n\t\t<\/div>\n\t\t\t\t\t\t<\/div>\n\t\t\t\t<\/div>\n\t\t\t\t\t<\/div>\n\t\t<\/div>\n\t\t\t\t\t<\/div>\n\t\t<\/section>\n\t\t\t\t<section class=\"elementor-section elementor-top-section elementor-element elementor-element-875f671 elementor-section-boxed elementor-section-height-default elementor-section-height-default\" data-id=\"875f671\" data-element_type=\"section\" data-e-type=\"section\" data-settings=\"{&quot;background_background&quot;:&quot;classic&quot;,&quot;background_motion_fx_motion_fx_scrolling&quot;:&quot;yes&quot;,&quot;background_motion_fx_translateY_effect&quot;:&quot;yes&quot;,&quot;background_motion_fx_translateY_speed&quot;:{&quot;unit&quot;:&quot;px&quot;,&quot;size&quot;:4,&quot;sizes&quot;:[]},&quot;background_motion_fx_translateY_affectedRange&quot;:{&quot;unit&quot;:&quot;%&quot;,&quot;size&quot;:&quot;&quot;,&quot;sizes&quot;:{&quot;start&quot;:0,&quot;end&quot;:100}},&quot;background_motion_fx_devices&quot;:[&quot;desktop&quot;,&quot;tablet&quot;,&quot;mobile&quot;]}\">\n\t\t\t\t\t\t<div class=\"elementor-container elementor-column-gap-default\">\n\t\t\t\t\t<div class=\"elementor-column elementor-col-100 elementor-top-column elementor-element elementor-element-03655ff\" data-id=\"03655ff\" data-element_type=\"column\" data-e-type=\"column\">\n\t\t\t<div class=\"elementor-widget-wrap elementor-element-populated\">\n\t\t\t\t\t\t<div class=\"elementor-element elementor-element-f465bb3 elementor-widget elementor-widget-heading\" data-id=\"f465bb3\" data-element_type=\"widget\" data-e-type=\"widget\" data-settings=\"{&quot;motion_fx_motion_fx_scrolling&quot;:&quot;yes&quot;,&quot;motion_fx_translateY_effect&quot;:&quot;yes&quot;,&quot;motion_fx_translateY_speed&quot;:{&quot;unit&quot;:&quot;px&quot;,&quot;size&quot;:4,&quot;sizes&quot;:[]},&quot;motion_fx_translateY_affectedRange&quot;:{&quot;unit&quot;:&quot;%&quot;,&quot;size&quot;:&quot;&quot;,&quot;sizes&quot;:{&quot;start&quot;:0,&quot;end&quot;:100}},&quot;motion_fx_devices&quot;:[&quot;desktop&quot;,&quot;tablet&quot;,&quot;mobile&quot;]}\" data-widget_type=\"heading.default\">\n\t\t\t\t<div class=\"elementor-widget-container\">\n\t\t\t\t\t<h2 class=\"elementor-heading-title elementor-size-default\">Axe 1<\/h2>\t\t\t\t<\/div>\n\t\t\t\t<\/div>\n\t\t\t\t\t<\/div>\n\t\t<\/div>\n\t\t\t\t\t<\/div>\n\t\t<\/section>\n\t\t\t\t<section class=\"elementor-section elementor-top-section elementor-element elementor-element-196795c elementor-section-boxed elementor-section-height-default elementor-section-height-default\" data-id=\"196795c\" data-element_type=\"section\" data-e-type=\"section\">\n\t\t\t\t\t\t<div class=\"elementor-container elementor-column-gap-default\">\n\t\t\t\t\t<div class=\"elementor-column elementor-col-100 elementor-top-column elementor-element elementor-element-f9d122e\" data-id=\"f9d122e\" data-element_type=\"column\" data-e-type=\"column\">\n\t\t\t<div class=\"elementor-widget-wrap elementor-element-populated\">\n\t\t\t\t\t\t<div class=\"elementor-element elementor-element-f1ab44d elementor-widget elementor-widget-spacer\" data-id=\"f1ab44d\" data-element_type=\"widget\" data-e-type=\"widget\" data-widget_type=\"spacer.default\">\n\t\t\t\t<div class=\"elementor-widget-container\">\n\t\t\t\t\t\t\t<div class=\"elementor-spacer\">\n\t\t\t<div class=\"elementor-spacer-inner\"><\/div>\n\t\t<\/div>\n\t\t\t\t\t\t<\/div>\n\t\t\t\t<\/div>\n\t\t\t\t\t<\/div>\n\t\t<\/div>\n\t\t\t\t\t<\/div>\n\t\t<\/section>\n\t\t\t\t<section class=\"elementor-section elementor-top-section elementor-element elementor-element-eb66616 elementor-section-boxed elementor-section-height-default elementor-section-height-default\" data-id=\"eb66616\" data-element_type=\"section\" data-e-type=\"section\">\n\t\t\t\t\t\t<div class=\"elementor-container elementor-column-gap-default\">\n\t\t\t\t\t<div class=\"elementor-column elementor-col-100 elementor-top-column elementor-element elementor-element-b2d9135\" data-id=\"b2d9135\" data-element_type=\"column\" data-e-type=\"column\">\n\t\t\t<div class=\"elementor-widget-wrap elementor-element-populated\">\n\t\t\t\t\t\t<div class=\"elementor-element elementor-element-533af58 elementor-widget elementor-widget-heading\" data-id=\"533af58\" data-element_type=\"widget\" data-e-type=\"widget\" data-widget_type=\"heading.default\">\n\t\t\t\t<div class=\"elementor-widget-container\">\n\t\t\t\t\t<h2 class=\"elementor-heading-title elementor-size-default\">Axe 1 : Science de l'action, environnement et soci\u00e9t\u00e9 en perspective diachronique et critique<\/h2>\t\t\t\t<\/div>\n\t\t\t\t<\/div>\n\t\t\t\t\t<\/div>\n\t\t<\/div>\n\t\t\t\t\t<\/div>\n\t\t<\/section>\n\t\t\t\t<section class=\"elementor-section elementor-top-section elementor-element elementor-element-e678852 elementor-section-boxed elementor-section-height-default elementor-section-height-default\" data-id=\"e678852\" data-element_type=\"section\" data-e-type=\"section\">\n\t\t\t\t\t\t<div class=\"elementor-container elementor-column-gap-default\">\n\t\t\t\t\t<div class=\"elementor-column elementor-col-100 elementor-top-column elementor-element elementor-element-2624eb8\" data-id=\"2624eb8\" data-element_type=\"column\" data-e-type=\"column\">\n\t\t\t<div class=\"elementor-widget-wrap elementor-element-populated\">\n\t\t\t\t\t\t<div class=\"elementor-element elementor-element-a503553 elementor-widget-divider--view-line elementor-widget elementor-widget-divider\" data-id=\"a503553\" data-element_type=\"widget\" data-e-type=\"widget\" data-widget_type=\"divider.default\">\n\t\t\t\t<div class=\"elementor-widget-container\">\n\t\t\t\t\t\t\t<div class=\"elementor-divider\">\n\t\t\t<span class=\"elementor-divider-separator\">\n\t\t\t\t\t\t<\/span>\n\t\t<\/div>\n\t\t\t\t\t\t<\/div>\n\t\t\t\t<\/div>\n\t\t\t\t\t<\/div>\n\t\t<\/div>\n\t\t\t\t\t<\/div>\n\t\t<\/section>\n\t\t\t\t<section class=\"elementor-section elementor-top-section elementor-element elementor-element-adfff46 elementor-section-boxed elementor-section-height-default elementor-section-height-default\" data-id=\"adfff46\" data-element_type=\"section\" data-e-type=\"section\">\n\t\t\t\t\t\t<div class=\"elementor-container elementor-column-gap-default\">\n\t\t\t\t\t<div class=\"elementor-column elementor-col-16 elementor-top-column elementor-element elementor-element-d48fe73\" data-id=\"d48fe73\" data-element_type=\"column\" data-e-type=\"column\">\n\t\t\t<div class=\"elementor-widget-wrap\">\n\t\t\t\t\t\t\t<\/div>\n\t\t<\/div>\n\t\t\t\t<div class=\"elementor-column elementor-col-66 elementor-top-column elementor-element elementor-element-14396b4\" data-id=\"14396b4\" data-element_type=\"column\" data-e-type=\"column\">\n\t\t\t<div class=\"elementor-widget-wrap elementor-element-populated\">\n\t\t\t\t\t\t<div class=\"elementor-element elementor-element-1196565 elementor-widget elementor-widget-text-editor\" data-id=\"1196565\" data-element_type=\"widget\" data-e-type=\"widget\" data-widget_type=\"text-editor.default\">\n\t\t\t\t<div class=\"elementor-widget-container\">\n\t\t\t\t\t\t\t\t\t<p style=\"text-align: justify\"><span style=\"color: #000000\"><strong>Animation scientifique<\/strong> : H\u00e9l\u00e8ne Brives (ISARA-Lyon) et Pierre Cornu (Lyon 2)<\/span><\/p><p style=\"text-align: justify\" align=\"JUSTIFY\"><span style=\"color: #000000\">\u00a0\u00a0\u00a0\u00a0 Les observateurs du d\u00e9veloppement agricole et rural qui ont en m\u00e9moire les conditions historiques de la \u00ab\u00a0modernisation\u00a0\u00bb des soci\u00e9t\u00e9s rurales europ\u00e9ennes, ne peuvent qu&rsquo;\u00eatre frapp\u00e9s de l&rsquo;intrication croissante, depuis deux d\u00e9cennies au moins, des enjeux socio-\u00e9conomiques d&rsquo;une part et biotechnologiques d&rsquo;autre part, avec une extr\u00eame diversit\u00e9 de combinaisons ainsi produites et juxtapos\u00e9es dans l&rsquo;espace. Exploiter le sol, \u00e9lever du b\u00e9tail, valoriser un patrimoine vivant, produire des biens ou des services en lien avec l&rsquo;environnement, r\u00e9v\u00e8le des objets hybrides de plus en plus complexes, et produit des effets syst\u00e9miques de moins en moins pr\u00e9dictibles, qui font intervenir en retour des techniciens, experts, chercheurs et instances rarement coordonn\u00e9s, voire parfois en situation de contradiction ou de rivalit\u00e9. De fait, le temps n&rsquo;est plus o\u00f9 un seul mod\u00e8le de d\u00e9veloppement pr\u00e9valait, et l\u00e9gitimait une transmission descendante de l&rsquo;innovation, pilot\u00e9e par des organismes publics ou priv\u00e9s, nourris de la m\u00eame culture technoscientifique. Car les acteurs du d\u00e9veloppement agricole et rural eux-m\u00eames sont devenus plus complexes \u00e0 saisir, suivant des itin\u00e9raires, des rationalit\u00e9s, des modes d&rsquo;insertion dans le march\u00e9 divergents et parfois concurrents.<\/span><\/p><p style=\"text-align: justify\"><span style=\"color: #000000\">\u00a0\u00a0\u00a0\u00a0 Ainsi, ce que l&rsquo;on pouvait analyser comme une \u00e9volution historique in\u00e9luctable, le d\u00e9sencastrement du social et de l&rsquo;\u00e9conomique par le passage du mod\u00e8le familial au mod\u00e8le entrepreneurial, et la technicisation du rapport au vivant par son artificialisation, s&rsquo;av\u00e8re aujourd&rsquo;hui rien moins qu&rsquo;\u00e9vident, avec des formes de r\u00e9encastrement inattendues et l&rsquo;\u00e9closion de pratiques hybrides innovantes, r\u00e9introduisant la question des finalit\u00e9s au c\u0153ur des projets. Dans ce contexte, les biotechnologies ne sont plus accept\u00e9es comme une v\u00e9rit\u00e9 ind\u00e9passable, mais elles se trouvent examin\u00e9es sous tous les angles par les parties prenantes\u00a0: celui de l&rsquo;int\u00e9r\u00eat \u00e9conomique, celui du risque, celui des valeurs \u00e9galement. Bref, le d\u00e9veloppement agricole et rural se trouve aujourd&rsquo;hui, par la richesse et la complexit\u00e9 m\u00eame de ce qu&rsquo;il trame, et malgr\u00e9 la profusion d&rsquo;\u00e9tudes, de donn\u00e9es et de mod\u00e8les, rendu illisible et ind\u00e9cidable pour ses acteurs eux-m\u00eames.<\/span><\/p><p style=\"text-align: justify\"><span style=\"color: #000000\">\u00a0\u00a0\u00a0\u00a0 Or, cette situation repr\u00e9sente un d\u00e9fi singulier pour les sciences sociales. En effet, il leur faut d&rsquo;une part assumer de mani\u00e8re bien moins confortable qu&rsquo;auparavant leur responsabilit\u00e9 dans l&rsquo;\u00e9tablissement de diagnostics ou de sc\u00e9narios, et d&rsquo;autre part r\u00e9pondre au risque de marginalisation de leur discours, face \u00e0 l&rsquo;extr\u00eame technicisation des enjeux du d\u00e9veloppement et des param\u00e8tres (biom\u00e9triques, technologiques,\u00a0 \u00e9conomiques&#8230;) \u00e0 prendre en compte. Plus important encore, les sciences sociales doivent assumer la dimension intrins\u00e8quement politique et \u00e9thique de ces enjeux, qui ne peuvent se r\u00e9soudre par la production d&rsquo;une rationalit\u00e9 sup\u00e9rieure s&rsquo;imposant de nouveau \u00e0 tous. Nous postulons en effet qu&rsquo;une pens\u00e9e compr\u00e9hensive des ph\u00e9nom\u00e8nes \u00e9mergents ne peut se faire dans le retrait du monde, encore moins dans le surplomb, et qu&rsquo;elle constitue une question appelant un dialogue sciences-soci\u00e9t\u00e9 \u00e0 la fois p\u00e9renne, m\u00e9thodique et ambitieux. Un certain mod\u00e8le d&rsquo;ing\u00e9nierie est aujourd&rsquo;hui obsol\u00e8te, il n&rsquo;y a pas lieu de le regretter. Mais cela ne signifie pas que l&rsquo;id\u00e9e m\u00eame de l&rsquo;ing\u00e9nierie soit caduque. Tout au contraire, elle a rarement \u00e9t\u00e9 aussi n\u00e9cessaire, notamment dans sa dimension \u00ab\u00a0territoriale\u00a0\u00bb int\u00e9grative (\u00c9ric Grasset), et il convient donc de penser et \u00e9ventuellement d&rsquo;accompagner la mue des sciences de l&rsquo;action, dans une relation aussi bien avec la formation qu&rsquo;avec les acteurs de terrain et les institutions, en investissant les tiers-lieux, comme la Comue Lyon \u2013 Saint-\u00c9tienne, o\u00f9 les r\u00e9flexions prospectives se croisent.<\/span><\/p><p style=\"text-align: justify\"><span style=\"color: #000000\">\u00a0\u00a0\u00a0\u00a0 Cet axe th\u00e9matique s&rsquo;affiche donc r\u00e9solument comme une proposition de r\u00e9ponse argument\u00e9e au d\u00e9fi de l&rsquo;intelligibilit\u00e9 du devenir de l&rsquo;agriculture et de la ruralit\u00e9, con\u00e7ue \u00e0 partir de trois principes cl\u00e9s\u00a0: l&rsquo;interdisciplinarit\u00e9, l&rsquo;immersion dans la recherche de terrain avec et pour les acteurs, et enfin la construction de partenariats, dans le champ des sciences sociales d&rsquo;une part, mais \u00e9galement dans celui des biotechnologies, avec des relations d\u00e9j\u00e0 solidement \u00e9tablies lors de programmes de recherche r\u00e9cents, avec l&rsquo;INRA notamment.<\/span><\/p>\t\t\t\t\t\t\t\t<\/div>\n\t\t\t\t<\/div>\n\t\t\t\t\t<\/div>\n\t\t<\/div>\n\t\t\t\t<div class=\"elementor-column elementor-col-16 elementor-top-column elementor-element elementor-element-a1437a5\" data-id=\"a1437a5\" data-element_type=\"column\" data-e-type=\"column\">\n\t\t\t<div class=\"elementor-widget-wrap\">\n\t\t\t\t\t\t\t<\/div>\n\t\t<\/div>\n\t\t\t\t\t<\/div>\n\t\t<\/section>\n\t\t\t\t<\/div>\n\t\t","protected":false},"excerpt":{"rendered":"<p>Axe 1 Axe 1 : Science de l&rsquo;action, environnement et soci\u00e9t\u00e9 en perspective diachronique et critique Animation scientifique : H\u00e9l\u00e8ne Brives (ISARA-Lyon) et Pierre Cornu (Lyon 2) \u00a0\u00a0\u00a0\u00a0 Les observateurs du d\u00e9veloppement agricole et rural qui ont en m\u00e9moire les conditions historiques de la \u00ab\u00a0modernisation\u00a0\u00bb des soci\u00e9t\u00e9s rurales europ\u00e9ennes, ne peuvent qu&rsquo;\u00eatre frapp\u00e9s de l&rsquo;intrication&#8230;<\/p>\n","protected":false},"author":23,"featured_media":0,"parent":0,"menu_order":0,"comment_status":"closed","ping_status":"closed","template":"","meta":{"_kadence_starter_templates_imported_post":false,"_kad_post_transparent":"","_kad_post_title":"hide","_kad_post_layout":"fullwidth","_kad_post_sidebar_id":"","_kad_post_content_style":"unboxed","_kad_post_vertical_padding":"hide","_kad_post_feature":"hide","_kad_post_feature_position":"","_kad_post_header":false,"_kad_post_footer":false,"_kad_post_classname":"","_mc_calendar":[],"footnotes":""},"class_list":["post-447","page","type-page","status-publish","hentry"],"featured_image_urls_v2":{"full":"","thumbnail":"","medium":"","medium_large":"","large":"","1536x1536":"","2048x2048":""},"post_excerpt_stackable_v2":"<p>Axe 1 Axe 1 : Science de l&rsquo;action, environnement et soci\u00e9t\u00e9 en perspective diachronique et critique Animation scientifique : H\u00e9l\u00e8ne Brives (ISARA-Lyon) et Pierre Cornu (Lyon 2)\u00a0\u00a0\u00a0\u00a0 Les observateurs du d\u00e9veloppement agricole et rural qui ont en m\u00e9moire les conditions historiques de la \u00ab\u00a0modernisation\u00a0\u00bb des soci\u00e9t\u00e9s rurales europ\u00e9ennes, ne peuvent qu&rsquo;\u00eatre frapp\u00e9s de l&rsquo;intrication croissante, depuis deux d\u00e9cennies au moins, des enjeux socio-\u00e9conomiques d&rsquo;une part et biotechnologiques d&rsquo;autre part, avec une extr\u00eame diversit\u00e9 de combinaisons ainsi produites et juxtapos\u00e9es dans l&rsquo;espace. Exploiter le sol, \u00e9lever du b\u00e9tail, valoriser un patrimoine vivant, produire des biens ou des services en lien avec\u2026<\/p>\n","category_list_v2":"","author_info_v2":{"name":"hkieffer","url":"https:\/\/web.msh-lse.fr\/ler\/author\/hkieffer\/"},"comments_num_v2":"0 commentaire","_links":{"self":[{"href":"https:\/\/web.msh-lse.fr\/ler\/wp-json\/wp\/v2\/pages\/447","targetHints":{"allow":["GET"]}}],"collection":[{"href":"https:\/\/web.msh-lse.fr\/ler\/wp-json\/wp\/v2\/pages"}],"about":[{"href":"https:\/\/web.msh-lse.fr\/ler\/wp-json\/wp\/v2\/types\/page"}],"author":[{"embeddable":true,"href":"https:\/\/web.msh-lse.fr\/ler\/wp-json\/wp\/v2\/users\/23"}],"replies":[{"embeddable":true,"href":"https:\/\/web.msh-lse.fr\/ler\/wp-json\/wp\/v2\/comments?post=447"}],"version-history":[{"count":30,"href":"https:\/\/web.msh-lse.fr\/ler\/wp-json\/wp\/v2\/pages\/447\/revisions"}],"predecessor-version":[{"id":1909,"href":"https:\/\/web.msh-lse.fr\/ler\/wp-json\/wp\/v2\/pages\/447\/revisions\/1909"}],"wp:attachment":[{"href":"https:\/\/web.msh-lse.fr\/ler\/wp-json\/wp\/v2\/media?parent=447"}],"curies":[{"name":"wp","href":"https:\/\/api.w.org\/{rel}","templated":true}]}}