{"id":1873,"date":"2021-09-03T15:40:19","date_gmt":"2021-09-03T13:40:19","guid":{"rendered":"https:\/\/web.msh-lse.fr\/ler\/?page_id=1873"},"modified":"2022-02-04T16:35:07","modified_gmt":"2022-02-04T15:35:07","slug":"tralim","status":"publish","type":"page","link":"https:\/\/web.msh-lse.fr\/ler\/tralim\/","title":{"rendered":"TrALIM"},"content":{"rendered":"\t\t<div data-elementor-type=\"wp-page\" data-elementor-id=\"1873\" class=\"elementor elementor-1873\" data-elementor-post-type=\"page\">\n\t\t\t\t\t\t<section class=\"elementor-section elementor-top-section elementor-element elementor-element-6ff71ce6 elementor-section-boxed elementor-section-height-default elementor-section-height-default\" data-id=\"6ff71ce6\" data-element_type=\"section\" data-e-type=\"section\">\n\t\t\t\t\t\t<div class=\"elementor-container elementor-column-gap-default\">\n\t\t\t\t\t<div class=\"elementor-column elementor-col-100 elementor-top-column elementor-element elementor-element-690b3bdb\" data-id=\"690b3bdb\" data-element_type=\"column\" data-e-type=\"column\">\n\t\t\t<div class=\"elementor-widget-wrap elementor-element-populated\">\n\t\t\t\t\t\t<div class=\"elementor-element elementor-element-45d11921 elementor-widget elementor-widget-text-editor\" data-id=\"45d11921\" data-element_type=\"widget\" data-e-type=\"widget\" data-widget_type=\"text-editor.default\">\n\t\t\t\t<div class=\"elementor-widget-container\">\n\t\t\t\t\t\t\t\t\t<p><\/p>\n<p>La Chaire partenariale <strong>TrALIM : Transitions Alimentaires<\/strong> est port\u00e9e par l\u2019<a href=\"https:\/\/www.univ-lyon2.fr\/\">Universit\u00e9 Lumi\u00e8re Lyon 2 <\/a>et le Centre de Recherche de l\u2019<a href=\"https:\/\/www.institutpaulbocuse.com\/\">Institut Paul Bocuse<\/a>.<\/p>\n<p><\/p>\n<p><\/p>\n<figure><img fetchpriority=\"high\" decoding=\"async\" src=\"https:\/\/web.msh-lse.fr\/ler\/wp-content\/uploads\/sites\/7\/2022\/02\/tralim2-1024x389.jpg\" alt=\"\" width=\"394\" height=\"150\" \/><\/figure>\n<p><\/p>\n<p><\/p>\n<p>Nos soci\u00e9t\u00e9s voient se multiplier les aspirations et les recommandations \u00e0 faire \u00e9voluer notre alimentation, en lien avec des dimensions sanitaires, environnementales, sociales, culturelles, \u00e9thiques et de bien-\u00eatre.<br \/>Cette chaire est d\u00e9di\u00e9e \u00e0 la compr\u00e9hension des dynamiques \u00e0 l\u2019\u0153uvre dans l\u2019alimentation et leur traduction en termes de pratiques de production, de transformation, de consommation et de gouvernance alimentaires. Elle a pour vocation de d\u00e9finir et d\u2019accompagner des projets visant \u00e0 \u00e9tudier et promouvoir une transition vers une alimentation saine, de qualit\u00e9, responsable et \u00e9quitable, int\u00e9gr\u00e9e aux territoires et cela \u00e0 diff\u00e9rentes \u00e9chelles.<br \/>Convoquer les sciences sociales pour explorer les diff\u00e9rentes facettes de ce que peut \u00eatre le \u00ab bien manger \u00bb dans nos soci\u00e9t\u00e9s, aujourd\u2019hui et demain, suppose de mobiliser des disciplines diverses telles que l\u2019\u00e9conomie, la gestion, la psychologie, la g\u00e9ographie, les sciences politiques, le droit, la sociologie, l\u2019histoire, etc. \u00c0 travers la diversit\u00e9 de leurs m\u00e9thodes, ces disciplines analysent les transitions alimentaires sous des angles compl\u00e9mentaires et ouvrent au dialogue avec diff\u00e9rents publics et acteurs.<br \/>Si la chaire s\u2019adresse prioritairement aux acteurs locaux et r\u00e9gionaux autour de probl\u00e9matiques se nouant dans les territoires proches, les r\u00e9seaux internationaux des chercheur.es de l\u2019Universit\u00e9 Lumi\u00e8re Lyon 2 et de l\u2019Institut Paul Bocuse permettent d\u2019envisager les transitions alimentaires au-del\u00e0 des fronti\u00e8res nationales, dans les pays d\u00e9velopp\u00e9s, \u00e9mergents ou en voie de d\u00e9veloppement, ainsi que sur le temps long, de la Pr\u00e9histoire au monde contemporain.<\/p>\n<p><\/p>\n<p><\/p>\n<p>La chaire s\u2019appuie sur un r\u00e9seau pluridisciplinaire d\u2019enseignants-chercheurs et de chercheurs s\u2019int\u00e9ressant aux questions li\u00e9es \u00e0 l\u2019alimentation issus de diff\u00e9rents laboratoires de recherche du site Lyon Saint-Etienne, en particulier :<\/p>\n<p><\/p>\n<p><\/p>\n<ul class=\"wp-block-list\">\n<li><a href=\"http:\/\/recherche.institutpaulbocuse.com\/\">Centre de Recherche de l\u2019Institut Paul Bocuse<\/a> : Sciences des aliments, Restauration<\/li>\n<li><a href=\"https:\/\/www.centre-max-weber.fr\/\">Centre Max Weber<\/a> : Sociologie et Anthropologie<\/li>\n<li><a href=\"http:\/\/coactis.org\/\">COACTIS <\/a>: Sciences de Gestion (gouvernance, strat\u00e9gie, marketing, etc.)<\/li>\n<li><a href=\"https:\/\/greps.univ-lyon2.fr\/\">GRePS <\/a>: Psychologie Sociale<\/li>\n<li><a href=\"http:\/\/ler-serec.org\/index.php\/membres\">LER <\/a>: Etudes Rurales<\/li>\n<\/ul>\n<p><\/p>\n<p><\/p>\n<p><a href=\"https:\/\/web.msh-lse.fr\/ler\/wp-content\/uploads\/sites\/7\/2022\/02\/Newsletter-TrALIM-1-2.pdf\">Newsletter Num\u00e9ro 1 : Janvier 2022<\/a><\/p>\n<p><\/p>\n<p><\/p>\n<p>Pour s&rsquo;inscrire \u00e0 notre newsletter envoy\u00e9e tous les deux mois, <a href=\"https:\/\/framaforms.org\/inscription-newsletter-chaire-tralim-1639063511\">inscrivez vous ici<\/a> !<\/p>\n<p><a href=\"https:\/\/www.univ-lyon2.fr\/recherche\/les-chaires-partenariales\/tralim\/journee-detude-une-alimentation-saine-et-viable-pour-tous-et-toutes-dans-les-territoires-urbains\">Actualit\u00e9s<\/a><\/p>\n<p>Contact : H\u00e9l\u00e8ne Chauveau (Coordinatrice administrative)<\/p>\n<p><a href=\"mailto:chaire-tramlim@univ-lyon2.fr\">chaire-tralim@univ-lyon2.fr<\/a><\/p>\n<p>Adresse : Universit\u00e9 Lyon 2 Direction Sciences et Soci\u00e9t\u00e9s 18 Quai Claude Bernard 69007 LYON<\/p>\n<p>Lien lancement de la Chaire <a href=\"https:\/\/www.univ-lyon2.fr\/recherche\/les-chaires-partenariales\/tralim\/lancement-chaire-partenariale-tralim\">partenariale TRaLIM<\/a><\/p>\n<p><img decoding=\"async\" src=\"https:\/\/web.msh-lse.fr\/ler\/wp-content\/uploads\/sites\/7\/2022\/02\/TrALIM_signature20210317-300x147.jpg\" alt=\"\" width=\"300\" height=\"147\" \/><\/p>\n<p><\/p>\n<p><\/p>\n<h2 class=\"wp-block-heading\">\u00a0<\/h2>\n<p>\u00a0<\/p>\n<figure><\/figure>\n<p><\/p>\n<p><\/p>\n<p><\/p>\n<p><\/p>\t\t\t\t\t\t\t\t<\/div>\n\t\t\t\t<\/div>\n\t\t\t\t\t<\/div>\n\t\t<\/div>\n\t\t\t\t\t<\/div>\n\t\t<\/section>\n\t\t\t\t<section class=\"elementor-section elementor-top-section elementor-element elementor-element-7ab0de8 elementor-section-boxed elementor-section-height-default elementor-section-height-default\" data-id=\"7ab0de8\" data-element_type=\"section\" data-e-type=\"section\">\n\t\t\t\t\t\t<div class=\"elementor-container elementor-column-gap-default\">\n\t\t\t\t\t<div class=\"elementor-column elementor-col-50 elementor-top-column elementor-element elementor-element-4d951bf\" data-id=\"4d951bf\" data-element_type=\"column\" data-e-type=\"column\">\n\t\t\t<div class=\"elementor-widget-wrap elementor-element-populated\">\n\t\t\t\t\t\t<div class=\"elementor-element elementor-element-fe91c36 elementor-widget elementor-widget-image\" data-id=\"fe91c36\" data-element_type=\"widget\" data-e-type=\"widget\" data-widget_type=\"image.default\">\n\t\t\t\t<div class=\"elementor-widget-container\">\n\t\t\t\t\t\t\t\t\t\t\t\t\t\t\t<img decoding=\"async\" width=\"1024\" height=\"976\" src=\"https:\/\/web.msh-lse.fr\/ler\/wp-content\/uploads\/sites\/7\/2022\/02\/TrALIM_photogroupe20210317-1024x976.jpg\" class=\"attachment-large size-large wp-image-3158\" alt=\"\" srcset=\"https:\/\/web.msh-lse.fr\/ler\/wp-content\/uploads\/sites\/7\/2022\/02\/TrALIM_photogroupe20210317-1024x976.jpg 1024w, https:\/\/web.msh-lse.fr\/ler\/wp-content\/uploads\/sites\/7\/2022\/02\/TrALIM_photogroupe20210317-300x286.jpg 300w, https:\/\/web.msh-lse.fr\/ler\/wp-content\/uploads\/sites\/7\/2022\/02\/TrALIM_photogroupe20210317-768x732.jpg 768w, https:\/\/web.msh-lse.fr\/ler\/wp-content\/uploads\/sites\/7\/2022\/02\/TrALIM_photogroupe20210317.jpg 1500w\" sizes=\"(max-width: 1024px) 100vw, 1024px\" \/>\t\t\t\t\t\t\t\t\t\t\t\t\t\t\t<\/div>\n\t\t\t\t<\/div>\n\t\t\t\t\t<\/div>\n\t\t<\/div>\n\t\t\t\t<div class=\"elementor-column elementor-col-50 elementor-top-column elementor-element elementor-element-1375b82\" data-id=\"1375b82\" data-element_type=\"column\" data-e-type=\"column\">\n\t\t\t<div class=\"elementor-widget-wrap elementor-element-populated\">\n\t\t\t\t\t\t<div class=\"elementor-element elementor-element-943cae3 elementor-widget elementor-widget-image\" data-id=\"943cae3\" data-element_type=\"widget\" data-e-type=\"widget\" data-widget_type=\"image.default\">\n\t\t\t\t<div class=\"elementor-widget-container\">\n\t\t\t\t\t\t\t\t\t\t\t\t\t\t\t<img loading=\"lazy\" decoding=\"async\" width=\"575\" height=\"494\" src=\"https:\/\/web.msh-lse.fr\/ler\/wp-content\/uploads\/sites\/7\/2022\/02\/SCREEN1.png\" class=\"attachment-large size-large wp-image-3165\" alt=\"\" srcset=\"https:\/\/web.msh-lse.fr\/ler\/wp-content\/uploads\/sites\/7\/2022\/02\/SCREEN1.png 575w, https:\/\/web.msh-lse.fr\/ler\/wp-content\/uploads\/sites\/7\/2022\/02\/SCREEN1-300x258.png 300w\" sizes=\"(max-width: 575px) 100vw, 575px\" \/>\t\t\t\t\t\t\t\t\t\t\t\t\t\t\t<\/div>\n\t\t\t\t<\/div>\n\t\t\t\t\t<\/div>\n\t\t<\/div>\n\t\t\t\t\t<\/div>\n\t\t<\/section>\n\t\t\t\t<section class=\"elementor-section elementor-top-section elementor-element elementor-element-fca2070 elementor-section-boxed elementor-section-height-default elementor-section-height-default\" data-id=\"fca2070\" data-element_type=\"section\" data-e-type=\"section\">\n\t\t\t\t\t\t<div class=\"elementor-container elementor-column-gap-default\">\n\t\t\t\t\t<div class=\"elementor-column elementor-col-33 elementor-top-column elementor-element elementor-element-74ff227\" data-id=\"74ff227\" data-element_type=\"column\" data-e-type=\"column\">\n\t\t\t<div class=\"elementor-widget-wrap elementor-element-populated\">\n\t\t\t\t\t\t<div class=\"elementor-element elementor-element-c203fbb elementor-widget elementor-widget-image\" data-id=\"c203fbb\" data-element_type=\"widget\" data-e-type=\"widget\" data-widget_type=\"image.default\">\n\t\t\t\t<div class=\"elementor-widget-container\">\n\t\t\t\t\t\t\t\t\t\t\t\t\t\t\t<img loading=\"lazy\" decoding=\"async\" width=\"1024\" height=\"241\" src=\"https:\/\/web.msh-lse.fr\/ler\/wp-content\/uploads\/sites\/7\/2022\/02\/FR_RECHERCHE-ConvertImage-1024x241.jpg\" class=\"attachment-large size-large wp-image-3142\" alt=\"\" srcset=\"https:\/\/web.msh-lse.fr\/ler\/wp-content\/uploads\/sites\/7\/2022\/02\/FR_RECHERCHE-ConvertImage-1024x241.jpg 1024w, https:\/\/web.msh-lse.fr\/ler\/wp-content\/uploads\/sites\/7\/2022\/02\/FR_RECHERCHE-ConvertImage-300x70.jpg 300w, https:\/\/web.msh-lse.fr\/ler\/wp-content\/uploads\/sites\/7\/2022\/02\/FR_RECHERCHE-ConvertImage-768x180.jpg 768w, https:\/\/web.msh-lse.fr\/ler\/wp-content\/uploads\/sites\/7\/2022\/02\/FR_RECHERCHE-ConvertImage.jpg 1124w\" sizes=\"(max-width: 1024px) 100vw, 1024px\" \/>\t\t\t\t\t\t\t\t\t\t\t\t\t\t\t<\/div>\n\t\t\t\t<\/div>\n\t\t\t\t\t<\/div>\n\t\t<\/div>\n\t\t\t\t<div class=\"elementor-column elementor-col-33 elementor-top-column elementor-element elementor-element-fdc68b7\" data-id=\"fdc68b7\" data-element_type=\"column\" data-e-type=\"column\">\n\t\t\t<div class=\"elementor-widget-wrap elementor-element-populated\">\n\t\t\t\t\t\t<div class=\"elementor-element elementor-element-62b7888 elementor-widget elementor-widget-image\" data-id=\"62b7888\" data-element_type=\"widget\" data-e-type=\"widget\" data-widget_type=\"image.default\">\n\t\t\t\t<div class=\"elementor-widget-container\">\n\t\t\t\t\t\t\t\t\t\t\t\t\t\t\t<img loading=\"lazy\" decoding=\"async\" width=\"1024\" height=\"576\" src=\"https:\/\/web.msh-lse.fr\/ler\/wp-content\/uploads\/sites\/7\/2022\/02\/Logo_Universite_Lumiere_Lyon_2-1024x576.png\" class=\"attachment-large size-large wp-image-3143\" alt=\"\" srcset=\"https:\/\/web.msh-lse.fr\/ler\/wp-content\/uploads\/sites\/7\/2022\/02\/Logo_Universite_Lumiere_Lyon_2-1024x576.png 1024w, https:\/\/web.msh-lse.fr\/ler\/wp-content\/uploads\/sites\/7\/2022\/02\/Logo_Universite_Lumiere_Lyon_2-300x169.png 300w, https:\/\/web.msh-lse.fr\/ler\/wp-content\/uploads\/sites\/7\/2022\/02\/Logo_Universite_Lumiere_Lyon_2-768x432.png 768w, https:\/\/web.msh-lse.fr\/ler\/wp-content\/uploads\/sites\/7\/2022\/02\/Logo_Universite_Lumiere_Lyon_2-1536x864.png 1536w, https:\/\/web.msh-lse.fr\/ler\/wp-content\/uploads\/sites\/7\/2022\/02\/Logo_Universite_Lumiere_Lyon_2.png 1890w\" sizes=\"(max-width: 1024px) 100vw, 1024px\" \/>\t\t\t\t\t\t\t\t\t\t\t\t\t\t\t<\/div>\n\t\t\t\t<\/div>\n\t\t\t\t\t<\/div>\n\t\t<\/div>\n\t\t\t\t<div class=\"elementor-column elementor-col-33 elementor-top-column elementor-element elementor-element-4f5d55e\" data-id=\"4f5d55e\" data-element_type=\"column\" data-e-type=\"column\">\n\t\t\t<div class=\"elementor-widget-wrap elementor-element-populated\">\n\t\t\t\t\t\t<div class=\"elementor-element elementor-element-1714aea elementor-widget elementor-widget-text-editor\" data-id=\"1714aea\" data-element_type=\"widget\" data-e-type=\"widget\" data-widget_type=\"text-editor.default\">\n\t\t\t\t<div class=\"elementor-widget-container\">\n\t\t\t\t\t\t\t\t\t<p><strong>Partenaires<\/strong><\/p>\t\t\t\t\t\t\t\t<\/div>\n\t\t\t\t<\/div>\n\t\t\t\t\t<\/div>\n\t\t<\/div>\n\t\t\t\t\t<\/div>\n\t\t<\/section>\n\t\t\t\t<\/div>\n\t\t","protected":false},"excerpt":{"rendered":"<p>La Chaire partenariale TrALIM : Transitions Alimentaires est port\u00e9e par l\u2019Universit\u00e9 Lumi\u00e8re Lyon 2 et le Centre de Recherche de l\u2019Institut Paul Bocuse. Nos soci\u00e9t\u00e9s voient se multiplier les aspirations et les recommandations \u00e0 faire \u00e9voluer notre alimentation, en lien avec des dimensions sanitaires, environnementales, sociales, culturelles, \u00e9thiques et de bien-\u00eatre.Cette chaire est d\u00e9di\u00e9e \u00e0&#8230;<\/p>\n","protected":false},"author":23,"featured_media":0,"parent":0,"menu_order":0,"comment_status":"closed","ping_status":"closed","template":"","meta":{"_kadence_starter_templates_imported_post":false,"_kad_post_transparent":"","_kad_post_title":"","_kad_post_layout":"","_kad_post_sidebar_id":"","_kad_post_content_style":"","_kad_post_vertical_padding":"","_kad_post_feature":"","_kad_post_feature_position":"","_kad_post_header":false,"_kad_post_footer":false,"_kad_post_classname":"","_mc_calendar":[],"footnotes":""},"class_list":["post-1873","page","type-page","status-publish","hentry"],"featured_image_urls_v2":{"full":"","thumbnail":"","medium":"","medium_large":"","large":"","1536x1536":"","2048x2048":""},"post_excerpt_stackable_v2":"<p>La Chaire partenariale TrALIM : Transitions Alimentaires est port\u00e9e par l\u2019Universit\u00e9 Lumi\u00e8re Lyon 2 et le Centre de Recherche de l\u2019Institut Paul Bocuse. Nos soci\u00e9t\u00e9s voient se multiplier les aspirations et les recommandations \u00e0 faire \u00e9voluer notre alimentation, en lien avec des dimensions sanitaires, environnementales, sociales, culturelles, \u00e9thiques et de bien-\u00eatre.Cette chaire est d\u00e9di\u00e9e \u00e0 la compr\u00e9hension des dynamiques \u00e0 l\u2019\u0153uvre dans l\u2019alimentation et leur traduction en termes de pratiques de production, de transformation, de consommation et de gouvernance alimentaires. Elle a pour vocation de d\u00e9finir et d\u2019accompagner des projets visant \u00e0 \u00e9tudier et promouvoir une transition vers une alimentation\u2026<\/p>\n","category_list_v2":"","author_info_v2":{"name":"hkieffer","url":"https:\/\/web.msh-lse.fr\/ler\/author\/hkieffer\/"},"comments_num_v2":"0 commentaire","_links":{"self":[{"href":"https:\/\/web.msh-lse.fr\/ler\/wp-json\/wp\/v2\/pages\/1873","targetHints":{"allow":["GET"]}}],"collection":[{"href":"https:\/\/web.msh-lse.fr\/ler\/wp-json\/wp\/v2\/pages"}],"about":[{"href":"https:\/\/web.msh-lse.fr\/ler\/wp-json\/wp\/v2\/types\/page"}],"author":[{"embeddable":true,"href":"https:\/\/web.msh-lse.fr\/ler\/wp-json\/wp\/v2\/users\/23"}],"replies":[{"embeddable":true,"href":"https:\/\/web.msh-lse.fr\/ler\/wp-json\/wp\/v2\/comments?post=1873"}],"version-history":[{"count":44,"href":"https:\/\/web.msh-lse.fr\/ler\/wp-json\/wp\/v2\/pages\/1873\/revisions"}],"predecessor-version":[{"id":3187,"href":"https:\/\/web.msh-lse.fr\/ler\/wp-json\/wp\/v2\/pages\/1873\/revisions\/3187"}],"wp:attachment":[{"href":"https:\/\/web.msh-lse.fr\/ler\/wp-json\/wp\/v2\/media?parent=1873"}],"curies":[{"name":"wp","href":"https:\/\/api.w.org\/{rel}","templated":true}]}}