{"id":1795,"date":"2021-09-02T11:05:01","date_gmt":"2021-09-02T09:05:01","guid":{"rendered":"https:\/\/web.msh-lse.fr\/ler\/?page_id=1795"},"modified":"2021-09-03T14:57:08","modified_gmt":"2021-09-03T12:57:08","slug":"axe-4-vivre-et-reinventer-le-rural","status":"publish","type":"page","link":"https:\/\/web.msh-lse.fr\/ler\/axe-4-vivre-et-reinventer-le-rural\/","title":{"rendered":"Axe 4 : Vivre et r\u00e9inventer le rural"},"content":{"rendered":"\t\t<div data-elementor-type=\"wp-page\" data-elementor-id=\"1795\" class=\"elementor elementor-1795\" data-elementor-post-type=\"page\">\n\t\t\t\t\t\t<section class=\"elementor-section elementor-top-section elementor-element elementor-element-5f6ccec2 elementor-section-boxed elementor-section-height-default elementor-section-height-default\" data-id=\"5f6ccec2\" data-element_type=\"section\" data-e-type=\"section\">\n\t\t\t\t\t\t<div class=\"elementor-container elementor-column-gap-default\">\n\t\t\t\t\t<div class=\"elementor-column elementor-col-100 elementor-top-column elementor-element elementor-element-744dd2f0\" data-id=\"744dd2f0\" data-element_type=\"column\" data-e-type=\"column\">\n\t\t\t<div class=\"elementor-widget-wrap elementor-element-populated\">\n\t\t\t\t\t\t<div class=\"elementor-element elementor-element-2e702fba elementor-widget elementor-widget-spacer\" data-id=\"2e702fba\" data-element_type=\"widget\" data-e-type=\"widget\" data-widget_type=\"spacer.default\">\n\t\t\t\t<div class=\"elementor-widget-container\">\n\t\t\t\t\t\t\t<div class=\"elementor-spacer\">\n\t\t\t<div class=\"elementor-spacer-inner\"><\/div>\n\t\t<\/div>\n\t\t\t\t\t\t<\/div>\n\t\t\t\t<\/div>\n\t\t\t\t\t<\/div>\n\t\t<\/div>\n\t\t\t\t\t<\/div>\n\t\t<\/section>\n\t\t\t\t<section class=\"elementor-section elementor-top-section elementor-element elementor-element-67c5503c elementor-section-boxed elementor-section-height-default elementor-section-height-default\" data-id=\"67c5503c\" data-element_type=\"section\" data-e-type=\"section\" data-settings=\"{&quot;background_background&quot;:&quot;classic&quot;,&quot;background_motion_fx_motion_fx_scrolling&quot;:&quot;yes&quot;,&quot;background_motion_fx_translateY_effect&quot;:&quot;yes&quot;,&quot;background_motion_fx_translateY_speed&quot;:{&quot;unit&quot;:&quot;px&quot;,&quot;size&quot;:4,&quot;sizes&quot;:[]},&quot;background_motion_fx_translateY_affectedRange&quot;:{&quot;unit&quot;:&quot;%&quot;,&quot;size&quot;:&quot;&quot;,&quot;sizes&quot;:{&quot;start&quot;:0,&quot;end&quot;:100}},&quot;background_motion_fx_devices&quot;:[&quot;desktop&quot;,&quot;tablet&quot;,&quot;mobile&quot;]}\">\n\t\t\t\t\t\t<div class=\"elementor-container elementor-column-gap-default\">\n\t\t\t\t\t<div class=\"elementor-column elementor-col-100 elementor-top-column elementor-element elementor-element-2932ecb7\" data-id=\"2932ecb7\" data-element_type=\"column\" data-e-type=\"column\">\n\t\t\t<div class=\"elementor-widget-wrap elementor-element-populated\">\n\t\t\t\t\t\t<div class=\"elementor-element elementor-element-4336c2cf elementor-widget elementor-widget-heading\" data-id=\"4336c2cf\" data-element_type=\"widget\" data-e-type=\"widget\" data-settings=\"{&quot;motion_fx_motion_fx_scrolling&quot;:&quot;yes&quot;,&quot;motion_fx_translateY_effect&quot;:&quot;yes&quot;,&quot;motion_fx_translateY_speed&quot;:{&quot;unit&quot;:&quot;px&quot;,&quot;size&quot;:4,&quot;sizes&quot;:[]},&quot;motion_fx_translateY_affectedRange&quot;:{&quot;unit&quot;:&quot;%&quot;,&quot;size&quot;:&quot;&quot;,&quot;sizes&quot;:{&quot;start&quot;:0,&quot;end&quot;:100}},&quot;motion_fx_devices&quot;:[&quot;desktop&quot;,&quot;tablet&quot;,&quot;mobile&quot;]}\" data-widget_type=\"heading.default\">\n\t\t\t\t<div class=\"elementor-widget-container\">\n\t\t\t\t\t<h2 class=\"elementor-heading-title elementor-size-default\">Axe 1<\/h2>\t\t\t\t<\/div>\n\t\t\t\t<\/div>\n\t\t\t\t\t<\/div>\n\t\t<\/div>\n\t\t\t\t\t<\/div>\n\t\t<\/section>\n\t\t\t\t<section class=\"elementor-section elementor-top-section elementor-element elementor-element-6e91e54c elementor-section-boxed elementor-section-height-default elementor-section-height-default\" data-id=\"6e91e54c\" data-element_type=\"section\" data-e-type=\"section\">\n\t\t\t\t\t\t<div class=\"elementor-container elementor-column-gap-default\">\n\t\t\t\t\t<div class=\"elementor-column elementor-col-100 elementor-top-column elementor-element elementor-element-1c305e3b\" data-id=\"1c305e3b\" data-element_type=\"column\" data-e-type=\"column\">\n\t\t\t<div class=\"elementor-widget-wrap elementor-element-populated\">\n\t\t\t\t\t\t<div class=\"elementor-element elementor-element-9a97856 elementor-widget elementor-widget-spacer\" data-id=\"9a97856\" data-element_type=\"widget\" data-e-type=\"widget\" data-widget_type=\"spacer.default\">\n\t\t\t\t<div class=\"elementor-widget-container\">\n\t\t\t\t\t\t\t<div class=\"elementor-spacer\">\n\t\t\t<div class=\"elementor-spacer-inner\"><\/div>\n\t\t<\/div>\n\t\t\t\t\t\t<\/div>\n\t\t\t\t<\/div>\n\t\t\t\t\t<\/div>\n\t\t<\/div>\n\t\t\t\t\t<\/div>\n\t\t<\/section>\n\t\t\t\t<section class=\"elementor-section elementor-top-section elementor-element elementor-element-11ad0df9 elementor-section-boxed elementor-section-height-default elementor-section-height-default\" data-id=\"11ad0df9\" data-element_type=\"section\" data-e-type=\"section\">\n\t\t\t\t\t\t<div class=\"elementor-container elementor-column-gap-default\">\n\t\t\t\t\t<div class=\"elementor-column elementor-col-100 elementor-top-column elementor-element elementor-element-cf4890\" data-id=\"cf4890\" data-element_type=\"column\" data-e-type=\"column\">\n\t\t\t<div class=\"elementor-widget-wrap elementor-element-populated\">\n\t\t\t\t\t\t<div class=\"elementor-element elementor-element-496dc2f2 elementor-widget elementor-widget-heading\" data-id=\"496dc2f2\" data-element_type=\"widget\" data-e-type=\"widget\" data-widget_type=\"heading.default\">\n\t\t\t\t<div class=\"elementor-widget-container\">\n\t\t\t\t\t<h2 class=\"elementor-heading-title elementor-size-default\">Axe 4 : Vivre et r\u00e9inventer le rural<\/h2>\t\t\t\t<\/div>\n\t\t\t\t<\/div>\n\t\t\t\t\t<\/div>\n\t\t<\/div>\n\t\t\t\t\t<\/div>\n\t\t<\/section>\n\t\t\t\t<section class=\"elementor-section elementor-top-section elementor-element elementor-element-6738590a elementor-section-boxed elementor-section-height-default elementor-section-height-default\" data-id=\"6738590a\" data-element_type=\"section\" data-e-type=\"section\">\n\t\t\t\t\t\t<div class=\"elementor-container elementor-column-gap-default\">\n\t\t\t\t\t<div class=\"elementor-column elementor-col-100 elementor-top-column elementor-element elementor-element-5d3cd40f\" data-id=\"5d3cd40f\" data-element_type=\"column\" data-e-type=\"column\">\n\t\t\t<div class=\"elementor-widget-wrap elementor-element-populated\">\n\t\t\t\t\t\t<div class=\"elementor-element elementor-element-4c1d8387 elementor-widget-divider--view-line elementor-widget elementor-widget-divider\" data-id=\"4c1d8387\" data-element_type=\"widget\" data-e-type=\"widget\" data-widget_type=\"divider.default\">\n\t\t\t\t<div class=\"elementor-widget-container\">\n\t\t\t\t\t\t\t<div class=\"elementor-divider\">\n\t\t\t<span class=\"elementor-divider-separator\">\n\t\t\t\t\t\t<\/span>\n\t\t<\/div>\n\t\t\t\t\t\t<\/div>\n\t\t\t\t<\/div>\n\t\t\t\t\t<\/div>\n\t\t<\/div>\n\t\t\t\t\t<\/div>\n\t\t<\/section>\n\t\t\t\t<section class=\"elementor-section elementor-top-section elementor-element elementor-element-6fb45fe7 elementor-section-boxed elementor-section-height-default elementor-section-height-default\" data-id=\"6fb45fe7\" data-element_type=\"section\" data-e-type=\"section\">\n\t\t\t\t\t\t<div class=\"elementor-container elementor-column-gap-default\">\n\t\t\t\t\t<div class=\"elementor-column elementor-col-16 elementor-top-column elementor-element elementor-element-49a40782\" data-id=\"49a40782\" data-element_type=\"column\" data-e-type=\"column\">\n\t\t\t<div class=\"elementor-widget-wrap\">\n\t\t\t\t\t\t\t<\/div>\n\t\t<\/div>\n\t\t\t\t<div class=\"elementor-column elementor-col-66 elementor-top-column elementor-element elementor-element-3049b756\" data-id=\"3049b756\" data-element_type=\"column\" data-e-type=\"column\">\n\t\t\t<div class=\"elementor-widget-wrap elementor-element-populated\">\n\t\t\t\t\t\t<div class=\"elementor-element elementor-element-5ef2e068 elementor-widget elementor-widget-text-editor\" data-id=\"5ef2e068\" data-element_type=\"widget\" data-e-type=\"widget\" data-widget_type=\"text-editor.default\">\n\t\t\t\t<div class=\"elementor-widget-container\">\n\t\t\t\t\t\t\t\t\t<div class=\"entry-content single-content\"><p><span style=\"color: #000000\"><strong>Animation scientifique<\/strong> : Agn\u00e8s Bonnaud (Lyon 2) et Claude-Isabelle Brelot (Lyon 2)<\/span><\/p><p style=\"text-align: justify\"><span style=\"color: #000000\">\u00a0\u00a0\u00a0\u00a0 L\u2019axe 4 est un axe \u00e9mergent dont la cr\u00e9ation vise \u00e0 rendre plus visibles des recherches men\u00e9es jusqu\u2019alors par des membres du LER \u00e0 la marge d\u2019autres axes. Il prend \u00e0 contre-pied la mort annonc\u00e9e du rural comme espace de vie. Ce questionnement naissant appara\u00eet opportun au LER qui, depuis sa cr\u00e9ation, s\u2019est toujours refus\u00e9 \u00e0 assimiler le rural \u00e0 l\u2019agricole et \u00e0 accepter la dissolution du rural dans la m\u00e9tropolisation g\u00e9n\u00e9ralis\u00e9e de la plan\u00e8te. Cette th\u00e9matique nous semble essentielle pour la compr\u00e9hension des r\u00e9alit\u00e9s rurales con\u00e7ues comme des syst\u00e8mes complexes, ancr\u00e9es dans une histoire et interd\u00e9pendantes des villes.<\/span><\/p><p style=\"text-align: justify\"><span style=\"color: #000000\">\u00a0\u00a0\u00a0\u00a0 Dans le long terme, l\u2019\u00e9tude historique d\u00e9crit les inventions et r\u00e9inventions successives de la ruralit\u00e9, avec le souci, gr\u00e2ce \u00e0 la m\u00e9thode micro-historique, d\u2019\u00e9chapper aux points aveugles des repr\u00e9sentations et de restituer la plus grande part du tableau complexe des soci\u00e9t\u00e9s rurales. L\u2019ouvrier des \u00ab\u00a0industries en sabots\u00a0\u00bb, au fil des cycles successifs de l\u2019industrialisation rurale, l\u2019\u00e9pici\u00e8re du caf\u00e9-restaurant villageois, le notable citadin qui fait de sa vill\u00e9giature une th\u00e9ba\u00efde, en sont autant de figures, actrices du d\u00e9senclavement et de l\u2019innovation dans les espaces ruraux. Si l\u2019\u00e9tude de ces figures constitue le socle originel du LER, des directions de recherche sont de nature \u00e0 renouveler et \u00e0 compl\u00e9ter ces approches.<\/span><\/p><p style=\"text-align: justify\"><span style=\"color: #000000\">\u00a0\u00a0\u00a0\u00a0 Plus tardivement, depuis la fin des ann\u00e9es 1970, le renouveau d\u00e9mographique des espaces ruraux et de la campagne comme lieux de loisirs conduit \u00e0 r\u00e9\u00e9valuer le poids des \u00ab\u00a0non\u00a0\u00bb agricoles dans la soci\u00e9t\u00e9 rurale et \u00e0 se pencher sur les modes de vie et sur les modes d\u2019habiter des nouveaux r\u00e9sidents, sans oublier la question de l\u2019acc\u00e8s aux services. Les probl\u00e9matiques du genre, de l\u2019habitat et du mode de vie renouvellent ainsi la connaissance des populations rurales non agricoles, tout en favorisant fortement la collaboration entre historiens, ethnologues et g\u00e9ographes du social. Espace de vie, le rural \u00ab\u00a0reli\u00e9\u00a0\u00bb (et parfois \u00ab\u00a0mal reli\u00e9\u00a0\u00bb) ne l\u2019est pas moins. Si l\u2019espace p\u00e9ri-urbain fait l\u2019objet de nombreuses \u00e9tudes g\u00e9ographiques, tel n\u2019est pas le cas en histoire.<\/span><\/p><p style=\"text-align: justify\"><span style=\"color: #000000\">\u00a0\u00a0\u00a0\u00a0 L\u2019observation du mouvement de \u00ab\u00a0retour\u00a0\u00bb de citadins \u00e0 la campagne pour changer de vie et d\u2019activit\u00e9s est centrale pour l\u2019analyse g\u00e9ographique. Quelles en sont les formes anciennes et actuelles, les modalit\u00e9s, les finalit\u00e9s\u00a0? Quels risques de pr\u00e9carisation, voire d\u2019exclusion comportent-elles, notamment pour certaines femmes qui peinent \u00e0 retrouver un travail qualifi\u00e9 sur place de fa\u00e7on \u00e0 concilier emploi et vie de famille\u00a0? La pr\u00e9carisation, voire l\u2019exclusion, se mesurent aujourd\u2019hui \u00e9galement avec les difficult\u00e9s d\u2019acc\u00e8s aux services en milieu rural et les soucis budg\u00e9taires face \u00e0 l\u2019acquisition du logement et aux co\u00fbts de transport\u2026 La pr\u00e9carit\u00e9, voulue ou subie, doit aussi \u00eatre interrog\u00e9e dans les rapports ville-campagne\u00a0: les espaces ruraux peuvent \u00eatre aujourd\u2019hui revendiqu\u00e9s comme marginaux et recherch\u00e9s comme tels.<\/span><\/p><p style=\"text-align: justify\"><span style=\"color: #000000\">\u00a0\u00a0\u00a0 Au-del\u00e0 du ph\u00e9nom\u00e8ne de la p\u00e9riurbanisation, un autre facteur invite \u00e0 poursuivre la r\u00e9flexion sur le sens et la place des \u00ab\u00a0campagnes\u00a0\u00bb actuelles\u00a0: la g\u00e9n\u00e9ralisation du concept de m\u00e9tropole dans les r\u00e9flexions sur les territoires de demain. Associ\u00e9e \u00e0 un red\u00e9coupage presque g\u00e9n\u00e9ralis\u00e9 des territoires institutionnels de l\u2019action, sous une impulsion volontariste et descendante, la mise en avant des m\u00e9tropoles est une invitation \u00e0 red\u00e9finir le sens et les fonctions des territoires qui n\u2019en sont pas. L\u2019enjeu est ici de d\u00e9passer une d\u00e9limitation par d\u00e9faut, en valorisant les n\u00e9cessaires interd\u00e9pendances territoriales, susceptibles d\u2019accentuer les sp\u00e9cificit\u00e9s des uns et des autres. Quelles seront les cons\u00e9quences de cette recomposition territoriale forc\u00e9e, qui change les cadres institutionnels et politiques, mais aussi les repr\u00e9sentations des territoires de l\u2019action\u00a0? Comment penser des territoires administratifs porteurs de v\u00e9ritables projets de d\u00e9veloppement et comment d\u00e9passer le principe d\u2019uniformit\u00e9 pour doter les espaces ruraux d\u2019un maillage administratif en ad\u00e9quation avec les r\u00e9alit\u00e9s historiques, sociales, \u00e9conomiques et culturelles\u00a0? Effet de mode ou r\u00e9alit\u00e9, la m\u00e9tropolisation de la France oblige \u00e0 \u00ab\u00a0vivre le rural\u00a0\u00bb diff\u00e9remment, de mani\u00e8re revendiqu\u00e9e ou par d\u00e9faut, dans l\u2019acceptation d\u2019une mise \u00e0 la marge ou la recherche d\u2019une centralit\u00e9 sp\u00e9cifique.<\/span><\/p><p style=\"text-align: justify\"><span style=\"color: #000000\">\u00a0\u00a0\u00a0\u00a0 Ainsi, les \u00ab\u00a0campagnes\u00a0\u00bb et la soci\u00e9t\u00e9 toute enti\u00e8re ont \u00e9t\u00e9 et sont travers\u00e9es par de profonds bouleversements qui affectent les modes de vie, interrogent la sp\u00e9cificit\u00e9 des territoires ruraux et invitent au renouvellement des mod\u00e8les de d\u00e9veloppement en place \u2013 ce qui, pour le LER, offre une opportunit\u00e9 pr\u00e9cieuse d\u2019associer formation et recherche, action et r\u00e9flexivit\u00e9. La cr\u00e9ativit\u00e9 observ\u00e9e dans certaines zones r\u00e9v\u00e8le l\u2019aspiration \u00e0 un mode de vie renouvel\u00e9, mais aussi l\u2019existence de ressources nombreuses et la n\u00e9cessit\u00e9 de mobiliser les ressources de l\u2019innovation et de la cr\u00e9ativit\u00e9 pour faire face aux ruptures \u00e0 venir.<\/span><\/p><\/div>\t\t\t\t\t\t\t\t<\/div>\n\t\t\t\t<\/div>\n\t\t\t\t\t<\/div>\n\t\t<\/div>\n\t\t\t\t<div class=\"elementor-column elementor-col-16 elementor-top-column elementor-element elementor-element-71822a73\" data-id=\"71822a73\" data-element_type=\"column\" data-e-type=\"column\">\n\t\t\t<div class=\"elementor-widget-wrap\">\n\t\t\t\t\t\t\t<\/div>\n\t\t<\/div>\n\t\t\t\t\t<\/div>\n\t\t<\/section>\n\t\t\t\t<\/div>\n\t\t","protected":false},"excerpt":{"rendered":"<p>Axe 1 Axe 4 : Vivre et r\u00e9inventer le rural Animation scientifique : Agn\u00e8s Bonnaud (Lyon 2) et Claude-Isabelle Brelot (Lyon 2) \u00a0\u00a0\u00a0\u00a0 L\u2019axe 4 est un axe \u00e9mergent dont la cr\u00e9ation vise \u00e0 rendre plus visibles des recherches men\u00e9es jusqu\u2019alors par des membres du LER \u00e0 la marge d\u2019autres axes. Il prend \u00e0 contre-pied&#8230;<\/p>\n","protected":false},"author":23,"featured_media":0,"parent":0,"menu_order":0,"comment_status":"closed","ping_status":"closed","template":"","meta":{"_kadence_starter_templates_imported_post":false,"_kad_post_transparent":"","_kad_post_title":"hide","_kad_post_layout":"fullwidth","_kad_post_sidebar_id":"","_kad_post_content_style":"unboxed","_kad_post_vertical_padding":"hide","_kad_post_feature":"hide","_kad_post_feature_position":"","_kad_post_header":false,"_kad_post_footer":false,"_kad_post_classname":"","_mc_calendar":[],"footnotes":""},"class_list":["post-1795","page","type-page","status-publish","hentry"],"featured_image_urls_v2":{"full":"","thumbnail":"","medium":"","medium_large":"","large":"","1536x1536":"","2048x2048":""},"post_excerpt_stackable_v2":"<p>Axe 1 Axe 4 : Vivre et r\u00e9inventer le rural Animation scientifique : Agn\u00e8s Bonnaud (Lyon 2) et Claude-Isabelle Brelot (Lyon 2)\u00a0\u00a0\u00a0\u00a0 L\u2019axe 4 est un axe \u00e9mergent dont la cr\u00e9ation vise \u00e0 rendre plus visibles des recherches men\u00e9es jusqu\u2019alors par des membres du LER \u00e0 la marge d\u2019autres axes. Il prend \u00e0 contre-pied la mort annonc\u00e9e du rural comme espace de vie. Ce questionnement naissant appara\u00eet opportun au LER qui, depuis sa cr\u00e9ation, s\u2019est toujours refus\u00e9 \u00e0 assimiler le rural \u00e0 l\u2019agricole et \u00e0 accepter la dissolution du rural dans la m\u00e9tropolisation g\u00e9n\u00e9ralis\u00e9e de la plan\u00e8te. Cette th\u00e9matique nous\u2026<\/p>\n","category_list_v2":"","author_info_v2":{"name":"hkieffer","url":"https:\/\/web.msh-lse.fr\/ler\/author\/hkieffer\/"},"comments_num_v2":"0 commentaire","_links":{"self":[{"href":"https:\/\/web.msh-lse.fr\/ler\/wp-json\/wp\/v2\/pages\/1795","targetHints":{"allow":["GET"]}}],"collection":[{"href":"https:\/\/web.msh-lse.fr\/ler\/wp-json\/wp\/v2\/pages"}],"about":[{"href":"https:\/\/web.msh-lse.fr\/ler\/wp-json\/wp\/v2\/types\/page"}],"author":[{"embeddable":true,"href":"https:\/\/web.msh-lse.fr\/ler\/wp-json\/wp\/v2\/users\/23"}],"replies":[{"embeddable":true,"href":"https:\/\/web.msh-lse.fr\/ler\/wp-json\/wp\/v2\/comments?post=1795"}],"version-history":[{"count":12,"href":"https:\/\/web.msh-lse.fr\/ler\/wp-json\/wp\/v2\/pages\/1795\/revisions"}],"predecessor-version":[{"id":1848,"href":"https:\/\/web.msh-lse.fr\/ler\/wp-json\/wp\/v2\/pages\/1795\/revisions\/1848"}],"wp:attachment":[{"href":"https:\/\/web.msh-lse.fr\/ler\/wp-json\/wp\/v2\/media?parent=1795"}],"curies":[{"name":"wp","href":"https:\/\/api.w.org\/{rel}","templated":true}]}}