{"id":1419,"date":"2021-05-20T15:03:09","date_gmt":"2021-05-20T13:03:09","guid":{"rendered":"https:\/\/web.msh-lse.fr\/ler\/?page_id=1419"},"modified":"2021-09-03T14:56:04","modified_gmt":"2021-09-03T12:56:04","slug":"axe-2-politiques-acteurs-representations","status":"publish","type":"page","link":"https:\/\/web.msh-lse.fr\/ler\/axe-2-politiques-acteurs-representations\/","title":{"rendered":"Axe 2 : Politique(s), acteurs, repr\u00e9sentations"},"content":{"rendered":"\t\t<div data-elementor-type=\"wp-page\" data-elementor-id=\"1419\" class=\"elementor elementor-1419\" data-elementor-post-type=\"page\">\n\t\t\t\t\t\t<section class=\"elementor-section elementor-top-section elementor-element elementor-element-46bb932a elementor-section-boxed elementor-section-height-default elementor-section-height-default\" data-id=\"46bb932a\" data-element_type=\"section\" data-e-type=\"section\">\n\t\t\t\t\t\t<div class=\"elementor-container elementor-column-gap-default\">\n\t\t\t\t\t<div class=\"elementor-column elementor-col-100 elementor-top-column elementor-element elementor-element-7cef71f6\" data-id=\"7cef71f6\" data-element_type=\"column\" data-e-type=\"column\">\n\t\t\t<div class=\"elementor-widget-wrap elementor-element-populated\">\n\t\t\t\t\t\t<div class=\"elementor-element elementor-element-44f40433 elementor-widget elementor-widget-spacer\" data-id=\"44f40433\" data-element_type=\"widget\" data-e-type=\"widget\" data-widget_type=\"spacer.default\">\n\t\t\t\t<div class=\"elementor-widget-container\">\n\t\t\t\t\t\t\t<div class=\"elementor-spacer\">\n\t\t\t<div class=\"elementor-spacer-inner\"><\/div>\n\t\t<\/div>\n\t\t\t\t\t\t<\/div>\n\t\t\t\t<\/div>\n\t\t\t\t\t<\/div>\n\t\t<\/div>\n\t\t\t\t\t<\/div>\n\t\t<\/section>\n\t\t\t\t<section class=\"elementor-section elementor-top-section elementor-element elementor-element-46aff1c3 elementor-section-boxed elementor-section-height-default elementor-section-height-default\" data-id=\"46aff1c3\" data-element_type=\"section\" data-e-type=\"section\" data-settings=\"{&quot;background_background&quot;:&quot;classic&quot;,&quot;background_motion_fx_motion_fx_scrolling&quot;:&quot;yes&quot;,&quot;background_motion_fx_translateY_effect&quot;:&quot;yes&quot;,&quot;background_motion_fx_translateY_speed&quot;:{&quot;unit&quot;:&quot;px&quot;,&quot;size&quot;:4,&quot;sizes&quot;:[]},&quot;background_motion_fx_translateY_affectedRange&quot;:{&quot;unit&quot;:&quot;%&quot;,&quot;size&quot;:&quot;&quot;,&quot;sizes&quot;:{&quot;start&quot;:0,&quot;end&quot;:100}},&quot;background_motion_fx_devices&quot;:[&quot;desktop&quot;,&quot;tablet&quot;,&quot;mobile&quot;]}\">\n\t\t\t\t\t\t<div class=\"elementor-container elementor-column-gap-default\">\n\t\t\t\t\t<div class=\"elementor-column elementor-col-100 elementor-top-column elementor-element elementor-element-a019b9a\" data-id=\"a019b9a\" data-element_type=\"column\" data-e-type=\"column\">\n\t\t\t<div class=\"elementor-widget-wrap elementor-element-populated\">\n\t\t\t\t\t\t<div class=\"elementor-element elementor-element-6fc9990a elementor-widget elementor-widget-heading\" data-id=\"6fc9990a\" data-element_type=\"widget\" data-e-type=\"widget\" data-settings=\"{&quot;motion_fx_motion_fx_scrolling&quot;:&quot;yes&quot;,&quot;motion_fx_translateY_effect&quot;:&quot;yes&quot;,&quot;motion_fx_translateY_speed&quot;:{&quot;unit&quot;:&quot;px&quot;,&quot;size&quot;:4,&quot;sizes&quot;:[]},&quot;motion_fx_translateY_affectedRange&quot;:{&quot;unit&quot;:&quot;%&quot;,&quot;size&quot;:&quot;&quot;,&quot;sizes&quot;:{&quot;start&quot;:0,&quot;end&quot;:100}},&quot;motion_fx_devices&quot;:[&quot;desktop&quot;,&quot;tablet&quot;,&quot;mobile&quot;]}\" data-widget_type=\"heading.default\">\n\t\t\t\t<div class=\"elementor-widget-container\">\n\t\t\t\t\t<h2 class=\"elementor-heading-title elementor-size-default\">Axe 1<\/h2>\t\t\t\t<\/div>\n\t\t\t\t<\/div>\n\t\t\t\t\t<\/div>\n\t\t<\/div>\n\t\t\t\t\t<\/div>\n\t\t<\/section>\n\t\t\t\t<section class=\"elementor-section elementor-top-section elementor-element elementor-element-9980878 elementor-section-boxed elementor-section-height-default elementor-section-height-default\" data-id=\"9980878\" data-element_type=\"section\" data-e-type=\"section\">\n\t\t\t\t\t\t<div class=\"elementor-container elementor-column-gap-default\">\n\t\t\t\t\t<div class=\"elementor-column elementor-col-100 elementor-top-column elementor-element elementor-element-6d372dd5\" data-id=\"6d372dd5\" data-element_type=\"column\" data-e-type=\"column\">\n\t\t\t<div class=\"elementor-widget-wrap elementor-element-populated\">\n\t\t\t\t\t\t<div class=\"elementor-element elementor-element-1089e531 elementor-widget elementor-widget-spacer\" data-id=\"1089e531\" data-element_type=\"widget\" data-e-type=\"widget\" data-widget_type=\"spacer.default\">\n\t\t\t\t<div class=\"elementor-widget-container\">\n\t\t\t\t\t\t\t<div class=\"elementor-spacer\">\n\t\t\t<div class=\"elementor-spacer-inner\"><\/div>\n\t\t<\/div>\n\t\t\t\t\t\t<\/div>\n\t\t\t\t<\/div>\n\t\t\t\t\t<\/div>\n\t\t<\/div>\n\t\t\t\t\t<\/div>\n\t\t<\/section>\n\t\t\t\t<section class=\"elementor-section elementor-top-section elementor-element elementor-element-77434be elementor-section-boxed elementor-section-height-default elementor-section-height-default\" data-id=\"77434be\" data-element_type=\"section\" data-e-type=\"section\">\n\t\t\t\t\t\t<div class=\"elementor-container elementor-column-gap-default\">\n\t\t\t\t\t<div class=\"elementor-column elementor-col-100 elementor-top-column elementor-element elementor-element-55a2b054\" data-id=\"55a2b054\" data-element_type=\"column\" data-e-type=\"column\">\n\t\t\t<div class=\"elementor-widget-wrap elementor-element-populated\">\n\t\t\t\t\t\t<div class=\"elementor-element elementor-element-3ff212e0 elementor-widget elementor-widget-heading\" data-id=\"3ff212e0\" data-element_type=\"widget\" data-e-type=\"widget\" data-widget_type=\"heading.default\">\n\t\t\t\t<div class=\"elementor-widget-container\">\n\t\t\t\t\t<h2 class=\"elementor-heading-title elementor-size-default\">Axe 2 : Politique(s), acteurs, repr\u00e9sentations<\/h2>\t\t\t\t<\/div>\n\t\t\t\t<\/div>\n\t\t\t\t\t<\/div>\n\t\t<\/div>\n\t\t\t\t\t<\/div>\n\t\t<\/section>\n\t\t\t\t<section class=\"elementor-section elementor-top-section elementor-element elementor-element-2d311780 elementor-section-boxed elementor-section-height-default elementor-section-height-default\" data-id=\"2d311780\" data-element_type=\"section\" data-e-type=\"section\">\n\t\t\t\t\t\t<div class=\"elementor-container elementor-column-gap-default\">\n\t\t\t\t\t<div class=\"elementor-column elementor-col-100 elementor-top-column elementor-element elementor-element-21db68b5\" data-id=\"21db68b5\" data-element_type=\"column\" data-e-type=\"column\">\n\t\t\t<div class=\"elementor-widget-wrap elementor-element-populated\">\n\t\t\t\t\t\t<div class=\"elementor-element elementor-element-1e8819b5 elementor-widget-divider--view-line elementor-widget elementor-widget-divider\" data-id=\"1e8819b5\" data-element_type=\"widget\" data-e-type=\"widget\" data-widget_type=\"divider.default\">\n\t\t\t\t<div class=\"elementor-widget-container\">\n\t\t\t\t\t\t\t<div class=\"elementor-divider\">\n\t\t\t<span class=\"elementor-divider-separator\">\n\t\t\t\t\t\t<\/span>\n\t\t<\/div>\n\t\t\t\t\t\t<\/div>\n\t\t\t\t<\/div>\n\t\t\t\t\t<\/div>\n\t\t<\/div>\n\t\t\t\t\t<\/div>\n\t\t<\/section>\n\t\t\t\t<section class=\"elementor-section elementor-top-section elementor-element elementor-element-504a0af7 elementor-section-boxed elementor-section-height-default elementor-section-height-default\" data-id=\"504a0af7\" data-element_type=\"section\" data-e-type=\"section\">\n\t\t\t\t\t\t<div class=\"elementor-container elementor-column-gap-default\">\n\t\t\t\t\t<div class=\"elementor-column elementor-col-16 elementor-top-column elementor-element elementor-element-161d07ac\" data-id=\"161d07ac\" data-element_type=\"column\" data-e-type=\"column\">\n\t\t\t<div class=\"elementor-widget-wrap\">\n\t\t\t\t\t\t\t<\/div>\n\t\t<\/div>\n\t\t\t\t<div class=\"elementor-column elementor-col-66 elementor-top-column elementor-element elementor-element-6fdc989a\" data-id=\"6fdc989a\" data-element_type=\"column\" data-e-type=\"column\">\n\t\t\t<div class=\"elementor-widget-wrap elementor-element-populated\">\n\t\t\t\t\t\t<div class=\"elementor-element elementor-element-45d3ff3e elementor-widget elementor-widget-text-editor\" data-id=\"45d3ff3e\" data-element_type=\"widget\" data-e-type=\"widget\" data-widget_type=\"text-editor.default\">\n\t\t\t\t<div class=\"elementor-widget-container\">\n\t\t\t\t\t\t\t\t\t<p style=\"text-align: justify\"><span style=\"color: #000000\"><strong>Animation scientifique\u00a0:<\/strong> Edouard Lynch (Lyon 2) et Perrine Vandenbroucke (ISARA-Lyon)<\/span><\/p><p style=\"text-align: justify\"><span style=\"color: #000000\">Cet axe repose sur une approche plus politique des rapports de domination, des conflits, des repr\u00e9sentations ainsi que la mise en image du monde rural et de la profession agricole.<\/span><\/p><p style=\"text-align: justify\"><span style=\"color: #000000\">L\u2019hypoth\u00e8se de travail sur laquelle est fond\u00e9 le travail de l\u2019axe est qu\u2019il y a une \u00e9troite <strong>corr\u00e9lation entre rationalisation, normativit\u00e9 et institutionnalisation <\/strong>dans leur application au d\u00e9veloppement agricole et rural, que ce soit sur la question de l\u2019utilit\u00e9, de la qualit\u00e9, de l\u2019authenticit\u00e9 ou encore de la l\u00e9gitimit\u00e9 morale des formes d\u2019emprise sociale sur l\u2019espace et sur le vivant. Cette hypoth\u00e8se n\u00e9cessite \u00e0 la fois un travail proprement <strong>\u00e9pist\u00e9mologique<\/strong> et des validations par la confrontation de \u00ab\u00a0<strong>terrains<\/strong> \u00bb d\u2019enqu\u00eates et d\u2019exp\u00e9riences historiquement situ\u00e9es, en Rh\u00f4ne-Alpes, dans le Massif central, la Franche-Comt\u00e9 et sur un certain nombre de points de comparaison ext\u00e9rieurs.<\/span><\/p><p style=\"text-align: justify\"><span style=\"color: #000000\">D\u00e9velopper des outils scientifiques pour repenser une histoire de la \u00ab\u00a0<strong>rationalit\u00e9 agraire<\/strong> \u00bb et de la dynamique normative en mati\u00e8re agricole et agroalimentaire, c\u2019est s\u2019attaquer \u00e0 un vaste probl\u00e8me transdisciplinaire, objet de disputes savantes depuis les physiocrates, pour lequel le rep\u00e9rage et la lecture de sources (par exemple celles de l\u2019expertise agronomique contemporaine) constituent d\u2019embl\u00e9e des obstacles redoutables pour des praticiens de la recherche historique form\u00e9s aux humanit\u00e9s classiques.<\/span><\/p><p style=\"text-align: justify\"><span style=\"color: #000000\">Dans cet objectif, l\u2019axe 2 se veut r\u00e9solument ouvert aux collaborations, notamment en direction des chercheurs et des unit\u00e9s de recherche de l\u2019<strong>Institut national de la recherche agronomique<\/strong>. Sa conception de l\u2019histoire n\u2019est donc pas celle d\u2019une discipline ferm\u00e9e sur elle-m\u00eame, mais d\u2019un champ d\u2019observation ouvert \u00e0 la co-construction des questions et des terrains, pour laquelle sont convi\u00e9s les chercheurs de tous horizons, mais \u00e9galement les praticiens int\u00e9ress\u00e9s \u00e0 une approche r\u00e9flexive et contextuelle sur ce que les sciences et les techniques produisent dans, avec, et parfois contre les dynamiques socio\u00e9conomiques.<\/span><\/p>\t\t\t\t\t\t\t\t<\/div>\n\t\t\t\t<\/div>\n\t\t\t\t\t<\/div>\n\t\t<\/div>\n\t\t\t\t<div class=\"elementor-column elementor-col-16 elementor-top-column elementor-element elementor-element-3620651d\" data-id=\"3620651d\" data-element_type=\"column\" data-e-type=\"column\">\n\t\t\t<div class=\"elementor-widget-wrap\">\n\t\t\t\t\t\t\t<\/div>\n\t\t<\/div>\n\t\t\t\t\t<\/div>\n\t\t<\/section>\n\t\t\t\t<\/div>\n\t\t","protected":false},"excerpt":{"rendered":"<p>Axe 1 Axe 2 : Politique(s), acteurs, repr\u00e9sentations Animation scientifique\u00a0: Edouard Lynch (Lyon 2) et Perrine Vandenbroucke (ISARA-Lyon) Cet axe repose sur une approche plus politique des rapports de domination, des conflits, des repr\u00e9sentations ainsi que la mise en image du monde rural et de la profession agricole. L\u2019hypoth\u00e8se de travail sur laquelle est fond\u00e9&#8230;<\/p>\n","protected":false},"author":23,"featured_media":0,"parent":0,"menu_order":0,"comment_status":"closed","ping_status":"closed","template":"","meta":{"_kadence_starter_templates_imported_post":false,"_kad_post_transparent":"","_kad_post_title":"hide","_kad_post_layout":"fullwidth","_kad_post_sidebar_id":"","_kad_post_content_style":"unboxed","_kad_post_vertical_padding":"hide","_kad_post_feature":"hide","_kad_post_feature_position":"","_kad_post_header":false,"_kad_post_footer":false,"_kad_post_classname":"","_mc_calendar":[],"footnotes":""},"class_list":["post-1419","page","type-page","status-publish","hentry"],"featured_image_urls_v2":{"full":"","thumbnail":"","medium":"","medium_large":"","large":"","1536x1536":"","2048x2048":""},"post_excerpt_stackable_v2":"<p>Axe 1 Axe 2 : Politique(s), acteurs, repr\u00e9sentations Animation scientifique\u00a0: Edouard Lynch (Lyon 2) et Perrine Vandenbroucke (ISARA-Lyon)Cet axe repose sur une approche plus politique des rapports de domination, des conflits, des repr\u00e9sentations ainsi que la mise en image du monde rural et de la profession agricole.L\u2019hypoth\u00e8se de travail sur laquelle est fond\u00e9 le travail de l\u2019axe est qu\u2019il y a une \u00e9troite corr\u00e9lation entre rationalisation, normativit\u00e9 et institutionnalisation dans leur application au d\u00e9veloppement agricole et rural, que ce soit sur la question de l\u2019utilit\u00e9, de la qualit\u00e9, de l\u2019authenticit\u00e9 ou encore de la l\u00e9gitimit\u00e9 morale des formes d\u2019emprise sociale\u2026<\/p>\n","category_list_v2":"","author_info_v2":{"name":"hkieffer","url":"https:\/\/web.msh-lse.fr\/ler\/author\/hkieffer\/"},"comments_num_v2":"0 commentaire","_links":{"self":[{"href":"https:\/\/web.msh-lse.fr\/ler\/wp-json\/wp\/v2\/pages\/1419","targetHints":{"allow":["GET"]}}],"collection":[{"href":"https:\/\/web.msh-lse.fr\/ler\/wp-json\/wp\/v2\/pages"}],"about":[{"href":"https:\/\/web.msh-lse.fr\/ler\/wp-json\/wp\/v2\/types\/page"}],"author":[{"embeddable":true,"href":"https:\/\/web.msh-lse.fr\/ler\/wp-json\/wp\/v2\/users\/23"}],"replies":[{"embeddable":true,"href":"https:\/\/web.msh-lse.fr\/ler\/wp-json\/wp\/v2\/comments?post=1419"}],"version-history":[{"count":9,"href":"https:\/\/web.msh-lse.fr\/ler\/wp-json\/wp\/v2\/pages\/1419\/revisions"}],"predecessor-version":[{"id":1842,"href":"https:\/\/web.msh-lse.fr\/ler\/wp-json\/wp\/v2\/pages\/1419\/revisions\/1842"}],"wp:attachment":[{"href":"https:\/\/web.msh-lse.fr\/ler\/wp-json\/wp\/v2\/media?parent=1419"}],"curies":[{"name":"wp","href":"https:\/\/api.w.org\/{rel}","templated":true}]}}