{"id":1127,"date":"2021-05-05T14:43:31","date_gmt":"2021-05-05T12:43:31","guid":{"rendered":"https:\/\/web.msh-lse.fr\/ler\/?page_id=1127"},"modified":"2021-05-06T10:42:13","modified_gmt":"2021-05-06T08:42:13","slug":"place-au-marche","status":"publish","type":"page","link":"https:\/\/web.msh-lse.fr\/ler\/place-au-marche\/","title":{"rendered":"Place au march\u00e9"},"content":{"rendered":"\n<p>Le LER (Pierre LE GALL doctorant et Claire DELFOSSE) ont r\u00e9alis\u00e9 une recherche scientifique pour cette expo.<\/p>\n\n\n\n<p>Une conf\u00e9rence sera organis\u00e9e par Claire Delfosse courant du mois de septembre 2020.<\/p>\n\n\n\n<p><a href=\"https:\/\/web.msh-lse.fr\/ler\/wp-content\/uploads\/sites\/7\/2021\/05\/PROG-PAH-CROZATIER-PE2020.pdf\">Programme<\/a><\/p>\n","protected":false},"excerpt":{"rendered":"<p>Le LER (Pierre LE GALL doctorant et Claire DELFOSSE) ont r\u00e9alis\u00e9 une recherche scientifique pour cette expo. Une conf\u00e9rence sera organis\u00e9e par Claire Delfosse courant du mois de septembre 2020. Programme<\/p>\n","protected":false},"author":23,"featured_media":0,"parent":0,"menu_order":0,"comment_status":"closed","ping_status":"closed","template":"","meta":{"_kadence_starter_templates_imported_post":false,"_kad_post_transparent":"","_kad_post_title":"","_kad_post_layout":"","_kad_post_sidebar_id":"","_kad_post_content_style":"","_kad_post_vertical_padding":"","_kad_post_feature":"","_kad_post_feature_position":"","_kad_post_header":false,"_kad_post_footer":false,"_kad_post_classname":"","_mc_calendar":[],"footnotes":""},"class_list":["post-1127","page","type-page","status-publish","hentry"],"featured_image_urls_v2":{"full":"","thumbnail":"","medium":"","medium_large":"","large":"","1536x1536":"","2048x2048":""},"post_excerpt_stackable_v2":"<p>Le LER (Pierre LE GALL doctorant et Claire DELFOSSE) ont r\u00e9alis\u00e9 une recherche scientifique pour cette expo. Une conf\u00e9rence sera organis\u00e9e par Claire Delfosse courant du mois de septembre 2020. Programme<\/p>\n","category_list_v2":"","author_info_v2":{"name":"hkieffer","url":"https:\/\/web.msh-lse.fr\/ler\/author\/hkieffer\/"},"comments_num_v2":"0 commentaire","_links":{"self":[{"href":"https:\/\/web.msh-lse.fr\/ler\/wp-json\/wp\/v2\/pages\/1127","targetHints":{"allow":["GET"]}}],"collection":[{"href":"https:\/\/web.msh-lse.fr\/ler\/wp-json\/wp\/v2\/pages"}],"about":[{"href":"https:\/\/web.msh-lse.fr\/ler\/wp-json\/wp\/v2\/types\/page"}],"author":[{"embeddable":true,"href":"https:\/\/web.msh-lse.fr\/ler\/wp-json\/wp\/v2\/users\/23"}],"replies":[{"embeddable":true,"href":"https:\/\/web.msh-lse.fr\/ler\/wp-json\/wp\/v2\/comments?post=1127"}],"version-history":[{"count":4,"href":"https:\/\/web.msh-lse.fr\/ler\/wp-json\/wp\/v2\/pages\/1127\/revisions"}],"predecessor-version":[{"id":1169,"href":"https:\/\/web.msh-lse.fr\/ler\/wp-json\/wp\/v2\/pages\/1127\/revisions\/1169"}],"wp:attachment":[{"href":"https:\/\/web.msh-lse.fr\/ler\/wp-json\/wp\/v2\/media?parent=1127"}],"curies":[{"name":"wp","href":"https:\/\/api.w.org\/{rel}","templated":true}]}}