{"id":1126,"date":"2021-05-05T14:43:31","date_gmt":"2021-05-05T12:43:31","guid":{"rendered":"https:\/\/web.msh-lse.fr\/ler\/?page_id=1126"},"modified":"2022-01-17T15:14:29","modified_gmt":"2022-01-17T14:14:29","slug":"strategie-pauvrete-en-rural","status":"publish","type":"page","link":"https:\/\/web.msh-lse.fr\/ler\/strategie-pauvrete-en-rural\/","title":{"rendered":"Strat\u00e9gie pauvret\u00e9 en rural"},"content":{"rendered":"\t\t<div data-elementor-type=\"wp-page\" data-elementor-id=\"1126\" class=\"elementor elementor-1126\" data-elementor-post-type=\"page\">\n\t\t\t\t\t\t<section class=\"elementor-section elementor-top-section elementor-element elementor-element-38be0ad3 elementor-section-boxed elementor-section-height-default elementor-section-height-default\" data-id=\"38be0ad3\" data-element_type=\"section\" data-e-type=\"section\">\n\t\t\t\t\t\t<div class=\"elementor-container elementor-column-gap-default\">\n\t\t\t\t\t<div class=\"elementor-column elementor-col-100 elementor-top-column elementor-element elementor-element-1c89418d\" data-id=\"1c89418d\" data-element_type=\"column\" data-e-type=\"column\">\n\t\t\t<div class=\"elementor-widget-wrap elementor-element-populated\">\n\t\t\t\t\t\t<div class=\"elementor-element elementor-element-1422319c elementor-widget elementor-widget-text-editor\" data-id=\"1422319c\" data-element_type=\"widget\" data-e-type=\"widget\" data-widget_type=\"text-editor.default\">\n\t\t\t\t<div class=\"elementor-widget-container\">\n\t\t\t\t\t\t\t\t\t\n<p><strong>Implication dans le groupe de travail r\u00e9gional sur la pauvret\u00e9 en milieu rural<\/strong> le 8 juillet 2020<\/p>\n\n<p id=\"resume\">Professeure de g\u00e9ographie \u00e0 l\u2019UFR Temps et territoire et directrice du Laboratoire d&rsquo;\u00e9tudes rurales, Claire Delfosse co-organise avec Cap rural pour la commissaire \u00e0 la pauvret\u00e9 de la r\u00e9gion Auvergne-Rh\u00f4ne-Alpes un groupe de travail sur la pauvret\u00e9 en milieu rural, dans le cadre du Strat\u00e9gie nationale de pr\u00e9vention et de lutte contre la pauvret\u00e9. Nathalie Dompnier, Pr\u00e9sidente de notre Universit\u00e9, y participe au nom des pr\u00e9sident.es d&rsquo;universit\u00e9 de la R\u00e9gion qui ont \u00e0 g\u00e9rer cette question.<\/p>\n\n<p><a href=\"https:\/\/web.msh-lse.fr\/ler\/wp-content\/uploads\/sites\/7\/2021\/05\/strategie_pauvrete_gt_regional_pauvrete_en_rural.pdf\">En savoir plus<\/a><\/p>\n\n<p><a href=\"https:\/\/www.univ-lyon2.fr\/universite\/actualites-universitaires\/implication-dans-le-groupe-de-travail-regional-sur-la-pauvrete-en-milieu-rural\">Autre lien<\/a><\/p>\n<p>\u00a0<\/p>\n<p><strong><span style=\"color: #339966\">Newsletter Strat\u00e9gie Pauvret\u00e9 (Novembre &#8211; D\u00e9cembre 2021)<\/span><\/strong><\/p>\n<p><a href=\"https:\/\/web.msh-lse.fr\/ler\/wp-content\/uploads\/sites\/7\/2022\/01\/Lettre-strategie-paurete.pdf\">A t\u00e9l\u00e9charger ici<\/a><\/p>\n\n<figure class=\"wp-block-image size-large\"><img fetchpriority=\"high\" decoding=\"async\" width=\"1024\" height=\"576\" class=\"wp-image-1197\" src=\"https:\/\/web.msh-lse.fr\/ler\/wp-content\/uploads\/sites\/7\/2021\/05\/logo-strategie-pauvrete-1024x576.jpg\" alt=\"\" srcset=\"https:\/\/web.msh-lse.fr\/ler\/wp-content\/uploads\/sites\/7\/2021\/05\/logo-strategie-pauvrete-1024x576.jpg 1024w, https:\/\/web.msh-lse.fr\/ler\/wp-content\/uploads\/sites\/7\/2021\/05\/logo-strategie-pauvrete-300x169.jpg 300w, https:\/\/web.msh-lse.fr\/ler\/wp-content\/uploads\/sites\/7\/2021\/05\/logo-strategie-pauvrete-768x432.jpg 768w, https:\/\/web.msh-lse.fr\/ler\/wp-content\/uploads\/sites\/7\/2021\/05\/logo-strategie-pauvrete.jpg 1280w\" sizes=\"(max-width: 1024px) 100vw, 1024px\" \/><\/figure>\n\t\t\t\t\t\t\t\t<\/div>\n\t\t\t\t<\/div>\n\t\t\t\t\t<\/div>\n\t\t<\/div>\n\t\t\t\t\t<\/div>\n\t\t<\/section>\n\t\t\t\t<\/div>\n\t\t","protected":false},"excerpt":{"rendered":"<p>Implication dans le groupe de travail r\u00e9gional sur la pauvret\u00e9 en milieu rural le 8 juillet 2020 Professeure de g\u00e9ographie \u00e0 l\u2019UFR Temps et territoire et directrice du Laboratoire d&rsquo;\u00e9tudes rurales, Claire Delfosse co-organise avec Cap rural pour la commissaire \u00e0 la pauvret\u00e9 de la r\u00e9gion Auvergne-Rh\u00f4ne-Alpes un groupe de travail sur la pauvret\u00e9 en&#8230;<\/p>\n","protected":false},"author":23,"featured_media":0,"parent":0,"menu_order":0,"comment_status":"closed","ping_status":"closed","template":"","meta":{"_kadence_starter_templates_imported_post":false,"_kad_post_transparent":"","_kad_post_title":"","_kad_post_layout":"","_kad_post_sidebar_id":"","_kad_post_content_style":"","_kad_post_vertical_padding":"","_kad_post_feature":"","_kad_post_feature_position":"","_kad_post_header":false,"_kad_post_footer":false,"_kad_post_classname":"","_mc_calendar":[],"footnotes":""},"class_list":["post-1126","page","type-page","status-publish","hentry"],"featured_image_urls_v2":{"full":"","thumbnail":"","medium":"","medium_large":"","large":"","1536x1536":"","2048x2048":""},"post_excerpt_stackable_v2":"<p>Implication dans le groupe de travail r\u00e9gional sur la pauvret\u00e9 en milieu rural le 8 juillet 2020 Professeure de g\u00e9ographie \u00e0 l\u2019UFR Temps et territoire et directrice du Laboratoire d&rsquo;\u00e9tudes rurales, Claire Delfosse co-organise avec Cap rural pour la commissaire \u00e0 la pauvret\u00e9 de la r\u00e9gion Auvergne-Rh\u00f4ne-Alpes un groupe de travail sur la pauvret\u00e9 en milieu rural, dans le cadre du Strat\u00e9gie nationale de pr\u00e9vention et de lutte contre la pauvret\u00e9. Nathalie Dompnier, Pr\u00e9sidente de notre Universit\u00e9, y participe au nom des pr\u00e9sident.es d&rsquo;universit\u00e9 de la R\u00e9gion qui ont \u00e0 g\u00e9rer cette question. En savoir plus Autre lien \u00a0 Newsletter\u2026<\/p>\n","category_list_v2":"","author_info_v2":{"name":"hkieffer","url":"https:\/\/web.msh-lse.fr\/ler\/author\/hkieffer\/"},"comments_num_v2":"0 commentaire","_links":{"self":[{"href":"https:\/\/web.msh-lse.fr\/ler\/wp-json\/wp\/v2\/pages\/1126","targetHints":{"allow":["GET"]}}],"collection":[{"href":"https:\/\/web.msh-lse.fr\/ler\/wp-json\/wp\/v2\/pages"}],"about":[{"href":"https:\/\/web.msh-lse.fr\/ler\/wp-json\/wp\/v2\/types\/page"}],"author":[{"embeddable":true,"href":"https:\/\/web.msh-lse.fr\/ler\/wp-json\/wp\/v2\/users\/23"}],"replies":[{"embeddable":true,"href":"https:\/\/web.msh-lse.fr\/ler\/wp-json\/wp\/v2\/comments?post=1126"}],"version-history":[{"count":15,"href":"https:\/\/web.msh-lse.fr\/ler\/wp-json\/wp\/v2\/pages\/1126\/revisions"}],"predecessor-version":[{"id":2137,"href":"https:\/\/web.msh-lse.fr\/ler\/wp-json\/wp\/v2\/pages\/1126\/revisions\/2137"}],"wp:attachment":[{"href":"https:\/\/web.msh-lse.fr\/ler\/wp-json\/wp\/v2\/media?parent=1126"}],"curies":[{"name":"wp","href":"https:\/\/api.w.org\/{rel}","templated":true}]}}