{"id":1740,"date":"2025-06-12T14:04:38","date_gmt":"2025-06-12T12:04:38","guid":{"rendered":"https:\/\/web.msh-lse.fr\/industrifem\/?page_id=1740"},"modified":"2025-09-04T11:08:19","modified_gmt":"2025-09-04T09:08:19","slug":"evenements-scientifiques","status":"publish","type":"page","link":"https:\/\/web.msh-lse.fr\/industrifem\/evenements-scientifiques\/","title":{"rendered":"Publications"},"content":{"rendered":"\t\t<div data-elementor-type=\"wp-page\" data-elementor-id=\"1740\" class=\"elementor elementor-1740\" data-elementor-post-type=\"page\">\n\t\t\t\t\t\t<section class=\"elementor-section elementor-top-section elementor-element elementor-element-a1f0fbe elementor-section-boxed elementor-section-height-default elementor-section-height-default\" data-id=\"a1f0fbe\" data-element_type=\"section\" data-e-type=\"section\">\n\t\t\t\t\t\t<div class=\"elementor-container elementor-column-gap-default\">\n\t\t\t\t\t<div class=\"elementor-column elementor-col-100 elementor-top-column elementor-element elementor-element-a42fb0f\" data-id=\"a42fb0f\" data-element_type=\"column\" data-e-type=\"column\">\n\t\t\t<div class=\"elementor-widget-wrap elementor-element-populated\">\n\t\t\t\t\t\t<div class=\"elementor-element elementor-element-9d87dda elementor-widget elementor-widget-spacer\" data-id=\"9d87dda\" data-element_type=\"widget\" data-e-type=\"widget\" data-widget_type=\"spacer.default\">\n\t\t\t\t<div class=\"elementor-widget-container\">\n\t\t\t\t\t\t\t<div class=\"elementor-spacer\">\n\t\t\t<div class=\"elementor-spacer-inner\"><\/div>\n\t\t<\/div>\n\t\t\t\t\t\t<\/div>\n\t\t\t\t<\/div>\n\t\t\t\t\t<\/div>\n\t\t<\/div>\n\t\t\t\t\t<\/div>\n\t\t<\/section>\n\t\t\t\t<section class=\"elementor-section elementor-top-section elementor-element elementor-element-1826ae3 elementor-section-boxed elementor-section-height-default elementor-section-height-default\" data-id=\"1826ae3\" data-element_type=\"section\" data-e-type=\"section\">\n\t\t\t\t\t\t<div class=\"elementor-container elementor-column-gap-default\">\n\t\t\t\t\t<div class=\"elementor-column elementor-col-100 elementor-top-column elementor-element elementor-element-5859ea4\" data-id=\"5859ea4\" data-element_type=\"column\" data-e-type=\"column\">\n\t\t\t<div class=\"elementor-widget-wrap elementor-element-populated\">\n\t\t\t\t\t\t<div class=\"elementor-element elementor-element-22e3cfa elementor-widget elementor-widget-heading\" data-id=\"22e3cfa\" data-element_type=\"widget\" data-e-type=\"widget\" data-widget_type=\"heading.default\">\n\t\t\t\t<div class=\"elementor-widget-container\">\n\t\t\t\t\t<h2 class=\"elementor-heading-title elementor-size-default\">Publications des membres de l'\u00e9quipe<\/h2>\t\t\t\t<\/div>\n\t\t\t\t<\/div>\n\t\t\t\t\t<\/div>\n\t\t<\/div>\n\t\t\t\t\t<\/div>\n\t\t<\/section>\n\t\t\t\t<section class=\"elementor-section elementor-top-section elementor-element elementor-element-10fdaff elementor-section-boxed elementor-section-height-default elementor-section-height-default\" data-id=\"10fdaff\" data-element_type=\"section\" data-e-type=\"section\">\n\t\t\t\t\t\t<div class=\"elementor-container elementor-column-gap-default\">\n\t\t\t\t\t<div class=\"elementor-column elementor-col-100 elementor-top-column elementor-element elementor-element-6e77363\" data-id=\"6e77363\" data-element_type=\"column\" data-e-type=\"column\">\n\t\t\t<div class=\"elementor-widget-wrap elementor-element-populated\">\n\t\t\t\t\t\t<div class=\"elementor-element elementor-element-6d3bccf elementor-widget elementor-widget-spacer\" data-id=\"6d3bccf\" data-element_type=\"widget\" data-e-type=\"widget\" data-widget_type=\"spacer.default\">\n\t\t\t\t<div class=\"elementor-widget-container\">\n\t\t\t\t\t\t\t<div class=\"elementor-spacer\">\n\t\t\t<div class=\"elementor-spacer-inner\"><\/div>\n\t\t<\/div>\n\t\t\t\t\t\t<\/div>\n\t\t\t\t<\/div>\n\t\t\t\t\t<\/div>\n\t\t<\/div>\n\t\t\t\t\t<\/div>\n\t\t<\/section>\n\t\t\t\t<section class=\"elementor-section elementor-top-section elementor-element elementor-element-65d2fbb elementor-section-boxed elementor-section-height-default elementor-section-height-default\" data-id=\"65d2fbb\" data-element_type=\"section\" data-e-type=\"section\">\n\t\t\t\t\t\t<div class=\"elementor-container elementor-column-gap-default\">\n\t\t\t\t\t<div class=\"elementor-column elementor-col-100 elementor-top-column elementor-element elementor-element-f67ba8b\" data-id=\"f67ba8b\" data-element_type=\"column\" data-e-type=\"column\">\n\t\t\t<div class=\"elementor-widget-wrap elementor-element-populated\">\n\t\t\t\t\t\t<div class=\"elementor-element elementor-element-4544cdd elementor-grid-4 elementor-grid-tablet-2 elementor-grid-mobile-1 elementor-posts--thumbnail-top elementor-posts--show-avatar elementor-card-shadow-yes elementor-posts__hover-gradient elementor-widget elementor-widget-posts\" data-id=\"4544cdd\" data-element_type=\"widget\" data-e-type=\"widget\" data-settings=\"{&quot;cards_columns&quot;:&quot;4&quot;,&quot;pagination_type&quot;:&quot;prev_next&quot;,&quot;cards_columns_tablet&quot;:&quot;2&quot;,&quot;cards_columns_mobile&quot;:&quot;1&quot;,&quot;cards_row_gap&quot;:{&quot;unit&quot;:&quot;px&quot;,&quot;size&quot;:35,&quot;sizes&quot;:[]},&quot;cards_row_gap_tablet&quot;:{&quot;unit&quot;:&quot;px&quot;,&quot;size&quot;:&quot;&quot;,&quot;sizes&quot;:[]},&quot;cards_row_gap_mobile&quot;:{&quot;unit&quot;:&quot;px&quot;,&quot;size&quot;:&quot;&quot;,&quot;sizes&quot;:[]}}\" data-widget_type=\"posts.cards\">\n\t\t\t\t<div class=\"elementor-widget-container\">\n\t\t\t\t\t\t\t<div class=\"elementor-posts-container elementor-posts elementor-posts--skin-cards elementor-grid\" role=\"list\">\n\t\t\t\t<article class=\"elementor-post elementor-grid-item post-1963 post type-post status-publish format-standard has-post-thumbnail hentry category-publications\" role=\"listitem\">\n\t\t\t<div class=\"elementor-post__card\">\n\t\t\t\t<a class=\"elementor-post__thumbnail__link\" href=\"https:\/\/web.msh-lse.fr\/industrifem\/igersheim-h-le-chapelain-c-2022-women-leaders-in-industry-in-nineteenth-century-france-the-case-of-amelie-de-dietrich-business-history-665-1214-1237\/\" tabindex=\"-1\" ><div class=\"elementor-post__thumbnail\"><img fetchpriority=\"high\" decoding=\"async\" width=\"555\" height=\"791\" src=\"https:\/\/web.msh-lse.fr\/industrifem\/wp-content\/uploads\/sites\/25\/2025\/09\/bhfbsh20.v066.i05.largecover.jpeg\" class=\"attachment-medium_large size-medium_large wp-image-1941\" alt=\"\" srcset=\"https:\/\/web.msh-lse.fr\/industrifem\/wp-content\/uploads\/sites\/25\/2025\/09\/bhfbsh20.v066.i05.largecover.jpeg 555w, https:\/\/web.msh-lse.fr\/industrifem\/wp-content\/uploads\/sites\/25\/2025\/09\/bhfbsh20.v066.i05.largecover-210x300.jpeg 210w\" sizes=\"(max-width: 555px) 100vw, 555px\" \/><\/div><\/a>\n\t\t\t\t<div class=\"elementor-post__badge\">Publications<\/div>\n\t\t\t\t<div class=\"elementor-post__avatar\">\n\t\t\t\t\t<\/div>\n\t\t\t\t<div class=\"elementor-post__text\">\n\t\t\t\t<h3 class=\"elementor-post__title\">\n\t\t\t<a href=\"https:\/\/web.msh-lse.fr\/industrifem\/igersheim-h-le-chapelain-c-2022-women-leaders-in-industry-in-nineteenth-century-france-the-case-of-amelie-de-dietrich-business-history-665-1214-1237\/\" >\n\t\t\t\tIgersheim, H., &amp; Le Chapelain, C. (2022). Women leaders in industry in nineteenth-century France: The case of Am\u00e9lie de Dietrich.\u00a0Business History,\u00a066(5), 1214\u20131237.\t\t\t<\/a>\n\t\t<\/h3>\n\t\t\n\t\t<a class=\"elementor-post__read-more\" href=\"https:\/\/web.msh-lse.fr\/industrifem\/igersheim-h-le-chapelain-c-2022-women-leaders-in-industry-in-nineteenth-century-france-the-case-of-amelie-de-dietrich-business-history-665-1214-1237\/\" aria-label=\"En savoir plus sur Igersheim, H., &amp; Le Chapelain, C. (2022). Women leaders in industry in nineteenth-century France: The case of Am\u00e9lie de Dietrich.\u00a0Business History,\u00a066(5), 1214\u20131237.\" tabindex=\"-1\" >\n\t\t\tLire la suite \u00bb\t\t<\/a>\n\n\t\t\t\t<\/div>\n\t\t\t\t<div class=\"elementor-post__meta-data\">\n\t\t\t\t\t<span class=\"elementor-post-date\">\n\t\t\t8 septembre 2025\t\t<\/span>\n\t\t\t\t<\/div>\n\t\t\t\t\t<\/div>\n\t\t<\/article>\n\t\t\t\t<article class=\"elementor-post elementor-grid-item post-1936 post type-post status-publish format-standard has-post-thumbnail hentry category-publications\" role=\"listitem\">\n\t\t\t<div class=\"elementor-post__card\">\n\t\t\t\t<a class=\"elementor-post__thumbnail__link\" href=\"https:\/\/web.msh-lse.fr\/industrifem\/nineteenth-century-businesswomen-a-retrospective-glance-at-women-entrepreneurship-charlotte-le-chapelain-ed-frontiers-in-economic-history-springer-berlin-2024-12-chapters\/\" tabindex=\"-1\" ><div class=\"elementor-post__thumbnail\"><img decoding=\"async\" width=\"316\" height=\"476\" src=\"https:\/\/web.msh-lse.fr\/industrifem\/wp-content\/uploads\/sites\/25\/2025\/06\/978-3-031-56411-6.jpeg\" class=\"attachment-medium_large size-medium_large wp-image-1811\" alt=\"\" srcset=\"https:\/\/web.msh-lse.fr\/industrifem\/wp-content\/uploads\/sites\/25\/2025\/06\/978-3-031-56411-6.jpeg 316w, https:\/\/web.msh-lse.fr\/industrifem\/wp-content\/uploads\/sites\/25\/2025\/06\/978-3-031-56411-6-199x300.jpeg 199w\" sizes=\"(max-width: 316px) 100vw, 316px\" \/><\/div><\/a>\n\t\t\t\t<div class=\"elementor-post__badge\">Publications<\/div>\n\t\t\t\t<div class=\"elementor-post__avatar\">\n\t\t\t\t\t<\/div>\n\t\t\t\t<div class=\"elementor-post__text\">\n\t\t\t\t<h3 class=\"elementor-post__title\">\n\t\t\t<a href=\"https:\/\/web.msh-lse.fr\/industrifem\/nineteenth-century-businesswomen-a-retrospective-glance-at-women-entrepreneurship-charlotte-le-chapelain-ed-frontiers-in-economic-history-springer-berlin-2024-12-chapters\/\" >\n\t\t\t\tNineteenth Century Businesswomen. A Retrospective Glance at Women Entrepreneurship.\t\t\t<\/a>\n\t\t<\/h3>\n\t\t\n\t\t<a class=\"elementor-post__read-more\" href=\"https:\/\/web.msh-lse.fr\/industrifem\/nineteenth-century-businesswomen-a-retrospective-glance-at-women-entrepreneurship-charlotte-le-chapelain-ed-frontiers-in-economic-history-springer-berlin-2024-12-chapters\/\" aria-label=\"En savoir plus sur Nineteenth Century Businesswomen. A Retrospective Glance at Women Entrepreneurship.\" tabindex=\"-1\" >\n\t\t\tLire la suite \u00bb\t\t<\/a>\n\n\t\t\t\t<\/div>\n\t\t\t\t<div class=\"elementor-post__meta-data\">\n\t\t\t\t\t<span class=\"elementor-post-date\">\n\t\t\t4 septembre 2025\t\t<\/span>\n\t\t\t\t<\/div>\n\t\t\t\t\t<\/div>\n\t\t<\/article>\n\t\t\t\t<article class=\"elementor-post elementor-grid-item post-1931 post type-post status-publish format-standard hentry category-publications\" role=\"listitem\">\n\t\t\t<div class=\"elementor-post__card\">\n\t\t\t\t<div class=\"elementor-post__text\">\n\t\t\t\t<h3 class=\"elementor-post__title\">\n\t\t\t<a href=\"https:\/\/web.msh-lse.fr\/industrifem\/du-deuil-a-laction-reprise-de-lentreprise-familiale-et-strategies-de-succession-des-veuves-avec-c-hussler-et-a-jrad-communication-et-management-a-parai\/\" >\n\t\t\t\t\u00ab\u00a0Du deuil \u00e0 l\u2019action : Reprise de l\u2019entreprise familiale et strat\u00e9gies de succession des veuves\u00a0\u00bb, avec C. Hussler et A. Jrad, Communication et Management, \u00e0 para\u00eetre.\t\t\t<\/a>\n\t\t<\/h3>\n\t\t\n\t\t<a class=\"elementor-post__read-more\" href=\"https:\/\/web.msh-lse.fr\/industrifem\/du-deuil-a-laction-reprise-de-lentreprise-familiale-et-strategies-de-succession-des-veuves-avec-c-hussler-et-a-jrad-communication-et-management-a-parai\/\" aria-label=\"En savoir plus sur \u00ab\u00a0Du deuil \u00e0 l\u2019action : Reprise de l\u2019entreprise familiale et strat\u00e9gies de succession des veuves\u00a0\u00bb, avec C. Hussler et A. Jrad, Communication et Management, \u00e0 para\u00eetre.\" tabindex=\"-1\" >\n\t\t\tLire la suite \u00bb\t\t<\/a>\n\n\t\t\t\t<\/div>\n\t\t\t\t<div class=\"elementor-post__meta-data\">\n\t\t\t\t\t<span class=\"elementor-post-date\">\n\t\t\t4 septembre 2025\t\t<\/span>\n\t\t\t\t<\/div>\n\t\t\t\t\t<\/div>\n\t\t<\/article>\n\t\t\t\t<article class=\"elementor-post elementor-grid-item post-1919 post type-post status-publish format-standard hentry category-publications\" role=\"listitem\">\n\t\t\t<div class=\"elementor-post__card\">\n\t\t\t\t<div class=\"elementor-post__text\">\n\t\t\t\t<h3 class=\"elementor-post__title\">\n\t\t\t<a href=\"https:\/\/web.msh-lse.fr\/industrifem\/des-reseaux-familiaux-aux-reseaux-daffaires-le-succes-dune-maitresse-de-forges-au-xixe-siecle-avec-h-igersheim-revue-deconomie-financiere-a-para\/\" >\n\t\t\t\t\u00ab\u00a0Des r\u00e9seaux familiaux aux r\u00e9seaux d\u2019affaires. Le succ\u00e8s d\u2019une ma\u00eetresse de Forges au XIXe si\u00e8cle\u00a0\u00bb, avec H. Igersheim, Revue d\u2019Economie Financi\u00e8re, \u00e0 para\u00eetre.\u00a0\t\t\t<\/a>\n\t\t<\/h3>\n\t\t\n\t\t<a class=\"elementor-post__read-more\" href=\"https:\/\/web.msh-lse.fr\/industrifem\/des-reseaux-familiaux-aux-reseaux-daffaires-le-succes-dune-maitresse-de-forges-au-xixe-siecle-avec-h-igersheim-revue-deconomie-financiere-a-para\/\" aria-label=\"En savoir plus sur \u00ab\u00a0Des r\u00e9seaux familiaux aux r\u00e9seaux d\u2019affaires. Le succ\u00e8s d\u2019une ma\u00eetresse de Forges au XIXe si\u00e8cle\u00a0\u00bb, avec H. Igersheim, Revue d\u2019Economie Financi\u00e8re, \u00e0 para\u00eetre.\u00a0\" tabindex=\"-1\" >\n\t\t\tLire la suite \u00bb\t\t<\/a>\n\n\t\t\t\t<\/div>\n\t\t\t\t<div class=\"elementor-post__meta-data\">\n\t\t\t\t\t<span class=\"elementor-post-date\">\n\t\t\t1 septembre 2025\t\t<\/span>\n\t\t\t\t<\/div>\n\t\t\t\t\t<\/div>\n\t\t<\/article>\n\t\t\t\t<\/div>\n\t\t\n\t\t\t\t\t\t<\/div>\n\t\t\t\t<\/div>\n\t\t\t\t\t<\/div>\n\t\t<\/div>\n\t\t\t\t\t<\/div>\n\t\t<\/section>\n\t\t\t\t<section class=\"elementor-section elementor-top-section elementor-element elementor-element-9df2f91 elementor-section-boxed elementor-section-height-default elementor-section-height-default\" data-id=\"9df2f91\" data-element_type=\"section\" data-e-type=\"section\">\n\t\t\t\t\t\t<div class=\"elementor-container elementor-column-gap-default\">\n\t\t\t\t\t<div class=\"elementor-column elementor-col-100 elementor-top-column elementor-element elementor-element-8cebe5e\" data-id=\"8cebe5e\" data-element_type=\"column\" data-e-type=\"column\">\n\t\t\t<div class=\"elementor-widget-wrap elementor-element-populated\">\n\t\t\t\t\t\t<div class=\"elementor-element elementor-element-67a674d elementor-widget elementor-widget-spacer\" data-id=\"67a674d\" data-element_type=\"widget\" data-e-type=\"widget\" data-widget_type=\"spacer.default\">\n\t\t\t\t<div class=\"elementor-widget-container\">\n\t\t\t\t\t\t\t<div class=\"elementor-spacer\">\n\t\t\t<div class=\"elementor-spacer-inner\"><\/div>\n\t\t<\/div>\n\t\t\t\t\t\t<\/div>\n\t\t\t\t<\/div>\n\t\t\t\t\t<\/div>\n\t\t<\/div>\n\t\t\t\t\t<\/div>\n\t\t<\/section>\n\t\t\t\t<\/div>\n\t\t","protected":false},"excerpt":{"rendered":"<p>Publications des membres de l&rsquo;\u00e9quipe<\/p>\n","protected":false},"author":116,"featured_media":0,"parent":0,"menu_order":0,"comment_status":"closed","ping_status":"closed","template":"","meta":{"_acf_changed":false,"_kadence_starter_templates_imported_post":false,"_kad_post_transparent":"","_kad_post_title":"hide","_kad_post_layout":"fullwidth","_kad_post_sidebar_id":"","_kad_post_content_style":"unboxed","_kad_post_vertical_padding":"hide","_kad_post_feature":"hide","_kad_post_feature_position":"","_kad_post_header":false,"_kad_post_footer":false,"_kad_post_classname":"","footnotes":""},"class_list":["post-1740","page","type-page","status-publish","hentry"],"acf":[],"_links":{"self":[{"href":"https:\/\/web.msh-lse.fr\/industrifem\/wp-json\/wp\/v2\/pages\/1740","targetHints":{"allow":["GET"]}}],"collection":[{"href":"https:\/\/web.msh-lse.fr\/industrifem\/wp-json\/wp\/v2\/pages"}],"about":[{"href":"https:\/\/web.msh-lse.fr\/industrifem\/wp-json\/wp\/v2\/types\/page"}],"author":[{"embeddable":true,"href":"https:\/\/web.msh-lse.fr\/industrifem\/wp-json\/wp\/v2\/users\/116"}],"replies":[{"embeddable":true,"href":"https:\/\/web.msh-lse.fr\/industrifem\/wp-json\/wp\/v2\/comments?post=1740"}],"version-history":[{"count":35,"href":"https:\/\/web.msh-lse.fr\/industrifem\/wp-json\/wp\/v2\/pages\/1740\/revisions"}],"predecessor-version":[{"id":1958,"href":"https:\/\/web.msh-lse.fr\/industrifem\/wp-json\/wp\/v2\/pages\/1740\/revisions\/1958"}],"wp:attachment":[{"href":"https:\/\/web.msh-lse.fr\/industrifem\/wp-json\/wp\/v2\/media?parent=1740"}],"curies":[{"name":"wp","href":"https:\/\/api.w.org\/{rel}","templated":true}]}}