{"id":1453,"date":"2022-10-20T14:29:19","date_gmt":"2022-10-20T12:29:19","guid":{"rendered":"https:\/\/web.msh-lse.fr\/industrifem\/?page_id=1453"},"modified":"2025-09-01T16:00:36","modified_gmt":"2025-09-01T14:00:36","slug":"projet","status":"publish","type":"page","link":"https:\/\/web.msh-lse.fr\/industrifem\/projet\/","title":{"rendered":"Projet"},"content":{"rendered":"\t\t<div data-elementor-type=\"wp-page\" data-elementor-id=\"1453\" class=\"elementor elementor-1453\" data-elementor-post-type=\"page\">\n\t\t\t\t\t\t<section class=\"elementor-section elementor-top-section elementor-element elementor-element-8828dd8 elementor-section-height-min-height elementor-section-items-bottom elementor-section-boxed elementor-section-height-default\" data-id=\"8828dd8\" data-element_type=\"section\" data-e-type=\"section\" data-settings=\"{&quot;background_background&quot;:&quot;classic&quot;}\">\n\t\t\t\t\t\t\t<div class=\"elementor-background-overlay\"><\/div>\n\t\t\t\t\t\t\t<div class=\"elementor-container elementor-column-gap-default\">\n\t\t\t\t\t<div class=\"elementor-column elementor-col-100 elementor-top-column elementor-element elementor-element-6d43801\" data-id=\"6d43801\" data-element_type=\"column\" data-e-type=\"column\">\n\t\t\t<div class=\"elementor-widget-wrap elementor-element-populated\">\n\t\t\t\t\t\t<div class=\"elementor-element elementor-element-9a9b4e4 elementor-hidden-phone elementor-widget elementor-widget-spacer\" data-id=\"9a9b4e4\" data-element_type=\"widget\" data-e-type=\"widget\" data-widget_type=\"spacer.default\">\n\t\t\t\t<div class=\"elementor-widget-container\">\n\t\t\t\t\t\t\t<div class=\"elementor-spacer\">\n\t\t\t<div class=\"elementor-spacer-inner\"><\/div>\n\t\t<\/div>\n\t\t\t\t\t\t<\/div>\n\t\t\t\t<\/div>\n\t\t\t\t\t<\/div>\n\t\t<\/div>\n\t\t\t\t\t<\/div>\n\t\t<\/section>\n\t\t\t\t<section class=\"elementor-section elementor-top-section elementor-element elementor-element-d076b54 elementor-section-boxed elementor-section-height-default elementor-section-height-default\" data-id=\"d076b54\" data-element_type=\"section\" data-e-type=\"section\">\n\t\t\t\t\t\t<div class=\"elementor-container elementor-column-gap-default\">\n\t\t\t\t\t<div class=\"elementor-column elementor-col-50 elementor-top-column elementor-element elementor-element-ef1a4e9\" data-id=\"ef1a4e9\" data-element_type=\"column\" data-e-type=\"column\">\n\t\t\t<div class=\"elementor-widget-wrap elementor-element-populated\">\n\t\t\t\t\t\t<div class=\"elementor-element elementor-element-81a5251 elementor-widget elementor-widget-heading\" data-id=\"81a5251\" data-element_type=\"widget\" data-e-type=\"widget\" data-widget_type=\"heading.default\">\n\t\t\t\t<div class=\"elementor-widget-container\">\n\t\t\t\t\t<h3 class=\"elementor-heading-title elementor-size-default\">Le projet<\/h3>\t\t\t\t<\/div>\n\t\t\t\t<\/div>\n\t\t\t\t<div class=\"elementor-element elementor-element-aea8c82 elementor-widget-divider--view-line elementor-widget elementor-widget-divider\" data-id=\"aea8c82\" data-element_type=\"widget\" data-e-type=\"widget\" data-widget_type=\"divider.default\">\n\t\t\t\t<div class=\"elementor-widget-container\">\n\t\t\t\t\t\t\t<div class=\"elementor-divider\">\n\t\t\t<span class=\"elementor-divider-separator\">\n\t\t\t\t\t\t<\/span>\n\t\t<\/div>\n\t\t\t\t\t\t<\/div>\n\t\t\t\t<\/div>\n\t\t\t\t<div class=\"elementor-element elementor-element-5236828 elementor-widget elementor-widget-text-editor\" data-id=\"5236828\" data-element_type=\"widget\" data-e-type=\"widget\" data-widget_type=\"text-editor.default\">\n\t\t\t\t<div class=\"elementor-widget-container\">\n\t\t\t\t\t\t\t\t\t<p style=\"font-weight: 400\">Les chefs d\u2019entreprise du XIX<sup>e<\/sup> si\u00e8cles furent-ils tous des hommes ? On pourrait le croire, \u00e0 la lecture des travaux en histoire \u00e9conomique, histoire des affaires (<em>business history<\/em>) et histoire de l\u2019entrepreneuriat. \u00c0 l\u2019heure o\u00f9 la question du genre occupe une place de plus en plus pr\u00e9pond\u00e9rante au sein des travaux en histoire \u00e9conomique et en histoire de la pens\u00e9e \u00e9conomique, l\u2019entrepreneuriat f\u00e9minin demeure un angle mort. Les femmes cheffes d\u2019entreprises ne furent pas des exceptions en France au XIX<sup>e <\/sup>si\u00e8cle. Elles ont dirig\u00e9 des entreprises de toutes tailles (de la passementi\u00e8re ind\u00e9pendante \u00e0 la ma\u00eetresse de forges dirigeant plusieurs centaines d\u2019ouvriers) et dans de nombreux secteurs industriels (l\u2019industrie textile mais aussi la m\u00e9tallurgie, l\u2019imprimerie\u2026). Elles demeurent n\u00e9anmoins dans l\u2019ombre.<\/p><p style=\"font-weight: 400\">Le projet <em>INDUSTRIFEM <\/em>\u0153uvre \u00e0 sortir les femmes entrepreneures fran\u00e7aises de l\u2019invisibilit\u00e9 en dressant leur inventaire et en analysant les modalit\u00e9s et les conditions de leur exercice entrepreneurial. Il propose le r\u00e9examen de la place et du r\u00f4le exerc\u00e9 par les femmes dans le processus d\u2019industrialisation fran\u00e7ais et participe ainsi d\u2019un renouvellement de la vision du r\u00f4le \u00e9conomique jou\u00e9 par les femmes au XIXe si\u00e8cle. Il vise en outre \u00e0 \u00e9clairer et comprendre, gr\u00e2ce \u00e0 un dialogue interdisciplinaire au carrefour de l\u2019histoire, de l\u2019\u00e9conomie, de la gestion et du droit, les conditions et modalit\u00e9s de l\u2019exercice entrepreneurial f\u00e9minin au XIXe si\u00e8cle. Il s\u2019agit, d\u2019une part, d\u2019analyser des m\u00e9canismes juridiques ayant permis aux femmes de d\u00e9passer les contraintes de leur statut civil au cours du XIXe si\u00e8cle et ainsi d\u2019interroger la pertinence du postulat de l\u2019incapacit\u00e9 juridique de la femme mari\u00e9e ent\u00e9rin\u00e9e par le Code civil de 1804. Le projet ambitionne, d\u2019autre part, d\u2019\u00e9clairer les orientations strat\u00e9giques prises par les femmes entrepreneures, notamment les choix en mati\u00e8re d\u2019innovation, dans le contexte des mutations organisationnelles et technologiques profondes de l\u2019industrie au XIXe si\u00e8cle.<\/p><p style=\"text-align: justify\"><span style=\"font-family: var(--global-body-font-family)\">Par ses enjeux, le projet mobilise des comp\u00e9tences disciplinaires vari\u00e9es et compl\u00e9mentaires, r\u00e9unies au sein d\u2019un consortium de quatre partenaires regroupant des historiens du droit (CLHDPP, U. Lyon III), des chercheurs en sciences de gestion sp\u00e9cialistes de l\u2019entrepreneuriat f\u00e9minin et d\u2019innovation (Magellan, U. Lyon III), des chercheurs en \u00e9conomie sp\u00e9cialis\u00e9s en histoire \u00e9conomique (BETA, U. de Strasbourg) et des historiens (Universit\u00e9 d\u2019Ottawa).<\/span><\/p>\t\t\t\t\t\t\t\t<\/div>\n\t\t\t\t<\/div>\n\t\t\t\t\t<\/div>\n\t\t<\/div>\n\t\t\t\t<div class=\"elementor-column elementor-col-50 elementor-top-column elementor-element elementor-element-5cea1c3\" data-id=\"5cea1c3\" data-element_type=\"column\" data-e-type=\"column\">\n\t\t\t<div class=\"elementor-widget-wrap elementor-element-populated\">\n\t\t\t\t\t\t<section class=\"elementor-section elementor-inner-section elementor-element elementor-element-d4bf561 elementor-section-boxed elementor-section-height-default elementor-section-height-default\" data-id=\"d4bf561\" data-element_type=\"section\" data-e-type=\"section\">\n\t\t\t\t\t\t<div class=\"elementor-container elementor-column-gap-default\">\n\t\t\t\t\t<div class=\"elementor-column elementor-col-100 elementor-inner-column elementor-element elementor-element-e5d03db\" data-id=\"e5d03db\" data-element_type=\"column\" data-e-type=\"column\" data-settings=\"{&quot;background_background&quot;:&quot;classic&quot;}\">\n\t\t\t<div class=\"elementor-widget-wrap elementor-element-populated\">\n\t\t\t\t\t\t<div class=\"elementor-element elementor-element-34553da elementor-widget elementor-widget-image\" data-id=\"34553da\" data-element_type=\"widget\" data-e-type=\"widget\" data-widget_type=\"image.default\">\n\t\t\t\t<div class=\"elementor-widget-container\">\n\t\t\t\t\t\t\t\t\t\t\t\t\t\t\t<img fetchpriority=\"high\" decoding=\"async\" width=\"691\" height=\"1024\" src=\"https:\/\/web.msh-lse.fr\/industrifem\/wp-content\/uploads\/sites\/25\/2022\/10\/Jeune_Fille_au_Manteau_Vert_by_Berthe_Morisot-691x1024.jpg\" class=\"attachment-large size-large wp-image-1342\" alt=\"\" srcset=\"https:\/\/web.msh-lse.fr\/industrifem\/wp-content\/uploads\/sites\/25\/2022\/10\/Jeune_Fille_au_Manteau_Vert_by_Berthe_Morisot-691x1024.jpg 691w, https:\/\/web.msh-lse.fr\/industrifem\/wp-content\/uploads\/sites\/25\/2022\/10\/Jeune_Fille_au_Manteau_Vert_by_Berthe_Morisot-203x300.jpg 203w, https:\/\/web.msh-lse.fr\/industrifem\/wp-content\/uploads\/sites\/25\/2022\/10\/Jeune_Fille_au_Manteau_Vert_by_Berthe_Morisot-768x1137.jpg 768w, https:\/\/web.msh-lse.fr\/industrifem\/wp-content\/uploads\/sites\/25\/2022\/10\/Jeune_Fille_au_Manteau_Vert_by_Berthe_Morisot-1037x1536.jpg 1037w, https:\/\/web.msh-lse.fr\/industrifem\/wp-content\/uploads\/sites\/25\/2022\/10\/Jeune_Fille_au_Manteau_Vert_by_Berthe_Morisot-1383x2048.jpg 1383w, https:\/\/web.msh-lse.fr\/industrifem\/wp-content\/uploads\/sites\/25\/2022\/10\/Jeune_Fille_au_Manteau_Vert_by_Berthe_Morisot.jpg 1688w\" sizes=\"(max-width: 691px) 100vw, 691px\" \/>\t\t\t\t\t\t\t\t\t\t\t\t\t\t\t<\/div>\n\t\t\t\t<\/div>\n\t\t\t\t\t<\/div>\n\t\t<\/div>\n\t\t\t\t\t<\/div>\n\t\t<\/section>\n\t\t\t\t\t<\/div>\n\t\t<\/div>\n\t\t\t\t\t<\/div>\n\t\t<\/section>\n\t\t\t\t<section class=\"elementor-section elementor-top-section elementor-element elementor-element-6658faf elementor-section-full_width elementor-section-height-default elementor-section-height-default\" data-id=\"6658faf\" data-element_type=\"section\" data-e-type=\"section\">\n\t\t\t\t\t\t<div class=\"elementor-container elementor-column-gap-default\">\n\t\t\t\t\t<div class=\"elementor-column elementor-col-100 elementor-top-column elementor-element elementor-element-69573d9\" data-id=\"69573d9\" data-element_type=\"column\" data-e-type=\"column\">\n\t\t\t<div class=\"elementor-widget-wrap elementor-element-populated\">\n\t\t\t\t\t\t<div class=\"elementor-element elementor-element-3cdd8bc elementor-widget-divider--view-line elementor-widget elementor-widget-divider\" data-id=\"3cdd8bc\" data-element_type=\"widget\" data-e-type=\"widget\" data-widget_type=\"divider.default\">\n\t\t\t\t<div class=\"elementor-widget-container\">\n\t\t\t\t\t\t\t<div class=\"elementor-divider\">\n\t\t\t<span class=\"elementor-divider-separator\">\n\t\t\t\t\t\t<\/span>\n\t\t<\/div>\n\t\t\t\t\t\t<\/div>\n\t\t\t\t<\/div>\n\t\t\t\t\t<\/div>\n\t\t<\/div>\n\t\t\t\t\t<\/div>\n\t\t<\/section>\n\t\t\t\t<section class=\"elementor-section elementor-top-section elementor-element elementor-element-c98a5fd elementor-section-boxed elementor-section-height-default elementor-section-height-default\" data-id=\"c98a5fd\" data-element_type=\"section\" data-e-type=\"section\">\n\t\t\t\t\t\t<div class=\"elementor-container elementor-column-gap-default\">\n\t\t\t\t\t<div class=\"elementor-column elementor-col-50 elementor-top-column elementor-element elementor-element-88f2ab3\" data-id=\"88f2ab3\" data-element_type=\"column\" data-e-type=\"column\">\n\t\t\t<div class=\"elementor-widget-wrap elementor-element-populated\">\n\t\t\t\t\t\t<div class=\"elementor-element elementor-element-0996d07 elementor-widget elementor-widget-video\" data-id=\"0996d07\" data-element_type=\"widget\" data-e-type=\"widget\" data-settings=\"{&quot;video_type&quot;:&quot;hosted&quot;,&quot;controls&quot;:&quot;yes&quot;}\" data-widget_type=\"video.default\">\n\t\t\t\t<div class=\"elementor-widget-container\">\n\t\t\t\t\t\t\t<div class=\"e-hosted-video elementor-wrapper elementor-open-inline\">\n\t\t\t\t\t<video class=\"elementor-video\" src=\"https:\/\/humanumbox.msh-lse.fr\/25fps\/25images\/221208_INDUSTRIFEM\/INDUSTRIFEM.mp4\" controls=\"\" preload=\"metadata\" controlsList=\"nodownload\"><\/video>\n\t\t\t\t<\/div>\n\t\t\t\t\t\t<\/div>\n\t\t\t\t<\/div>\n\t\t\t\t\t<\/div>\n\t\t<\/div>\n\t\t\t\t<div class=\"elementor-column elementor-col-50 elementor-top-column elementor-element elementor-element-eab0ebc\" data-id=\"eab0ebc\" data-element_type=\"column\" data-e-type=\"column\">\n\t\t\t<div class=\"elementor-widget-wrap elementor-element-populated\">\n\t\t\t\t\t\t<div class=\"elementor-element elementor-element-029ad7f elementor-widget elementor-widget-spacer\" data-id=\"029ad7f\" data-element_type=\"widget\" data-e-type=\"widget\" data-widget_type=\"spacer.default\">\n\t\t\t\t<div class=\"elementor-widget-container\">\n\t\t\t\t\t\t\t<div class=\"elementor-spacer\">\n\t\t\t<div class=\"elementor-spacer-inner\"><\/div>\n\t\t<\/div>\n\t\t\t\t\t\t<\/div>\n\t\t\t\t<\/div>\n\t\t\t\t<div class=\"elementor-element elementor-element-c3883a3 elementor-widget elementor-widget-heading\" data-id=\"c3883a3\" data-element_type=\"widget\" data-e-type=\"widget\" data-widget_type=\"heading.default\">\n\t\t\t\t<div class=\"elementor-widget-container\">\n\t\t\t\t\t<h2 class=\"elementor-heading-title elementor-size-default\">Capsule de pr\u00e9sentation du workshop (8-9 d\u00e9cembre 2022)<\/h2>\t\t\t\t<\/div>\n\t\t\t\t<\/div>\n\t\t\t\t\t<\/div>\n\t\t<\/div>\n\t\t\t\t\t<\/div>\n\t\t<\/section>\n\t\t\t\t<section class=\"elementor-section elementor-top-section elementor-element elementor-element-f3428e2 elementor-section-boxed elementor-section-height-default elementor-section-height-default\" data-id=\"f3428e2\" data-element_type=\"section\" data-e-type=\"section\">\n\t\t\t\t\t\t<div class=\"elementor-container elementor-column-gap-default\">\n\t\t\t\t\t<div class=\"elementor-column elementor-col-100 elementor-top-column elementor-element elementor-element-6c466e5\" data-id=\"6c466e5\" data-element_type=\"column\" data-e-type=\"column\">\n\t\t\t<div class=\"elementor-widget-wrap elementor-element-populated\">\n\t\t\t\t\t\t<div class=\"elementor-element elementor-element-0f5337d elementor-widget elementor-widget-spacer\" data-id=\"0f5337d\" data-element_type=\"widget\" data-e-type=\"widget\" data-widget_type=\"spacer.default\">\n\t\t\t\t<div class=\"elementor-widget-container\">\n\t\t\t\t\t\t\t<div class=\"elementor-spacer\">\n\t\t\t<div class=\"elementor-spacer-inner\"><\/div>\n\t\t<\/div>\n\t\t\t\t\t\t<\/div>\n\t\t\t\t<\/div>\n\t\t\t\t\t<\/div>\n\t\t<\/div>\n\t\t\t\t\t<\/div>\n\t\t<\/section>\n\t\t\t\t<\/div>\n\t\t","protected":false},"excerpt":{"rendered":"<p>Le projet Les chefs d\u2019entreprise du XIXe si\u00e8cles furent-ils tous des hommes ? On pourrait le croire, \u00e0 la lecture des travaux en histoire \u00e9conomique, histoire des affaires (business history) et histoire de l\u2019entrepreneuriat. \u00c0 l\u2019heure o\u00f9 la question du genre occupe une place de plus en plus pr\u00e9pond\u00e9rante au sein des travaux en histoire&#8230;<\/p>\n","protected":false},"author":23,"featured_media":0,"parent":0,"menu_order":0,"comment_status":"closed","ping_status":"closed","template":"elementor_header_footer","meta":{"_acf_changed":false,"_kadence_starter_templates_imported_post":true,"_kad_post_transparent":"","_kad_post_title":"hide","_kad_post_layout":"normal","_kad_post_sidebar_id":"","_kad_post_content_style":"unboxed","_kad_post_vertical_padding":"hide","_kad_post_feature":"hide","_kad_post_feature_position":"","_kad_post_header":false,"_kad_post_footer":false,"_kad_post_classname":"","footnotes":""},"class_list":["post-1453","page","type-page","status-publish","hentry"],"acf":[],"_links":{"self":[{"href":"https:\/\/web.msh-lse.fr\/industrifem\/wp-json\/wp\/v2\/pages\/1453","targetHints":{"allow":["GET"]}}],"collection":[{"href":"https:\/\/web.msh-lse.fr\/industrifem\/wp-json\/wp\/v2\/pages"}],"about":[{"href":"https:\/\/web.msh-lse.fr\/industrifem\/wp-json\/wp\/v2\/types\/page"}],"author":[{"embeddable":true,"href":"https:\/\/web.msh-lse.fr\/industrifem\/wp-json\/wp\/v2\/users\/23"}],"replies":[{"embeddable":true,"href":"https:\/\/web.msh-lse.fr\/industrifem\/wp-json\/wp\/v2\/comments?post=1453"}],"version-history":[{"count":22,"href":"https:\/\/web.msh-lse.fr\/industrifem\/wp-json\/wp\/v2\/pages\/1453\/revisions"}],"predecessor-version":[{"id":1914,"href":"https:\/\/web.msh-lse.fr\/industrifem\/wp-json\/wp\/v2\/pages\/1453\/revisions\/1914"}],"wp:attachment":[{"href":"https:\/\/web.msh-lse.fr\/industrifem\/wp-json\/wp\/v2\/media?parent=1453"}],"curies":[{"name":"wp","href":"https:\/\/api.w.org\/{rel}","templated":true}]}}