{"id":1311,"date":"2024-03-06T16:17:08","date_gmt":"2024-03-06T15:17:08","guid":{"rendered":"https:\/\/web.msh-lse.fr\/igs-france\/?page_id=1311"},"modified":"2024-03-06T16:19:31","modified_gmt":"2024-03-06T15:19:31","slug":"qui-sommes-nous","status":"publish","type":"page","link":"https:\/\/web.msh-lse.fr\/igs-france\/qui-sommes-nous\/","title":{"rendered":"Qui sommes-nous ?"},"content":{"rendered":"\t\t<div data-elementor-type=\"wp-page\" data-elementor-id=\"1311\" class=\"elementor elementor-1311\" data-elementor-post-type=\"page\">\n\t\t\t\t\t\t<section class=\"elementor-section elementor-top-section elementor-element elementor-element-8828dd8 elementor-section-height-min-height elementor-section-items-bottom elementor-section-boxed elementor-section-height-default\" data-id=\"8828dd8\" data-element_type=\"section\" data-e-type=\"section\" data-settings=\"{&quot;background_background&quot;:&quot;classic&quot;}\">\n\t\t\t\t\t\t\t<div class=\"elementor-background-overlay\"><\/div>\n\t\t\t\t\t\t\t<div class=\"elementor-container elementor-column-gap-default\">\n\t\t\t\t\t<div class=\"elementor-column elementor-col-50 elementor-top-column elementor-element elementor-element-6d43801\" data-id=\"6d43801\" data-element_type=\"column\" data-e-type=\"column\">\n\t\t\t<div class=\"elementor-widget-wrap elementor-element-populated\">\n\t\t\t\t\t\t<div class=\"elementor-element elementor-element-9a9b4e4 elementor-hidden-phone elementor-widget elementor-widget-spacer\" data-id=\"9a9b4e4\" data-element_type=\"widget\" data-e-type=\"widget\" data-widget_type=\"spacer.default\">\n\t\t\t\t<div class=\"elementor-widget-container\">\n\t\t\t\t\t\t\t<div class=\"elementor-spacer\">\n\t\t\t<div class=\"elementor-spacer-inner\"><\/div>\n\t\t<\/div>\n\t\t\t\t\t\t<\/div>\n\t\t\t\t<\/div>\n\t\t\t\t\t<\/div>\n\t\t<\/div>\n\t\t\t\t<div class=\"elementor-column elementor-col-50 elementor-top-column elementor-element elementor-element-da860e5\" data-id=\"da860e5\" data-element_type=\"column\" data-e-type=\"column\">\n\t\t\t<div class=\"elementor-widget-wrap\">\n\t\t\t\t\t\t\t<\/div>\n\t\t<\/div>\n\t\t\t\t\t<\/div>\n\t\t<\/section>\n\t\t\t\t<section class=\"elementor-section elementor-top-section elementor-element elementor-element-34b828a elementor-reverse-mobile elementor-section-boxed elementor-section-height-default elementor-section-height-default\" data-id=\"34b828a\" data-element_type=\"section\" data-e-type=\"section\">\n\t\t\t\t\t\t<div class=\"elementor-container elementor-column-gap-default\">\n\t\t\t\t\t<div class=\"elementor-column elementor-col-50 elementor-top-column elementor-element elementor-element-aef019a\" data-id=\"aef019a\" data-element_type=\"column\" data-e-type=\"column\">\n\t\t\t<div class=\"elementor-widget-wrap elementor-element-populated\">\n\t\t\t\t\t\t<div class=\"elementor-element elementor-element-10a8d9a elementor-widget elementor-widget-heading\" data-id=\"10a8d9a\" data-element_type=\"widget\" data-e-type=\"widget\" data-widget_type=\"heading.default\">\n\t\t\t\t<div class=\"elementor-widget-container\">\n\t\t\t\t\t<h2 class=\"elementor-heading-title elementor-size-default\">Qui sommes-nous ?<\/h2>\t\t\t\t<\/div>\n\t\t\t\t<\/div>\n\t\t\t\t\t<\/div>\n\t\t<\/div>\n\t\t\t\t<div class=\"elementor-column elementor-col-50 elementor-top-column elementor-element elementor-element-beed6a0\" data-id=\"beed6a0\" data-element_type=\"column\" data-e-type=\"column\" data-settings=\"{&quot;background_background&quot;:&quot;classic&quot;}\">\n\t\t\t<div class=\"elementor-widget-wrap\">\n\t\t\t\t\t\t\t<\/div>\n\t\t<\/div>\n\t\t\t\t\t<\/div>\n\t\t<\/section>\n\t\t\t\t<section class=\"elementor-section elementor-top-section elementor-element elementor-element-b625db2 elementor-section-boxed elementor-section-height-default elementor-section-height-default\" data-id=\"b625db2\" data-element_type=\"section\" data-e-type=\"section\">\n\t\t\t\t\t\t<div class=\"elementor-container elementor-column-gap-default\">\n\t\t\t\t\t<div class=\"elementor-column elementor-col-50 elementor-top-column elementor-element elementor-element-c4ba45f\" data-id=\"c4ba45f\" data-element_type=\"column\" data-e-type=\"column\">\n\t\t\t<div class=\"elementor-widget-wrap elementor-element-populated\">\n\t\t\t\t\t\t<div class=\"elementor-element elementor-element-5236828 elementor-widget__width-initial elementor-widget elementor-widget-text-editor\" data-id=\"5236828\" data-element_type=\"widget\" data-e-type=\"widget\" data-widget_type=\"text-editor.default\">\n\t\t\t\t<div class=\"elementor-widget-container\">\n\t\t\t\t\t\t\t\t\t<p style=\"text-align: justify;\"><strong>L&rsquo;IGS France (Soci\u00e9t\u00e9 gramscienne fran\u00e7aise)<\/strong>\u00a0a \u00e9t\u00e9 fond\u00e9e le 12 d\u00e9cembre 2023. Elle na\u00eet comme section fran\u00e7aise de l&rsquo;<em>International Gramsci Society<\/em>, l&rsquo;association qui r\u00e9unit les sp\u00e9cialistes de Gramsci du monde entier, pr\u00e9sid\u00e9e \u00e0 sa fondation en 1991 par Valentino Gerratana. Il s&rsquo;agit d&rsquo;une association culturelle \u00e0 but non lucratif, vou\u00e9e \u00e0 la promotion de la figure, de l&rsquo;oeuvre et de la pens\u00e9e d&rsquo;Antonio Gramsci.<\/p><p style=\"text-align: justify;\">Les membres fondateurs de l&rsquo;IGS-France sont : Vincent Charbonnier, Anthony Cr\u00e9z\u00e9gut, Romain Descendre, Paolo Desogus, Yohann Douet, Jean-Yves Fr\u00e9tign\u00e9, Pierre Girard, Maririta Guerbo, Giuliano Guzzone, Razmig Keucheyan, Marie Lucas, Jean-Pierre Potier, Camilla Sclocco, Jean-Claude Zancarini.<\/p><p style=\"text-align: justify;\">Le Bureau de l&rsquo;IGS-France depuis sa fondation est compos\u00e9 de : Marie Lucas (pr\u00e9sidente), Yohann Douet (secr\u00e9taire), Vincent Charbonnier (tr\u00e9sorier).<\/p><p style=\"text-align: justify;\">Pour recevoir les actualit\u00e9s gramsciennes de France et du monde, il suffit de s&rsquo;inscrire \u00e0 la mailing list.<\/p>\t\t\t\t\t\t\t\t<\/div>\n\t\t\t\t<\/div>\n\t\t\t\t\t<\/div>\n\t\t<\/div>\n\t\t\t\t<div class=\"elementor-column elementor-col-50 elementor-top-column elementor-element elementor-element-21596a8\" data-id=\"21596a8\" data-element_type=\"column\" data-e-type=\"column\">\n\t\t\t<div class=\"elementor-widget-wrap elementor-element-populated\">\n\t\t\t\t\t\t<div class=\"elementor-element elementor-element-ff0e48a elementor-widget elementor-widget-image\" data-id=\"ff0e48a\" data-element_type=\"widget\" data-e-type=\"widget\" data-widget_type=\"image.default\">\n\t\t\t\t<div class=\"elementor-widget-container\">\n\t\t\t\t\t\t\t\t\t\t\t\t\t\t\t<img fetchpriority=\"high\" decoding=\"async\" width=\"209\" height=\"300\" src=\"https:\/\/web.msh-lse.fr\/igs-france\/wp-content\/uploads\/sites\/32\/2024\/03\/Gramsci-by-origa-entier-ok-209x300.jpg\" class=\"attachment-medium size-medium wp-image-1254\" alt=\"\" srcset=\"https:\/\/web.msh-lse.fr\/igs-france\/wp-content\/uploads\/sites\/32\/2024\/03\/Gramsci-by-origa-entier-ok-209x300.jpg 209w, https:\/\/web.msh-lse.fr\/igs-france\/wp-content\/uploads\/sites\/32\/2024\/03\/Gramsci-by-origa-entier-ok.jpg 625w\" sizes=\"(max-width: 209px) 100vw, 209px\" \/>\t\t\t\t\t\t\t\t\t\t\t\t\t\t\t<\/div>\n\t\t\t\t<\/div>\n\t\t\t\t\t<\/div>\n\t\t<\/div>\n\t\t\t\t\t<\/div>\n\t\t<\/section>\n\t\t\t\t<section class=\"elementor-section elementor-top-section elementor-element elementor-element-77c4b07 elementor-section-boxed elementor-section-height-default elementor-section-height-default\" data-id=\"77c4b07\" data-element_type=\"section\" data-e-type=\"section\">\n\t\t\t\t\t\t<div class=\"elementor-container elementor-column-gap-default\">\n\t\t\t\t\t<div class=\"elementor-column elementor-col-100 elementor-top-column elementor-element elementor-element-57f88e5\" data-id=\"57f88e5\" data-element_type=\"column\" data-e-type=\"column\">\n\t\t\t<div class=\"elementor-widget-wrap\">\n\t\t\t\t\t\t\t<\/div>\n\t\t<\/div>\n\t\t\t\t\t<\/div>\n\t\t<\/section>\n\t\t\t\t<section class=\"elementor-section elementor-top-section elementor-element elementor-element-57aaa17 elementor-section-boxed elementor-section-height-default elementor-section-height-default\" data-id=\"57aaa17\" data-element_type=\"section\" data-e-type=\"section\">\n\t\t\t\t\t\t<div class=\"elementor-container elementor-column-gap-default\">\n\t\t\t\t\t<div class=\"elementor-column elementor-col-100 elementor-top-column elementor-element elementor-element-05e80d8\" data-id=\"05e80d8\" data-element_type=\"column\" data-e-type=\"column\">\n\t\t\t<div class=\"elementor-widget-wrap elementor-element-populated\">\n\t\t\t\t\t\t<div class=\"elementor-element elementor-element-d82a18c elementor-widget elementor-widget-spacer\" data-id=\"d82a18c\" data-element_type=\"widget\" data-e-type=\"widget\" data-widget_type=\"spacer.default\">\n\t\t\t\t<div class=\"elementor-widget-container\">\n\t\t\t\t\t\t\t<div class=\"elementor-spacer\">\n\t\t\t<div class=\"elementor-spacer-inner\"><\/div>\n\t\t<\/div>\n\t\t\t\t\t\t<\/div>\n\t\t\t\t<\/div>\n\t\t\t\t\t<\/div>\n\t\t<\/div>\n\t\t\t\t\t<\/div>\n\t\t<\/section>\n\t\t\t\t<\/div>\n\t\t","protected":false},"excerpt":{"rendered":"<p>Qui sommes-nous ? L&rsquo;IGS France (Soci\u00e9t\u00e9 gramscienne fran\u00e7aise)\u00a0a \u00e9t\u00e9 fond\u00e9e le 12 d\u00e9cembre 2023. Elle na\u00eet comme section fran\u00e7aise de l&rsquo;International Gramsci Society, l&rsquo;association qui r\u00e9unit les sp\u00e9cialistes de Gramsci du monde entier, pr\u00e9sid\u00e9e \u00e0 sa fondation en 1991 par Valentino Gerratana. Il s&rsquo;agit d&rsquo;une association culturelle \u00e0 but non lucratif, vou\u00e9e \u00e0 la promotion&#8230;<\/p>\n","protected":false},"author":23,"featured_media":0,"parent":0,"menu_order":0,"comment_status":"closed","ping_status":"closed","template":"elementor_header_footer","meta":{"_kadence_starter_templates_imported_post":true,"_kad_post_transparent":"","_kad_post_title":"hide","_kad_post_layout":"normal","_kad_post_sidebar_id":"","_kad_post_content_style":"unboxed","_kad_post_vertical_padding":"hide","_kad_post_feature":"hide","_kad_post_feature_position":"","_kad_post_header":false,"_kad_post_footer":false,"_kad_post_classname":"","footnotes":""},"class_list":["post-1311","page","type-page","status-publish","hentry"],"_links":{"self":[{"href":"https:\/\/web.msh-lse.fr\/igs-france\/wp-json\/wp\/v2\/pages\/1311","targetHints":{"allow":["GET"]}}],"collection":[{"href":"https:\/\/web.msh-lse.fr\/igs-france\/wp-json\/wp\/v2\/pages"}],"about":[{"href":"https:\/\/web.msh-lse.fr\/igs-france\/wp-json\/wp\/v2\/types\/page"}],"author":[{"embeddable":true,"href":"https:\/\/web.msh-lse.fr\/igs-france\/wp-json\/wp\/v2\/users\/23"}],"replies":[{"embeddable":true,"href":"https:\/\/web.msh-lse.fr\/igs-france\/wp-json\/wp\/v2\/comments?post=1311"}],"version-history":[{"count":4,"href":"https:\/\/web.msh-lse.fr\/igs-france\/wp-json\/wp\/v2\/pages\/1311\/revisions"}],"predecessor-version":[{"id":1315,"href":"https:\/\/web.msh-lse.fr\/igs-france\/wp-json\/wp\/v2\/pages\/1311\/revisions\/1315"}],"wp:attachment":[{"href":"https:\/\/web.msh-lse.fr\/igs-france\/wp-json\/wp\/v2\/media?parent=1311"}],"curies":[{"name":"wp","href":"https:\/\/api.w.org\/{rel}","templated":true}]}}