{"id":2,"date":"2020-03-23T14:36:06","date_gmt":"2020-03-23T13:36:06","guid":{"rendered":"https:\/\/wordpress.msh-lse.fr\/declart\/?page_id=2"},"modified":"2020-11-05T15:17:35","modified_gmt":"2020-11-05T15:17:35","slug":"page-d-exemple","status":"publish","type":"page","link":"https:\/\/web.msh-lse.fr\/declart\/","title":{"rendered":"D\u00e9clArt"},"content":{"rendered":"\n<p class=\"has-text-align-center\" style=\"font-size:25px\">Politisation par l\u2019action artistique et circulation de la D\u00e9claration de Villeurbanne<\/p>\n\n\n\n<p>L\u2019objectif g\u00e9n\u00e9ral de ce projet est de comprendre et analyser la politisation par la culture \u00e0 partir du point de rupture de 1968. En ce cinquanti\u00e8me anniversaire de Mai 68, il semble possible de revenir sur l\u2019\u00e9volution des r\u00e9f\u00e9rentiels et sur la fa\u00e7on dont ils parlent (ou taisent) la relation entre politique et culture.<\/p>\n\n\n\n<p>La recherche porte sur un corpus in\u00e9dit de sources et d\u2019archives, qu\u2019elle analysera, documentera et interpr\u00e8tera dans une double approche scientifique et plastique. Ce corpus sera constitu\u00e9 \u00e0 partir d\u2019un texte pivot : le texte de la D\u00e9claration de Villeurbanne, dat\u00e9 du 25 mai 1968, qui \u00e9mane d\u2019une autorit\u00e9 collective form\u00e9e de 23 \u00ab directeurs des Th\u00e9\u00e2tres populaires et des Maisons de la culture \u00bb.<\/p>\n\n\n\n<p>L\u2019originalit\u00e9 de la d\u00e9marche concerne sa perspective g\u00e9n\u00e9alogique et interdisciplinaire (Sciences de l\u2019information et de la communication (SIC), Etudes th\u00e9\u00e2trales, Design, en appui avec la BML et le CHMCC) : une dimension in\u00e9dite de la recherche r\u00e9side dans l\u2019attention que ces disciplines peuvent porter ensemble \u00e0 la constitution d\u2019un corpus de textes et d\u2019images sur une p\u00e9riode de 50 ann\u00e9es, autour de la D\u00e9claration de Villeurbanne, aux circulation de ces documents, \u00e0 la cr\u00e9ativit\u00e9 de leurs r\u00e9appropriations et arraisonnements, labiles selon les supports et les contextes locaux, politiques et institutionnels, silences et impens\u00e9s.<\/p>\n\n\n\n<p>Les \u00e9quipes en SHS et en Design construiront un cadre commun de r\u00e9flexion sur les circulations de la D\u00e9claration du point de vue esth\u00e9tique et graphique, notamment par la production d\u2019un colloque \u00e0 mi-parcours, d\u2019un site web et d\u2019une exposition finale.<\/p>\n\n\n\n<p>Ce projet prolonge les recherches men\u00e9es \u00e0 ELICO sur les rapports entre cultures et territoires et s\u2019inscrit en particulier dans le chantier \u00ab Cultures \u00e9crites, cultures num\u00e9riques \u00bb qui interroge les pratiques et les transformations politiques des modes de circulation des textes, des savoirs, des biens culturels.<\/p>\n\n\n\n<h5 class=\"wp-block-heading\">Responsable(s) scientifique(s)<\/h5>\n\n\n\n<p>Julia Bonaccorsi<\/p>\n\n\n\n<h5 class=\"wp-block-heading\">Unit\u00e9(s) de recherche impliqu\u00e9e(s)<\/h5>\n\n\n\n<p>ELICO EA 4147<br>Passages XX-XXI EA 4160<\/p>\n\n\n\n<h5 class=\"wp-block-heading\">Partenaire(s)<\/h5>\n\n\n\n<p>Maison des Sciences de l\u2019Homme Lyon \u2013 Saint-Etienne (MSH LSE)<br>Biblioth\u00e8que Municipale de Lyon (BML)<br>Ecole Nationale Sup\u00e9rieure des Beaux-Arts de Lyon (ENSBAL)<br>Comit\u00e9 d\u2019Histoire du Minist\u00e8re de la Culture et de la Communication (CHMCC)<\/p>\n\n\n\n<p><\/p>\n\n\n\n<p><\/p>\n\n\n\n<div class=\"wp-block-group alignwide has-background\" style=\"background-color:#ffffff\"><div class=\"wp-block-group__inner-container is-layout-flow wp-block-group-is-layout-flow\">\t\t<div class=\"wppsac-wrap wppsac-slick-slider-wrp wppsac-clearfix \" data-conf=\"{&quot;dots&quot;:&quot;true&quot;,&quot;arrows&quot;:&quot;true&quot;,&quot;autoplay&quot;:&quot;true&quot;,&quot;autoplay_interval&quot;:3000,&quot;speed&quot;:500,&quot;rtl&quot;:&quot;false&quot;,&quot;lazyload&quot;:&quot;&quot;}\">\r\n\t\t\t<div id=\"wppsac-post-slider-1\" class=\"wppsac-post-slider-init wppsac-post-slider design-4\">\r\n\t\t\t\t<div class=\"wppsac-post-slides\">\r\n\t<div class=\"wppsac-post-list\">\r\n\t\t<div class=\"wppsac-post-list-content\">\r\n\t\t\t\t\t\t<div class=\"wp-medium-5 wpcolumns\">\r\n\t\t\t\t<div class=\"wppsac-post-image-bg\">\r\n\t\t\t\t\t<a href=\"https:\/\/web.msh-lse.fr\/declart\/presse\/comite-permanent-des-directeurs-des-theatres-populaires-et-des-maisons-de-la-culture-version-4\/\">\r\n\t\t\t\t\t\t<img decoding=\"async\" class=\"wppsac-post-image\"  src=\"https:\/\/web.msh-lse.fr\/declart\/wp-content\/uploads\/sites\/5\/ocr\/article-1.png\" alt=\"Comit\u00e9 permanent des directeurs des th\u00e9\u00e2tres populaires et des maisons de la culture \/ bis\" \/>\r\n\t\t\t\t\t<\/a>\r\n\t\t\t\t<\/div>\r\n\t\t\t<\/div>\r\n\t\t\t\r\n\t\t\t<div class=\" wp-medium-7  wpcolumns\">\r\n\t\t\t\t\t\t\t\t<div class=\"wppsac-post-categories\"><\/div>\r\n\t\t\t\t\r\n\t\t\t\t<h2 class=\"wppsac-post-title\">\r\n\t\t\t\t\t<a href=\"https:\/\/web.msh-lse.fr\/declart\/presse\/comite-permanent-des-directeurs-des-theatres-populaires-et-des-maisons-de-la-culture-version-4\/\">Comit\u00e9 permanent des directeurs des th\u00e9\u00e2tres populaires et des maisons de la culture \/ bis<\/a>\r\n\t\t\t\t<\/h2>\r\n\r\n\t\t\t\t\t\t\t\t<div class=\"wppsac-post-date\">\r\n\t\t\t\t\t29 mai 2020\t\t\t\t<\/div>\r\n\t\t\t\t\t\t\t\t<div class=\"wppsac-post-content\">\r\n\t\t\t\t\t<div class=\"wppsac-sub-content\"><\/div>\r\n\r\n\t\t\t\t\t\t\t\t\t\t<a class=\"wppsac-readmorebtn\" href=\"https:\/\/web.msh-lse.fr\/declart\/presse\/comite-permanent-des-directeurs-des-theatres-populaires-et-des-maisons-de-la-culture-version-4\/\">Read More<\/a>\r\n\t\t\t\t\t\t\t\t\t<\/div>\r\n\t\t\t\t\t\t\t<\/div>\r\n\t\t<\/div>\r\n\t<\/div>\r\n<\/div><div class=\"wppsac-post-slides\">\r\n\t<div class=\"wppsac-post-list\">\r\n\t\t<div class=\"wppsac-post-list-content\">\r\n\t\t\t\t\t\t<div class=\"wp-medium-5 wpcolumns\">\r\n\t\t\t\t<div class=\"wppsac-post-image-bg\">\r\n\t\t\t\t\t<a href=\"https:\/\/web.msh-lse.fr\/declart\/presse\/442\/\">\r\n\t\t\t\t\t\t<img decoding=\"async\" class=\"wppsac-post-image\"  src=\"https:\/\/web.msh-lse.fr\/declart\/wp-content\/uploads\/sites\/5\/ocr\/article-1.png\" alt=\"Comit\u00e9 permanent des directeurs des th\u00e9\u00e2tres populaires et des maisons de la culture\" \/>\r\n\t\t\t\t\t<\/a>\r\n\t\t\t\t<\/div>\r\n\t\t\t<\/div>\r\n\t\t\t\r\n\t\t\t<div class=\" wp-medium-7  wpcolumns\">\r\n\t\t\t\t\t\t\t\t<div class=\"wppsac-post-categories\"><\/div>\r\n\t\t\t\t\r\n\t\t\t\t<h2 class=\"wppsac-post-title\">\r\n\t\t\t\t\t<a href=\"https:\/\/web.msh-lse.fr\/declart\/presse\/442\/\">Comit\u00e9 permanent des directeurs des th\u00e9\u00e2tres populaires et des maisons de la culture<\/a>\r\n\t\t\t\t<\/h2>\r\n\r\n\t\t\t\t\t\t\t\t<div class=\"wppsac-post-date\">\r\n\t\t\t\t\t29 mai 2020\t\t\t\t<\/div>\r\n\t\t\t\t\t\t\t\t<div class=\"wppsac-post-content\">\r\n\t\t\t\t\t<div class=\"wppsac-sub-content\"><\/div>\r\n\r\n\t\t\t\t\t\t\t\t\t\t<a class=\"wppsac-readmorebtn\" href=\"https:\/\/web.msh-lse.fr\/declart\/presse\/442\/\">Read More<\/a>\r\n\t\t\t\t\t\t\t\t\t<\/div>\r\n\t\t\t\t\t\t\t<\/div>\r\n\t\t<\/div>\r\n\t<\/div>\r\n<\/div>\t\t\t<\/div>\r\n\t\t<\/div>\r\n\t<\/div><\/div>\n\n\n\n<p><\/p>\n","protected":false},"excerpt":{"rendered":"<p>Politisation par l\u2019action artistique et circulation de la D\u00e9claration de Villeurbanne L\u2019objectif g\u00e9n\u00e9ral de ce projet est de comprendre et analyser la politisation par la culture \u00e0 partir du point de rupture de 1968. En ce cinquanti\u00e8me anniversaire de Mai 68, il semble possible de revenir sur l\u2019\u00e9volution des r\u00e9f\u00e9rentiels et sur la fa\u00e7on dont&#8230;<\/p>\n","protected":false},"author":1,"featured_media":0,"parent":0,"menu_order":0,"comment_status":"closed","ping_status":"closed","template":"","meta":{"_acf_changed":false,"_kad_post_transparent":"","_kad_post_title":"","_kad_post_layout":"normal","_kad_post_sidebar_id":"","_kad_post_content_style":"boxed","_kad_post_vertical_padding":"hide","_kad_post_feature":"default","_kad_post_feature_position":"behind","_kad_post_header":false,"_kad_post_footer":false,"_kad_post_classname":"","footnotes":""},"class_list":["post-2","page","type-page","status-publish","hentry"],"acf":[],"featured_image_urls_v2":{"full":"","thumbnail":"","medium":"","medium_large":"","large":"","1536x1536":"","2048x2048":""},"post_excerpt_stackable_v2":"<p>Politisation par l\u2019action artistique et circulation de la D\u00e9claration de Villeurbanne L\u2019objectif g\u00e9n\u00e9ral de ce projet est de comprendre et analyser la politisation par la culture \u00e0 partir du point de rupture de 1968. En ce cinquanti\u00e8me anniversaire de Mai 68, il semble possible de revenir sur l\u2019\u00e9volution des r\u00e9f\u00e9rentiels et sur la fa\u00e7on dont ils parlent (ou taisent) la relation entre politique et culture. La recherche porte sur un corpus in\u00e9dit de sources et d\u2019archives, qu\u2019elle analysera, documentera et interpr\u00e8tera dans une double approche scientifique et plastique. Ce corpus sera constitu\u00e9 \u00e0 partir d\u2019un texte pivot : le texte\u2026<\/p>\n","category_list_v2":"","author_info_v2":{"name":"WEB02-VINCENT","url":"https:\/\/web.msh-lse.fr\/declart\/author\/vincent\/"},"comments_num_v2":"0 commentaire","_links":{"self":[{"href":"https:\/\/web.msh-lse.fr\/declart\/wp-json\/wp\/v2\/pages\/2","targetHints":{"allow":["GET"]}}],"collection":[{"href":"https:\/\/web.msh-lse.fr\/declart\/wp-json\/wp\/v2\/pages"}],"about":[{"href":"https:\/\/web.msh-lse.fr\/declart\/wp-json\/wp\/v2\/types\/page"}],"author":[{"embeddable":true,"href":"https:\/\/web.msh-lse.fr\/declart\/wp-json\/wp\/v2\/users\/1"}],"replies":[{"embeddable":true,"href":"https:\/\/web.msh-lse.fr\/declart\/wp-json\/wp\/v2\/comments?post=2"}],"version-history":[{"count":101,"href":"https:\/\/web.msh-lse.fr\/declart\/wp-json\/wp\/v2\/pages\/2\/revisions"}],"predecessor-version":[{"id":1252,"href":"https:\/\/web.msh-lse.fr\/declart\/wp-json\/wp\/v2\/pages\/2\/revisions\/1252"}],"wp:attachment":[{"href":"https:\/\/web.msh-lse.fr\/declart\/wp-json\/wp\/v2\/media?parent=2"}],"curies":[{"name":"wp","href":"https:\/\/api.w.org\/{rel}","templated":true}]}}