{"id":17,"date":"2020-03-23T14:46:18","date_gmt":"2020-03-23T13:46:18","guid":{"rendered":"https:\/\/wordpress.msh-lse.fr\/declart\/?page_id=17"},"modified":"2020-05-29T13:20:03","modified_gmt":"2020-05-29T13:20:03","slug":"equipe","status":"publish","type":"page","link":"https:\/\/web.msh-lse.fr\/declart\/projet\/equipe\/","title":{"rendered":"Equipe"},"content":{"rendered":"\n<div class=\"wp-block-ugb-team-member ugb-team-member ugb-2b7c8a4 ugb-team-member--v3 ugb-team-member--design-basic ugb-team-member--columns-2 ugb-main-block\" id=\"\"><style>.ugb-2b7c8a4 .ugb-img{-webkit-mask-image:url('data:image\/svg+xml;base64,PHN2ZyB2aWV3Qm94PSIwIDAgMTAwIDEwMCIgeG1sbnM9Imh0dHA6Ly93d3cudzMub3JnLzIwMDAvc3ZnIj48Y2lyY2xlIGN4PSI1MCIgY3k9IjUwIiByPSI1MCI+PC9jaXJjbGU+PC9zdmc+');mask-image:url('data:image\/svg+xml;base64,PHN2ZyB2aWV3Qm94PSIwIDAgMTAwIDEwMCIgeG1sbnM9Imh0dHA6Ly93d3cudzMub3JnLzIwMDAvc3ZnIj48Y2lyY2xlIGN4PSI1MCIgY3k9IjUwIiByPSI1MCI+PC9jaXJjbGU+PC9zdmc+')}<\/style><div class=\"ugb-inner-block\"><div class=\"ugb-block-content\"><div class=\"ugb-team-member__item ugb-team-member__item1\"><div class=\"ugb-team-member__image\"><img fetchpriority=\"high\" decoding=\"async\" width=\"1024\" height=\"576\" class=\"ugb-img wp-image-154 ugb-img--shape\" src=\"https:\/\/wordpress.msh-lse.fr\/declart\/wp-content\/uploads\/sites\/7\/2020\/04\/preview-1024x576.jpg\" alt=\"Name\" srcset=\"https:\/\/web.msh-lse.fr\/declart\/wp-content\/uploads\/sites\/5\/2020\/04\/preview-1024x576.jpg 1024w, https:\/\/web.msh-lse.fr\/declart\/wp-content\/uploads\/sites\/5\/2020\/04\/preview-300x169.jpg 300w, https:\/\/web.msh-lse.fr\/declart\/wp-content\/uploads\/sites\/5\/2020\/04\/preview-768x432.jpg 768w, https:\/\/web.msh-lse.fr\/declart\/wp-content\/uploads\/sites\/5\/2020\/04\/preview.jpg 1280w\" sizes=\"(max-width: 1024px) 100vw, 1024px\" \/><\/div><div class=\"ugb-team-member__content\"><div class=\"ugb-team-member__title\"><h4 class=\"ugb-team-member__name\">Name<\/h4><p class=\"ugb-team-member__position\">Position<\/p><\/div><p class=\"ugb-team-member__description\">Description for this block. Use this space for describing your block. Any text will do. Description for this block. You can use this space for describing your block.<\/p><\/div><\/div><div class=\"ugb-team-member__item ugb-team-member__item2\"><div class=\"ugb-team-member__image\"><img decoding=\"async\" width=\"457\" height=\"305\" class=\"ugb-img wp-image-152 ugb-img--shape\" src=\"https:\/\/wordpress.msh-lse.fr\/declart\/wp-content\/uploads\/sites\/7\/2020\/04\/photo_milena_dragicevic.jpg\" alt=\"Name\" srcset=\"https:\/\/web.msh-lse.fr\/declart\/wp-content\/uploads\/sites\/5\/2020\/04\/photo_milena_dragicevic.jpg 457w, https:\/\/web.msh-lse.fr\/declart\/wp-content\/uploads\/sites\/5\/2020\/04\/photo_milena_dragicevic-300x200.jpg 300w\" sizes=\"(max-width: 457px) 100vw, 457px\" \/><\/div><div class=\"ugb-team-member__content\"><div class=\"ugb-team-member__title\"><h4 class=\"ugb-team-member__name\">Name<\/h4><p class=\"ugb-team-member__position\">Position<\/p><\/div><p class=\"ugb-team-member__description\">Description for this block. Use this space for describing your block. Any text will do. Description for this block. You can use this space for describing your block.<\/p><\/div><\/div><\/div><\/div><\/div>\n\n\n\n<div class=\"wp-block-ugb-team-member ugb-team-member ugb-4d6a3a2 ugb-team-member--v3 ugb-team-member--design-basic ugb-team-member--columns-2 ugb-main-block\" id=\"\"><style>.ugb-4d6a3a2 .ugb-img{-webkit-mask-image:url('data:image\/svg+xml;base64,PHN2ZyB2aWV3Qm94PSIwIDAgMTAwIDEwMCIgeG1sbnM9Imh0dHA6Ly93d3cudzMub3JnLzIwMDAvc3ZnIj48Y2lyY2xlIGN4PSI1MCIgY3k9IjUwIiByPSI1MCI+PC9jaXJjbGU+PC9zdmc+');mask-image:url('data:image\/svg+xml;base64,PHN2ZyB2aWV3Qm94PSIwIDAgMTAwIDEwMCIgeG1sbnM9Imh0dHA6Ly93d3cudzMub3JnLzIwMDAvc3ZnIj48Y2lyY2xlIGN4PSI1MCIgY3k9IjUwIiByPSI1MCI+PC9jaXJjbGU+PC9zdmc+')}<\/style><div class=\"ugb-inner-block\"><div class=\"ugb-block-content\"><div class=\"ugb-team-member__item ugb-team-member__item1\"><div class=\"ugb-team-member__content\"><div class=\"ugb-team-member__title\"><h4 class=\"ugb-team-member__name\">Name<\/h4><p class=\"ugb-team-member__position\">Position<\/p><\/div><p class=\"ugb-team-member__description\">Description for this block. Use this space for describing your block. Any text will do. Description for this block. You can use this space for describing your block.<\/p><\/div><\/div><div class=\"ugb-team-member__item ugb-team-member__item2\"><div class=\"ugb-team-member__content\"><div class=\"ugb-team-member__title\"><h4 class=\"ugb-team-member__name\">Name<\/h4><p class=\"ugb-team-member__position\">Position<\/p><\/div><p class=\"ugb-team-member__description\">Description for this block. Use this space for describing your block. Any text will do. Description for this block. You can use this space for describing your block.<\/p><\/div><\/div><\/div><\/div><\/div>\n\n\n\n<p>Ceci est une page d\u2019exemple. C\u2019est diff\u00e9rent d\u2019un article de blog parce qu\u2019elle restera au m\u00eame endroit et appara\u00eetra dans la navigation de votre site (dans la plupart des th\u00e8mes). La plupart des gens commencent par une page \u00ab\u00a0\u00c0 propos\u00a0\u00bb qui les pr\u00e9sente aux visiteurs du site. Cela pourrait ressembler \u00e0 quelque chose comme cela\u00a0:<\/p>\n\n\n\n<blockquote class=\"wp-block-quote is-layout-flow wp-block-quote-is-layout-flow\"><p>Bonjour&nbsp;! Je suis un m\u00e9canicien qui aspire \u00e0 devenir acteur, et voici mon site. J\u2019habite \u00e0 Bordeaux, j\u2019ai un super chien baptis\u00e9 Russell, et j\u2019aime la vodka-ananas (ainsi qu\u2019\u00eatre surpris par la pluie soudaine lors de longues balades sur la plage au coucher du soleil).<\/p><\/blockquote>\n\n\n\n<p>&#8230; ou quelque chose comme cela&nbsp;:<\/p>\n\n\n\n<blockquote class=\"wp-block-quote is-layout-flow wp-block-quote-is-layout-flow\"><p>La soci\u00e9t\u00e9 123 Machin Truc a \u00e9t\u00e9 cr\u00e9\u00e9e en 1971, et n\u2019a cess\u00e9 de proposer au public des machins-trucs de qualit\u00e9 depuis lors. Situ\u00e9e \u00e0 Saint-Remy-en-Bouzemont-Saint-Genest-et-Isson, 123 Machin Truc emploie 2 000 personnes, et fabrique toutes sortes de bidules super pour la communaut\u00e9 bouzemontoise.<\/p><\/blockquote>\n\n\n\n<p>En tant que nouvel utilisateur ou utilisatrice de WordPress, vous devriez vous rendre sur <a href=\"https:\/\/wordpress.msh-lse.fr\/declart\/wp-admin\/\">votre tableau de bord<\/a> pour supprimer cette page et cr\u00e9er de nouvelles pages pour votre contenu. Amusez-vous bien&nbsp;!<\/p>\n","protected":false},"excerpt":{"rendered":"<p>Name Position Description for this block. Use this space for describing your block. Any text will do. Description for this block. You can use this space for describing your block. Name Position Description for this block. Use this space for describing your block. Any text will do. Description for this block. You can use this&#8230;<\/p>\n","protected":false},"author":1,"featured_media":0,"parent":5,"menu_order":0,"comment_status":"closed","ping_status":"closed","template":"","meta":{"_acf_changed":false,"_kad_post_transparent":"","_kad_post_title":"","_kad_post_layout":"","_kad_post_sidebar_id":"","_kad_post_content_style":"","_kad_post_vertical_padding":"","_kad_post_feature":"","_kad_post_feature_position":"","_kad_post_header":false,"_kad_post_footer":false,"_kad_post_classname":"","footnotes":""},"class_list":["post-17","page","type-page","status-publish","hentry"],"acf":[],"featured_image_urls_v2":{"full":"","thumbnail":"","medium":"","medium_large":"","large":"","1536x1536":"","2048x2048":""},"post_excerpt_stackable_v2":"<p>NamePositionDescription for this block. Use this space for describing your block. Any text will do. Description for this block. You can use this space for describing your block.NamePositionDescription for this block. Use this space for describing your block. Any text will do. Description for this block. You can use this space for describing your block. NamePositionDescription for this block. Use this space for describing your block. Any text will do. Description for this block. You can use this space for describing your block.NamePositionDescription for this block. Use this space for describing your block. Any text will do. Description for this\u2026<\/p>\n","category_list_v2":"","author_info_v2":{"name":"WEB02-VINCENT","url":"https:\/\/web.msh-lse.fr\/declart\/author\/vincent\/"},"comments_num_v2":"0 commentaire","_links":{"self":[{"href":"https:\/\/web.msh-lse.fr\/declart\/wp-json\/wp\/v2\/pages\/17","targetHints":{"allow":["GET"]}}],"collection":[{"href":"https:\/\/web.msh-lse.fr\/declart\/wp-json\/wp\/v2\/pages"}],"about":[{"href":"https:\/\/web.msh-lse.fr\/declart\/wp-json\/wp\/v2\/types\/page"}],"author":[{"embeddable":true,"href":"https:\/\/web.msh-lse.fr\/declart\/wp-json\/wp\/v2\/users\/1"}],"replies":[{"embeddable":true,"href":"https:\/\/web.msh-lse.fr\/declart\/wp-json\/wp\/v2\/comments?post=17"}],"version-history":[{"count":5,"href":"https:\/\/web.msh-lse.fr\/declart\/wp-json\/wp\/v2\/pages\/17\/revisions"}],"predecessor-version":[{"id":2400,"href":"https:\/\/web.msh-lse.fr\/declart\/wp-json\/wp\/v2\/pages\/17\/revisions\/2400"}],"up":[{"embeddable":true,"href":"https:\/\/web.msh-lse.fr\/declart\/wp-json\/wp\/v2\/pages\/5"}],"wp:attachment":[{"href":"https:\/\/web.msh-lse.fr\/declart\/wp-json\/wp\/v2\/media?parent=17"}],"curies":[{"name":"wp","href":"https:\/\/api.w.org\/{rel}","templated":true}]}}