{"id":15,"date":"2020-03-23T14:45:39","date_gmt":"2020-03-23T13:45:39","guid":{"rendered":"https:\/\/wordpress.msh-lse.fr\/declart\/?page_id=15"},"modified":"2020-11-05T15:14:24","modified_gmt":"2020-11-05T15:14:24","slug":"videos","status":"publish","type":"page","link":"https:\/\/web.msh-lse.fr\/declart\/videos\/","title":{"rendered":"Colloque et entretiens"},"content":{"rendered":"\n<p>Le colloque international \u00ab Politiques culturelles et ordre social : morales, \u00e9carts, possibles (1968-2018) \u00bb, organis\u00e9 \u00e0 Lyon et Villeurbanne les 12 et 13 d\u00e9cembre 2019, s\u2019est empar\u00e9 de l\u2019\u00e9volution des r\u00e9f\u00e9rentiels de l\u2019action culturelle pour interroger de mani\u00e8re pluridisciplinaire la fa\u00e7on dont ils parlent de (ou taisent) la relation entre politique et culture. Ces enjeux ont \u00e9t\u00e9 travaill\u00e9es dans trois directions : la sp\u00e9cialisation des protagonistes de la culture (op\u00e9rateurs, artistes, public) ; la territorialisation de la culture (entre essoufflement des politiques culturelles nationales, internationalisation et mont\u00e9e en puissance du fait urbain) ; les cadres institutionnels et organisationnels de l\u2019activit\u00e9 culturelle (leur caract\u00e8re contraignant et leurs interstices).<\/p>\n\n\n\n<p>En mai 1968, des \u00c9tats g\u00e9n\u00e9raux de la Culture se tiennent au Th\u00e9\u00e2tre de la Cit\u00e9 de Villeurbanne, autour de Roger Planchon et Francis Jeanson. En ce cinquanti\u00e8me anniversaire de la D\u00e9claration de Villeurbanne, texte fondateur, engag\u00e9 et ambigu, ce colloque s\u2019inscrit dans le travail men\u00e9 par un collectif de chercheur.es et de professionnel.le.s du monde culturel et artistique form\u00e9 pour se saisir de la question de la politisation par la culture \u00e0 partir du point de rupture de 1968 et dans son actualit\u00e9 la plus vive (Projet DECLART).<\/p>\n\n\n\n<p>Dans les murs m\u00eames du TNP, ex-th\u00e9\u00e2tre de la Cit\u00e9 de Villeurbanne, une parole collective et contrast\u00e9e, vivante et non consensuelle, s\u2019est exprim\u00e9e lors de ces deux journ\u00e9es, \u00e0 partir d\u2019un dialogue exigeant entre les chercheur.es fran\u00e7ais.es, mais aussi belges, serbes et canadien.nes, sp\u00e9cialistes de la m\u00e9diation, de la socio-\u00e9conomie de la culture, des \u00e9tudes th\u00e9\u00e2trales, en synergie avec les praticien.nes invit\u00e9.es pour discuter les communications. Cette polyphonie in\u00e9dite a \u00e9t\u00e9 orchestr\u00e9e en cinq mouvements, qui ont mis en exergue les questions saillantes les plus urgentes, sensibles, \u00e2pres, pos\u00e9es \u00e0 l\u2019agir culturel.<\/p>\n\n\n\n<ol class=\"wp-block-list\"><li>Territoires et lieux : enjeux g\u00e9ographiques et symboliques<\/li><li>Non-publics, marges et politiques culturelles<\/li><li>Reconfiguration des cadres, des professions et des formes d\u2019\u00e9valuation<\/li><li>Repolitisation de l\u2019exp\u00e9rience culturelle<\/li><li>Op\u00e9rateurs, publics et circulations de la culture<\/li><\/ol>\n\n\n\n<p><strong>Le colloque est organis\u00e9 par :<\/strong>\u00a0<a rel=\"noreferrer noopener\" href=\"http:\/\/elico-recherche.ish-lyon.cnrs.fr\/\" target=\"_blank\">ELICO<\/a>\u00a0EA 4147,\u00a0<a rel=\"noreferrer noopener\" href=\"https:\/\/passagesxx-xxi.univ-lyon2.fr\/\" target=\"_blank\">Passages XX-XXI<\/a>\u00a0EA 4160;\u00a0<a rel=\"noreferrer noopener\" href=\"http:\/\/www.ensba-lyon.fr\/\" target=\"_blank\">l\u2019\u00c9cole Nationale Sup\u00e9rieure des Beaux-Arts de Lyon<\/a>\u00a0(ENSBAL); le\u00a0<a rel=\"noreferrer noopener\" href=\"http:\/\/www.culture.gouv.fr\/Nous-connaitre\/Decouvrir-le-ministere\/Histoire-du-ministere\/Le-Comite-d-histoire\" target=\"_blank\">Comit\u00e9 d\u2019Histoire du Minist\u00e8re de la Culture<\/a>\u00a0(CHMC); en partenariat avec le\u00a0<a rel=\"noreferrer noopener\" href=\"https:\/\/www.tnp-villeurbanne.com\/\" target=\"_blank\">Th\u00e9\u00e2tre National Populaire<\/a>\u00a0\u00e0 Villeurbanne (TNP), avec le soutien de l\u2019<a rel=\"noreferrer noopener\" href=\"https:\/\/www.univ-lyon2.fr\/\" target=\"_blank\">Universit\u00e9 Lumi\u00e8re Lyon 2<\/a>\u00a0et de la\u00a0<a rel=\"noreferrer noopener\" href=\"https:\/\/www.msh-lse.fr\/\" target=\"_blank\">Maison des Sciences de l\u2019Homme Lyon Saint-Etienne<\/a>\u00a0(MSH LSE).<\/p>\n","protected":false},"excerpt":{"rendered":"<p>Le colloque international \u00ab Politiques culturelles et ordre social : morales, \u00e9carts, possibles (1968-2018) \u00bb, organis\u00e9 \u00e0 Lyon et Villeurbanne les 12 et 13 d\u00e9cembre 2019, s\u2019est empar\u00e9 de l\u2019\u00e9volution des r\u00e9f\u00e9rentiels de l\u2019action culturelle pour interroger de mani\u00e8re pluridisciplinaire la fa\u00e7on dont ils parlent de (ou taisent) la relation entre politique et culture. Ces&#8230;<\/p>\n","protected":false},"author":1,"featured_media":0,"parent":0,"menu_order":0,"comment_status":"closed","ping_status":"closed","template":"","meta":{"_acf_changed":false,"_kad_post_transparent":"","_kad_post_title":"","_kad_post_layout":"","_kad_post_sidebar_id":"","_kad_post_content_style":"","_kad_post_vertical_padding":"","_kad_post_feature":"","_kad_post_feature_position":"","_kad_post_header":false,"_kad_post_footer":false,"_kad_post_classname":"","footnotes":""},"class_list":["post-15","page","type-page","status-publish","hentry"],"acf":[],"featured_image_urls_v2":{"full":"","thumbnail":"","medium":"","medium_large":"","large":"","1536x1536":"","2048x2048":""},"post_excerpt_stackable_v2":"<p>Le colloque international \u00ab Politiques culturelles et ordre social : morales, \u00e9carts, possibles (1968-2018) \u00bb, organis\u00e9 \u00e0 Lyon et Villeurbanne les 12 et 13 d\u00e9cembre 2019, s\u2019est empar\u00e9 de l\u2019\u00e9volution des r\u00e9f\u00e9rentiels de l\u2019action culturelle pour interroger de mani\u00e8re pluridisciplinaire la fa\u00e7on dont ils parlent de (ou taisent) la relation entre politique et culture. Ces enjeux ont \u00e9t\u00e9 travaill\u00e9es dans trois directions : la sp\u00e9cialisation des protagonistes de la culture (op\u00e9rateurs, artistes, public) ; la territorialisation de la culture (entre essoufflement des politiques culturelles nationales, internationalisation et mont\u00e9e en puissance du fait urbain) ; les cadres institutionnels et organisationnels de\u2026<\/p>\n","category_list_v2":"","author_info_v2":{"name":"WEB02-VINCENT","url":"https:\/\/web.msh-lse.fr\/declart\/author\/vincent\/"},"comments_num_v2":"0 commentaire","_links":{"self":[{"href":"https:\/\/web.msh-lse.fr\/declart\/wp-json\/wp\/v2\/pages\/15","targetHints":{"allow":["GET"]}}],"collection":[{"href":"https:\/\/web.msh-lse.fr\/declart\/wp-json\/wp\/v2\/pages"}],"about":[{"href":"https:\/\/web.msh-lse.fr\/declart\/wp-json\/wp\/v2\/types\/page"}],"author":[{"embeddable":true,"href":"https:\/\/web.msh-lse.fr\/declart\/wp-json\/wp\/v2\/users\/1"}],"replies":[{"embeddable":true,"href":"https:\/\/web.msh-lse.fr\/declart\/wp-json\/wp\/v2\/comments?post=15"}],"version-history":[{"count":4,"href":"https:\/\/web.msh-lse.fr\/declart\/wp-json\/wp\/v2\/pages\/15\/revisions"}],"predecessor-version":[{"id":1249,"href":"https:\/\/web.msh-lse.fr\/declart\/wp-json\/wp\/v2\/pages\/15\/revisions\/1249"}],"wp:attachment":[{"href":"https:\/\/web.msh-lse.fr\/declart\/wp-json\/wp\/v2\/media?parent=15"}],"curies":[{"name":"wp","href":"https:\/\/api.w.org\/{rel}","templated":true}]}}