{"id":1734,"date":"2021-06-11T11:09:23","date_gmt":"2021-06-11T09:09:23","guid":{"rendered":"https:\/\/web.msh-lse.fr\/covimob\/?page_id=1734"},"modified":"2024-05-02T17:25:53","modified_gmt":"2024-05-02T15:25:53","slug":"page-accueil-version-2","status":"publish","type":"page","link":"https:\/\/web.msh-lse.fr\/covimob\/","title":{"rendered":"Page Accueil version 2"},"content":{"rendered":"\t\t<div data-elementor-type=\"wp-page\" data-elementor-id=\"1734\" class=\"elementor elementor-1734\" data-elementor-post-type=\"page\">\n\t\t\t\t\t\t<section class=\"elementor-section elementor-top-section elementor-element elementor-element-b7c97d5 elementor-section-boxed elementor-section-height-default elementor-section-height-default\" data-id=\"b7c97d5\" data-element_type=\"section\" data-e-type=\"section\">\n\t\t\t\t\t\t<div class=\"elementor-container elementor-column-gap-default\">\n\t\t\t\t\t<div class=\"elementor-column elementor-col-100 elementor-top-column elementor-element elementor-element-c8b6166\" data-id=\"c8b6166\" data-element_type=\"column\" data-e-type=\"column\">\n\t\t\t<div class=\"elementor-widget-wrap elementor-element-populated\">\n\t\t\t\t\t\t<div class=\"elementor-element elementor-element-754efbb elementor-widget elementor-widget-spacer\" data-id=\"754efbb\" data-element_type=\"widget\" data-e-type=\"widget\" data-widget_type=\"spacer.default\">\n\t\t\t\t<div class=\"elementor-widget-container\">\n\t\t\t\t\t\t\t<div class=\"elementor-spacer\">\n\t\t\t<div class=\"elementor-spacer-inner\"><\/div>\n\t\t<\/div>\n\t\t\t\t\t\t<\/div>\n\t\t\t\t<\/div>\n\t\t\t\t\t<\/div>\n\t\t<\/div>\n\t\t\t\t\t<\/div>\n\t\t<\/section>\n\t\t\t\t<section class=\"elementor-section elementor-top-section elementor-element elementor-element-7e4c26a elementor-section-boxed elementor-section-height-default elementor-section-height-default\" data-id=\"7e4c26a\" data-element_type=\"section\" data-e-type=\"section\">\n\t\t\t\t\t\t<div class=\"elementor-container elementor-column-gap-default\">\n\t\t\t\t\t<div class=\"elementor-column elementor-col-100 elementor-top-column elementor-element elementor-element-2387f8f\" data-id=\"2387f8f\" data-element_type=\"column\" data-e-type=\"column\">\n\t\t\t<div class=\"elementor-widget-wrap elementor-element-populated\">\n\t\t\t\t\t\t<div class=\"elementor-element elementor-element-8080178 elementor-widget elementor-widget-image\" data-id=\"8080178\" data-element_type=\"widget\" data-e-type=\"widget\" data-widget_type=\"image.default\">\n\t\t\t\t<div class=\"elementor-widget-container\">\n\t\t\t\t\t\t\t\t\t\t\t\t\t\t\t<img decoding=\"async\" src=\"https:\/\/web.msh-lse.fr\/covimob\/wp-content\/uploads\/sites\/11\/2021\/07\/IMG_20210706_080614-150x150.jpg\" title=\"IMG_20210706_080614\" alt=\"IMG_20210706_080614\" loading=\"lazy\" \/>\t\t\t\t\t\t\t\t\t\t\t\t\t\t\t<\/div>\n\t\t\t\t<\/div>\n\t\t\t\t<div class=\"elementor-element elementor-element-1729f9c elementor-widget elementor-widget-text-editor\" data-id=\"1729f9c\" data-element_type=\"widget\" data-e-type=\"widget\" data-widget_type=\"text-editor.default\">\n\t\t\t\t<div class=\"elementor-widget-container\">\n\t\t\t\t\t\t\t\t\t<p style=\"text-align: justify;\"><span style=\"font-family: times new roman, times, serif; color: #000000;\">Le projet <span style=\"color: #0000ff;\"><strong>CoviMob<\/strong> <\/span>port\u00e9 par le LAET s\u2019int\u00e9resse aux transformations des pratiques de mobilit\u00e9s durant \u00e0 la crise sanitaire du Covid-19\u00a0 dans le territoire de la m\u00e9tropole de Lyon et du d\u00e9partement du Rh\u00f4ne.<\/span><\/p><p><span style=\"font-size: 12pt; font-family: times new roman, times, serif; color: #000000;\">L\u2019objectif du projet <span style=\"color: #0000ff;\"><strong>CoviMob<\/strong><\/span> \u00ab\u00a0Crise Sanitaire et Mobilit\u00e9\u00a0\u00bb est d&rsquo;\u00e9tudier la mani\u00e8re dont la crise sanitaire, et les diff\u00e9rents contextes qui en ont d\u00e9coul\u00e9 (confinement puis \u00ab reprise partielle \u00bb, etc.), transforment les pratiques de mobilit\u00e9. A cette fin, le projet vise \u00e0 articuler des donn\u00e9es et informations de natures et formats diff\u00e9rents : indicateurs de comptages pour les transports en commun, le v\u00e9lo et le trafic routier, donn\u00e9es mobiles, entretiens qualitatifs, et donn\u00e9es d\u2019enqu\u00eates quantitatives par questionnaires. Le terrain choisi pour ce travail est la m\u00e9tropole de Lyon et le d\u00e9partement du Rh\u00f4ne, qui nous permet de rendre compte d\u2019une grande diversit\u00e9 de situations socio-spatiales.<\/span><\/p><p><span style=\"font-size: 12pt; font-family: times new roman, times, serif;\"><span style=\"color: #000000;\">Le projet <span style=\"color: #0000ff;\"><strong>CoviMob<\/strong><\/span>, collaboration entre le LAET, et les bureaux d&rsquo;\u00e9tude ARCADIS, MOBIL\u2019HOMME, et TRANSAE, est financ\u00e9 par la M\u00e9tropole de Lyon, le SYTRAL, l\u2019IDEX Lyon et le CNRS.<\/span> <\/span><\/p>\t\t\t\t\t\t\t\t<\/div>\n\t\t\t\t<\/div>\n\t\t\t\t\t<\/div>\n\t\t<\/div>\n\t\t\t\t\t<\/div>\n\t\t<\/section>\n\t\t\t\t<section class=\"elementor-section elementor-top-section elementor-element elementor-element-937f305 elementor-section-boxed elementor-section-height-default elementor-section-height-default\" data-id=\"937f305\" data-element_type=\"section\" data-e-type=\"section\">\n\t\t\t\t\t\t<div class=\"elementor-container elementor-column-gap-default\">\n\t\t\t\t\t<div class=\"elementor-column elementor-col-100 elementor-top-column elementor-element elementor-element-d08eb0a\" data-id=\"d08eb0a\" data-element_type=\"column\" data-e-type=\"column\">\n\t\t\t<div class=\"elementor-widget-wrap elementor-element-populated\">\n\t\t\t\t\t\t<div class=\"elementor-element elementor-element-b2b73a0 elementor-widget elementor-widget-wp-widget-text\" data-id=\"b2b73a0\" data-element_type=\"widget\" data-e-type=\"widget\" data-widget_type=\"wp-widget-text.default\">\n\t\t\t\t<div class=\"elementor-widget-container\">\n\t\t\t\t\t\t\t\t<div class=\"textwidget\"><\/div>\n\t\t\t\t\t\t<\/div>\n\t\t\t\t<\/div>\n\t\t\t\t\t<\/div>\n\t\t<\/div>\n\t\t\t\t\t<\/div>\n\t\t<\/section>\n\t\t\t\t<section class=\"elementor-section elementor-top-section elementor-element elementor-element-516d794 elementor-section-boxed elementor-section-height-default elementor-section-height-default\" data-id=\"516d794\" data-element_type=\"section\" data-e-type=\"section\">\n\t\t\t\t\t\t<div class=\"elementor-container elementor-column-gap-default\">\n\t\t\t\t\t<div class=\"elementor-column elementor-col-100 elementor-top-column elementor-element elementor-element-47dfadd\" data-id=\"47dfadd\" data-element_type=\"column\" data-e-type=\"column\">\n\t\t\t<div class=\"elementor-widget-wrap elementor-element-populated\">\n\t\t\t\t\t\t<div class=\"elementor-element elementor-element-95c027d elementor-widget elementor-widget-text-editor\" data-id=\"95c027d\" data-element_type=\"widget\" data-e-type=\"widget\" data-widget_type=\"text-editor.default\">\n\t\t\t\t<div class=\"elementor-widget-container\">\n\t\t\t\t\t\t\t\t\t<p style=\"text-align: center;\"><span style=\"font-size: 10pt; color: #000000; font-family: times new roman, times, serif;\">L&rsquo;\u00e9volution d&rsquo;usage de la voiture, du v\u00e9lo et des transports en commun dans la r\u00e9gion de Lyon et le d\u00e9partement du Rh\u00f4ne depuis janvier 2019 (Donn\u00e9es extraites des compteurs de la M\u00e9tropole et trait\u00e9es par Arcadis)<\/span><\/p>\n<p style=\"text-align: center;\"><span style=\"font-size: 10pt; color: #000000; font-family: times new roman, times, serif;\">The&nbsp; evolution of car, bicycle and public transport use in the Lyon region and the Rh\u00f4ne department in 2022 compared to 2019 (Data extracted from metropolis counting stations and processed by Arcadis)<\/span><\/p>\t\t\t\t\t\t\t\t<\/div>\n\t\t\t\t<\/div>\n\t\t\t\t<div class=\"elementor-element elementor-element-a1d986a elementor-widget elementor-widget-image\" data-id=\"a1d986a\" data-element_type=\"widget\" data-e-type=\"widget\" data-widget_type=\"image.default\">\n\t\t\t\t<div class=\"elementor-widget-container\">\n\t\t\t\t\t\t\t\t\t\t\t\t\t\t\t<img fetchpriority=\"high\" decoding=\"async\" width=\"922\" height=\"720\" src=\"https:\/\/web.msh-lse.fr\/covimob\/wp-content\/uploads\/sites\/11\/2024\/05\/020524.png\" class=\"attachment-large size-large wp-image-2461\" alt=\"\" srcset=\"https:\/\/web.msh-lse.fr\/covimob\/wp-content\/uploads\/sites\/11\/2024\/05\/020524.png 922w, https:\/\/web.msh-lse.fr\/covimob\/wp-content\/uploads\/sites\/11\/2024\/05\/020524-300x234.png 300w, https:\/\/web.msh-lse.fr\/covimob\/wp-content\/uploads\/sites\/11\/2024\/05\/020524-768x600.png 768w\" sizes=\"(max-width: 922px) 100vw, 922px\" \/>\t\t\t\t\t\t\t\t\t\t\t\t\t\t\t<\/div>\n\t\t\t\t<\/div>\n\t\t\t\t\t<\/div>\n\t\t<\/div>\n\t\t\t\t\t<\/div>\n\t\t<\/section>\n\t\t\t\t<section class=\"elementor-section elementor-top-section elementor-element elementor-element-ef757a7 elementor-section-boxed elementor-section-height-default elementor-section-height-default\" data-id=\"ef757a7\" data-element_type=\"section\" data-e-type=\"section\">\n\t\t\t\t\t\t<div class=\"elementor-container elementor-column-gap-default\">\n\t\t\t\t\t<div class=\"elementor-column elementor-col-100 elementor-top-column elementor-element elementor-element-2f8a856\" data-id=\"2f8a856\" data-element_type=\"column\" data-e-type=\"column\">\n\t\t\t<div class=\"elementor-widget-wrap elementor-element-populated\">\n\t\t\t\t\t\t\t<\/div>\n\t\t<\/div>\n\t\t\t\t\t<\/div>\n\t\t<\/section>\n\t\t\t\t<section class=\"elementor-section elementor-top-section elementor-element elementor-element-c2dbe96 elementor-section-boxed elementor-section-height-default elementor-section-height-default\" data-id=\"c2dbe96\" data-element_type=\"section\" data-e-type=\"section\">\n\t\t\t\t\t\t<div class=\"elementor-container elementor-column-gap-default\">\n\t\t\t\t\t<div class=\"elementor-column elementor-col-100 elementor-top-column elementor-element elementor-element-5d74225\" data-id=\"5d74225\" data-element_type=\"column\" data-e-type=\"column\">\n\t\t\t<div class=\"elementor-widget-wrap elementor-element-populated\">\n\t\t\t\t\t\t\t<\/div>\n\t\t<\/div>\n\t\t\t\t\t<\/div>\n\t\t<\/section>\n\t\t\t\t<section class=\"elementor-section elementor-top-section elementor-element elementor-element-ad063e8 elementor-section-boxed elementor-section-height-default elementor-section-height-default\" data-id=\"ad063e8\" data-element_type=\"section\" data-e-type=\"section\">\n\t\t\t\t\t\t<div class=\"elementor-container elementor-column-gap-default\">\n\t\t\t\t\t<div class=\"elementor-column elementor-col-100 elementor-top-column elementor-element elementor-element-d5b13f5\" data-id=\"d5b13f5\" data-element_type=\"column\" data-e-type=\"column\">\n\t\t\t<div class=\"elementor-widget-wrap elementor-element-populated\">\n\t\t\t\t\t\t<div class=\"elementor-element elementor-element-2251b18 elementor-widget elementor-widget-text-editor\" data-id=\"2251b18\" data-element_type=\"widget\" data-e-type=\"widget\" data-widget_type=\"text-editor.default\">\n\t\t\t\t<div class=\"elementor-widget-container\">\n\t\t\t\t\t\t\t\t\t<p><span style=\"font-family: times new roman, times, serif; color: #000000;\">The <span style=\"color: #0000ff;\"><strong>CoviMob<\/strong> <\/span>project led by LAET focuses on the transformations of mobility practices during the Covid-19 in the territory of the metropolis of Lyon and the Rh\u00f4ne department.<\/span><\/p>\n<p><span style=\"font-family: times new roman, times, serif; font-size: 12pt; color: #000000;\">The objective of <span style=\"color: #0000ff;\"><strong>CoviMob<\/strong><\/span> \u00ab\u00a0Crise Sanitaire et Mobilit\u00e9\u00a0\u00bb project is to study how the health crisis, and the different contexts that have resulted from it (lockdown then \u00ab\u00a0partial unlocking\u00a0\u00bb, etc.), are transforming mobility practices. To this end, the project aims to articulate data and information of different natures and formats: counting indicators for public transport, cycling and road traffic, mobile phone data, qualitative interviews, and data from quantitative surveys by questionnaires. The field chosen for this work is the metropolis of Lyon and the Rh\u00f4ne <\/span><span style=\"font-family: times new roman, times, serif; font-size: 12pt; color: #000000;\"><span style=\"font-family: times new roman, times, serif; font-size: 12pt; color: #000000;\">department<\/span>, which allows us to report on a great diversity of socio-spatial situations..<\/span><\/p>\n<p><span style=\"font-family: times new roman, times, serif; font-size: 12pt; color: #000000;\">The <span style=\"color: #0000ff;\"><strong>CoviMob<\/strong> <\/span>project is a collaboration between LAET, the design offices ARCADIS, MOBIL\u2019HOMME, &amp; TRANSAE, &amp; financed by M\u00e9tropole de Lyon,&nbsp; SYTRAL, IDEX Lyon &amp; CNRS.<\/span><\/p>\t\t\t\t\t\t\t\t<\/div>\n\t\t\t\t<\/div>\n\t\t\t\t\t<\/div>\n\t\t<\/div>\n\t\t\t\t\t<\/div>\n\t\t<\/section>\n\t\t\t\t<\/div>\n\t\t","protected":false},"excerpt":{"rendered":"<p>Le projet CoviMob port\u00e9 par le LAET s\u2019int\u00e9resse aux transformations des pratiques de mobilit\u00e9s durant \u00e0 la crise sanitaire du Covid-19\u00a0 dans le territoire de la m\u00e9tropole de Lyon et du d\u00e9partement du Rh\u00f4ne. L\u2019objectif du projet CoviMob \u00ab\u00a0Crise Sanitaire et Mobilit\u00e9\u00a0\u00bb est d&rsquo;\u00e9tudier la mani\u00e8re dont la crise sanitaire, et les diff\u00e9rents contextes qui&#8230;<\/p>\n","protected":false},"author":23,"featured_media":0,"parent":0,"menu_order":0,"comment_status":"closed","ping_status":"closed","template":"","meta":{"_kadence_starter_templates_imported_post":false,"_kad_post_transparent":"","_kad_post_title":"hide","_kad_post_layout":"fullwidth","_kad_post_sidebar_id":"","_kad_post_content_style":"unboxed","_kad_post_vertical_padding":"hide","_kad_post_feature":"hide","_kad_post_feature_position":"","_kad_post_header":false,"_kad_post_footer":false,"_kad_post_classname":"","footnotes":""},"class_list":["post-1734","page","type-page","status-publish","hentry"],"_links":{"self":[{"href":"https:\/\/web.msh-lse.fr\/covimob\/wp-json\/wp\/v2\/pages\/1734","targetHints":{"allow":["GET"]}}],"collection":[{"href":"https:\/\/web.msh-lse.fr\/covimob\/wp-json\/wp\/v2\/pages"}],"about":[{"href":"https:\/\/web.msh-lse.fr\/covimob\/wp-json\/wp\/v2\/types\/page"}],"author":[{"embeddable":true,"href":"https:\/\/web.msh-lse.fr\/covimob\/wp-json\/wp\/v2\/users\/23"}],"replies":[{"embeddable":true,"href":"https:\/\/web.msh-lse.fr\/covimob\/wp-json\/wp\/v2\/comments?post=1734"}],"version-history":[{"count":271,"href":"https:\/\/web.msh-lse.fr\/covimob\/wp-json\/wp\/v2\/pages\/1734\/revisions"}],"predecessor-version":[{"id":2464,"href":"https:\/\/web.msh-lse.fr\/covimob\/wp-json\/wp\/v2\/pages\/1734\/revisions\/2464"}],"wp:attachment":[{"href":"https:\/\/web.msh-lse.fr\/covimob\/wp-json\/wp\/v2\/media?parent=1734"}],"curies":[{"name":"wp","href":"https:\/\/api.w.org\/{rel}","templated":true}]}}