{"id":1703,"date":"2021-06-10T15:05:23","date_gmt":"2021-06-10T13:05:23","guid":{"rendered":"https:\/\/web.msh-lse.fr\/covimob\/?page_id=1703"},"modified":"2022-04-01T14:20:14","modified_gmt":"2022-04-01T12:20:14","slug":"page-5","status":"publish","type":"page","link":"https:\/\/web.msh-lse.fr\/covimob\/page-5\/","title":{"rendered":"Contact &#8211; LAET"},"content":{"rendered":"\n<p class=\"has-theme-palette-1-color has-text-color\" style=\"font-size:21px;line-height:1\"><strong>Olivier Klein<\/strong>                                                                                                                                                                                                                                   <\/p>\n\n\n\n<p style=\"font-size:21px;line-height:0\">Directeur adjoint \/ Director                                                                                                                                                                                          <\/p>\n\n\n\n<p style=\"font-size:21px;line-height:0\"><a href=\"http:\/\/www.laet.science\/Presentation-du-LET?lang=fr\" data-type=\"URL\" data-id=\"http:\/\/www.laet.science\/Presentation-du-LET?lang=fr\" target=\"_blank\" rel=\"noreferrer noopener\">Laboratoire Am\u00e9nagement Economie Transports<\/a> (UMR 5593) &#8211; <a href=\"http:\/\/www.laet.science\/About-LET,114?lang=en\" data-type=\"URL\" data-id=\"http:\/\/www.laet.science\/About-LET,114?lang=en\" target=\"_blank\" rel=\"noreferrer noopener\">Transport, Urban Planning and Economics Laboratory<\/a> (LAET)  <\/p>\n\n\n\n<p style=\"font-size:21px;line-height:0\">LAET-ENTPE,  2 rue Maurice Audin, F-69518 Vaulx-en-Velin cedex                                                                   <\/p>\n\n\n\n<p style=\"font-size:21px;line-height:0\">+33 (0)4 72 04 77 18 \/+33 (0)6 71 80 60 07                                                                                                                                                                                          <\/p>\n\n\n\n<p style=\"font-size:21px;line-height:0\"><a href=\"mailto:olivier.klein@entpe.fr\"><strong>olivier.klein@entpe.fr<\/strong><\/a><\/p>\n\n\n\n<p style=\"font-size:21px;line-height:0.7\"><\/p>\n\n\n\n<p><\/p>\n\n\n\n<p><\/p>\n\n\n\n<p style=\"font-size:21px;line-height:0.7\"><\/p>\n\n\n\n<p style=\"font-size:21px;line-height:0.7\"><\/p>\n\n\n\n<p class=\"has-theme-palette-1-color has-text-color\" style=\"font-size:21px;line-height:1\"><strong>St\u00e9phanie Vincent<\/strong>                                                                                                                                                                                                                         <\/p>\n\n\n\n<p style=\"font-size:21px;line-height:0\">Ma\u00eetresse de conf\u00e9rence<br><\/p>\n\n\n\n<p style=\"font-size:21px;line-height:0\">Institut d\u2019Urbanisme de Lyon, 14 avenue Berthelot, 69007 Lyon&nbsp;<br><\/p>\n\n\n\n<p style=\"font-size:21px;line-height:0\">Chercheure \/ Researcher<br><\/p>\n\n\n\n<p style=\"font-size:21px;line-height:0\"><a href=\"http:\/\/www.laet.science\/Presentation-du-LET?lang=fr\" data-type=\"URL\" data-id=\"http:\/\/www.laet.science\/Presentation-du-LET?lang=fr\" target=\"_blank\" rel=\"noreferrer noopener\">Laboratoire Am\u00e9nagement Economie Transports<\/a> (UMR 5593) &#8211; <a href=\"http:\/\/www.laet.science\/About-LET,114?lang=en\" data-type=\"URL\" data-id=\"http:\/\/www.laet.science\/About-LET,114?lang=en\" target=\"_blank\" rel=\"noreferrer noopener\">Transport, Urban Planning and Economics Laboratory<\/a> (LAET)<br><\/p>\n\n\n\n<p style=\"font-size:21px;line-height:0\"><strong><a href=\"mailto:Stephanie1.Vincent@univ-lyon2.fr\">Stephanie1.Vincent@univ-lyon2.fr<\/a><\/strong><\/p>\n\n\n\n<p style=\"font-size:21px;line-height:0.7\"><\/p>\n\n\n\n<p><\/p>\n\n\n\n<p><\/p>\n\n\n\n<p style=\"font-size:21px;line-height:0.7\"><\/p>\n\n\n\n<p style=\"font-size:21px;line-height:0.7\"><\/p>\n\n\n\n<p class=\"has-theme-palette-1-color has-text-color\" style=\"font-size:21px;line-height:1\"><strong>Pascal Pochet<\/strong>                                                                                                                                                                                                                                                    <\/p>\n\n\n\n<p style=\"font-size:21px;line-height:0\">Chercheur \/ Researcher<\/p>\n\n\n\n<p style=\"font-size:21px;line-height:0\"><a href=\"http:\/\/www.laet.science\/Presentation-du-LET?lang=fr\" data-type=\"URL\" data-id=\"http:\/\/www.laet.science\/Presentation-du-LET?lang=fr\" target=\"_blank\" rel=\"noreferrer noopener\">Laboratoire Am\u00e9nagement Economie Transports (<\/a>UMR 5593) &#8211; <a href=\"http:\/\/www.laet.science\/About-LET,114?lang=en\" data-type=\"URL\" data-id=\"http:\/\/www.laet.science\/About-LET,114?lang=en\" target=\"_blank\" rel=\"noreferrer noopener\">Transport, Urban Planning and Economics Laboratory<\/a> (LAET)<br><\/p>\n\n\n\n<p style=\"font-size:21px;line-height:0\"> 2 rue Maurice Audin, F-69518 Vaulx-en-Velin cedex                                      <\/p>\n\n\n\n<p style=\"font-size:21px;line-height:0\"><strong><a href=\"mailto:pascal.pochet@entpe.fr\">pascal.pochet@entpe.fr<\/a>     <\/strong>                                                                                                             <\/p>\n\n\n\n<p style=\"font-size:21px;line-height:0.7\"><\/p>\n\n\n\n<p><\/p>\n\n\n\n<p style=\"font-size:21px;line-height:1\"><span style=\"color:#3182CE\" class=\"tadv-color\"><strong>Ali El Zein<\/strong>                                                                                                                                                                                                                    <\/span><\/p>\n\n\n\n<p style=\"font-size:21px;line-height:0\">Postdoctorant \/ Postdoc<\/p>\n\n\n\n<p style=\"font-size:21px;line-height:0\"><br><a href=\"http:\/\/www.laet.science\/Presentation-du-LET?lang=fr\" data-type=\"URL\" data-id=\"http:\/\/www.laet.science\/Presentation-du-LET?lang=fr\" target=\"_blank\" rel=\"noreferrer noopener\">Laboratoire Am\u00e9nagement Economie Transports<\/a> (UMR 5593) &#8211; <a href=\"http:\/\/www.laet.science\/About-LET,114?lang=en\" data-type=\"URL\" data-id=\"http:\/\/www.laet.science\/About-LET,114?lang=en\" target=\"_blank\" rel=\"noreferrer noopener\">Transport, Urban Planning and Economics Laboratory<\/a> (LAET)<\/p>\n\n\n\n<p style=\"font-size:21px;line-height:0\">2 rue Maurice Audin, F-69518 Vaulx-en-Velin cedex                                                       <\/p>\n\n\n\n<p style=\"font-size:21px;line-height:0\"><strong><a href=\"mailto:ali.elzein@entpe.fr\">ali.elzein@entpe.fr<\/a><\/strong><\/p>\n\n\n\n<p style=\"font-size:21px;line-height:0.7\"><\/p>\n","protected":false},"excerpt":{"rendered":"<p>Olivier Klein Directeur adjoint \/ Director Laboratoire Am\u00e9nagement Economie Transports (UMR 5593) &#8211; Transport, Urban Planning and Economics Laboratory (LAET) LAET-ENTPE, 2 rue Maurice Audin, F-69518 Vaulx-en-Velin cedex +33 (0)4 72 04 77 18 \/+33 (0)6 71 80 60 07 olivier.klein@entpe.fr St\u00e9phanie Vincent Ma\u00eetresse de conf\u00e9rence Institut d\u2019Urbanisme de Lyon, 14 avenue Berthelot, 69007 Lyon&nbsp;&#8230;<\/p>\n","protected":false},"author":23,"featured_media":0,"parent":0,"menu_order":0,"comment_status":"closed","ping_status":"closed","template":"","meta":{"_kadence_starter_templates_imported_post":false,"_kad_post_transparent":"","_kad_post_title":"","_kad_post_layout":"","_kad_post_sidebar_id":"","_kad_post_content_style":"","_kad_post_vertical_padding":"","_kad_post_feature":"","_kad_post_feature_position":"","_kad_post_header":false,"_kad_post_footer":false,"_kad_post_classname":"","footnotes":""},"class_list":["post-1703","page","type-page","status-publish","hentry"],"_links":{"self":[{"href":"https:\/\/web.msh-lse.fr\/covimob\/wp-json\/wp\/v2\/pages\/1703","targetHints":{"allow":["GET"]}}],"collection":[{"href":"https:\/\/web.msh-lse.fr\/covimob\/wp-json\/wp\/v2\/pages"}],"about":[{"href":"https:\/\/web.msh-lse.fr\/covimob\/wp-json\/wp\/v2\/types\/page"}],"author":[{"embeddable":true,"href":"https:\/\/web.msh-lse.fr\/covimob\/wp-json\/wp\/v2\/users\/23"}],"replies":[{"embeddable":true,"href":"https:\/\/web.msh-lse.fr\/covimob\/wp-json\/wp\/v2\/comments?post=1703"}],"version-history":[{"count":17,"href":"https:\/\/web.msh-lse.fr\/covimob\/wp-json\/wp\/v2\/pages\/1703\/revisions"}],"predecessor-version":[{"id":2123,"href":"https:\/\/web.msh-lse.fr\/covimob\/wp-json\/wp\/v2\/pages\/1703\/revisions\/2123"}],"wp:attachment":[{"href":"https:\/\/web.msh-lse.fr\/covimob\/wp-json\/wp\/v2\/media?parent=1703"}],"curies":[{"name":"wp","href":"https:\/\/api.w.org\/{rel}","templated":true}]}}