{"id":1701,"date":"2021-06-10T15:05:23","date_gmt":"2021-06-10T13:05:23","guid":{"rendered":"https:\/\/web.msh-lse.fr\/covimob\/?page_id=1701"},"modified":"2023-10-11T21:45:18","modified_gmt":"2023-10-11T19:45:18","slug":"page-3","status":"publish","type":"page","link":"https:\/\/web.msh-lse.fr\/covimob\/page-3\/","title":{"rendered":"Publications"},"content":{"rendered":"\t\t<div data-elementor-type=\"wp-page\" data-elementor-id=\"1701\" class=\"elementor elementor-1701\" data-elementor-post-type=\"page\">\n\t\t\t\t\t\t<section class=\"elementor-section elementor-top-section elementor-element elementor-element-9b8de28 elementor-section-boxed elementor-section-height-default elementor-section-height-default\" data-id=\"9b8de28\" data-element_type=\"section\" data-e-type=\"section\">\n\t\t\t\t\t\t<div class=\"elementor-container elementor-column-gap-default\">\n\t\t\t\t\t<div class=\"elementor-column elementor-col-100 elementor-top-column elementor-element elementor-element-3c2875a\" data-id=\"3c2875a\" data-element_type=\"column\" data-e-type=\"column\">\n\t\t\t<div class=\"elementor-widget-wrap elementor-element-populated\">\n\t\t\t\t\t\t<div class=\"elementor-element elementor-element-638dfa40 elementor-widget elementor-widget-text-editor\" data-id=\"638dfa40\" data-element_type=\"widget\" data-e-type=\"widget\" data-widget_type=\"text-editor.default\">\n\t\t\t\t<div class=\"elementor-widget-container\">\n\t\t\t\t\t\t\t\t\t<p><\/p>\n<div>\n<div>\n<p><strong><span style=\"font-family: times new roman, times, serif; font-size: 14pt;\">Articles scientifiques<\/span><\/strong><\/p>\n<p><span style=\"font-family: times new roman, times, serif;\"><a href=\"https:\/\/metropolitiques.eu\/Des-inflexions-durables-dans-l-usage-post-Covid-de-la-voiture.html\" target=\"_blank\" rel=\"noopener\"><span style=\"font-size: 12pt; color: #3366ff;\">Des inflexions durables dans l\u2019usage post-Covid de la voiture ?. Le cas de la m\u00e9tropole de Lyon<\/span><\/a>. In \u00ab\u00a0<em>Metropolitiques\u00a0\u00bb<\/em>.<\/span><\/p>\n<p style=\"text-align: left;\"><span style=\"font-family: times new roman, times, serif;\"><a href=\"https:\/\/journals.openedition.org\/sociologies\/20935\" target=\"_blank\" rel=\"noopener\"><span style=\"font-size: 12pt; color: #3366ff;\">De diff\u00e9rences en in\u00e9galit\u00e9s : acc\u00e8s au t\u00e9l\u00e9travail et conditions entourant sa pratique pendant la pand\u00e9mie<\/span><\/a> <span style=\"font-size: 12pt;\">In \u00ab\u00a0<em>Sociologies\u00a0\u00bb<\/em>.<\/span><\/span><\/p>\n<div style=\"text-align: left;\"><span style=\"font-family: times new roman, times, serif;\"><span style=\"color: #3366ff; font-size: 12pt;\"><a href=\"https:\/\/rsaiconnect.onlinelibrary.wiley.com\/doi\/full\/10.1111\/rsp3.12519\" target=\"_blank\" rel=\"noopener\"><span style=\"color: #3366ff;\">What drives the changes in public transport use in the context of the Covid-19 pandemic? Highlights from Lyon metropolitan area. <\/span><\/a><\/span><span style=\"font-size: 12pt;\">I<span lang=\"en\" style=\"color: #808080;\">n<\/span><span style=\"color: #808080;\"> \u00ab\u00a0<em>Regional Science Policy &amp; Practice<\/em>.\u00a0\u00bb<\/span><\/span><\/span><\/div>\n<div style=\"text-align: left;\"><span style=\"font-size: 12pt; font-family: times new roman, times, serif;\"><span style=\"color: #808080;\">\u00a0<\/span><\/span><\/div>\n<div style=\"text-align: left;\"><strong><span style=\"font-size: 14pt; font-family: times new roman, times, serif;\"><span style=\"color: #808080;\">Communications<\/span><\/span><\/strong><\/div>\n<\/div>\n<div style=\"text-align: left;\">\n<p><span style=\"font-family: times new roman, times, serif;\"><span style=\"color: #3366ff; font-size: 12pt;\"><a style=\"color: #3366ff;\" href=\"https:\/\/web.msh-lse.fr\/covimob\/wp-content\/uploads\/sites\/11\/2022\/07\/presentation-IGU-VF.pdf\" target=\"_blank\" rel=\"noopener\">Croissance de l\u2019usage du v\u00e9lo en p\u00e9riode de crise sanitaire : dynamique et facteurs explicatifs \u00e0 travers le cas de la m\u00e9tropole de Lyon (France) <\/a><\/span><span style=\"font-size: 12pt;\">In \u00ab\u00a0<em>The Paris 2022 UGI Centennial Congress<\/em>\u00a0\u00bb on July 21st 2022.<\/span><\/span><\/p>\n<div><span style=\"font-family: times new roman, times, serif;\">\u00a0<span style=\"font-size: 12pt;\"><a href=\"https:\/\/web.msh-lse.fr\/covimob\/wp-content\/uploads\/sites\/11\/2022\/06\/RFTM-2022-V3.pdf\"><span style=\"color: #3366ff;\">T\u00e9l\u00e9travail et mobilit\u00e9 quotidienne, quelles \u00e9volutions en contexte de crise de la Covid 19 ? <\/span><span style=\"color: #3366ff;\">Le cas de la M\u00e9tropole de Lyon.<\/span><\/a> <\/span><span style=\"font-size: 12pt;\">In \u00ab\u00a0<em>4\u00e8mes Rencontres Francophones Transport et Mobilit\u00e9s &#8211; RFTM<\/em>\u00a0\u00bb on June 9th 2022.<\/span><\/span><\/div>\n<\/div>\n<div style=\"text-align: left;\"><span style=\"color: #3366ff; font-family: times new roman, times, serif; font-size: 12pt;\">\u00a0<\/span><\/div>\n<div style=\"text-align: left;\"><span style=\"font-size: 12pt; font-family: times new roman, times, serif;\">\u00a0<span style=\"color: #3366ff;\"><a style=\"color: #3366ff;\" href=\"https:\/\/web.msh-lse.fr\/covimob\/wp-content\/uploads\/sites\/11\/2021\/06\/Vendredi-Mobilites-9-avril-2021.pdf\" target=\"_blank\" rel=\"noopener\">Les mobilit\u00e9s quotidiennes \u00e0 l\u2019\u00e9preuve de la crise Covid 19.\u00a0<\/a> <\/span><\/span><span style=\"font-family: times new roman, times, serif;\"><span style=\"color: #3366ff; font-size: 12pt;\">Quelques \u00e9clairages sur l\u2019agglom\u00e9ration lyonnaise et le d\u00e9partement du Rh\u00f4ne. <\/span><span style=\"font-size: 12pt;\">In \u00ab\u00a0<em>Vendredis Mobilit\u00e9<\/em>\u00a0\u00bb webinar on April 9th 2021.<\/span><\/span><\/div>\n<\/div>\n<p style=\"text-align: left;\">\u00a0<\/p>\n<div style=\"text-align: left;\"><span style=\"font-size: 12pt; font-family: times new roman, times, serif;\"><a href=\"https:\/\/web.msh-lse.fr\/covimob\/wp-content\/uploads\/sites\/11\/2021\/06\/RFTM-Covimob-2-juin-2021.pdf\"><span style=\"color: #3366ff;\">L&rsquo;usage des transports publics \u00e0 l&rsquo;\u00e9preuve de la crise de la COVID-19.<\/span><\/a><\/span><\/div>\n<div style=\"text-align: left;\"><span style=\"font-family: times new roman, times, serif;\"><span style=\"color: #3366ff; font-size: 12pt;\"><a style=\"color: #3366ff;\" href=\"https:\/\/web.msh-lse.fr\/covimob\/wp-content\/uploads\/sites\/11\/2021\/06\/RFTM-Covimob-2-juin-2021.pdf\">Eclairages et interrogations \u00e0 partir de la situation lyonnaise.\u00a0<\/a><\/span><span style=\"font-size: 12pt;\">In \u00ab\u00a0<em>3\u00e8mes Rencontres Francophones Transport et Mobilit\u00e9s &#8211; RFTM<\/em>\u00a0\u00bb on June 2nd 2021.<\/span><\/span><\/div>\n<p style=\"text-align: left;\"><span style=\"font-family: times new roman, times, serif; font-size: 12pt;\"><\/span><\/p>\n<div style=\"text-align: left;\"><span style=\"font-family: times new roman, times, serif;\"><span style=\"color: #3366ff; font-size: 12pt;\"><a href=\"https:\/\/web.msh-lse.fr\/covimob\/wp-content\/uploads\/sites\/11\/2021\/07\/Italy_Covimob_V6.pdf\" target=\"_blank\" rel=\"noopener\"><span style=\"color: #3366ff;\">The development of teleworking and its impacts on home-work mobility, Insights from a survey conducted in Lyon Metropole\u00a0<\/span><\/a><\/span><span style=\"font-size: 12pt;\">In <em>\u00ab\u00a0COVID-19 and its impacts on teleworking: possible comparisons between France and Italy\u00a0\u00bb <\/em>seminar <span lang=\"en\">with researchers from the Universit\u00e0 Degli Studi di Padova (team of Prof. Devi Sachetto) on June 14th, 2021.<\/span><\/span><\/span><\/div>\n<div style=\"text-align: left;\">\n<p><span style=\"font-family: times new roman, times, serif; font-size: 12pt;\">\u00a0<\/span><\/p>\n<\/div>\n<p><\/p>\t\t\t\t\t\t\t\t<\/div>\n\t\t\t\t<\/div>\n\t\t\t\t\t<\/div>\n\t\t<\/div>\n\t\t\t\t\t<\/div>\n\t\t<\/section>\n\t\t\t\t<section class=\"elementor-section elementor-top-section elementor-element elementor-element-49835d3f elementor-section-boxed elementor-section-height-default elementor-section-height-default\" data-id=\"49835d3f\" data-element_type=\"section\" data-e-type=\"section\">\n\t\t\t\t\t\t<div class=\"elementor-container elementor-column-gap-default\">\n\t\t\t\t\t<div class=\"elementor-column elementor-col-100 elementor-top-column elementor-element elementor-element-aebb471\" data-id=\"aebb471\" data-element_type=\"column\" data-e-type=\"column\">\n\t\t\t<div class=\"elementor-widget-wrap elementor-element-populated\">\n\t\t\t\t\t\t<div class=\"elementor-element elementor-element-b8a35c9 elementor-widget elementor-widget-heading\" data-id=\"b8a35c9\" data-element_type=\"widget\" data-e-type=\"widget\" data-widget_type=\"heading.default\">\n\t\t\t\t<div class=\"elementor-widget-container\">\n\t\t\t\t\t<h5 class=\"elementor-heading-title elementor-size-default\">Entretien avec Olivier Klein lors d'une \u00e9mission de \" La parle \u00e0 la science #PodcastCNRS\" sur la cha\u00eene YouTube du CNRS<br><br><span class=\"VIiyi\" lang=\"en\"><span class=\"JLqJ4b ChMk0b\" data-language-for-alternatives=\"en\" data-language-to-translate-into=\"fr\" data-phrase-index=\"0\" data-number-of-phrases=\"1\"><span>Interview with Olivier Klein during a broadcast of \"La parle \u00e0 la science #PodcastCNRS\" on the CNRS YouTube channel<\/span><\/span><\/span><\/h5>\t\t\t\t<\/div>\n\t\t\t\t<\/div>\n\t\t\t\t\t<\/div>\n\t\t<\/div>\n\t\t\t\t\t<\/div>\n\t\t<\/section>\n\t\t\t\t<section class=\"elementor-section elementor-top-section elementor-element elementor-element-83b2c9b elementor-section-boxed elementor-section-height-default elementor-section-height-default\" data-id=\"83b2c9b\" data-element_type=\"section\" data-e-type=\"section\">\n\t\t\t\t\t\t<div class=\"elementor-container elementor-column-gap-default\">\n\t\t\t\t\t<div class=\"elementor-column elementor-col-100 elementor-top-column elementor-element elementor-element-c1cf7c3\" data-id=\"c1cf7c3\" data-element_type=\"column\" data-e-type=\"column\">\n\t\t\t<div class=\"elementor-widget-wrap elementor-element-populated\">\n\t\t\t\t\t\t<div class=\"elementor-element elementor-element-61f1fda elementor-widget elementor-widget-video\" data-id=\"61f1fda\" data-element_type=\"widget\" data-e-type=\"widget\" data-settings=\"{&quot;youtube_url&quot;:&quot;https:\\\/\\\/youtu.be\\\/eP4mTapva2Y&quot;,&quot;video_type&quot;:&quot;youtube&quot;,&quot;controls&quot;:&quot;yes&quot;}\" data-widget_type=\"video.default\">\n\t\t\t\t<div class=\"elementor-widget-container\">\n\t\t\t\t\t\t\t<div class=\"elementor-wrapper elementor-open-inline\">\n\t\t\t<div class=\"elementor-video\"><\/div>\t\t<\/div>\n\t\t\t\t\t\t<\/div>\n\t\t\t\t<\/div>\n\t\t\t\t\t<\/div>\n\t\t<\/div>\n\t\t\t\t\t<\/div>\n\t\t<\/section>\n\t\t\t\t<\/div>\n\t\t","protected":false},"excerpt":{"rendered":"<p>Entretien avec Olivier Klein lors d&rsquo;une \u00e9mission de \u00a0\u00bb La parle \u00e0 la science #PodcastCNRS\u00a0\u00bb sur la cha\u00eene YouTube du CNRS Interview with Olivier Klein during a broadcast of \u00ab\u00a0La parle \u00e0 la science #PodcastCNRS\u00a0\u00bb on the CNRS YouTube channel<\/p>\n","protected":false},"author":23,"featured_media":0,"parent":0,"menu_order":0,"comment_status":"closed","ping_status":"closed","template":"","meta":{"_kadence_starter_templates_imported_post":false,"_kad_post_transparent":"","_kad_post_title":"","_kad_post_layout":"","_kad_post_sidebar_id":"","_kad_post_content_style":"","_kad_post_vertical_padding":"","_kad_post_feature":"","_kad_post_feature_position":"","_kad_post_header":false,"_kad_post_footer":false,"_kad_post_classname":"","footnotes":""},"class_list":["post-1701","page","type-page","status-publish","hentry"],"_links":{"self":[{"href":"https:\/\/web.msh-lse.fr\/covimob\/wp-json\/wp\/v2\/pages\/1701","targetHints":{"allow":["GET"]}}],"collection":[{"href":"https:\/\/web.msh-lse.fr\/covimob\/wp-json\/wp\/v2\/pages"}],"about":[{"href":"https:\/\/web.msh-lse.fr\/covimob\/wp-json\/wp\/v2\/types\/page"}],"author":[{"embeddable":true,"href":"https:\/\/web.msh-lse.fr\/covimob\/wp-json\/wp\/v2\/users\/23"}],"replies":[{"embeddable":true,"href":"https:\/\/web.msh-lse.fr\/covimob\/wp-json\/wp\/v2\/comments?post=1701"}],"version-history":[{"count":119,"href":"https:\/\/web.msh-lse.fr\/covimob\/wp-json\/wp\/v2\/pages\/1701\/revisions"}],"predecessor-version":[{"id":2438,"href":"https:\/\/web.msh-lse.fr\/covimob\/wp-json\/wp\/v2\/pages\/1701\/revisions\/2438"}],"wp:attachment":[{"href":"https:\/\/web.msh-lse.fr\/covimob\/wp-json\/wp\/v2\/media?parent=1701"}],"curies":[{"name":"wp","href":"https:\/\/api.w.org\/{rel}","templated":true}]}}