{"id":1700,"date":"2021-06-10T15:05:23","date_gmt":"2021-06-10T13:05:23","guid":{"rendered":"https:\/\/web.msh-lse.fr\/covimob\/?page_id=1700"},"modified":"2022-04-01T14:39:18","modified_gmt":"2022-04-01T12:39:18","slug":"page-2","status":"publish","type":"page","link":"https:\/\/web.msh-lse.fr\/covimob\/page-2\/","title":{"rendered":"Les notes de synth\u00e8se &#8211; Summary notes"},"content":{"rendered":"\t\t<div data-elementor-type=\"wp-page\" data-elementor-id=\"1700\" class=\"elementor elementor-1700\" data-elementor-post-type=\"page\">\n\t\t\t\t\t\t<section class=\"elementor-section elementor-top-section elementor-element elementor-element-67ba77a4 elementor-section-boxed elementor-section-height-default elementor-section-height-default\" data-id=\"67ba77a4\" data-element_type=\"section\" data-e-type=\"section\">\n\t\t\t\t\t\t<div class=\"elementor-container elementor-column-gap-default\">\n\t\t\t\t\t<div class=\"elementor-column elementor-col-100 elementor-top-column elementor-element elementor-element-648e4d15\" data-id=\"648e4d15\" data-element_type=\"column\" data-e-type=\"column\">\n\t\t\t<div class=\"elementor-widget-wrap elementor-element-populated\">\n\t\t\t\t\t\t<div class=\"elementor-element elementor-element-1f92d1d2 elementor-widget elementor-widget-text-editor\" data-id=\"1f92d1d2\" data-element_type=\"widget\" data-e-type=\"widget\" data-widget_type=\"text-editor.default\">\n\t\t\t\t<div class=\"elementor-widget-container\">\n\t\t\t\t\t\t\t\t\t<p><\/p>\n<p><span style=\"font-family: times new roman, times, serif;\">Deux notes de synth\u00e8se sous forme de brochures montrant l&rsquo;\u00e9volution de l&rsquo;usage des transports collectifs et du v\u00e9lo en contexte de crise du Covid-19.<\/span><\/p>\n<p><span lang=\"en\" style=\"font-family: times new roman, times, serif;\">Two summary notes (in French only) in the form of brochures showing the evolution of the use of public transport and cycling in the context of the Covid-19 crisis.<\/span><\/p>\n<p><span style=\"font-family: times new roman, times, serif;\"><\/span><\/p>\n<div><span style=\"font-family: times new roman, times, serif;\"><a href=\"https:\/\/web.msh-lse.fr\/covimob\/wp-content\/uploads\/sites\/11\/2022\/03\/6-Covimob_Brochure.pdf\" target=\"_blank\" rel=\"noreferrer noopener\"><span style=\"color: #3366ff;\"><strong><span dir=\"ltr\" role=\"presentation\">Les transports<\/span> <span dir=\"ltr\" role=\"presentation\">collectifs<\/span> <span dir=\"ltr\" role=\"presentation\">\u00e0 l\u2019\u00e9preuve<\/span> <span dir=\"ltr\" role=\"presentation\">du COVID-19.<\/span> <\/strong><\/span><\/a><\/span><\/div>\n<p><span style=\"color: #3366ff; font-family: times new roman, times, serif;\"><\/span><\/p>\n<p><span style=\"color: #3366ff; font-family: times new roman, times, serif;\"><a style=\"color: #3366ff;\" href=\"https:\/\/web.msh-lse.fr\/covimob\/wp-content\/uploads\/sites\/11\/2022\/03\/Covimob_Brochure_Velo.pdf\" target=\"_blank\" rel=\"noreferrer noopener\"><strong><span dir=\"ltr\" role=\"presentation\">Le v\u00e9lo,<\/span> <span dir=\"ltr\" role=\"presentation\">un usage<\/span> <span dir=\"ltr\" role=\"presentation\">en pleine<\/span> <span dir=\"ltr\" role=\"presentation\">croissance.<\/span><\/strong><\/a><\/span><\/p>\n<p><\/p>\t\t\t\t\t\t\t\t<\/div>\n\t\t\t\t<\/div>\n\t\t\t\t\t<\/div>\n\t\t<\/div>\n\t\t\t\t\t<\/div>\n\t\t<\/section>\n\t\t\t\t<\/div>\n\t\t","protected":false},"excerpt":{"rendered":"<p>Deux notes de synth\u00e8se sous forme de brochures montrant l&rsquo;\u00e9volution de l&rsquo;usage des transports collectifs et du v\u00e9lo en contexte de crise du Covid-19. Two summary notes (in French only) in the form of brochures showing the evolution of the use of public transport and cycling in the context of the Covid-19 crisis. Le v\u00e9lo,&#8230;<\/p>\n","protected":false},"author":23,"featured_media":0,"parent":0,"menu_order":0,"comment_status":"closed","ping_status":"closed","template":"","meta":{"_kadence_starter_templates_imported_post":false,"_kad_post_transparent":"","_kad_post_title":"","_kad_post_layout":"","_kad_post_sidebar_id":"","_kad_post_content_style":"","_kad_post_vertical_padding":"","_kad_post_feature":"","_kad_post_feature_position":"","_kad_post_header":false,"_kad_post_footer":false,"_kad_post_classname":"","footnotes":""},"class_list":["post-1700","page","type-page","status-publish","hentry"],"_links":{"self":[{"href":"https:\/\/web.msh-lse.fr\/covimob\/wp-json\/wp\/v2\/pages\/1700","targetHints":{"allow":["GET"]}}],"collection":[{"href":"https:\/\/web.msh-lse.fr\/covimob\/wp-json\/wp\/v2\/pages"}],"about":[{"href":"https:\/\/web.msh-lse.fr\/covimob\/wp-json\/wp\/v2\/types\/page"}],"author":[{"embeddable":true,"href":"https:\/\/web.msh-lse.fr\/covimob\/wp-json\/wp\/v2\/users\/23"}],"replies":[{"embeddable":true,"href":"https:\/\/web.msh-lse.fr\/covimob\/wp-json\/wp\/v2\/comments?post=1700"}],"version-history":[{"count":40,"href":"https:\/\/web.msh-lse.fr\/covimob\/wp-json\/wp\/v2\/pages\/1700\/revisions"}],"predecessor-version":[{"id":2145,"href":"https:\/\/web.msh-lse.fr\/covimob\/wp-json\/wp\/v2\/pages\/1700\/revisions\/2145"}],"wp:attachment":[{"href":"https:\/\/web.msh-lse.fr\/covimob\/wp-json\/wp\/v2\/media?parent=1700"}],"curies":[{"name":"wp","href":"https:\/\/api.w.org\/{rel}","templated":true}]}}